{"id":4730,"date":"2025-05-13T09:55:41","date_gmt":"2025-05-13T13:55:41","guid":{"rendered":"https:\/\/www.ocwa.com\/joignez-vous-a-laoe\/career-path-2\/"},"modified":"2026-02-17T10:46:32","modified_gmt":"2026-02-17T15:46:32","slug":"career-path-2","status":"publish","type":"page","link":"https:\/\/www.ocwa.com\/fr\/joignez-vous-a-laoe\/career-path-2\/","title":{"rendered":"\u00c9tudiants"},"content":{"rendered":"<div id=\"page-intro-block_488a5ae2878a092683a63d5798dcc1ff\" class=\"page-intro alignfull \">\n\t<div class=\"block-inner\">\n\t\t\t\t\t<div class=\"breadcrumbs\">\n\t\t\t\t<span><span><a href=\"https:\/\/www.ocwa.com\/fr\/\">Home<\/a><\/span><\/span>\t\t\t<\/div>\n\t\t\t\t<div class=\"block-intro-content\">\n\t\t\t\t\t\t\t<div class=\"block-image\">\n\t\t\t\t\t<img loading=\"lazy\" decoding=\"async\" width=\"768\" height=\"512\" src=\"https:\/\/www.ocwa.com\/wp-content\/uploads\/2025\/05\/OCWA_MICHELLE_0420-768x512.jpg\" class=\"attachment-box-image size-box-image\" alt=\"\" srcset=\"https:\/\/www.ocwa.com\/wp-content\/uploads\/2025\/05\/OCWA_MICHELLE_0420-768x512.jpg 768w, https:\/\/www.ocwa.com\/wp-content\/uploads\/2025\/05\/OCWA_MICHELLE_0420-300x200.jpg 300w, https:\/\/www.ocwa.com\/wp-content\/uploads\/2025\/05\/OCWA_MICHELLE_0420-1024x683.jpg 1024w, https:\/\/www.ocwa.com\/wp-content\/uploads\/2025\/05\/OCWA_MICHELLE_0420-1536x1024.jpg 1536w, https:\/\/www.ocwa.com\/wp-content\/uploads\/2025\/05\/OCWA_MICHELLE_0420-2048x1365.jpg 2048w, https:\/\/www.ocwa.com\/wp-content\/uploads\/2025\/05\/OCWA_MICHELLE_0420-2000x1333.jpg 2000w, https:\/\/www.ocwa.com\/wp-content\/uploads\/2025\/05\/OCWA_MICHELLE_0420-400x267.jpg 400w\" sizes=\"auto, (max-width: 768px) 100vw, 768px\" \/>\t\t\t\t<\/div>\n\t\t\t\t\t\t<div class=\"block-text\">\n\t\t\t\t<h1 class=\"with-wave\">\u00c9tudiants<\/h1>\n\t\t\t\t\t\t\t\t\t<div class=\"block-description\">\n\t\t\t\t\t\t<p>\u00c0 l&rsquo;AOE, nous embauchons une main-d&rsquo;\u0153uvre diversifi\u00e9e pour un environnement accueillant et inclusif. Nous investissons dans nos employ\u00e9s en leur offrant des formations et des opportunit\u00e9s partout dans la province. D\u00e9veloppez votre carri\u00e8re d\u00e8s la fin de vos \u00e9tudes secondaires, coll\u00e9giales ou universitaires !<\/p>\n\t\t\t\t\t<\/div>\n\t\t\t\t\t\t\t\t\t\t\t<\/div>\n\t\t<\/div>\n\t<\/div>\n<\/div>\n\n\n\n<div class=\"wp-block-columns is-layout-flex wp-container-core-columns-is-layout-9d6595d7 wp-block-columns-is-layout-flex\">\n<div class=\"wp-block-column is-layout-flow wp-block-column-is-layout-flow\" style=\"flex-basis:62%\">\n<h4 class=\"wp-block-heading\">Programme de bourses<\/h4>\n\n\n\n<p>L\u2019Agence ontarienne des eaux (AOE) est ravie d\u2019offrir des bourses \u00e0 des \u00e9tudiants de niveau postsecondaire! Les bourses de l\u2019AOE visent \u00e0 aider les personnes qui \u00e9tudient dans un programme d\u2019\u00e9tudes environnementales ou qui apprennent un m\u00e9tier li\u00e9 \u00e0 l\u2019environnement, y compris dans les groupes sous-repr\u00e9sent\u00e9s.<\/p>\n\n\n\n<p>Actuellement, trois (3) bourses de 3 500 $ sont offertes aux \u00e9tudiants dans les cat\u00e9gories&nbsp;<strong>peuples autochtones<\/strong>,&nbsp;<strong>femmes<\/strong>&nbsp;et groupes sous-repr\u00e9sent\u00e9s (<strong>personnes racialis\u00e9es<\/strong>,&nbsp;<strong>personnes en situation de handicap<\/strong>,&nbsp;<strong>LGBTQ2+<\/strong>) et un (1) bourse est offerte aux \u00e9tudiants dans la cat\u00e9gorie g\u00e9n\u00e9rale. Les candidats int\u00e9ress\u00e9s doivent \u00eatre inscrits \u00e0 un programme d\u2019\u00e9tudes environnementales, un programme de g\u00e9nie environnemental ou un programme coop\u00e9ratif de formation d\u2019un m\u00e9tier, ou \u00eatre sur le point de s\u2019y inscrire, dans un \u00e9tablissement universitaire ou coll\u00e9gial approuv\u00e9 de l\u2019Ontario.<\/p>\n\n\n\n<p>L\u2019AOE encourage activement les initiatives li\u00e9es \u00e0 l\u2019\u00e9ducation et au mentorat en appuyant divers programmes d\u2019enseignement et de bourses dans les coll\u00e8ges et les universit\u00e9s de l\u2019Ontario. Nous aidons les \u00e9tudiants \u00e0 trouver des placements coop\u00e9ratifs, des emplois et des stages.&nbsp;Cette bourse est une r\u00e9compense financi\u00e8re qui appuie aussi le d\u00e9veloppement de carri\u00e8re par le biais d\u2019un poste coop\u00e9ratif.<\/p>\n<\/div>\n\n\n\n<div class=\"wp-block-column is-layout-flow wp-block-column-is-layout-flow\" style=\"flex-basis:38%\"><div id=\"sidebar-block-block_b626ad2f5b0e0935f17466563f551604\" class=\"sidebar-block \">\n\t\t<div class=\"sidebar-item\">\n\t\t<div class=\"sidebar-title\">\n\t\t\t<h5>T\u00e9l\u00e9chargez notre Brochure Carri\u00e8res<\/h5>\n\t\t<\/div>\n\t\t\t\t\t\t\t\t\t<div class=\"wysiwyg\">\n\t\t\t\t\t<p><img loading=\"lazy\" decoding=\"async\" class=\"alignnone size-medium wp-image-5093\" src=\"https:\/\/www.ocwa.com\/wp-content\/uploads\/2025\/09\/FR-evp-199x300.png\" alt=\"\" width=\"199\" height=\"300\" srcset=\"https:\/\/www.ocwa.com\/wp-content\/uploads\/2025\/09\/FR-evp-199x300.png 199w, https:\/\/www.ocwa.com\/wp-content\/uploads\/2025\/09\/FR-evp-400x604.png 400w, https:\/\/www.ocwa.com\/wp-content\/uploads\/2025\/09\/FR-evp.png 564w\" sizes=\"auto, (max-width: 199px) 100vw, 199px\" \/><\/p>\n\t\t\t\t<\/div>\n\t\t\t\t\t\t\t\t\t\t\t\t<div class=\"file\">\n\t\t\t\t\t<a href=\"https:\/\/www.ocwa.com\/wp-content\/uploads\/2025\/09\/French-EVP-Brochure.pdf\" target=\"_blank\"><span>Download PDF<\/span><i class=\"icon icon-download\"><\/i><\/a>\n\t\t\t\t<\/div>\n\t\t\t\t\t\t<\/div>\n\n\t\t<div class=\"sidebar-item\">\n\t\t<div class=\"sidebar-title\">\n\t\t\t<h5>Stagiaires d\u2019\u00e9t\u00e9<\/h5>\n\t\t<\/div>\n\t\t\t\t\t\t\t\t\t<div class=\"wysiwyg\">\n\t\t\t\t\t<p>Chaque ann\u00e9e, nous embauchons des \u00e9tudiants pour l\u2019\u00e9t\u00e9 dans divers secteurs comme l\u2019eau et les eaux us\u00e9es, la conformit\u00e9, l\u2019administration, la gestion des actifs, les ressources humaines, les finances et les communications, entre autres. Nous embauchons des stagiaires d\u2019\u00e9t\u00e9 r\u00e9guliers et dans le cadre de notre programme Exp\u00e9rience \u00c9t\u00e9. Pour en savoir plus sur les possibilit\u00e9s de stages d\u2019\u00e9t\u00e9 de la fonction publique de l\u2019Ontario (FPO) et de l\u2019AOE, visitez le\u00a0<a href=\"https:\/\/www.gojobs.gov.on.ca\/Jobs.aspx?Language=French\">site Web Carri\u00e8res dans la FPO.<\/a><\/p>\n\t\t\t\t<\/div>\n\t\t\t\t\t\t<\/div>\n\n\t<\/div>\n\n<\/div>\n<\/div>\n\n\n<div id=\"info-boxes-block_15104d6f3c5b26f1af922ed439862f26\" class=\"info-boxes alignfull \" style=\"background-color:#eaf9fc;\">\n\t\t\t<div class=\"info-boxes-wrapper\" data-equalizer data-equalize-on=\"medium\">\n\t\t\t\t\t\t\t<div class=\"info-box\" data-aos=\"fade-up\" data-aos-duration=\"1000\" data-aos-anchor-placement=\"center-bottom\">\n\t\t\t\t\t<div class=\"info-box-inner\" data-equalizer-watch>\n\t\t\t\t\t\t<h3>Notre personnel<\/h3>\n\t\t\t\t\t\t<div class=\"description\">\n\t\t\t\t\t\t\t<p>Nos employ\u00e9s sont notre force! Leur d\u00e9vouement et leur passion pour ce qu\u2019ils font chaque jour dans les collectivit\u00e9s qu\u2019ils servent nous permettent de nous d\u00e9marquer comme le chef de file de l\u2019approvisionnement en eau et du traitement des eaux us\u00e9es en Ontario. Nous vous en pr\u00e9sentons quelques-uns.<\/p>\n\t\t\t\t\t\t<\/div>\n\t\t\t\t\t<\/div>\n\t\t\t\t\t<a href=\"https:\/\/www.ocwa.com\/fr\/joignez-vous-a-laoe\/notre-personnel\/\" class=\"button dark\">Learn More<\/a>\t\t\t\t<\/div>\n\t\t\t\t\t\t\t<div class=\"info-box\" data-aos=\"fade-up\" data-aos-duration=\"1000\" data-aos-anchor-placement=\"center-bottom\">\n\t\t\t\t\t<div class=\"info-box-inner\" data-equalizer-watch>\n\t\t\t\t\t\t<h3>Possibilit\u00e9s d\u2019emploi<\/h3>\n\t\t\t\t\t\t<div class=\"description\">\n\t\t\t\t\t\t\t<p>Faites partie d\u2019une organisation form\u00e9e de gens exceptionnels qui s\u2019encouragent mutuellement chaque jour \u00e0 d\u00e9passer les attentes. Postulez aujourd\u2019hui!<\/p>\n\t\t\t\t\t\t<\/div>\n\t\t\t\t\t<\/div>\n\t\t\t\t\t<a href=\"https:\/\/www.ocwa.com\/fr\/joignez-vous-a-laoe\/possibilites-demploi\/\" class=\"button dark\">Job Opportunities<\/a>\t\t\t\t<\/div>\n\t\t\t\t\t<\/div>\n\t<\/div>\n","protected":false},"excerpt":{"rendered":"<p>\u00c0 l&rsquo;AOE, nous embauchons une main-d&rsquo;\u0153uvre diversifi\u00e9e pour un environnement accueillant et inclusif. Nous investissons dans nos employ\u00e9s en leur offrant des formations et des opportunit\u00e9s partout dans la province. D\u00e9veloppez votre carri\u00e8re d\u00e8s la fin de vos \u00e9tudes secondaires, coll\u00e9giales ou universitaires !<\/p>\n","protected":false},"author":1,"featured_media":4725,"parent":1834,"menu_order":0,"comment_status":"closed","ping_status":"closed","template":"page-details.php","meta":{"_acf_changed":false,"footnotes":""},"class_list":["post-4730","page","type-page","status-publish","has-post-thumbnail","hentry"],"acf":[],"yoast_head":"<!-- This site is optimized with the Yoast SEO plugin v27.4 - https:\/\/yoast.com\/product\/yoast-seo-wordpress\/ -->\n<title>\u00c9tudiants - OCWA<\/title>\n<meta name=\"robots\" content=\"index, follow, max-snippet:-1, max-image-preview:large, max-video-preview:-1\" \/>\n<link rel=\"canonical\" href=\"https:\/\/www.ocwa.com\/fr\/joignez-vous-a-laoe\/career-path-2\/\" \/>\n<meta property=\"og:locale\" content=\"fr_FR\" \/>\n<meta property=\"og:type\" content=\"article\" \/>\n<meta property=\"og:title\" content=\"\u00c9tudiants - OCWA\" \/>\n<meta property=\"og:description\" content=\"\u00c0 l&#039;AOE, nous embauchons une main-d&#039;\u0153uvre diversifi\u00e9e pour un environnement accueillant et inclusif. Nous investissons dans nos employ\u00e9s en leur offrant des formations et des opportunit\u00e9s partout dans la province. D\u00e9veloppez votre carri\u00e8re d\u00e8s la fin de vos \u00e9tudes secondaires, coll\u00e9giales ou universitaires !\" \/>\n<meta property=\"og:url\" content=\"https:\/\/www.ocwa.com\/fr\/joignez-vous-a-laoe\/career-path-2\/\" \/>\n<meta property=\"og:site_name\" content=\"OCWA\" \/>\n<meta property=\"article:modified_time\" content=\"2026-02-17T15:46:32+00:00\" \/>\n<meta property=\"og:image\" content=\"https:\/\/www.ocwa.com\/wp-content\/uploads\/2025\/05\/OCWA_MICHELLE_0420-scaled.jpg\" \/>\n\t<meta property=\"og:image:width\" content=\"2560\" \/>\n\t<meta property=\"og:image:height\" content=\"1707\" \/>\n\t<meta property=\"og:image:type\" content=\"image\/jpeg\" \/>\n<meta name=\"twitter:card\" content=\"summary_large_image\" \/>\n<meta name=\"twitter:label1\" content=\"Dur\u00e9e de lecture estim\u00e9e\" \/>\n\t<meta name=\"twitter:data1\" content=\"2 minutes\" \/>\n<script type=\"application\/ld+json\" class=\"yoast-schema-graph\">{\"@context\":\"https:\\\/\\\/schema.org\",\"@graph\":[{\"@type\":\"WebPage\",\"@id\":\"https:\\\/\\\/www.ocwa.com\\\/fr\\\/joignez-vous-a-laoe\\\/career-path-2\\\/\",\"url\":\"https:\\\/\\\/www.ocwa.com\\\/fr\\\/joignez-vous-a-laoe\\\/career-path-2\\\/\",\"name\":\"\u00c9tudiants - OCWA\",\"isPartOf\":{\"@id\":\"https:\\\/\\\/www.ocwa.com\\\/fr\\\/#website\"},\"primaryImageOfPage\":{\"@id\":\"https:\\\/\\\/www.ocwa.com\\\/fr\\\/joignez-vous-a-laoe\\\/career-path-2\\\/#primaryimage\"},\"image\":{\"@id\":\"https:\\\/\\\/www.ocwa.com\\\/fr\\\/joignez-vous-a-laoe\\\/career-path-2\\\/#primaryimage\"},\"thumbnailUrl\":\"https:\\\/\\\/www.ocwa.com\\\/wp-content\\\/uploads\\\/2025\\\/05\\\/OCWA_MICHELLE_0420-scaled.jpg\",\"datePublished\":\"2025-05-13T13:55:41+00:00\",\"dateModified\":\"2026-02-17T15:46:32+00:00\",\"breadcrumb\":{\"@id\":\"https:\\\/\\\/www.ocwa.com\\\/fr\\\/joignez-vous-a-laoe\\\/career-path-2\\\/#breadcrumb\"},\"inLanguage\":\"fr-FR\",\"potentialAction\":[{\"@type\":\"ReadAction\",\"target\":[\"https:\\\/\\\/www.ocwa.com\\\/fr\\\/joignez-vous-a-laoe\\\/career-path-2\\\/\"]}]},{\"@type\":\"ImageObject\",\"inLanguage\":\"fr-FR\",\"@id\":\"https:\\\/\\\/www.ocwa.com\\\/fr\\\/joignez-vous-a-laoe\\\/career-path-2\\\/#primaryimage\",\"url\":\"https:\\\/\\\/www.ocwa.com\\\/wp-content\\\/uploads\\\/2025\\\/05\\\/OCWA_MICHELLE_0420-scaled.jpg\",\"contentUrl\":\"https:\\\/\\\/www.ocwa.com\\\/wp-content\\\/uploads\\\/2025\\\/05\\\/OCWA_MICHELLE_0420-scaled.jpg\",\"width\":2560,\"height\":1707},{\"@type\":\"BreadcrumbList\",\"@id\":\"https:\\\/\\\/www.ocwa.com\\\/fr\\\/joignez-vous-a-laoe\\\/career-path-2\\\/#breadcrumb\",\"itemListElement\":[{\"@type\":\"ListItem\",\"position\":1,\"name\":\"Home\",\"item\":\"https:\\\/\\\/www.ocwa.com\\\/fr\\\/\"},{\"@type\":\"ListItem\",\"position\":2,\"name\":\"Joignez-vous \u00e0 l\u2019AOE\",\"item\":\"https:\\\/\\\/www.ocwa.com\\\/fr\\\/joignez-vous-a-laoe\\\/\"},{\"@type\":\"ListItem\",\"position\":3,\"name\":\"\u00c9tudiants\"}]},{\"@type\":\"WebSite\",\"@id\":\"https:\\\/\\\/www.ocwa.com\\\/fr\\\/#website\",\"url\":\"https:\\\/\\\/www.ocwa.com\\\/fr\\\/\",\"name\":\"OCWA\",\"description\":\"Just another WordPress site\",\"potentialAction\":[{\"@type\":\"SearchAction\",\"target\":{\"@type\":\"EntryPoint\",\"urlTemplate\":\"https:\\\/\\\/www.ocwa.com\\\/fr\\\/?s={search_term_string}\"},\"query-input\":{\"@type\":\"PropertyValueSpecification\",\"valueRequired\":true,\"valueName\":\"search_term_string\"}}],\"inLanguage\":\"fr-FR\"}]}<\/script>\n<!-- \/ Yoast SEO plugin. -->","yoast_head_json":{"title":"\u00c9tudiants - OCWA","robots":{"index":"index","follow":"follow","max-snippet":"max-snippet:-1","max-image-preview":"max-image-preview:large","max-video-preview":"max-video-preview:-1"},"canonical":"https:\/\/www.ocwa.com\/fr\/joignez-vous-a-laoe\/career-path-2\/","og_locale":"fr_FR","og_type":"article","og_title":"\u00c9tudiants - OCWA","og_description":"\u00c0 l'AOE, nous embauchons une main-d'\u0153uvre diversifi\u00e9e pour un environnement accueillant et inclusif. Nous investissons dans nos employ\u00e9s en leur offrant des formations et des opportunit\u00e9s partout dans la province. D\u00e9veloppez votre carri\u00e8re d\u00e8s la fin de vos \u00e9tudes secondaires, coll\u00e9giales ou universitaires !","og_url":"https:\/\/www.ocwa.com\/fr\/joignez-vous-a-laoe\/career-path-2\/","og_site_name":"OCWA","article_modified_time":"2026-02-17T15:46:32+00:00","og_image":[{"width":2560,"height":1707,"url":"https:\/\/www.ocwa.com\/wp-content\/uploads\/2025\/05\/OCWA_MICHELLE_0420-scaled.jpg","type":"image\/jpeg"}],"twitter_card":"summary_large_image","twitter_misc":{"Dur\u00e9e de lecture estim\u00e9e":"2 minutes"},"schema":{"@context":"https:\/\/schema.org","@graph":[{"@type":"WebPage","@id":"https:\/\/www.ocwa.com\/fr\/joignez-vous-a-laoe\/career-path-2\/","url":"https:\/\/www.ocwa.com\/fr\/joignez-vous-a-laoe\/career-path-2\/","name":"\u00c9tudiants - OCWA","isPartOf":{"@id":"https:\/\/www.ocwa.com\/fr\/#website"},"primaryImageOfPage":{"@id":"https:\/\/www.ocwa.com\/fr\/joignez-vous-a-laoe\/career-path-2\/#primaryimage"},"image":{"@id":"https:\/\/www.ocwa.com\/fr\/joignez-vous-a-laoe\/career-path-2\/#primaryimage"},"thumbnailUrl":"https:\/\/www.ocwa.com\/wp-content\/uploads\/2025\/05\/OCWA_MICHELLE_0420-scaled.jpg","datePublished":"2025-05-13T13:55:41+00:00","dateModified":"2026-02-17T15:46:32+00:00","breadcrumb":{"@id":"https:\/\/www.ocwa.com\/fr\/joignez-vous-a-laoe\/career-path-2\/#breadcrumb"},"inLanguage":"fr-FR","potentialAction":[{"@type":"ReadAction","target":["https:\/\/www.ocwa.com\/fr\/joignez-vous-a-laoe\/career-path-2\/"]}]},{"@type":"ImageObject","inLanguage":"fr-FR","@id":"https:\/\/www.ocwa.com\/fr\/joignez-vous-a-laoe\/career-path-2\/#primaryimage","url":"https:\/\/www.ocwa.com\/wp-content\/uploads\/2025\/05\/OCWA_MICHELLE_0420-scaled.jpg","contentUrl":"https:\/\/www.ocwa.com\/wp-content\/uploads\/2025\/05\/OCWA_MICHELLE_0420-scaled.jpg","width":2560,"height":1707},{"@type":"BreadcrumbList","@id":"https:\/\/www.ocwa.com\/fr\/joignez-vous-a-laoe\/career-path-2\/#breadcrumb","itemListElement":[{"@type":"ListItem","position":1,"name":"Home","item":"https:\/\/www.ocwa.com\/fr\/"},{"@type":"ListItem","position":2,"name":"Joignez-vous \u00e0 l\u2019AOE","item":"https:\/\/www.ocwa.com\/fr\/joignez-vous-a-laoe\/"},{"@type":"ListItem","position":3,"name":"\u00c9tudiants"}]},{"@type":"WebSite","@id":"https:\/\/www.ocwa.com\/fr\/#website","url":"https:\/\/www.ocwa.com\/fr\/","name":"OCWA","description":"Just another WordPress site","potentialAction":[{"@type":"SearchAction","target":{"@type":"EntryPoint","urlTemplate":"https:\/\/www.ocwa.com\/fr\/?s={search_term_string}"},"query-input":{"@type":"PropertyValueSpecification","valueRequired":true,"valueName":"search_term_string"}}],"inLanguage":"fr-FR"}]}},"_links":{"self":[{"href":"https:\/\/www.ocwa.com\/fr\/wp-json\/wp\/v2\/pages\/4730","targetHints":{"allow":["GET"]}}],"collection":[{"href":"https:\/\/www.ocwa.com\/fr\/wp-json\/wp\/v2\/pages"}],"about":[{"href":"https:\/\/www.ocwa.com\/fr\/wp-json\/wp\/v2\/types\/page"}],"author":[{"embeddable":true,"href":"https:\/\/www.ocwa.com\/fr\/wp-json\/wp\/v2\/users\/1"}],"replies":[{"embeddable":true,"href":"https:\/\/www.ocwa.com\/fr\/wp-json\/wp\/v2\/comments?post=4730"}],"version-history":[{"count":6,"href":"https:\/\/www.ocwa.com\/fr\/wp-json\/wp\/v2\/pages\/4730\/revisions"}],"predecessor-version":[{"id":5486,"href":"https:\/\/www.ocwa.com\/fr\/wp-json\/wp\/v2\/pages\/4730\/revisions\/5486"}],"up":[{"embeddable":true,"href":"https:\/\/www.ocwa.com\/fr\/wp-json\/wp\/v2\/pages\/1834"}],"wp:featuredmedia":[{"embeddable":true,"href":"https:\/\/www.ocwa.com\/fr\/wp-json\/wp\/v2\/media\/4725"}],"wp:attachment":[{"href":"https:\/\/www.ocwa.com\/fr\/wp-json\/wp\/v2\/media?parent=4730"}],"curies":[{"name":"wp","href":"https:\/\/api.w.org\/{rel}","templated":true}]}}