{"id":2272,"date":"2023-12-14T15:05:07","date_gmt":"2023-12-14T20:05:07","guid":{"rendered":"https:\/\/www.ocwa.com\/news\/"},"modified":"2024-02-23T11:04:30","modified_gmt":"2024-02-23T16:04:30","slug":"news","status":"publish","type":"page","link":"https:\/\/www.ocwa.com\/fr\/news\/","title":{"rendered":"Actualit\u00e9s"},"content":{"rendered":"<div id=\"page-intro-block_b0249f6800c1bfd48f08d3eb32077c70\" class=\"page-intro alignfull \">\n\t<div class=\"block-inner\">\n\t\t\t\t\t<div class=\"breadcrumbs\">\n\t\t\t\t<span><span><a href=\"https:\/\/www.ocwa.com\/fr\/\">Home<\/a><\/span><\/span>\t\t\t<\/div>\n\t\t\t\t<div class=\"block-intro-content no-image\">\n\t\t\t\t\t\t<div class=\"block-text\">\n\t\t\t\t<h1 class=\"with-wave\">Actualit\u00e9s<\/h1>\n\t\t\t\t\t\t\t\t\t\t\t<\/div>\n\t\t<\/div>\n\t<\/div>\n<\/div>\n\n\n\n<div id=\"news-listings-block_b861183a2076695f053969def944174b\" class=\"job-opportunities alignfull \">\n\t<div class=\"block-inner\" data-aos=\"fade-up\" data-aos-duration=\"1000\" data-aos-anchor-placement=\"center-bottom\">\n\n\t\t\t\t\t\t\t<div class=\"opportunities\">\n\t\t\t\t<a href=\"https:\/\/www.ocwa.com\/fr\/ocwa-celebrates-international-womens-day-2\/\" class=\"career-item\">\n\t<span class=\"title\">L\u2019AOE c\u00e9l\u00e8bre la Journ\u00e9e internationale des femmes 2026<\/span>\n        <span class=\"date\">10 mars 2026<\/span>\n\t<span class=\"view-more\"><span class=\"cta-with-arrow\"><strong>View more<\/strong><i class=\"icon icon-long-arrow\"><\/i><\/span><\/span>\n<\/a><a href=\"https:\/\/www.ocwa.com\/fr\/ocwa-welcomes-new-board-members\/\" class=\"career-item\">\n\t<span class=\"title\">L&rsquo;AOE accueille de nouveaux membres du conseil d&rsquo;administration<\/span>\n        <span class=\"date\">9 f\u00e9vrier 2026<\/span>\n\t<span class=\"view-more\"><span class=\"cta-with-arrow\"><strong>View more<\/strong><i class=\"icon icon-long-arrow\"><\/i><\/span><\/span>\n<\/a><a href=\"https:\/\/www.ocwa.com\/fr\/ocwa-gives-back-in-the-southwest-region\/\" class=\"career-item\">\n\t<span class=\"title\">L&rsquo;AOE soutient la r\u00e9gion du Sud-Ouest<\/span>\n        <span class=\"date\">23 d\u00e9cembre 2025<\/span>\n\t<span class=\"view-more\"><span class=\"cta-with-arrow\"><strong>View more<\/strong><i class=\"icon icon-long-arrow\"><\/i><\/span><\/span>\n<\/a><a href=\"https:\/\/www.ocwa.com\/fr\/onewater-volunteers-in-action\/\" class=\"career-item\">\n\t<span class=\"title\">Les b\u00e9n\u00e9voles de OneWater en action<\/span>\n        <span class=\"date\">21 novembre 2025<\/span>\n\t<span class=\"view-more\"><span class=\"cta-with-arrow\"><strong>View more<\/strong><i class=\"icon icon-long-arrow\"><\/i><\/span><\/span>\n<\/a><a href=\"https:\/\/www.ocwa.com\/fr\/celebrating-2025-ocwamarine-award-winners\/\" class=\"career-item\">\n\t<span class=\"title\">C\u00e9l\u00e9bration des laur\u00e9ats du prix OCWAmarine 2025<\/span>\n        <span class=\"date\">7 octobre 2025<\/span>\n\t<span class=\"view-more\"><span class=\"cta-with-arrow\"><strong>View more<\/strong><i class=\"icon icon-long-arrow\"><\/i><\/span><\/span>\n<\/a><a href=\"https:\/\/www.ocwa.com\/fr\/ocwa-in-the-community-south-peel-shoreline-clean-up\/\" class=\"career-item\">\n\t<span class=\"title\">L\u2019AOE dans la communaut\u00e9 \u2013\u00a0 Nettoyage du littoral de South Peel<\/span>\n        <span class=\"date\">11 ao\u00fbt 2025<\/span>\n\t<span class=\"view-more\"><span class=\"cta-with-arrow\"><strong>View more<\/strong><i class=\"icon icon-long-arrow\"><\/i><\/span><\/span>\n<\/a><a href=\"https:\/\/www.ocwa.com\/fr\/ocwas-onewater-program-wraps-up-the-school-year\/\" class=\"career-item\">\n\t<span class=\"title\">Le programme OneWater de l&rsquo;AOE conclut l&rsquo;ann\u00e9e scolaire<\/span>\n        <span class=\"date\">4 juillet 2025<\/span>\n\t<span class=\"view-more\"><span class=\"cta-with-arrow\"><strong>View more<\/strong><i class=\"icon icon-long-arrow\"><\/i><\/span><\/span>\n<\/a>\t\t\t<\/div>\n\n\t\t\t\t\t\t\t<div class=\"load-more-opportunities\">\n\t\t\t\t<a id=\"load-more-news\" class=\"button more-button\" href=\"#\" data-pageno=\"2\" data-link-text=\"View More\">charger plus<\/a>\n\t\t\t<\/div>\n\t\t\t<\/div>\n<\/div>\n\n<template id=\"template-career\">\n\t<a href=\"%%permalink%%\" class=\"career-item\">\n\t<span class=\"title\">%%title%%<\/span>\n        <span class=\"date\">%%date%%<\/span>\n\t<span class=\"view-more\"><span class=\"cta-with-arrow\"><strong>%%linktext%%<\/strong><i class=\"icon icon-long-arrow\"><\/i><\/span><\/span>\n<\/a><\/template>\n\n<div id=\"info-boxes-block_fce06238440049342ff2f146d04c7e4b\" class=\"info-boxes alignfull \" style=\"background-color:#EAF9FC;\">\n\t\t\t<div class=\"info-boxes-wrapper\" data-equalizer data-equalize-on=\"medium\">\n\t\t\t\t\t\t\t<div class=\"info-box\" data-aos=\"fade-up\" data-aos-duration=\"1000\" data-aos-anchor-placement=\"center-bottom\">\n\t\t\t\t\t<div class=\"info-box-inner\" data-equalizer-watch>\n\t\t\t\t\t\t<h3>Parlons d\u2019eau!<\/h3>\n\t\t\t\t\t\t<div class=\"description\">\n\t\t\t\t\t\t\t<p>D\u00e9couvrez comment nous pouvons vous aider \u00e0 g\u00e9rer vos r\u00e9seaux d\u2019eau potable et d\u2019eaux us\u00e9es<\/p>\n\t\t\t\t\t\t<\/div>\n\t\t\t\t\t<\/div>\n\t\t\t\t\t<a href=\"https:\/\/www.ocwa.com\/fr\/services-overview\/\" class=\"button dark\">Services de l\u2019AOE<\/a>\t\t\t\t<\/div>\n\t\t\t\t\t\t\t<div class=\"info-box\" data-aos=\"fade-up\" data-aos-duration=\"1000\" data-aos-anchor-placement=\"center-bottom\">\n\t\t\t\t\t<div class=\"info-box-inner\" data-equalizer-watch>\n\t\t\t\t\t\t<h3>Joignez-vous \u00e0 l\u2019\u00e9quipe de l\u2019AOE!<\/h3>\n\t\t\t\t\t\t<div class=\"description\">\n\t\t\t\t\t\t\t<p>Il y a plusieurs postes vacants dans la province. Consultez nos offres d\u2019emploi maintenant<\/p>\n\t\t\t\t\t\t<\/div>\n\t\t\t\t\t<\/div>\n\t\t\t\t\t<a href=\"https:\/\/www.ocwa.com\/fr\/possibilites-demploi\/\" class=\"button dark\">Postulez maintenant<\/a>\t\t\t\t<\/div>\n\t\t\t\t\t<\/div>\n\t<\/div>\n","protected":false},"excerpt":{"rendered":"","protected":false},"author":2,"featured_media":0,"parent":0,"menu_order":0,"comment_status":"closed","ping_status":"closed","template":"","meta":{"_acf_changed":false,"footnotes":""},"class_list":["post-2272","page","type-page","status-publish","hentry"],"acf":[],"yoast_head":"<!-- This site is optimized with the Yoast SEO plugin v27.2 - https:\/\/yoast.com\/product\/yoast-seo-wordpress\/ -->\n<title>Actualit\u00e9s - OCWA<\/title>\n<meta name=\"robots\" content=\"index, follow, max-snippet:-1, max-image-preview:large, max-video-preview:-1\" \/>\n<link rel=\"canonical\" href=\"https:\/\/www.ocwa.com\/fr\/news\/\" \/>\n<meta property=\"og:locale\" content=\"fr_FR\" \/>\n<meta property=\"og:type\" content=\"article\" \/>\n<meta property=\"og:title\" content=\"Actualit\u00e9s - OCWA\" \/>\n<meta property=\"og:url\" content=\"https:\/\/www.ocwa.com\/fr\/news\/\" \/>\n<meta property=\"og:site_name\" content=\"OCWA\" \/>\n<meta property=\"article:modified_time\" content=\"2024-02-23T16:04:30+00:00\" \/>\n<meta name=\"twitter:card\" content=\"summary_large_image\" \/>\n<script type=\"application\/ld+json\" class=\"yoast-schema-graph\">{\"@context\":\"https:\/\/schema.org\",\"@graph\":[{\"@type\":\"WebPage\",\"@id\":\"https:\/\/www.ocwa.com\/fr\/news\/\",\"url\":\"https:\/\/www.ocwa.com\/fr\/news\/\",\"name\":\"Actualit\u00e9s - OCWA\",\"isPartOf\":{\"@id\":\"https:\/\/www.ocwa.com\/fr\/#website\"},\"datePublished\":\"2023-12-14T20:05:07+00:00\",\"dateModified\":\"2024-02-23T16:04:30+00:00\",\"breadcrumb\":{\"@id\":\"https:\/\/www.ocwa.com\/fr\/news\/#breadcrumb\"},\"inLanguage\":\"fr-FR\",\"potentialAction\":[{\"@type\":\"ReadAction\",\"target\":[\"https:\/\/www.ocwa.com\/fr\/news\/\"]}]},{\"@type\":\"BreadcrumbList\",\"@id\":\"https:\/\/www.ocwa.com\/fr\/news\/#breadcrumb\",\"itemListElement\":[{\"@type\":\"ListItem\",\"position\":1,\"name\":\"Home\",\"item\":\"https:\/\/www.ocwa.com\/fr\/\"},{\"@type\":\"ListItem\",\"position\":2,\"name\":\"Actualit\u00e9s\"}]},{\"@type\":\"WebSite\",\"@id\":\"https:\/\/www.ocwa.com\/fr\/#website\",\"url\":\"https:\/\/www.ocwa.com\/fr\/\",\"name\":\"OCWA\",\"description\":\"Just another WordPress site\",\"potentialAction\":[{\"@type\":\"SearchAction\",\"target\":{\"@type\":\"EntryPoint\",\"urlTemplate\":\"https:\/\/www.ocwa.com\/fr\/?s={search_term_string}\"},\"query-input\":{\"@type\":\"PropertyValueSpecification\",\"valueRequired\":true,\"valueName\":\"search_term_string\"}}],\"inLanguage\":\"fr-FR\"}]}<\/script>\n<!-- \/ Yoast SEO plugin. -->","yoast_head_json":{"title":"Actualit\u00e9s - OCWA","robots":{"index":"index","follow":"follow","max-snippet":"max-snippet:-1","max-image-preview":"max-image-preview:large","max-video-preview":"max-video-preview:-1"},"canonical":"https:\/\/www.ocwa.com\/fr\/news\/","og_locale":"fr_FR","og_type":"article","og_title":"Actualit\u00e9s - OCWA","og_url":"https:\/\/www.ocwa.com\/fr\/news\/","og_site_name":"OCWA","article_modified_time":"2024-02-23T16:04:30+00:00","twitter_card":"summary_large_image","schema":{"@context":"https:\/\/schema.org","@graph":[{"@type":"WebPage","@id":"https:\/\/www.ocwa.com\/fr\/news\/","url":"https:\/\/www.ocwa.com\/fr\/news\/","name":"Actualit\u00e9s - OCWA","isPartOf":{"@id":"https:\/\/www.ocwa.com\/fr\/#website"},"datePublished":"2023-12-14T20:05:07+00:00","dateModified":"2024-02-23T16:04:30+00:00","breadcrumb":{"@id":"https:\/\/www.ocwa.com\/fr\/news\/#breadcrumb"},"inLanguage":"fr-FR","potentialAction":[{"@type":"ReadAction","target":["https:\/\/www.ocwa.com\/fr\/news\/"]}]},{"@type":"BreadcrumbList","@id":"https:\/\/www.ocwa.com\/fr\/news\/#breadcrumb","itemListElement":[{"@type":"ListItem","position":1,"name":"Home","item":"https:\/\/www.ocwa.com\/fr\/"},{"@type":"ListItem","position":2,"name":"Actualit\u00e9s"}]},{"@type":"WebSite","@id":"https:\/\/www.ocwa.com\/fr\/#website","url":"https:\/\/www.ocwa.com\/fr\/","name":"OCWA","description":"Just another WordPress site","potentialAction":[{"@type":"SearchAction","target":{"@type":"EntryPoint","urlTemplate":"https:\/\/www.ocwa.com\/fr\/?s={search_term_string}"},"query-input":{"@type":"PropertyValueSpecification","valueRequired":true,"valueName":"search_term_string"}}],"inLanguage":"fr-FR"}]}},"_links":{"self":[{"href":"https:\/\/www.ocwa.com\/fr\/wp-json\/wp\/v2\/pages\/2272","targetHints":{"allow":["GET"]}}],"collection":[{"href":"https:\/\/www.ocwa.com\/fr\/wp-json\/wp\/v2\/pages"}],"about":[{"href":"https:\/\/www.ocwa.com\/fr\/wp-json\/wp\/v2\/types\/page"}],"author":[{"embeddable":true,"href":"https:\/\/www.ocwa.com\/fr\/wp-json\/wp\/v2\/users\/2"}],"replies":[{"embeddable":true,"href":"https:\/\/www.ocwa.com\/fr\/wp-json\/wp\/v2\/comments?post=2272"}],"version-history":[{"count":5,"href":"https:\/\/www.ocwa.com\/fr\/wp-json\/wp\/v2\/pages\/2272\/revisions"}],"predecessor-version":[{"id":2782,"href":"https:\/\/www.ocwa.com\/fr\/wp-json\/wp\/v2\/pages\/2272\/revisions\/2782"}],"wp:attachment":[{"href":"https:\/\/www.ocwa.com\/fr\/wp-json\/wp\/v2\/media?parent=2272"}],"curies":[{"name":"wp","href":"https:\/\/api.w.org\/{rel}","templated":true}]}}