{"id":1956,"date":"2023-12-14T14:43:08","date_gmt":"2023-12-14T19:43:08","guid":{"rendered":"https:\/\/www.ocwa.com\/our-policies\/"},"modified":"2026-04-16T15:28:02","modified_gmt":"2026-04-16T19:28:02","slug":"nos-politiques","status":"publish","type":"page","link":"https:\/\/www.ocwa.com\/fr\/nos-politiques\/","title":{"rendered":"Le SGQE permet \u00e0 l\u2019AOE et Politiques et de sant\u00e9 et s\u00e9curit\u00e9."},"content":{"rendered":"<div id=\"page-intro-block_3d2870763244bd7d7e9cbb40786056c7\" class=\"page-intro alignfull \">\n\t<div class=\"block-inner\">\n\t\t\t\t\t<div class=\"breadcrumbs\">\n\t\t\t\t<span><span><a href=\"https:\/\/www.ocwa.com\/fr\/\">Home<\/a><\/span><\/span>\t\t\t<\/div>\n\t\t\t\t<div class=\"block-intro-content no-image\">\n\t\t\t\t\t\t<div class=\"block-text\">\n\t\t\t\t<h1 class=\"with-wave\">Le SGQE permet \u00e0 l\u2019AOE et Politiques et de sant\u00e9 et s\u00e9curit\u00e9.<\/h1>\n\t\t\t\t\t\t\t\t\t\t\t<\/div>\n\t\t<\/div>\n\t<\/div>\n<\/div>\n\n\n\n<div class=\"wp-block-columns is-layout-flex wp-container-core-columns-is-layout-9d6595d7 wp-block-columns-is-layout-flex\">\n<div class=\"wp-block-column is-layout-flow wp-block-column-is-layout-flow\" style=\"flex-basis:62%\">\n<h4 class=\"wp-block-heading\">Politique de Gestion de la Qualit\u00e9&nbsp;<\/h4>\n\n\n\n<p>L\u2019AOE a mis au point et maintient son propre Syst\u00e8me de gestion de la qualit\u00e9 et de l\u2019environnement (SGQE). Ce syst\u00e8me fait en sorte que les installations de nos clients sont exploit\u00e9es de fa\u00e7on efficiente, s\u00fbre et \u00e9cologiquement responsable et comprend des programmes permettant d\u2019identifier et d\u2019att\u00e9nuer les risques susceptibles de nuire au fonctionnement des installations exploit\u00e9es par l\u2019AOE.<\/p>\n\n\n\n<p><a href=\"https:\/\/www.ocwa.com\/wp-content\/uploads\/2024\/02\/qems_policy_-_printer-friendly.pdf\">Le SGQE permet \u00e0 l\u2019AOE<\/a> de g\u00e9rer la qualit\u00e9 et l\u2019environnement de fa\u00e7on responsable, proactive et efficace, afin de mieux prot\u00e9ger la sant\u00e9 des personnes et l\u2019int\u00e9grit\u00e9 de l\u2019environnement. Le SGQE est fond\u00e9 sur la norme d\u2019excellence internationale ISO&nbsp;9001 sur les Syst\u00e8mes de management de la qualit\u00e9 et sur la norme ISO&nbsp;14001 sur les Syst\u00e8mes de management environnemental.<\/p>\n\n\n\n<h4 class=\"wp-block-heading\"><strong>Politique Sur la Sant\u00e9 et la S\u00e9curit\u00e9<\/strong><\/h4>\n\n\n\n<p>L\u2019AOE s\u2019est engag\u00e9e \u00e0 fournir un lieu de travail s\u00fbr et sain \u00e0 tous ses employ\u00e9s et s\u2019engage r\u00e9guli\u00e8rement dans des campagnes de conscientisation \u00e0 tous les paliers de l\u2019organisme. La politique sur la sant\u00e9 et s\u00e9curit\u00e9 au travail est le point de d\u00e9part de l\u2019\u00e9laboration, de la mise en \u0153uvre et de l\u2019am\u00e9lioration continue du Syst\u00e8me de sant\u00e9 et de s\u00e9curit\u00e9 au travail de l\u2019AOE et autres programmes connexes. L\u2019AOE offre \u00e0 son personnel un vaste programme de formation sur divers sujets, mentionnons entre autres la conduite d\u00e9fensive, les questions r\u00e9glementaires et les probl\u00e9matiques particuli\u00e8res aux installations. La mise en \u0153uvre d\u2019une culture de s\u00fbret\u00e9 int\u00e9gr\u00e9e \u00e0 ses op\u00e9rations permet \u00e0 l\u2019AOE de fournir \u00e0 ses clients des services fiables et efficaces.<br><br>Pour plus de renseignements sur les r\u00e8glements en mati\u00e8re de sant\u00e9 et de s\u00e9curit\u00e9, voir les sites suivants:<\/p>\n\n\n\n<p><a href=\"http:\/\/www.cchst.ca\/index.html\" target=\"_blank\" rel=\"noreferrer noopener\">Centre Canadien D&rsquo;hygi\u00e8ne et de S\u00e9curit\u00e9 au Travail<br><\/a><a href=\"http:\/\/www.labour.gov.on.ca\/french\/index.php\" target=\"_blank\" rel=\"noreferrer noopener\">Minist\u00e8re du Travail de l&rsquo;Ontario<\/a><\/p>\n\n\n<div id=\"accordion-content-block_852e08e1646af091ae81a35d19bc7052\" class=\"accordion-wrapper theme-1 \">\n        <div class=\"block-title\" data-aos=\"fade-up\" data-aos-duration=\"1000\" data-aos-anchor-placement=\"center-bottom\">\n        <h4>Nos Politiques\u00a0<\/h4>\n    <\/div>\n        <ul class=\"accordion\" data-accordion data-multi-expand=\"true\"  data-allow-all-closed=\"true\" data-accordion data-deep-link-smudge-delay=\"500\" data-aos=\"fade-up\" data-aos-duration=\"1000\" data-aos-anchor-placement=\"top-bottom\">\n                    <li class=\"accordion-item\" data-accordion-item>\n                <a href=\"#\" class=\"accordion-title\">Politique D\u2019accessibilit\u00e9<\/a>\n                <div class=\"accordion-content\" data-tab-content>\n                    <p><span style=\"font-weight: 400;\">Le R\u00e8glement de l\u2019Ontario 429\/07, Normes d\u2019accessibilit\u00e9 pour les services \u00e0 la client\u00e8le, est entr\u00e9 en vigueur le 1er\u00a0janvier 2008.Il s\u2019agit de la premi\u00e8re norme d\u2019accessibilit\u00e9 adopt\u00e9e en vertu de la\u00a0Loi de 2005 sur l\u2019accessibilit\u00e9 pour les personnes handicap\u00e9es de l\u2019Ontario.\u00a0<\/span><\/p>\n<p>&nbsp;<\/p>\n<p><span style=\"font-weight: 400;\">Ce r\u00e8glement constitue une \u00e9tape importante pour faire en sorte qu\u2019en 2025, l\u2019Ontario soit accessible et exempt d\u2019obstacles.<\/span><\/p>\n<p><span style=\"font-weight: 400;\">Pour en apprendre davantage sur le travail de la fonction publique de l\u2019Ontario et de l\u2019Agence ontarienne d\u2019eau de l\u2019Ontario, en tant qu\u2019agence du minist\u00e8re de l\u2019Environnement, pour se conformer aux normes:\u00a0<\/span><\/p>\n<p><a href=\"https:\/\/www.ontario.ca\/fr\/page\/politique-daccessibilite-pour-les-services-la-clientele\" target=\"_blank\" rel=\"noopener\"><span style=\"font-weight: 400;\">Politique d\u2019accessibilit\u00e9 pour les services \u00e0 la client\u00e8le<\/span><span style=\"font-weight: 400;\"><br \/>\n<\/span><\/a><a href=\"http:\/\/ocwa.dev.sandboxsoftware.ca\/sites\/default\/files\/ocwas_customer_service_policy.pdf\" target=\"_blank\" rel=\"noopener\"><span style=\"font-weight: 400;\">OCWA&rsquo;s Customer Service Policy<\/span><\/a><\/p>\n                <\/div>\n            <\/li>\n                    <li class=\"accordion-item\" data-accordion-item>\n                <a href=\"#\" class=\"accordion-title\">Nous Sommes Heureux de lire vos Commentaires<\/a>\n                <div class=\"accordion-content\" data-tab-content>\n                    <p><span style=\"font-weight: 400;\">L\u2019Agence ontarienne des eaux accueille avec plaisir les commentaires qui lui permettent d\u2019am\u00e9liorer sa performance en mati\u00e8re de service.Si vous avez des commentaires d\u2019ordre g\u00e9n\u00e9ral ou des suggestions concernant des am\u00e9liorations \u00e9ventuelles, veuillez nous en faire part\u00a0:<\/span><\/p>\n<p>&nbsp;<\/p>\n<p><span style=\"font-weight: 400;\">T\u00e9l\u00e9phone\u00a0: 1\u00a0800 667-6292\u00a0(R\u00e9ception, Bureau de L\u2019Agence)<\/span><\/p>\n<p><span style=\"font-weight: 400;\"><br \/>\n<\/span><span style=\"font-weight: 400;\">Courriel\u00a0:\u00a0<\/span><a href=\"mailto:ocwa@ocwa.com\"><span style=\"font-weight: 400;\">ocwa@ocwa.co<\/span><\/a><\/p>\n<p><span style=\"font-weight: 400;\">Par la poste :\u00a0Commentaires\/Renseignements g\u00e9n\u00e9raux<\/span><span style=\"font-weight: 400;\"><br \/>\n<\/span><span style=\"font-weight: 400;\">Division des Communications et de la Planification G\u00e9n\u00e9rale<\/span><span style=\"font-weight: 400;\"><br \/>\n<\/span><span style=\"font-weight: 400;\">Agence Ontarienne des Eaux<\/span><span style=\"font-weight: 400;\"><br \/>\n<\/span><span style=\"font-weight: 400;\">2085, rue Hurontario, Bureau 500, Toronto (Ontario)\u00a0\u00a0L5A 4G1<\/span><\/p>\n<p><span style=\"font-weight: 400;\">En vertu de la Loi sur l\u2019acc\u00e8s \u00e0 l\u2019information et la protection de la vie priv\u00e9e et de la Loi de 2005 sur l\u2019accessibilit\u00e9 pour les personnes handicap\u00e9es de l\u2019Ontario (et du R\u00e8glement 427\/07 pris en application de cette loi) l\u2019Agence ontarienne d\u2019eau est autoris\u00e9e \u00e0 recueillir des commentaires sur la fa\u00e7on dont elle offre ses services. Pour plus de renseignements sur l\u2019accessibilit\u00e9 \u00e0 l\u2019Agence ontarienne d\u2019eau, veuillez communiquer avec le coordonnateur de l\u2019accessibilit\u00e9 de l\u2019agence, \u00e0 l\u2019adresse suivante : <\/span><span style=\"font-weight: 400;\">2085, rue Hurontario, Bureau 500, Toronto (Ontario)\u00a0\u00a0L5A 4G1<\/span><\/p>\n                <\/div>\n            <\/li>\n                    <li class=\"accordion-item\" data-accordion-item>\n                <a href=\"#\" class=\"accordion-title\">Politique de Confidentialit\u00e9 <\/a>\n                <div class=\"accordion-content\" data-tab-content>\n                    <p><span style=\"font-weight: 400;\">Vous trouverez plus de renseignements sur l\u2019engagement de l\u2019AOE en mati\u00e8re de respect de la vie priv\u00e9e dans la\u00a0<\/span><a href=\"http:\/\/www.ontario.ca\/fr\/page\/declaration-concernant-la-protection-de-la-vie-privee\" target=\"_blank\" rel=\"noopener\"><span style=\"font-weight: 400;\">D\u00e9claration du Gouvernement de L&rsquo;Ontario Concernant la Protection de la vie Priv\u00e9e<\/span><\/a><span style=\"font-weight: 400;\">.\u00a0<\/span><\/p>\n                <\/div>\n            <\/li>\n            <\/ul>\n<\/div>\n<\/div>\n\n\n\n<div class=\"wp-block-column is-layout-flow wp-block-column-is-layout-flow\" style=\"flex-basis:38%\"><div id=\"sidebar-block-block_24e44a7155b187e913f1336762c87488\" class=\"sidebar-block \">\n\t\t<div class=\"sidebar-item\">\n\t\t<div class=\"sidebar-title\">\n\t\t\t<h5>Le SGQE permet \u00e0 l\u2019AOE  En Anglais Seulement)<\/h5>\n\t\t<\/div>\n\t\t\t\t\t\t\t\t\t<div class=\"file\">\n\t\t\t\t\t<a href=\"https:\/\/www.ocwa.com\/wp-content\/uploads\/2024\/04\/qems_policy_-_printer-friendly.pdf\" target=\"_blank\"><span>Download PDF<\/span><i class=\"icon icon-download\"><\/i><\/a>\n\t\t\t\t<\/div>\n\t\t\t\t\t\t<\/div>\n\n\t\t<div class=\"sidebar-item\">\n\t\t<div class=\"sidebar-title\">\n\t\t\t<h5>Pour plus de renseignements sur la sant\u00e9 et la s\u00e9curit\u00e9 \u00e0 l\u2019AOE, veuillez communiquer avec :<\/h5>\n\t\t<\/div>\n\t\t\t\t\t\t\t\t\t<div class=\"wysiwyg\">\n\t\t\t\t\t<p><strong>Geeta Sharma<\/strong><br \/>\nGestionnaire de Conformit\u00e9<br \/>\n<a href=\"mailto:GSharma@ocwa.com\">GSharma@ocwa.com<\/a><\/p>\n\t\t\t\t<\/div>\n\t\t\t\t\t\t<\/div>\n\n\t<\/div>\n\n<\/div>\n<\/div>\n","protected":false},"excerpt":{"rendered":"<p>Politique de Gestion de la Qualit\u00e9&nbsp; L\u2019AOE a mis au point et maintient son propre Syst\u00e8me de gestion de la qualit\u00e9 et de l\u2019environnement (SGQE). Ce syst\u00e8me fait en sorte que les installations de nos clients sont exploit\u00e9es de fa\u00e7on efficiente, s\u00fbre et \u00e9cologiquement responsable et comprend des programmes permettant d\u2019identifier et d\u2019att\u00e9nuer les risques [&hellip;]<\/p>\n","protected":false},"author":2,"featured_media":616,"parent":0,"menu_order":0,"comment_status":"closed","ping_status":"closed","template":"","meta":{"_acf_changed":false,"footnotes":""},"class_list":["post-1956","page","type-page","status-publish","has-post-thumbnail","hentry"],"acf":[],"yoast_head":"<!-- This site is optimized with the Yoast SEO plugin v27.4 - https:\/\/yoast.com\/product\/yoast-seo-wordpress\/ -->\n<title>Le SGQE permet \u00e0 l\u2019AOE et Politiques et de sant\u00e9 et s\u00e9curit\u00e9. - OCWA<\/title>\n<meta name=\"robots\" content=\"index, follow, max-snippet:-1, max-image-preview:large, max-video-preview:-1\" \/>\n<link rel=\"canonical\" href=\"https:\/\/www.ocwa.com\/fr\/nos-politiques\/\" \/>\n<meta property=\"og:locale\" content=\"fr_FR\" \/>\n<meta property=\"og:type\" content=\"article\" \/>\n<meta property=\"og:title\" content=\"Le SGQE permet \u00e0 l\u2019AOE et Politiques et de sant\u00e9 et s\u00e9curit\u00e9. - OCWA\" \/>\n<meta property=\"og:description\" content=\"Politique de Gestion de la Qualit\u00e9&nbsp; L\u2019AOE a mis au point et maintient son propre Syst\u00e8me de gestion de la qualit\u00e9 et de l\u2019environnement (SGQE). Ce syst\u00e8me fait en sorte que les installations de nos clients sont exploit\u00e9es de fa\u00e7on efficiente, s\u00fbre et \u00e9cologiquement responsable et comprend des programmes permettant d\u2019identifier et d\u2019att\u00e9nuer les risques [&hellip;]\" \/>\n<meta property=\"og:url\" content=\"https:\/\/www.ocwa.com\/fr\/nos-politiques\/\" \/>\n<meta property=\"og:site_name\" content=\"OCWA\" \/>\n<meta property=\"article:modified_time\" content=\"2026-04-16T19:28:02+00:00\" \/>\n<meta property=\"og:image\" content=\"https:\/\/www.ocwa.com\/wp-content\/uploads\/2023\/11\/AdobeStock_159675117.jpg\" \/>\n\t<meta property=\"og:image:width\" content=\"586\" \/>\n\t<meta property=\"og:image:height\" content=\"348\" \/>\n\t<meta property=\"og:image:type\" content=\"image\/jpeg\" \/>\n<meta name=\"twitter:card\" content=\"summary_large_image\" \/>\n<meta name=\"twitter:label1\" content=\"Dur\u00e9e de lecture estim\u00e9e\" \/>\n\t<meta name=\"twitter:data1\" content=\"2 minutes\" \/>\n<script type=\"application\/ld+json\" class=\"yoast-schema-graph\">{\"@context\":\"https:\\\/\\\/schema.org\",\"@graph\":[{\"@type\":\"WebPage\",\"@id\":\"https:\\\/\\\/www.ocwa.com\\\/fr\\\/nos-politiques\\\/\",\"url\":\"https:\\\/\\\/www.ocwa.com\\\/fr\\\/nos-politiques\\\/\",\"name\":\"Le SGQE permet \u00e0 l\u2019AOE et Politiques et de sant\u00e9 et s\u00e9curit\u00e9. - OCWA\",\"isPartOf\":{\"@id\":\"https:\\\/\\\/www.ocwa.com\\\/fr\\\/#website\"},\"primaryImageOfPage\":{\"@id\":\"https:\\\/\\\/www.ocwa.com\\\/fr\\\/nos-politiques\\\/#primaryimage\"},\"image\":{\"@id\":\"https:\\\/\\\/www.ocwa.com\\\/fr\\\/nos-politiques\\\/#primaryimage\"},\"thumbnailUrl\":\"https:\\\/\\\/www.ocwa.com\\\/wp-content\\\/uploads\\\/2023\\\/11\\\/AdobeStock_159675117.jpg\",\"datePublished\":\"2023-12-14T19:43:08+00:00\",\"dateModified\":\"2026-04-16T19:28:02+00:00\",\"breadcrumb\":{\"@id\":\"https:\\\/\\\/www.ocwa.com\\\/fr\\\/nos-politiques\\\/#breadcrumb\"},\"inLanguage\":\"fr-FR\",\"potentialAction\":[{\"@type\":\"ReadAction\",\"target\":[\"https:\\\/\\\/www.ocwa.com\\\/fr\\\/nos-politiques\\\/\"]}]},{\"@type\":\"ImageObject\",\"inLanguage\":\"fr-FR\",\"@id\":\"https:\\\/\\\/www.ocwa.com\\\/fr\\\/nos-politiques\\\/#primaryimage\",\"url\":\"https:\\\/\\\/www.ocwa.com\\\/wp-content\\\/uploads\\\/2023\\\/11\\\/AdobeStock_159675117.jpg\",\"contentUrl\":\"https:\\\/\\\/www.ocwa.com\\\/wp-content\\\/uploads\\\/2023\\\/11\\\/AdobeStock_159675117.jpg\",\"width\":586,\"height\":348},{\"@type\":\"BreadcrumbList\",\"@id\":\"https:\\\/\\\/www.ocwa.com\\\/fr\\\/nos-politiques\\\/#breadcrumb\",\"itemListElement\":[{\"@type\":\"ListItem\",\"position\":1,\"name\":\"Home\",\"item\":\"https:\\\/\\\/www.ocwa.com\\\/fr\\\/\"},{\"@type\":\"ListItem\",\"position\":2,\"name\":\"Le SGQE permet \u00e0 l\u2019AOE et Politiques et de sant\u00e9 et s\u00e9curit\u00e9.\"}]},{\"@type\":\"WebSite\",\"@id\":\"https:\\\/\\\/www.ocwa.com\\\/fr\\\/#website\",\"url\":\"https:\\\/\\\/www.ocwa.com\\\/fr\\\/\",\"name\":\"OCWA\",\"description\":\"Just another WordPress site\",\"potentialAction\":[{\"@type\":\"SearchAction\",\"target\":{\"@type\":\"EntryPoint\",\"urlTemplate\":\"https:\\\/\\\/www.ocwa.com\\\/fr\\\/?s={search_term_string}\"},\"query-input\":{\"@type\":\"PropertyValueSpecification\",\"valueRequired\":true,\"valueName\":\"search_term_string\"}}],\"inLanguage\":\"fr-FR\"}]}<\/script>\n<!-- \/ Yoast SEO plugin. -->","yoast_head_json":{"title":"Le SGQE permet \u00e0 l\u2019AOE et Politiques et de sant\u00e9 et s\u00e9curit\u00e9. - OCWA","robots":{"index":"index","follow":"follow","max-snippet":"max-snippet:-1","max-image-preview":"max-image-preview:large","max-video-preview":"max-video-preview:-1"},"canonical":"https:\/\/www.ocwa.com\/fr\/nos-politiques\/","og_locale":"fr_FR","og_type":"article","og_title":"Le SGQE permet \u00e0 l\u2019AOE et Politiques et de sant\u00e9 et s\u00e9curit\u00e9. - OCWA","og_description":"Politique de Gestion de la Qualit\u00e9&nbsp; L\u2019AOE a mis au point et maintient son propre Syst\u00e8me de gestion de la qualit\u00e9 et de l\u2019environnement (SGQE). Ce syst\u00e8me fait en sorte que les installations de nos clients sont exploit\u00e9es de fa\u00e7on efficiente, s\u00fbre et \u00e9cologiquement responsable et comprend des programmes permettant d\u2019identifier et d\u2019att\u00e9nuer les risques [&hellip;]","og_url":"https:\/\/www.ocwa.com\/fr\/nos-politiques\/","og_site_name":"OCWA","article_modified_time":"2026-04-16T19:28:02+00:00","og_image":[{"width":586,"height":348,"url":"https:\/\/www.ocwa.com\/wp-content\/uploads\/2023\/11\/AdobeStock_159675117.jpg","type":"image\/jpeg"}],"twitter_card":"summary_large_image","twitter_misc":{"Dur\u00e9e de lecture estim\u00e9e":"2 minutes"},"schema":{"@context":"https:\/\/schema.org","@graph":[{"@type":"WebPage","@id":"https:\/\/www.ocwa.com\/fr\/nos-politiques\/","url":"https:\/\/www.ocwa.com\/fr\/nos-politiques\/","name":"Le SGQE permet \u00e0 l\u2019AOE et Politiques et de sant\u00e9 et s\u00e9curit\u00e9. - OCWA","isPartOf":{"@id":"https:\/\/www.ocwa.com\/fr\/#website"},"primaryImageOfPage":{"@id":"https:\/\/www.ocwa.com\/fr\/nos-politiques\/#primaryimage"},"image":{"@id":"https:\/\/www.ocwa.com\/fr\/nos-politiques\/#primaryimage"},"thumbnailUrl":"https:\/\/www.ocwa.com\/wp-content\/uploads\/2023\/11\/AdobeStock_159675117.jpg","datePublished":"2023-12-14T19:43:08+00:00","dateModified":"2026-04-16T19:28:02+00:00","breadcrumb":{"@id":"https:\/\/www.ocwa.com\/fr\/nos-politiques\/#breadcrumb"},"inLanguage":"fr-FR","potentialAction":[{"@type":"ReadAction","target":["https:\/\/www.ocwa.com\/fr\/nos-politiques\/"]}]},{"@type":"ImageObject","inLanguage":"fr-FR","@id":"https:\/\/www.ocwa.com\/fr\/nos-politiques\/#primaryimage","url":"https:\/\/www.ocwa.com\/wp-content\/uploads\/2023\/11\/AdobeStock_159675117.jpg","contentUrl":"https:\/\/www.ocwa.com\/wp-content\/uploads\/2023\/11\/AdobeStock_159675117.jpg","width":586,"height":348},{"@type":"BreadcrumbList","@id":"https:\/\/www.ocwa.com\/fr\/nos-politiques\/#breadcrumb","itemListElement":[{"@type":"ListItem","position":1,"name":"Home","item":"https:\/\/www.ocwa.com\/fr\/"},{"@type":"ListItem","position":2,"name":"Le SGQE permet \u00e0 l\u2019AOE et Politiques et de sant\u00e9 et s\u00e9curit\u00e9."}]},{"@type":"WebSite","@id":"https:\/\/www.ocwa.com\/fr\/#website","url":"https:\/\/www.ocwa.com\/fr\/","name":"OCWA","description":"Just another WordPress site","potentialAction":[{"@type":"SearchAction","target":{"@type":"EntryPoint","urlTemplate":"https:\/\/www.ocwa.com\/fr\/?s={search_term_string}"},"query-input":{"@type":"PropertyValueSpecification","valueRequired":true,"valueName":"search_term_string"}}],"inLanguage":"fr-FR"}]}},"_links":{"self":[{"href":"https:\/\/www.ocwa.com\/fr\/wp-json\/wp\/v2\/pages\/1956","targetHints":{"allow":["GET"]}}],"collection":[{"href":"https:\/\/www.ocwa.com\/fr\/wp-json\/wp\/v2\/pages"}],"about":[{"href":"https:\/\/www.ocwa.com\/fr\/wp-json\/wp\/v2\/types\/page"}],"author":[{"embeddable":true,"href":"https:\/\/www.ocwa.com\/fr\/wp-json\/wp\/v2\/users\/2"}],"replies":[{"embeddable":true,"href":"https:\/\/www.ocwa.com\/fr\/wp-json\/wp\/v2\/comments?post=1956"}],"version-history":[{"count":13,"href":"https:\/\/www.ocwa.com\/fr\/wp-json\/wp\/v2\/pages\/1956\/revisions"}],"predecessor-version":[{"id":5548,"href":"https:\/\/www.ocwa.com\/fr\/wp-json\/wp\/v2\/pages\/1956\/revisions\/5548"}],"wp:featuredmedia":[{"embeddable":true,"href":"https:\/\/www.ocwa.com\/fr\/wp-json\/wp\/v2\/media\/616"}],"wp:attachment":[{"href":"https:\/\/www.ocwa.com\/fr\/wp-json\/wp\/v2\/media?parent=1956"}],"curies":[{"name":"wp","href":"https:\/\/api.w.org\/{rel}","templated":true}]}}