{"id":1895,"date":"2023-12-13T14:45:37","date_gmt":"2023-12-13T19:45:37","guid":{"rendered":"https:\/\/www.ocwa.com\/i-dont-flush\/"},"modified":"2024-02-27T14:20:13","modified_gmt":"2024-02-27T19:20:13","slug":"i-dont-flush","status":"publish","type":"page","link":"https:\/\/www.ocwa.com\/fr\/laoe-au-sein-de-la-collectivite\/i-dont-flush\/","title":{"rendered":"I Don\u2019t Flush"},"content":{"rendered":"<div id=\"page-intro-block_12e8b1a978f894a8d92671e8b7e12cee\" class=\"page-intro alignfull \">\n\t<div class=\"block-inner\">\n\t\t\t\t\t<div class=\"breadcrumbs\">\n\t\t\t\t<span><span><a href=\"https:\/\/www.ocwa.com\/fr\/\">Home<\/a><\/span><\/span>\t\t\t<\/div>\n\t\t\t\t<div class=\"block-intro-content\">\n\t\t\t\t\t\t\t<div class=\"block-image\">\n\t\t\t\t\t<img loading=\"lazy\" decoding=\"async\" width=\"768\" height=\"666\" src=\"https:\/\/www.ocwa.com\/wp-content\/uploads\/2024\/01\/I-Dont-Flush-3Ps-for-website_edited-768x666.jpg\" class=\"attachment-box-image size-box-image\" alt=\"Trois mains dans les airs. La premi\u00e8re montre l\u2019index, la seconde l\u2019index et le majeur et la troisi\u00e8me tient un rouleau de papier hygi\u00e9nique\" srcset=\"https:\/\/www.ocwa.com\/wp-content\/uploads\/2024\/01\/I-Dont-Flush-3Ps-for-website_edited-768x666.jpg 768w, https:\/\/www.ocwa.com\/wp-content\/uploads\/2024\/01\/I-Dont-Flush-3Ps-for-website_edited-300x260.jpg 300w, https:\/\/www.ocwa.com\/wp-content\/uploads\/2024\/01\/I-Dont-Flush-3Ps-for-website_edited-1024x889.jpg 1024w, https:\/\/www.ocwa.com\/wp-content\/uploads\/2024\/01\/I-Dont-Flush-3Ps-for-website_edited-400x347.jpg 400w, https:\/\/www.ocwa.com\/wp-content\/uploads\/2024\/01\/I-Dont-Flush-3Ps-for-website_edited.jpg 1180w\" sizes=\"auto, (max-width: 768px) 100vw, 768px\" \/>\t\t\t\t<\/div>\n\t\t\t\t\t\t<div class=\"block-text\">\n\t\t\t\t<h1 class=\"with-wave\">I Don\u2019t Flush<\/h1>\n\t\t\t\t\t\t\t\t\t<div class=\"block-description\">\n\t\t\t\t\t\t<h6>Lorsqu\u2019on jette des lingettes, de la graisse et d\u2019autres d\u00e9tritus dans les \u00e9viers et les toilettes, on risque de boucher les tuyaux et les r\u00e9seaux d\u2019eaux us\u00e9es.<\/h6>\n\t\t\t\t\t<\/div>\n\t\t\t\t\t\t\t\t\t\t\t<\/div>\n\t\t<\/div>\n\t<\/div>\n<\/div>\n\n\n\n<div class=\"wp-block-columns is-layout-flex wp-container-core-columns-is-layout-9d6595d7 wp-block-columns-is-layout-flex\"><\/div>\n\n\n\n<div class=\"wp-block-columns is-layout-flex wp-container-core-columns-is-layout-9d6595d7 wp-block-columns-is-layout-flex\">\n<div class=\"wp-block-column is-layout-flow wp-block-column-is-layout-flow\" style=\"flex-basis:62%\">\n<h4 class=\"wp-block-heading\"><\/h4>\n\n\n\n<p>Ces probl\u00e8mes peuvent causer des d\u00e9g\u00e2ts importants aux habitations, \u00e0 l\u2019infrastructure municipale et \u00e0 l\u2019environnement. C\u2019est pourquoi, l\u2019AOE a particip\u00e9 au lancement de la campagne prim\u00e9e \u00ab&nbsp;I Don\u2019t Flush&nbsp;\u00bb, en 2014.<\/p>\n\n\n\n<p>Par des messages amusants et \u00e9ducatifs d\u2019int\u00e9r\u00eat public, des documents informationnels et des messages sur r\u00e9seaux sociaux, la campagne met le public en garde contre les cons\u00e9quences de mauvaises habitudes d\u2019\u00e9limination des d\u00e9tritus et explique ce qu\u2019il ne faut pas jeter dans les \u00e9viers et les toilettes.<\/p>\n\n\n\n<p>Depuis 2014, nous avons encourag\u00e9 des millions de gens, en Ontario, au Canada et dans le reste du monde, \u00e0 se d\u00e9barrasser de leurs mauvaises habitudes et ne pas endommager leurs tuyaux! Joignez-vous au mouvement \u00ab&nbsp;I Don\u2019t Flush&nbsp;\u00bb! Pour en savoir plus, consultez notre site Web <a href=\"http:\/\/www.Idontflush.ca\">www.Idontflush.ca<\/a> (en anglais seulement) et nos cha\u00eenes de r\u00e9seaux sociaux.<\/p>\n<\/div>\n\n\n\n<div class=\"wp-block-column is-layout-flow wp-block-column-is-layout-flow\" style=\"flex-basis:38%\"><div id=\"sidebar-block-block_c8f0be3446bdaaeb37cc848f19b4dffc\" class=\"sidebar-block \">\n\t\t<div class=\"sidebar-item\">\n\t\t<div class=\"sidebar-title\">\n\t\t\t<h5>Suivez \u00ab I Don\u2019t Flush \u00bb sur les r\u00e9seaux sociaux<\/h5>\n\t\t<\/div>\n\t\t\t\t\t\t\t\t\t<div class=\"wysiwyg\">\n\t\t\t\t\t<h3><strong style=\"font-size: 16px;\">X: <\/strong><span style=\"font-size: 16px;\">@IDontFlushNews<\/span><\/h3>\n<div class=\"description\">\n<p><strong>Facebook<br \/>\n<\/strong><a href=\"https:\/\/www.facebook.com\/idontflush\">https:\/\/www.facebook.com\/idontflush<\/a><br \/>\n<strong>YouTube<br \/>\n<\/strong><a href=\"https:\/\/www.youtube.com\/user\/idontflushnews\">https:\/\/www.youtube.com\/user\/idontflushnews<\/a><\/p>\n<\/div>\n\t\t\t\t<\/div>\n\t\t\t\t\t\t<\/div>\n\n\t<\/div>\n\n<\/div>\n<\/div>\n\n\n\n<div class=\"wp-block-columns is-layout-flex wp-container-core-columns-is-layout-9d6595d7 wp-block-columns-is-layout-flex\">\n<div class=\"wp-block-column is-layout-flow wp-block-column-is-layout-flow\"><div id=\"video-block-block_963cb0bcadb1f2323ce6260f7c7377cc\" class=\"video-block \">\n    <div class=\"video-wrapper\" data-aos=\"fade-up\" data-aos-duration=\"1000\" data-aos-anchor-placement=\"center-bottom\">\n                <a href=\"#\" data-open=\"video-modal\" class=\"youtube-link-embed\" data-youtube-id=\"vgD7obhbbFc\">\n\n            <img decoding=\"async\" class=\"youtube-thumb\" src=\"\/\/i.ytimg.com\/vi\/vgD7obhbbFc\/hqdefault.jpg\">            <i class=\"icon icon-play\"><\/i>\n        <\/a>\n    <\/div>\n    \n\n<\/div>\n<div class=\"reveal\" id=\"video-modal\" data-reveal>\n    <button class=\"close-button\" data-close aria-label=\"Close modal\" type=\"button\">\n        <i class=\"icon icon-close\"><\/i>\n    <\/button>\n            <div class=\"responsive-embed widescreen\">\n            <iframe loading=\"lazy\" title=\"I don&#039;t flush (full version)\" width=\"640\" height=\"360\" src=\"https:\/\/www.youtube.com\/embed\/vgD7obhbbFc?feature=oembed\" frameborder=\"0\" allow=\"accelerometer; autoplay; clipboard-write; encrypted-media; gyroscope; picture-in-picture; web-share\" referrerpolicy=\"strict-origin-when-cross-origin\" allowfullscreen><\/iframe>        <\/div>\n    \n<\/div>\n<\/div>\n\n\n\n<div class=\"wp-block-column is-layout-flow wp-block-column-is-layout-flow\"><div id=\"video-block-block_a80b9769c8f6e929136ec66725c32c57\" class=\"video-block \">\n    <div class=\"video-wrapper\" data-aos=\"fade-up\" data-aos-duration=\"1000\" data-aos-anchor-placement=\"center-bottom\">\n                <a href=\"#\" data-open=\"video-modal\" class=\"youtube-link-embed\" data-youtube-id=\"HBQ87GzRQvc\">\n\n            <img decoding=\"async\" class=\"youtube-thumb\" src=\"\/\/i.ytimg.com\/vi\/HBQ87GzRQvc\/hqdefault.jpg\">            <i class=\"icon icon-play\"><\/i>\n        <\/a>\n    <\/div>\n    \n\n<\/div>\n<div class=\"reveal\" id=\"video-modal\" data-reveal>\n    <button class=\"close-button\" data-close aria-label=\"Close modal\" type=\"button\">\n        <i class=\"icon icon-close\"><\/i>\n    <\/button>\n            <div class=\"responsive-embed widescreen\">\n            <iframe loading=\"lazy\" title=\"I don&#039;t flush - personal care products (full version)\" width=\"640\" height=\"360\" src=\"https:\/\/www.youtube.com\/embed\/HBQ87GzRQvc?feature=oembed\" frameborder=\"0\" allow=\"accelerometer; autoplay; clipboard-write; encrypted-media; gyroscope; picture-in-picture; web-share\" referrerpolicy=\"strict-origin-when-cross-origin\" allowfullscreen><\/iframe>        <\/div>\n    \n<\/div>\n<\/div>\n<\/div>\n\n\n\n<div class=\"wp-block-columns is-layout-flex wp-container-core-columns-is-layout-9d6595d7 wp-block-columns-is-layout-flex\">\n<div class=\"wp-block-column is-layout-flow wp-block-column-is-layout-flow\"><div id=\"video-block-block_5947e6616064686558a004763323c967\" class=\"video-block \">\n    <div class=\"video-wrapper\" data-aos=\"fade-up\" data-aos-duration=\"1000\" data-aos-anchor-placement=\"center-bottom\">\n                <a href=\"#\" data-open=\"video-modal\" class=\"youtube-link-embed\" data-youtube-id=\"5HMdVuxQ-KU\">\n\n            <img decoding=\"async\" class=\"youtube-thumb\" src=\"\/\/i.ytimg.com\/vi\/5HMdVuxQ-KU\/hqdefault.jpg\">            <i class=\"icon icon-play\"><\/i>\n        <\/a>\n    <\/div>\n    \n\n<\/div>\n<div class=\"reveal\" id=\"video-modal\" data-reveal>\n    <button class=\"close-button\" data-close aria-label=\"Close modal\" type=\"button\">\n        <i class=\"icon icon-close\"><\/i>\n    <\/button>\n            <div class=\"responsive-embed widescreen\">\n            <iframe loading=\"lazy\" title=\"I don&#039;t flush - fats, oils and grease (full version)\" width=\"640\" height=\"360\" src=\"https:\/\/www.youtube.com\/embed\/5HMdVuxQ-KU?feature=oembed\" frameborder=\"0\" allow=\"accelerometer; autoplay; clipboard-write; encrypted-media; gyroscope; picture-in-picture; web-share\" referrerpolicy=\"strict-origin-when-cross-origin\" allowfullscreen><\/iframe>        <\/div>\n    \n<\/div>\n<\/div>\n\n\n\n<div class=\"wp-block-column is-layout-flow wp-block-column-is-layout-flow\"><div id=\"video-block-block_f56190c5207e0b418e931bcd3a00a593\" class=\"video-block \">\n    <div class=\"video-wrapper\" data-aos=\"fade-up\" data-aos-duration=\"1000\" data-aos-anchor-placement=\"center-bottom\">\n                <a href=\"#\" data-open=\"video-modal\" class=\"youtube-link-embed\" data-youtube-id=\"9SIgDpUKa2A\">\n\n            <img decoding=\"async\" class=\"youtube-thumb\" src=\"\/\/i.ytimg.com\/vi\/9SIgDpUKa2A\/hqdefault.jpg\">            <i class=\"icon icon-play\"><\/i>\n        <\/a>\n    <\/div>\n    \n\n<\/div>\n<div class=\"reveal\" id=\"video-modal\" data-reveal>\n    <button class=\"close-button\" data-close aria-label=\"Close modal\" type=\"button\">\n        <i class=\"icon icon-close\"><\/i>\n    <\/button>\n            <div class=\"responsive-embed widescreen\">\n            <iframe loading=\"lazy\" title=\"I don&#039;t flush - trash your bad habits, not your drain (full version)\" width=\"640\" height=\"360\" src=\"https:\/\/www.youtube.com\/embed\/9SIgDpUKa2A?feature=oembed\" frameborder=\"0\" allow=\"accelerometer; autoplay; clipboard-write; encrypted-media; gyroscope; picture-in-picture; web-share\" referrerpolicy=\"strict-origin-when-cross-origin\" allowfullscreen><\/iframe>        <\/div>\n    \n<\/div>\n<\/div>\n<\/div>\n\n\n<div id=\"contact-block-block_eb2ff76f8c791cc050985a8df78fb90a\" style=\"background:#ffffff\" class=\"contact-block alignfull \">\n\t<div class=\"block-wrapper\" data-aos=\"fade-up\" data-aos-duration=\"1000\" data-aos-anchor-placement=\"center-bottom\">\n\n\t\t<div class=\"block-details\">\n\t\t\t\t\t\t\t<h3>Pour nous contacter<\/h3>\n\t\t\t\t\t\t<div class=\"contact-content\">\n\t\t\t\t<div class=\"block-content\">\n\t\t\t\t\t\t\t\t\t\t\t<p><strong>Pour savoir comment votre municipalit\u00e9 peut participer \u00e0 la campagne \u00ab\u00a0I Don\u2019t Flush\u00a0\u00bb, contactez\u00a0:<\/strong><\/p>\n\t\t\t\t\t\t\t\t\t\t\t\t\t\t<\/div>\n\t\t\t\t<div class=\"contact-information\">\n\t\t\t\t\t\t\t\t\t\t\t<p><strong>Si\u00e8ge social<\/strong><\/p>\n<p>2085 Hurontario Street, Suite 500<br \/>\nMississauga ON L5A 4G1<br \/>\n<strong>T<\/strong>\u00a0905-491-4000 | 1-800-667-6292<br \/>\n<strong>E<\/strong>\u00a0<a href=\"mailto:ocwa@ocwa.com\">ocwa@ocwa.com<\/a><\/p>\n\t\t\t\t\t\t\t\t\t\t\t\t\t\t<\/div>\n\t\t\t<\/div>\n\t\t<\/div>\n\n\t\t<div class=\"image\">\n\t\t\t<img loading=\"lazy\" decoding=\"async\" width=\"768\" height=\"512\" src=\"https:\/\/www.ocwa.com\/wp-content\/uploads\/2023\/12\/Man-shaking-hands-shutterstock-small-719542471-768x512.jpg\" class=\"attachment-box-image size-box-image\" alt=\"\" srcset=\"https:\/\/www.ocwa.com\/wp-content\/uploads\/2023\/12\/Man-shaking-hands-shutterstock-small-719542471-768x512.jpg 768w, https:\/\/www.ocwa.com\/wp-content\/uploads\/2023\/12\/Man-shaking-hands-shutterstock-small-719542471-300x200.jpg 300w, https:\/\/www.ocwa.com\/wp-content\/uploads\/2023\/12\/Man-shaking-hands-shutterstock-small-719542471-400x267.jpg 400w, https:\/\/www.ocwa.com\/wp-content\/uploads\/2023\/12\/Man-shaking-hands-shutterstock-small-719542471.jpg 1000w\" sizes=\"auto, (max-width: 768px) 100vw, 768px\" \/>\t\t<\/div>\n\t<\/div>\n<\/div>\n\n\n\n<div id=\"info-boxes-block_8e05df93d83bc34b29e01417b0fb3184\" class=\"info-boxes alignfull \" style=\"background-color:#eaf9fc;\">\n\t\t\t<div class=\"info-boxes-wrapper\" data-equalizer data-equalize-on=\"medium\">\n\t\t\t\t\t\t\t<div class=\"info-box\" data-aos=\"fade-up\" data-aos-duration=\"1000\" data-aos-anchor-placement=\"center-bottom\">\n\t\t\t\t\t<div class=\"info-box-inner\" data-equalizer-watch>\n\t\t\t\t\t\t<h3>Programme de sensibilisation OneWater\u00ae de l\u2019AOE<\/h3>\n\t\t\t\t\t\t<div class=\"description\">\n\t\t\t\t\t\t\t<p>Le Programme de sensibilisation OneWater enseigne aux \u00e9l\u00e8ves la valeur de l\u2019eau et le fonctionnement des syst\u00e8mes de traitement de l\u2019eau et des eaux us\u00e9es dans leur collectivit\u00e9.<\/p>\n\t\t\t\t\t\t<\/div>\n\t\t\t\t\t<\/div>\n\t\t\t\t\t<a href=\"https:\/\/www.ocwa.com\/fr\/programme-de-sensibilisation-onewater-de-laoe\/\" class=\"button dark\">Informez-vous<\/a>\t\t\t\t<\/div>\n\t\t\t\t\t\t\t<div class=\"info-box\" data-aos=\"fade-up\" data-aos-duration=\"1000\" data-aos-anchor-placement=\"center-bottom\">\n\t\t\t\t\t<div class=\"info-box-inner\" data-equalizer-watch>\n\t\t\t\t\t\t<h3>Fontaines et stations mobiles de remplissage de bouteilles d\u2019eau du robinet de l\u2019AOE<\/h3>\n\t\t\t\t\t\t<div class=\"description\">\n\t\t\t\t\t\t\t<p>L\u2019AOE propose diverses stations mobiles de remplissage de bouteilles d\u2019eau qui conviennent \u00e0 des \u00e9v\u00e9nements locaux. Pourquoi boire de l\u2019eau embouteill\u00e9e si on peut avoir de l\u2019eau du robinet mobile?<\/p>\n\t\t\t\t\t\t<\/div>\n\t\t\t\t\t<\/div>\n\t\t\t\t\t<a href=\"https:\/\/www.ocwa.com\/fr\/fontaines-et-stations-mobiles-de-remplissage-de-bouteilles-deau-du-robinet-de-laoe\/\" class=\"button dark\">Informez-vous<\/a>\t\t\t\t<\/div>\n\t\t\t\t\t<\/div>\n\t<\/div>\n","protected":false},"excerpt":{"rendered":"<p>La campagne de sensibilisation \u00ab I Don\u2019t Flush \u00bb encourage le public \u00e0 se d\u00e9barrasser des articles de m\u00e9nage selon des m\u00e9thodes s\u00fbres au lieu de les jeter dans la toilette.<\/p>\n","protected":false},"author":1,"featured_media":2235,"parent":1891,"menu_order":0,"comment_status":"closed","ping_status":"closed","template":"page-details.php","meta":{"_acf_changed":false,"footnotes":""},"class_list":["post-1895","page","type-page","status-publish","has-post-thumbnail","hentry"],"acf":[],"yoast_head":"<!-- This site is optimized with the Yoast SEO plugin v27.4 - https:\/\/yoast.com\/product\/yoast-seo-wordpress\/ -->\n<title>I Don\u2019t Flush - OCWA<\/title>\n<meta name=\"robots\" content=\"index, follow, max-snippet:-1, max-image-preview:large, max-video-preview:-1\" \/>\n<link rel=\"canonical\" href=\"https:\/\/www.ocwa.com\/fr\/laoe-au-sein-de-la-collectivite\/i-dont-flush\/\" \/>\n<meta property=\"og:locale\" content=\"fr_FR\" \/>\n<meta property=\"og:type\" content=\"article\" \/>\n<meta property=\"og:title\" content=\"I Don\u2019t Flush - OCWA\" \/>\n<meta property=\"og:description\" content=\"La campagne de sensibilisation \u00ab I Don\u2019t Flush \u00bb encourage le public \u00e0 se d\u00e9barrasser des articles de m\u00e9nage selon des m\u00e9thodes s\u00fbres au lieu de les jeter dans la toilette.\" \/>\n<meta property=\"og:url\" content=\"https:\/\/www.ocwa.com\/fr\/laoe-au-sein-de-la-collectivite\/i-dont-flush\/\" \/>\n<meta property=\"og:site_name\" content=\"OCWA\" \/>\n<meta property=\"article:modified_time\" content=\"2024-02-27T19:20:13+00:00\" \/>\n<meta property=\"og:image\" content=\"https:\/\/www.ocwa.com\/wp-content\/uploads\/2024\/01\/I-Dont-Flush-3Ps-for-website_edited.jpg\" \/>\n\t<meta property=\"og:image:width\" content=\"1180\" \/>\n\t<meta property=\"og:image:height\" content=\"1024\" \/>\n\t<meta property=\"og:image:type\" content=\"image\/jpeg\" \/>\n<meta name=\"twitter:card\" content=\"summary_large_image\" \/>\n<meta name=\"twitter:label1\" content=\"Dur\u00e9e de lecture estim\u00e9e\" \/>\n\t<meta name=\"twitter:data1\" content=\"1 minute\" \/>\n<script type=\"application\/ld+json\" class=\"yoast-schema-graph\">{\"@context\":\"https:\\\/\\\/schema.org\",\"@graph\":[{\"@type\":\"WebPage\",\"@id\":\"https:\\\/\\\/www.ocwa.com\\\/fr\\\/laoe-au-sein-de-la-collectivite\\\/i-dont-flush\\\/\",\"url\":\"https:\\\/\\\/www.ocwa.com\\\/fr\\\/laoe-au-sein-de-la-collectivite\\\/i-dont-flush\\\/\",\"name\":\"I Don\u2019t Flush - OCWA\",\"isPartOf\":{\"@id\":\"https:\\\/\\\/www.ocwa.com\\\/fr\\\/#website\"},\"primaryImageOfPage\":{\"@id\":\"https:\\\/\\\/www.ocwa.com\\\/fr\\\/laoe-au-sein-de-la-collectivite\\\/i-dont-flush\\\/#primaryimage\"},\"image\":{\"@id\":\"https:\\\/\\\/www.ocwa.com\\\/fr\\\/laoe-au-sein-de-la-collectivite\\\/i-dont-flush\\\/#primaryimage\"},\"thumbnailUrl\":\"https:\\\/\\\/www.ocwa.com\\\/wp-content\\\/uploads\\\/2024\\\/01\\\/I-Dont-Flush-3Ps-for-website_edited.jpg\",\"datePublished\":\"2023-12-13T19:45:37+00:00\",\"dateModified\":\"2024-02-27T19:20:13+00:00\",\"breadcrumb\":{\"@id\":\"https:\\\/\\\/www.ocwa.com\\\/fr\\\/laoe-au-sein-de-la-collectivite\\\/i-dont-flush\\\/#breadcrumb\"},\"inLanguage\":\"fr-FR\",\"potentialAction\":[{\"@type\":\"ReadAction\",\"target\":[\"https:\\\/\\\/www.ocwa.com\\\/fr\\\/laoe-au-sein-de-la-collectivite\\\/i-dont-flush\\\/\"]}]},{\"@type\":\"ImageObject\",\"inLanguage\":\"fr-FR\",\"@id\":\"https:\\\/\\\/www.ocwa.com\\\/fr\\\/laoe-au-sein-de-la-collectivite\\\/i-dont-flush\\\/#primaryimage\",\"url\":\"https:\\\/\\\/www.ocwa.com\\\/wp-content\\\/uploads\\\/2024\\\/01\\\/I-Dont-Flush-3Ps-for-website_edited.jpg\",\"contentUrl\":\"https:\\\/\\\/www.ocwa.com\\\/wp-content\\\/uploads\\\/2024\\\/01\\\/I-Dont-Flush-3Ps-for-website_edited.jpg\",\"width\":1180,\"height\":1024,\"caption\":\"Example Caption\"},{\"@type\":\"BreadcrumbList\",\"@id\":\"https:\\\/\\\/www.ocwa.com\\\/fr\\\/laoe-au-sein-de-la-collectivite\\\/i-dont-flush\\\/#breadcrumb\",\"itemListElement\":[{\"@type\":\"ListItem\",\"position\":1,\"name\":\"Home\",\"item\":\"https:\\\/\\\/www.ocwa.com\\\/fr\\\/\"},{\"@type\":\"ListItem\",\"position\":2,\"name\":\"L\u2019AOE au sein de la collectivit\u00e9\",\"item\":\"https:\\\/\\\/www.ocwa.com\\\/fr\\\/laoe-au-sein-de-la-collectivite\\\/\"},{\"@type\":\"ListItem\",\"position\":3,\"name\":\"I Don\u2019t Flush\"}]},{\"@type\":\"WebSite\",\"@id\":\"https:\\\/\\\/www.ocwa.com\\\/fr\\\/#website\",\"url\":\"https:\\\/\\\/www.ocwa.com\\\/fr\\\/\",\"name\":\"OCWA\",\"description\":\"Just another WordPress site\",\"potentialAction\":[{\"@type\":\"SearchAction\",\"target\":{\"@type\":\"EntryPoint\",\"urlTemplate\":\"https:\\\/\\\/www.ocwa.com\\\/fr\\\/?s={search_term_string}\"},\"query-input\":{\"@type\":\"PropertyValueSpecification\",\"valueRequired\":true,\"valueName\":\"search_term_string\"}}],\"inLanguage\":\"fr-FR\"}]}<\/script>\n<!-- \/ Yoast SEO plugin. -->","yoast_head_json":{"title":"I Don\u2019t Flush - OCWA","robots":{"index":"index","follow":"follow","max-snippet":"max-snippet:-1","max-image-preview":"max-image-preview:large","max-video-preview":"max-video-preview:-1"},"canonical":"https:\/\/www.ocwa.com\/fr\/laoe-au-sein-de-la-collectivite\/i-dont-flush\/","og_locale":"fr_FR","og_type":"article","og_title":"I Don\u2019t Flush - OCWA","og_description":"La campagne de sensibilisation \u00ab I Don\u2019t Flush \u00bb encourage le public \u00e0 se d\u00e9barrasser des articles de m\u00e9nage selon des m\u00e9thodes s\u00fbres au lieu de les jeter dans la toilette.","og_url":"https:\/\/www.ocwa.com\/fr\/laoe-au-sein-de-la-collectivite\/i-dont-flush\/","og_site_name":"OCWA","article_modified_time":"2024-02-27T19:20:13+00:00","og_image":[{"width":1180,"height":1024,"url":"https:\/\/www.ocwa.com\/wp-content\/uploads\/2024\/01\/I-Dont-Flush-3Ps-for-website_edited.jpg","type":"image\/jpeg"}],"twitter_card":"summary_large_image","twitter_misc":{"Dur\u00e9e de lecture estim\u00e9e":"1 minute"},"schema":{"@context":"https:\/\/schema.org","@graph":[{"@type":"WebPage","@id":"https:\/\/www.ocwa.com\/fr\/laoe-au-sein-de-la-collectivite\/i-dont-flush\/","url":"https:\/\/www.ocwa.com\/fr\/laoe-au-sein-de-la-collectivite\/i-dont-flush\/","name":"I Don\u2019t Flush - OCWA","isPartOf":{"@id":"https:\/\/www.ocwa.com\/fr\/#website"},"primaryImageOfPage":{"@id":"https:\/\/www.ocwa.com\/fr\/laoe-au-sein-de-la-collectivite\/i-dont-flush\/#primaryimage"},"image":{"@id":"https:\/\/www.ocwa.com\/fr\/laoe-au-sein-de-la-collectivite\/i-dont-flush\/#primaryimage"},"thumbnailUrl":"https:\/\/www.ocwa.com\/wp-content\/uploads\/2024\/01\/I-Dont-Flush-3Ps-for-website_edited.jpg","datePublished":"2023-12-13T19:45:37+00:00","dateModified":"2024-02-27T19:20:13+00:00","breadcrumb":{"@id":"https:\/\/www.ocwa.com\/fr\/laoe-au-sein-de-la-collectivite\/i-dont-flush\/#breadcrumb"},"inLanguage":"fr-FR","potentialAction":[{"@type":"ReadAction","target":["https:\/\/www.ocwa.com\/fr\/laoe-au-sein-de-la-collectivite\/i-dont-flush\/"]}]},{"@type":"ImageObject","inLanguage":"fr-FR","@id":"https:\/\/www.ocwa.com\/fr\/laoe-au-sein-de-la-collectivite\/i-dont-flush\/#primaryimage","url":"https:\/\/www.ocwa.com\/wp-content\/uploads\/2024\/01\/I-Dont-Flush-3Ps-for-website_edited.jpg","contentUrl":"https:\/\/www.ocwa.com\/wp-content\/uploads\/2024\/01\/I-Dont-Flush-3Ps-for-website_edited.jpg","width":1180,"height":1024,"caption":"Example Caption"},{"@type":"BreadcrumbList","@id":"https:\/\/www.ocwa.com\/fr\/laoe-au-sein-de-la-collectivite\/i-dont-flush\/#breadcrumb","itemListElement":[{"@type":"ListItem","position":1,"name":"Home","item":"https:\/\/www.ocwa.com\/fr\/"},{"@type":"ListItem","position":2,"name":"L\u2019AOE au sein de la collectivit\u00e9","item":"https:\/\/www.ocwa.com\/fr\/laoe-au-sein-de-la-collectivite\/"},{"@type":"ListItem","position":3,"name":"I Don\u2019t Flush"}]},{"@type":"WebSite","@id":"https:\/\/www.ocwa.com\/fr\/#website","url":"https:\/\/www.ocwa.com\/fr\/","name":"OCWA","description":"Just another WordPress site","potentialAction":[{"@type":"SearchAction","target":{"@type":"EntryPoint","urlTemplate":"https:\/\/www.ocwa.com\/fr\/?s={search_term_string}"},"query-input":{"@type":"PropertyValueSpecification","valueRequired":true,"valueName":"search_term_string"}}],"inLanguage":"fr-FR"}]}},"_links":{"self":[{"href":"https:\/\/www.ocwa.com\/fr\/wp-json\/wp\/v2\/pages\/1895","targetHints":{"allow":["GET"]}}],"collection":[{"href":"https:\/\/www.ocwa.com\/fr\/wp-json\/wp\/v2\/pages"}],"about":[{"href":"https:\/\/www.ocwa.com\/fr\/wp-json\/wp\/v2\/types\/page"}],"author":[{"embeddable":true,"href":"https:\/\/www.ocwa.com\/fr\/wp-json\/wp\/v2\/users\/1"}],"replies":[{"embeddable":true,"href":"https:\/\/www.ocwa.com\/fr\/wp-json\/wp\/v2\/comments?post=1895"}],"version-history":[{"count":15,"href":"https:\/\/www.ocwa.com\/fr\/wp-json\/wp\/v2\/pages\/1895\/revisions"}],"predecessor-version":[{"id":2946,"href":"https:\/\/www.ocwa.com\/fr\/wp-json\/wp\/v2\/pages\/1895\/revisions\/2946"}],"up":[{"embeddable":true,"href":"https:\/\/www.ocwa.com\/fr\/wp-json\/wp\/v2\/pages\/1891"}],"wp:featuredmedia":[{"embeddable":true,"href":"https:\/\/www.ocwa.com\/fr\/wp-json\/wp\/v2\/media\/2235"}],"wp:attachment":[{"href":"https:\/\/www.ocwa.com\/fr\/wp-json\/wp\/v2\/media?parent=1895"}],"curies":[{"name":"wp","href":"https:\/\/api.w.org\/{rel}","templated":true}]}}