{"id":1891,"date":"2023-12-13T15:39:11","date_gmt":"2023-12-13T20:39:11","guid":{"rendered":"https:\/\/www.ocwa.com\/community-overview\/"},"modified":"2024-02-14T11:36:57","modified_gmt":"2024-02-14T16:36:57","slug":"laoe-au-sein-de-la-collectivite","status":"publish","type":"page","link":"https:\/\/www.ocwa.com\/fr\/laoe-au-sein-de-la-collectivite\/","title":{"rendered":"L\u2019AOE au sein de la collectivit\u00e9"},"content":{"rendered":"<div id=\"page-banner-block_13294906643b652747c828f4abde2061\" class=\"page-banner alignfull \">\n\t<div class=\"block-inner\">\n\t\t\t\t\t<div class=\"block-image\">\n\t\t\t\t<img loading=\"lazy\" decoding=\"async\" width=\"768\" height=\"511\" src=\"https:\/\/www.ocwa.com\/wp-content\/uploads\/2024\/01\/Great_Canadian_Shoreline_Cleanup2-768x511.jpg\" class=\"attachment-box-image size-box-image\" alt=\"Groupe d\u2019employ\u00e9s de l\u2019AOE dehors, les sacs \u00e0 ordures remplis pendant le nettoyage d\u2019une berge.\" srcset=\"https:\/\/www.ocwa.com\/wp-content\/uploads\/2024\/01\/Great_Canadian_Shoreline_Cleanup2-768x511.jpg 768w, https:\/\/www.ocwa.com\/wp-content\/uploads\/2024\/01\/Great_Canadian_Shoreline_Cleanup2-300x200.jpg 300w, https:\/\/www.ocwa.com\/wp-content\/uploads\/2024\/01\/Great_Canadian_Shoreline_Cleanup2-1024x681.jpg 1024w, https:\/\/www.ocwa.com\/wp-content\/uploads\/2024\/01\/Great_Canadian_Shoreline_Cleanup2-1536x1022.jpg 1536w, https:\/\/www.ocwa.com\/wp-content\/uploads\/2024\/01\/Great_Canadian_Shoreline_Cleanup2-2048x1363.jpg 2048w, https:\/\/www.ocwa.com\/wp-content\/uploads\/2024\/01\/Great_Canadian_Shoreline_Cleanup2-2000x1331.jpg 2000w, https:\/\/www.ocwa.com\/wp-content\/uploads\/2024\/01\/Great_Canadian_Shoreline_Cleanup2-400x266.jpg 400w\" sizes=\"auto, (max-width: 768px) 100vw, 768px\" \/>\t\t\t<\/div>\n\t\t\t\t\t\t\t<div class=\"breadcrumbs-wrapper show-for-small-only\">\n\t\t\t\t<div class=\"breadcrumbs\">\n\t\t\t\t\t<span><span><a href=\"https:\/\/www.ocwa.com\/fr\/\">Home<\/a><\/span><\/span>\t\t\t\t<\/div>\n\t\t\t<\/div>\n\t\t\t\t<div class=\"block-intro-content\">\n\t\t\t<div class=\"block-text\">\n\t\t\t\t<h1 class=\"with-wave\">L\u2019AOE au sein de la collectivit\u00e9 <\/h1>\n\t\t\t\t\t\t\t\t\t<div class=\"block-description\">\n\t\t\t\t\t\t<h6>\u00c0 l\u2019AOE, nous travaillons en partenariat avec nos clients pour fournir de l\u2019eau propre et salubre ainsi que des solutions durables en mati\u00e8re d\u2019eau aux collectivit\u00e9s de l\u2019Ontario. Notre engagement envers nos partenaires va bien plus loin que des usines et des canalisations.<\/h6>\n\t\t\t\t\t<\/div>\n\t\t\t\t\t\t\t<\/div>\n\t\t<\/div>\n\t<\/div>\n\t\t<div class=\"breadcrumbs-wrapper hide-for-small-only\">\n\t\t<div class=\"breadcrumbs\">\n\t\t\t<span><span><a href=\"https:\/\/www.ocwa.com\/fr\/\">Home<\/a><\/span><\/span>\t\t<\/div>\n\t<\/div>\n\t<\/div>\n\n\n<div id=\"landing-content-block_6cce106d409bfac78c13c79a1e28e260\" class=\"landing-content alignfull \">\n\t<div class=\"block-inner\">\n\t\t\t\t\t<div class=\"items\">\n\t\t\t\t\t\t\t\t\t<a href=\"https:\/\/www.ocwa.com\/fr\/laoe-au-sein-de-la-collectivite\/programme-de-sensibilisation-onewater-de-laoe\/\" class=\"flip-card\" data-aos=\"fade-up\" data-aos-duration=\"1000\" data-aos-anchor-placement=\"center-bottom\">\n\t\t\t\t\t\t<div class=\"flip-card-inner\">\n\t\t\t\t\t\t\t<div class=\"flip-card-front\">\n\t\t\t\t\t\t\t\t<div class=\"item-image\">\n\t\t\t\t\t\t\t\t\t<img loading=\"lazy\" decoding=\"async\" width=\"2560\" height=\"1700\" src=\"https:\/\/www.ocwa.com\/wp-content\/uploads\/2024\/01\/Rasheed-OneWater-in-Peel-scaled.jpg\" class=\"attachment-post-thumbnail size-post-thumbnail wp-post-image\" alt=\"Exploitant de l\u2019AOE en tenue de protection qui r\u00e9alise une exp\u00e9rience avec des \u00e9tudiantes dans une salle de classe.\" srcset=\"https:\/\/www.ocwa.com\/wp-content\/uploads\/2024\/01\/Rasheed-OneWater-in-Peel-scaled.jpg 2560w, https:\/\/www.ocwa.com\/wp-content\/uploads\/2024\/01\/Rasheed-OneWater-in-Peel-300x199.jpg 300w, https:\/\/www.ocwa.com\/wp-content\/uploads\/2024\/01\/Rasheed-OneWater-in-Peel-1024x680.jpg 1024w, https:\/\/www.ocwa.com\/wp-content\/uploads\/2024\/01\/Rasheed-OneWater-in-Peel-768x510.jpg 768w, https:\/\/www.ocwa.com\/wp-content\/uploads\/2024\/01\/Rasheed-OneWater-in-Peel-1536x1020.jpg 1536w, https:\/\/www.ocwa.com\/wp-content\/uploads\/2024\/01\/Rasheed-OneWater-in-Peel-2048x1360.jpg 2048w, https:\/\/www.ocwa.com\/wp-content\/uploads\/2024\/01\/Rasheed-OneWater-in-Peel-2000x1328.jpg 2000w, https:\/\/www.ocwa.com\/wp-content\/uploads\/2024\/01\/Rasheed-OneWater-in-Peel-400x266.jpg 400w\" sizes=\"auto, (max-width: 2560px) 100vw, 2560px\" \/>\t\t\t\t\t\t\t\t<\/div>\n\t\t\t\t\t\t\t\t<div class=\"item-title\">\n\t\t\t\t\t\t\t\t\t<h4>Programme de sensibilisation OneWater\u00ae de l\u2019AOE<\/h4>\n\t\t\t\t\t\t\t\t\t<span><i class=\"icon icon-plus\"><\/i><\/span>\n\t\t\t\t\t\t\t\t<\/div>\n\n\t\t\t\t\t\t\t<\/div>\n\t\t\t\t\t\t\t<div class=\"flip-card-back\">\n\t\t\t\t\t\t\t\t<div class=\"item-title\">\n\t\t\t\t\t\t\t\t\t<h4>Programme de sensibilisation OneWater\u00ae de l\u2019AOE<\/h4>\n\t\t\t\t\t\t\t\t<\/div>\n\t\t\t\t\t\t\t\t<div class=\"item-description\">\n\t\t\t\t\t\t\t\t\t<p>Le Programme de sensibilisation OneWater enseigne aux \u00e9l\u00e8ves la valeur de l\u2019eau et le fonctionnement des syst\u00e8mes de traitement de l\u2019eau et des eaux us\u00e9es dans leur collectivit\u00e9. <\/p>\n\t\t\t\t\t\t\t\t<\/div>\n\t\t\t\t\t\t\t\t<span><strong>Informez-vous<\/strong><i class=\"icon icon-plus\"><\/i><\/span>\n\t\t\t\t\t\t\t<\/div>\n\t\t\t\t\t\t<\/div>\n\t\t\t\t\t<\/a>\n\t\t\t\t\t\t\t\t\t<a href=\"https:\/\/www.ocwa.com\/fr\/laoe-au-sein-de-la-collectivite\/fontaines-et-stations-mobiles-de-remplissage-de-bouteilles-deau-du-robinet-de-laoe\/\" class=\"flip-card\" data-aos=\"fade-up\" data-aos-duration=\"1000\" data-aos-anchor-placement=\"center-bottom\">\n\t\t\t\t\t\t<div class=\"flip-card-inner\">\n\t\t\t\t\t\t\t<div class=\"flip-card-front\">\n\t\t\t\t\t\t\t\t<div class=\"item-image\">\n\t\t\t\t\t\t\t\t\t<img loading=\"lazy\" decoding=\"async\" width=\"2560\" height=\"1920\" src=\"https:\/\/www.ocwa.com\/wp-content\/uploads\/2023\/12\/Grandmother-Lorraine_high-res-scaled-e1703093431205.jpg\" class=\"attachment-post-thumbnail size-post-thumbnail wp-post-image\" alt=\"Femme qui remplit sa bouteille d\u2019eau \u00e0 une unit\u00e9 mobile de l\u2019AOE.\" \/>\t\t\t\t\t\t\t\t<\/div>\n\t\t\t\t\t\t\t\t<div class=\"item-title\">\n\t\t\t\t\t\t\t\t\t<h4>Fontaines et stations mobiles de remplissage de bouteilles d\u2019eau du robinet de l\u2019AOE<\/h4>\n\t\t\t\t\t\t\t\t\t<span><i class=\"icon icon-plus\"><\/i><\/span>\n\t\t\t\t\t\t\t\t<\/div>\n\n\t\t\t\t\t\t\t<\/div>\n\t\t\t\t\t\t\t<div class=\"flip-card-back\">\n\t\t\t\t\t\t\t\t<div class=\"item-title\">\n\t\t\t\t\t\t\t\t\t<h4>Fontaines et stations mobiles de remplissage de bouteilles d\u2019eau du robinet de l\u2019AOE<\/h4>\n\t\t\t\t\t\t\t\t<\/div>\n\t\t\t\t\t\t\t\t<div class=\"item-description\">\n\t\t\t\t\t\t\t\t\t<p>L\u2019AOE propose diverses stations mobiles de remplissage de bouteilles d\u2019eau qui conviennent \u00e0 des \u00e9v\u00e9nements locaux. Pourquoi boire de l\u2019eau embouteill\u00e9e si on peut avoir de l\u2019eau du robinet mobile?<\/p>\n\t\t\t\t\t\t\t\t<\/div>\n\t\t\t\t\t\t\t\t<span><strong>Informez-vous<\/strong><i class=\"icon icon-plus\"><\/i><\/span>\n\t\t\t\t\t\t\t<\/div>\n\t\t\t\t\t\t<\/div>\n\t\t\t\t\t<\/a>\n\t\t\t\t\t\t\t\t\t<a href=\"https:\/\/www.ocwa.com\/fr\/laoe-au-sein-de-la-collectivite\/aider-les-collectivites\/\" class=\"flip-card\" data-aos=\"fade-up\" data-aos-duration=\"1000\" data-aos-anchor-placement=\"center-bottom\">\n\t\t\t\t\t\t<div class=\"flip-card-inner\">\n\t\t\t\t\t\t\t<div class=\"flip-card-front\">\n\t\t\t\t\t\t\t\t<div class=\"item-image\">\n\t\t\t\t\t\t\t\t\t<img loading=\"lazy\" decoding=\"async\" width=\"2000\" height=\"1500\" src=\"https:\/\/www.ocwa.com\/wp-content\/uploads\/2024\/01\/FIRST-CHOICE-Food-Bank-Flows-121319.jpg\" class=\"attachment-post-thumbnail size-post-thumbnail wp-post-image\" alt=\"Quatre employ\u00e9s de l\u2019AOE, dont l\u2019une portant son \u00e9quipement de protection, se tiennent debout derri\u00e8re une table contenant des dons d\u2019aliments.\" srcset=\"https:\/\/www.ocwa.com\/wp-content\/uploads\/2024\/01\/FIRST-CHOICE-Food-Bank-Flows-121319.jpg 2000w, https:\/\/www.ocwa.com\/wp-content\/uploads\/2024\/01\/FIRST-CHOICE-Food-Bank-Flows-121319-300x225.jpg 300w, https:\/\/www.ocwa.com\/wp-content\/uploads\/2024\/01\/FIRST-CHOICE-Food-Bank-Flows-121319-1024x768.jpg 1024w, https:\/\/www.ocwa.com\/wp-content\/uploads\/2024\/01\/FIRST-CHOICE-Food-Bank-Flows-121319-768x576.jpg 768w, https:\/\/www.ocwa.com\/wp-content\/uploads\/2024\/01\/FIRST-CHOICE-Food-Bank-Flows-121319-1536x1152.jpg 1536w, https:\/\/www.ocwa.com\/wp-content\/uploads\/2024\/01\/FIRST-CHOICE-Food-Bank-Flows-121319-400x300.jpg 400w\" sizes=\"auto, (max-width: 2000px) 100vw, 2000px\" \/>\t\t\t\t\t\t\t\t<\/div>\n\t\t\t\t\t\t\t\t<div class=\"item-title\">\n\t\t\t\t\t\t\t\t\t<h4>Aider les collectivit\u00e9s<\/h4>\n\t\t\t\t\t\t\t\t\t<span><i class=\"icon icon-plus\"><\/i><\/span>\n\t\t\t\t\t\t\t\t<\/div>\n\n\t\t\t\t\t\t\t<\/div>\n\t\t\t\t\t\t\t<div class=\"flip-card-back\">\n\t\t\t\t\t\t\t\t<div class=\"item-title\">\n\t\t\t\t\t\t\t\t\t<h4>Aider les collectivit\u00e9s<\/h4>\n\t\t\t\t\t\t\t\t<\/div>\n\t\t\t\t\t\t\t\t<div class=\"item-description\">\n\t\t\t\t\t\t\t\t\t<p>Les employ\u00e9s de l\u2019AOE vivent et travaillent dans leurs collectivit\u00e9s. Ils choisissent de participer aux initiatives et \u00e9v\u00e9nements locaux, comme le nettoyage du rivage, les visites d\u2019installations locales et la pr\u00e9sence aux festivals de l\u2019eau. <\/p>\n\t\t\t\t\t\t\t\t<\/div>\n\t\t\t\t\t\t\t\t<span><strong>Informez-vous<\/strong><i class=\"icon icon-plus\"><\/i><\/span>\n\t\t\t\t\t\t\t<\/div>\n\t\t\t\t\t\t<\/div>\n\t\t\t\t\t<\/a>\n\t\t\t\t\t\t\t\t\t<a href=\"https:\/\/www.ocwa.com\/fr\/laoe-au-sein-de-la-collectivite\/i-dont-flush\/\" class=\"flip-card\" data-aos=\"fade-up\" data-aos-duration=\"1000\" data-aos-anchor-placement=\"center-bottom\">\n\t\t\t\t\t\t<div class=\"flip-card-inner\">\n\t\t\t\t\t\t\t<div class=\"flip-card-front\">\n\t\t\t\t\t\t\t\t<div class=\"item-image\">\n\t\t\t\t\t\t\t\t\t<img loading=\"lazy\" decoding=\"async\" width=\"1180\" height=\"1024\" src=\"https:\/\/www.ocwa.com\/wp-content\/uploads\/2024\/01\/I-Dont-Flush-3Ps-for-website_edited.jpg\" class=\"attachment-post-thumbnail size-post-thumbnail wp-post-image\" alt=\"Trois mains dans les airs. La premi\u00e8re montre l\u2019index, la seconde l\u2019index et le majeur et la troisi\u00e8me tient un rouleau de papier hygi\u00e9nique\" srcset=\"https:\/\/www.ocwa.com\/wp-content\/uploads\/2024\/01\/I-Dont-Flush-3Ps-for-website_edited.jpg 1180w, https:\/\/www.ocwa.com\/wp-content\/uploads\/2024\/01\/I-Dont-Flush-3Ps-for-website_edited-300x260.jpg 300w, https:\/\/www.ocwa.com\/wp-content\/uploads\/2024\/01\/I-Dont-Flush-3Ps-for-website_edited-1024x889.jpg 1024w, https:\/\/www.ocwa.com\/wp-content\/uploads\/2024\/01\/I-Dont-Flush-3Ps-for-website_edited-768x666.jpg 768w, https:\/\/www.ocwa.com\/wp-content\/uploads\/2024\/01\/I-Dont-Flush-3Ps-for-website_edited-400x347.jpg 400w\" sizes=\"auto, (max-width: 1180px) 100vw, 1180px\" \/>\t\t\t\t\t\t\t\t<\/div>\n\t\t\t\t\t\t\t\t<div class=\"item-title\">\n\t\t\t\t\t\t\t\t\t<h4>I Don\u2019t Flush<\/h4>\n\t\t\t\t\t\t\t\t\t<span><i class=\"icon icon-plus\"><\/i><\/span>\n\t\t\t\t\t\t\t\t<\/div>\n\n\t\t\t\t\t\t\t<\/div>\n\t\t\t\t\t\t\t<div class=\"flip-card-back\">\n\t\t\t\t\t\t\t\t<div class=\"item-title\">\n\t\t\t\t\t\t\t\t\t<h4>I Don\u2019t Flush<\/h4>\n\t\t\t\t\t\t\t\t<\/div>\n\t\t\t\t\t\t\t\t<div class=\"item-description\">\n\t\t\t\t\t\t\t\t\t<p>La campagne de sensibilisation \u00ab I Don\u2019t Flush \u00bb encourage le public \u00e0 se d\u00e9barrasser des articles de m\u00e9nage selon des m\u00e9thodes s\u00fbres au lieu de les jeter dans la toilette.<\/p>\n\t\t\t\t\t\t\t\t<\/div>\n\t\t\t\t\t\t\t\t<span><strong>Informez-vous<\/strong><i class=\"icon icon-plus\"><\/i><\/span>\n\t\t\t\t\t\t\t<\/div>\n\t\t\t\t\t\t<\/div>\n\t\t\t\t\t<\/a>\n\t\t\t\t\t\t\t<\/div>\n\t\t\t\t\t<\/div>\n<\/div>\n\n\n\n<div id=\"info-boxes-block_183cb950429483a7251bbf251d997ffa\" class=\"info-boxes alignfull \" style=\"background-color:#EAF9FC;\">\n\t\t\t<div class=\"info-boxes-wrapper\" data-equalizer data-equalize-on=\"medium\">\n\t\t\t\t\t\t\t<div class=\"info-box\" data-aos=\"fade-up\" data-aos-duration=\"1000\" data-aos-anchor-placement=\"center-bottom\">\n\t\t\t\t\t<div class=\"info-box-inner\" data-equalizer-watch>\n\t\t\t\t\t\t<h3>Parlons d\u2019eau!<\/h3>\n\t\t\t\t\t\t<div class=\"description\">\n\t\t\t\t\t\t\t<p>D\u00e9couvrez comment nous pouvons vous aider \u00e0 g\u00e9rer vos r\u00e9seaux d\u2019eau potable et d\u2019eaux us\u00e9es<\/p>\n\t\t\t\t\t\t<\/div>\n\t\t\t\t\t<\/div>\n\t\t\t\t\t<a href=\"https:\/\/www.ocwa.com\/fr\/services-overview\/\" class=\"button dark\">Services de l\u2019AOE<\/a>\t\t\t\t<\/div>\n\t\t\t\t\t\t\t<div class=\"info-box\" data-aos=\"fade-up\" data-aos-duration=\"1000\" data-aos-anchor-placement=\"center-bottom\">\n\t\t\t\t\t<div class=\"info-box-inner\" data-equalizer-watch>\n\t\t\t\t\t\t<h3>Joignez-vous \u00e0 l\u2019\u00e9quipe de l\u2019AOE!<\/h3>\n\t\t\t\t\t\t<div class=\"description\">\n\t\t\t\t\t\t\t<p>Il y a plusieurs postes vacants dans la province. Consultez nos offres d\u2019emploi maintenant<\/p>\n\t\t\t\t\t\t<\/div>\n\t\t\t\t\t<\/div>\n\t\t\t\t\t<a href=\"https:\/\/www.ocwa.com\/fr\/possibilites-demploi\/\" class=\"button dark\">Postulez maintenant<\/a>\t\t\t\t<\/div>\n\t\t\t\t\t<\/div>\n\t<\/div>\n","protected":false},"excerpt":{"rendered":"","protected":false},"author":1,"featured_media":1336,"parent":0,"menu_order":0,"comment_status":"closed","ping_status":"closed","template":"page-landing.php","meta":{"_acf_changed":false,"footnotes":""},"class_list":["post-1891","page","type-page","status-publish","has-post-thumbnail","hentry"],"acf":[],"yoast_head":"<!-- This site is optimized with the Yoast SEO plugin v27.4 - https:\/\/yoast.com\/product\/yoast-seo-wordpress\/ -->\n<title>L\u2019AOE au sein de la collectivit\u00e9 - OCWA<\/title>\n<meta name=\"robots\" content=\"index, follow, max-snippet:-1, max-image-preview:large, max-video-preview:-1\" \/>\n<link rel=\"canonical\" href=\"https:\/\/www.ocwa.com\/fr\/laoe-au-sein-de-la-collectivite\/\" \/>\n<meta property=\"og:locale\" content=\"fr_FR\" \/>\n<meta property=\"og:type\" content=\"article\" \/>\n<meta property=\"og:title\" content=\"L\u2019AOE au sein de la collectivit\u00e9 - OCWA\" \/>\n<meta property=\"og:url\" content=\"https:\/\/www.ocwa.com\/fr\/laoe-au-sein-de-la-collectivite\/\" \/>\n<meta property=\"og:site_name\" content=\"OCWA\" \/>\n<meta property=\"article:modified_time\" content=\"2024-02-14T16:36:57+00:00\" \/>\n<meta property=\"og:image\" content=\"https:\/\/www.ocwa.com\/wp-content\/uploads\/2023\/12\/shore-cleanup-scaled.jpg\" \/>\n\t<meta property=\"og:image:width\" content=\"2560\" \/>\n\t<meta property=\"og:image:height\" content=\"1920\" \/>\n\t<meta property=\"og:image:type\" content=\"image\/jpeg\" \/>\n<meta name=\"twitter:card\" content=\"summary_large_image\" \/>\n<script type=\"application\/ld+json\" class=\"yoast-schema-graph\">{\"@context\":\"https:\\\/\\\/schema.org\",\"@graph\":[{\"@type\":\"WebPage\",\"@id\":\"https:\\\/\\\/www.ocwa.com\\\/fr\\\/laoe-au-sein-de-la-collectivite\\\/\",\"url\":\"https:\\\/\\\/www.ocwa.com\\\/fr\\\/laoe-au-sein-de-la-collectivite\\\/\",\"name\":\"L\u2019AOE au sein de la collectivit\u00e9 - OCWA\",\"isPartOf\":{\"@id\":\"https:\\\/\\\/www.ocwa.com\\\/fr\\\/#website\"},\"primaryImageOfPage\":{\"@id\":\"https:\\\/\\\/www.ocwa.com\\\/fr\\\/laoe-au-sein-de-la-collectivite\\\/#primaryimage\"},\"image\":{\"@id\":\"https:\\\/\\\/www.ocwa.com\\\/fr\\\/laoe-au-sein-de-la-collectivite\\\/#primaryimage\"},\"thumbnailUrl\":\"https:\\\/\\\/www.ocwa.com\\\/wp-content\\\/uploads\\\/2023\\\/12\\\/shore-cleanup-scaled.jpg\",\"datePublished\":\"2023-12-13T20:39:11+00:00\",\"dateModified\":\"2024-02-14T16:36:57+00:00\",\"breadcrumb\":{\"@id\":\"https:\\\/\\\/www.ocwa.com\\\/fr\\\/laoe-au-sein-de-la-collectivite\\\/#breadcrumb\"},\"inLanguage\":\"fr-FR\",\"potentialAction\":[{\"@type\":\"ReadAction\",\"target\":[\"https:\\\/\\\/www.ocwa.com\\\/fr\\\/laoe-au-sein-de-la-collectivite\\\/\"]}]},{\"@type\":\"ImageObject\",\"inLanguage\":\"fr-FR\",\"@id\":\"https:\\\/\\\/www.ocwa.com\\\/fr\\\/laoe-au-sein-de-la-collectivite\\\/#primaryimage\",\"url\":\"https:\\\/\\\/www.ocwa.com\\\/wp-content\\\/uploads\\\/2023\\\/12\\\/shore-cleanup-scaled.jpg\",\"contentUrl\":\"https:\\\/\\\/www.ocwa.com\\\/wp-content\\\/uploads\\\/2023\\\/12\\\/shore-cleanup-scaled.jpg\",\"width\":2560,\"height\":1920,\"caption\":\"Group of people with a few dogs posing for a photo during a shore clean up\"},{\"@type\":\"BreadcrumbList\",\"@id\":\"https:\\\/\\\/www.ocwa.com\\\/fr\\\/laoe-au-sein-de-la-collectivite\\\/#breadcrumb\",\"itemListElement\":[{\"@type\":\"ListItem\",\"position\":1,\"name\":\"Home\",\"item\":\"https:\\\/\\\/www.ocwa.com\\\/fr\\\/\"},{\"@type\":\"ListItem\",\"position\":2,\"name\":\"L\u2019AOE au sein de la collectivit\u00e9\"}]},{\"@type\":\"WebSite\",\"@id\":\"https:\\\/\\\/www.ocwa.com\\\/fr\\\/#website\",\"url\":\"https:\\\/\\\/www.ocwa.com\\\/fr\\\/\",\"name\":\"OCWA\",\"description\":\"Just another WordPress site\",\"potentialAction\":[{\"@type\":\"SearchAction\",\"target\":{\"@type\":\"EntryPoint\",\"urlTemplate\":\"https:\\\/\\\/www.ocwa.com\\\/fr\\\/?s={search_term_string}\"},\"query-input\":{\"@type\":\"PropertyValueSpecification\",\"valueRequired\":true,\"valueName\":\"search_term_string\"}}],\"inLanguage\":\"fr-FR\"}]}<\/script>\n<!-- \/ Yoast SEO plugin. -->","yoast_head_json":{"title":"L\u2019AOE au sein de la collectivit\u00e9 - OCWA","robots":{"index":"index","follow":"follow","max-snippet":"max-snippet:-1","max-image-preview":"max-image-preview:large","max-video-preview":"max-video-preview:-1"},"canonical":"https:\/\/www.ocwa.com\/fr\/laoe-au-sein-de-la-collectivite\/","og_locale":"fr_FR","og_type":"article","og_title":"L\u2019AOE au sein de la collectivit\u00e9 - OCWA","og_url":"https:\/\/www.ocwa.com\/fr\/laoe-au-sein-de-la-collectivite\/","og_site_name":"OCWA","article_modified_time":"2024-02-14T16:36:57+00:00","og_image":[{"width":2560,"height":1920,"url":"https:\/\/www.ocwa.com\/wp-content\/uploads\/2023\/12\/shore-cleanup-scaled.jpg","type":"image\/jpeg"}],"twitter_card":"summary_large_image","schema":{"@context":"https:\/\/schema.org","@graph":[{"@type":"WebPage","@id":"https:\/\/www.ocwa.com\/fr\/laoe-au-sein-de-la-collectivite\/","url":"https:\/\/www.ocwa.com\/fr\/laoe-au-sein-de-la-collectivite\/","name":"L\u2019AOE au sein de la collectivit\u00e9 - OCWA","isPartOf":{"@id":"https:\/\/www.ocwa.com\/fr\/#website"},"primaryImageOfPage":{"@id":"https:\/\/www.ocwa.com\/fr\/laoe-au-sein-de-la-collectivite\/#primaryimage"},"image":{"@id":"https:\/\/www.ocwa.com\/fr\/laoe-au-sein-de-la-collectivite\/#primaryimage"},"thumbnailUrl":"https:\/\/www.ocwa.com\/wp-content\/uploads\/2023\/12\/shore-cleanup-scaled.jpg","datePublished":"2023-12-13T20:39:11+00:00","dateModified":"2024-02-14T16:36:57+00:00","breadcrumb":{"@id":"https:\/\/www.ocwa.com\/fr\/laoe-au-sein-de-la-collectivite\/#breadcrumb"},"inLanguage":"fr-FR","potentialAction":[{"@type":"ReadAction","target":["https:\/\/www.ocwa.com\/fr\/laoe-au-sein-de-la-collectivite\/"]}]},{"@type":"ImageObject","inLanguage":"fr-FR","@id":"https:\/\/www.ocwa.com\/fr\/laoe-au-sein-de-la-collectivite\/#primaryimage","url":"https:\/\/www.ocwa.com\/wp-content\/uploads\/2023\/12\/shore-cleanup-scaled.jpg","contentUrl":"https:\/\/www.ocwa.com\/wp-content\/uploads\/2023\/12\/shore-cleanup-scaled.jpg","width":2560,"height":1920,"caption":"Group of people with a few dogs posing for a photo during a shore clean up"},{"@type":"BreadcrumbList","@id":"https:\/\/www.ocwa.com\/fr\/laoe-au-sein-de-la-collectivite\/#breadcrumb","itemListElement":[{"@type":"ListItem","position":1,"name":"Home","item":"https:\/\/www.ocwa.com\/fr\/"},{"@type":"ListItem","position":2,"name":"L\u2019AOE au sein de la collectivit\u00e9"}]},{"@type":"WebSite","@id":"https:\/\/www.ocwa.com\/fr\/#website","url":"https:\/\/www.ocwa.com\/fr\/","name":"OCWA","description":"Just another WordPress site","potentialAction":[{"@type":"SearchAction","target":{"@type":"EntryPoint","urlTemplate":"https:\/\/www.ocwa.com\/fr\/?s={search_term_string}"},"query-input":{"@type":"PropertyValueSpecification","valueRequired":true,"valueName":"search_term_string"}}],"inLanguage":"fr-FR"}]}},"_links":{"self":[{"href":"https:\/\/www.ocwa.com\/fr\/wp-json\/wp\/v2\/pages\/1891","targetHints":{"allow":["GET"]}}],"collection":[{"href":"https:\/\/www.ocwa.com\/fr\/wp-json\/wp\/v2\/pages"}],"about":[{"href":"https:\/\/www.ocwa.com\/fr\/wp-json\/wp\/v2\/types\/page"}],"author":[{"embeddable":true,"href":"https:\/\/www.ocwa.com\/fr\/wp-json\/wp\/v2\/users\/1"}],"replies":[{"embeddable":true,"href":"https:\/\/www.ocwa.com\/fr\/wp-json\/wp\/v2\/comments?post=1891"}],"version-history":[{"count":7,"href":"https:\/\/www.ocwa.com\/fr\/wp-json\/wp\/v2\/pages\/1891\/revisions"}],"predecessor-version":[{"id":2513,"href":"https:\/\/www.ocwa.com\/fr\/wp-json\/wp\/v2\/pages\/1891\/revisions\/2513"}],"wp:featuredmedia":[{"embeddable":true,"href":"https:\/\/www.ocwa.com\/fr\/wp-json\/wp\/v2\/media\/1336"}],"wp:attachment":[{"href":"https:\/\/www.ocwa.com\/fr\/wp-json\/wp\/v2\/media?parent=1891"}],"curies":[{"name":"wp","href":"https:\/\/api.w.org\/{rel}","templated":true}]}}