{"id":1862,"date":"2023-12-08T15:07:36","date_gmt":"2023-12-08T20:07:36","guid":{"rendered":"https:\/\/www.ocwa.com\/ocwa-overview\/"},"modified":"2024-04-22T15:28:13","modified_gmt":"2024-04-22T19:28:13","slug":"a-propos-de-laoe","status":"publish","type":"page","link":"https:\/\/www.ocwa.com\/fr\/a-propos-de-laoe\/","title":{"rendered":"\u00c0 propos de l\u2019AOE"},"content":{"rendered":"<div id=\"page-banner-block_197b1061233e80feb98d9aeb6b345b2a\" class=\"page-banner alignfull \">\n\t<div class=\"block-inner\">\n\t\t\t\t\t<div class=\"block-image\">\n\t\t\t\t<img loading=\"lazy\" decoding=\"async\" width=\"768\" height=\"460\" src=\"https:\/\/www.ocwa.com\/wp-content\/uploads\/2024\/01\/South_Peel-group-shot-high-res-768x460.jpg\" class=\"attachment-box-image size-box-image\" alt=\"Une grosse \u00e9quipe d\u2019exploitants de l\u2019AOE en tenue de protection sourient \u00e0 la cam\u00e9ra dans une usine de traitement des eaux.\" srcset=\"https:\/\/www.ocwa.com\/wp-content\/uploads\/2024\/01\/South_Peel-group-shot-high-res-768x460.jpg 768w, https:\/\/www.ocwa.com\/wp-content\/uploads\/2024\/01\/South_Peel-group-shot-high-res-300x180.jpg 300w, https:\/\/www.ocwa.com\/wp-content\/uploads\/2024\/01\/South_Peel-group-shot-high-res-1024x613.jpg 1024w, https:\/\/www.ocwa.com\/wp-content\/uploads\/2024\/01\/South_Peel-group-shot-high-res-1536x920.jpg 1536w, https:\/\/www.ocwa.com\/wp-content\/uploads\/2024\/01\/South_Peel-group-shot-high-res-2048x1226.jpg 2048w, https:\/\/www.ocwa.com\/wp-content\/uploads\/2024\/01\/South_Peel-group-shot-high-res-2000x1197.jpg 2000w, https:\/\/www.ocwa.com\/wp-content\/uploads\/2024\/01\/South_Peel-group-shot-high-res-400x239.jpg 400w\" sizes=\"auto, (max-width: 768px) 100vw, 768px\" \/>\t\t\t<\/div>\n\t\t\t\t\t\t\t<div class=\"breadcrumbs-wrapper show-for-small-only\">\n\t\t\t\t<div class=\"breadcrumbs\">\n\t\t\t\t\t<span><span><a href=\"https:\/\/www.ocwa.com\/fr\/\">Home<\/a><\/span><\/span>\t\t\t\t<\/div>\n\t\t\t<\/div>\n\t\t\t\t<div class=\"block-intro-content\">\n\t\t\t<div class=\"block-text\">\n\t\t\t\t<h1 class=\"with-wave\">\u00c0 propos de l\u2019AOE<\/h1>\n\t\t\t\t\t\t\t\t\t<div class=\"block-description\">\n\t\t\t\t\t\t<h6>Depuis plus de 30 ans, les municipalit\u00e9s, les communaut\u00e9s des Premi\u00e8res Nations, les institutions et l\u2019industrie font confiance \u00e0 l\u2019AOE pour fournir des services d\u2019eau, de traitement des eaux us\u00e9es et de gestion des eaux pluviales.<\/h6>\n<h6><\/h6>\n\t\t\t\t\t<\/div>\n\t\t\t\t\t\t\t<\/div>\n\t\t<\/div>\n\t<\/div>\n\t\t<div class=\"breadcrumbs-wrapper hide-for-small-only\">\n\t\t<div class=\"breadcrumbs\">\n\t\t\t<span><span><a href=\"https:\/\/www.ocwa.com\/fr\/\">Home<\/a><\/span><\/span>\t\t<\/div>\n\t<\/div>\n\t<\/div>\n\n\n\n<h6 class=\"wp-block-heading\">Nous sommes le partenaire de choix pour les collectivit\u00e9s de l\u2019Ontario. D\u00e9couvrez comment nous pouvons \u00eatre votre partenaire de confiance pour la vie.  Bien que nous soyons fiers d&rsquo;un service efficace et efficient, nous croyons \u00e9galement \u00e0 l&rsquo;importance de la confiance, de la responsabilit\u00e9 et du fait d&rsquo;\u00eatre une organisation v\u00e9ritablement inclusive qui c\u00e9l\u00e8bre la diversit\u00e9 de ses employ\u00e9s.<\/h6>\n\n\n\n<h6 class=\"wp-block-heading\">Lire l\u2019AOE\u00a0<a href=\"https:\/\/www.ocwa.com\/wp-content\/uploads\/2024\/04\/OCWA-EDI-Blueprint-2023-2028.pdf\">2024-2028 Equity, Diversity and Inclusion Blueprint\u00a0<\/a>(En Anglais Seulement)<\/h6>\n\n\n\n<div style=\"height:20px\" aria-hidden=\"true\" class=\"wp-block-spacer\"><\/div>\n\n\n\n<p>En tant qu\u2019organisme public de la province de l\u2019Ontario, nous avons \u00e9t\u00e9 choisis par de nombreuses collectivit\u00e9s comme fournisseur de services s\u00fbrs et fiables d\u2019eau potable, de traitement des eaux us\u00e9es et de gestion des eaux pluviales. Bien que nous soyons fiers d\u2019offrir un service efficace et efficient, nous croyons \u00e9galement en l\u2019importance de la confiance et de la responsabilit\u00e9.<\/p>\n\n\n\n<p>La sant\u00e9, la s\u00e9curit\u00e9 et le bien-\u00eatre de notre personnel et des communaut\u00e9s o\u00f9 nous sommes pr\u00e9sents sont notre priorit\u00e9 absolue.<\/p>\n\n\n\n<p>Nous fournissons des services \u00e0 des municipalit\u00e9s, des communaut\u00e9s des Premi\u00e8res Nations, des entreprises, des gouvernements et des institutions aux quatre coins de l\u2019Ontario. Notre bureau pivot des Premi\u00e8res Nations<strong> <\/strong>se concentre exclusivement sur des services d\u2019aide \u00e0 l\u2019exploitation et \u00e0 l\u2019entretien des syst\u00e8mes de gestion de l\u2019eau et des eaux us\u00e9es dans des communaut\u00e9s des Premi\u00e8res Nations.<\/p>\n\n\n<div id=\"stats-block-block_a2bf5068db3eadb38046abb84c3b80c0\" class=\"stats-block \" style=\"\">\n\t\t<div class=\"numbers\" data-aos=\"fade-up\" data-aos-duration=\"1000\" data-aos-anchor-placement=\"center-bottom\">\n\t\t\t\t\t<div class=\"number\">\n\t\t\t\t<div class=\"the-number\">\n\t\t\t\t\t\t\t\t\t\t<span class=\"animCounter\" data-count=\"1 sur 3\">1 sur 3<\/span>\n\t\t\t\t\t\t\t\t\t<\/div>\n\t\t\t\t<div class=\"description\">\n\t\t\t\t\t<p>R\u00e9sidents de l\u2019Ontario qui b\u00e9n\u00e9ficient des services de l\u2019AOE<\/p>\n\t\t\t\t<\/div>\n\t\t\t<\/div>\n\t\t\t\t\t<div class=\"number\">\n\t\t\t\t<div class=\"the-number\">\n\t\t\t\t\t\t\t\t\t\t<span class=\"animCounter\" data-count=\"+1 000\">+1 000<\/span>\n\t\t\t\t\t\t\t\t\t<\/div>\n\t\t\t\t<div class=\"description\">\n\t\t\t\t\t<p>Installations d\u2019approvisionnement en eau et de traitement des eaux us\u00e9es exploit\u00e9es par l\u2019AOE \u2013 plus que tout autre exploitant ontarien<\/p>\n\t\t\t\t<\/div>\n\t\t\t<\/div>\n\t\t\t\t\t<div class=\"number\">\n\t\t\t\t<div class=\"the-number\">\n\t\t\t\t\t\t\t\t\t\t<span class=\"animCounter\" data-count=\"+600\">+600<\/span>\n\t\t\t\t\t\t\t\t\t<\/div>\n\t\t\t\t<div class=\"description\">\n\t\t\t\t\t<p>Exploitants d\u2019eau locaux accr\u00e9dit\u00e9s employ\u00e9s par l\u2019AOE et \u00e9paul\u00e9s par des \u00e9quipes de soutien de l\u2019agence<\/p>\n\t\t\t\t<\/div>\n\t\t\t<\/div>\n\t\t\t<\/div>\n\t<\/div>\n\n\n<div id=\"landing-content-block_2a21fc5db5e94ab77e77e378e8794f93\" class=\"landing-content alignfull \">\n\t<div class=\"block-inner\">\n\t\t\t\t\t<div class=\"items\">\n\t\t\t\t\t\t\t\t\t<a href=\"https:\/\/www.ocwa.com\/fr\/a-propos-de-laoe\/mission-vision-et-valeurs\/\" class=\"flip-card\" data-aos=\"fade-up\" data-aos-duration=\"1000\" data-aos-anchor-placement=\"center-bottom\">\n\t\t\t\t\t\t<div class=\"flip-card-inner\">\n\t\t\t\t\t\t\t<div class=\"flip-card-front\">\n\t\t\t\t\t\t\t\t<div class=\"item-image\">\n\t\t\t\t\t\t\t\t\t<img loading=\"lazy\" decoding=\"async\" width=\"2560\" height=\"1707\" src=\"https:\/\/www.ocwa.com\/wp-content\/uploads\/2024\/01\/Hands-with-glass-of-water-scaled.jpg\" class=\"attachment-post-thumbnail size-post-thumbnail wp-post-image\" alt=\"Main d\u2019un adulte offrant un verre d\u2019eau fra\u00eeche \u00e0 un enfant dans un parc avec un arri\u00e8re-plan flou.\" srcset=\"https:\/\/www.ocwa.com\/wp-content\/uploads\/2024\/01\/Hands-with-glass-of-water-scaled.jpg 2560w, https:\/\/www.ocwa.com\/wp-content\/uploads\/2024\/01\/Hands-with-glass-of-water-300x200.jpg 300w, https:\/\/www.ocwa.com\/wp-content\/uploads\/2024\/01\/Hands-with-glass-of-water-1024x683.jpg 1024w, https:\/\/www.ocwa.com\/wp-content\/uploads\/2024\/01\/Hands-with-glass-of-water-768x512.jpg 768w, https:\/\/www.ocwa.com\/wp-content\/uploads\/2024\/01\/Hands-with-glass-of-water-1536x1024.jpg 1536w, https:\/\/www.ocwa.com\/wp-content\/uploads\/2024\/01\/Hands-with-glass-of-water-2048x1365.jpg 2048w, https:\/\/www.ocwa.com\/wp-content\/uploads\/2024\/01\/Hands-with-glass-of-water-2000x1333.jpg 2000w, https:\/\/www.ocwa.com\/wp-content\/uploads\/2024\/01\/Hands-with-glass-of-water-400x267.jpg 400w\" sizes=\"auto, (max-width: 2560px) 100vw, 2560px\" \/>\t\t\t\t\t\t\t\t<\/div>\n\t\t\t\t\t\t\t\t<div class=\"item-title\">\n\t\t\t\t\t\t\t\t\t<h4>Vision, Mission et Valeurs<\/h4>\n\t\t\t\t\t\t\t\t\t<span><i class=\"icon icon-plus\"><\/i><\/span>\n\t\t\t\t\t\t\t\t<\/div>\n\n\t\t\t\t\t\t\t<\/div>\n\t\t\t\t\t\t\t<div class=\"flip-card-back\">\n\t\t\t\t\t\t\t\t<div class=\"item-title\">\n\t\t\t\t\t\t\t\t\t<h4>Vision, Mission et Valeurs<\/h4>\n\t\t\t\t\t\t\t\t<\/div>\n\t\t\t\t\t\t\t\t<div class=\"item-description\">\n\t\t\t\t\t\t\t\t\t<p>Notre vision, notre mission et nos valeurs sont bien plus que des mots sur une page. C\u2019est, pour notre organisme, un engagement envers ceux qui comptent sur nous et une obligation que nous mettons un point d\u2019honneur \u00e0 respecter tous les jours.<\/p>\n\t\t\t\t\t\t\t\t<\/div>\n\t\t\t\t\t\t\t\t<span><strong>Informez-vous<\/strong><i class=\"icon icon-plus\"><\/i><\/span>\n\t\t\t\t\t\t\t<\/div>\n\t\t\t\t\t\t<\/div>\n\t\t\t\t\t<\/a>\n\t\t\t\t\t\t\t\t\t<a href=\"https:\/\/www.ocwa.com\/fr\/a-propos-de-laoe\/gouvernance-et-responsabilisation\/\" class=\"flip-card\" data-aos=\"fade-up\" data-aos-duration=\"1000\" data-aos-anchor-placement=\"center-bottom\">\n\t\t\t\t\t\t<div class=\"flip-card-inner\">\n\t\t\t\t\t\t\t<div class=\"flip-card-front\">\n\t\t\t\t\t\t\t\t<div class=\"item-image\">\n\t\t\t\t\t\t\t\t\t<img loading=\"lazy\" decoding=\"async\" width=\"2078\" height=\"1950\" src=\"https:\/\/www.ocwa.com\/wp-content\/uploads\/2024\/02\/French.png\" class=\"attachment-post-thumbnail size-post-thumbnail wp-post-image\" alt=\"Couvertures du r\u00e9cent plan d&#039;activit\u00e9s et du rapport annuel de l&#039;AOE\" srcset=\"https:\/\/www.ocwa.com\/wp-content\/uploads\/2024\/02\/French.png 2078w, https:\/\/www.ocwa.com\/wp-content\/uploads\/2024\/02\/French-300x282.png 300w, https:\/\/www.ocwa.com\/wp-content\/uploads\/2024\/02\/French-1024x961.png 1024w, https:\/\/www.ocwa.com\/wp-content\/uploads\/2024\/02\/French-768x721.png 768w, https:\/\/www.ocwa.com\/wp-content\/uploads\/2024\/02\/French-1536x1441.png 1536w, https:\/\/www.ocwa.com\/wp-content\/uploads\/2024\/02\/French-2048x1922.png 2048w, https:\/\/www.ocwa.com\/wp-content\/uploads\/2024\/02\/French-2000x1877.png 2000w, https:\/\/www.ocwa.com\/wp-content\/uploads\/2024\/02\/French-400x375.png 400w\" sizes=\"auto, (max-width: 2078px) 100vw, 2078px\" \/>\t\t\t\t\t\t\t\t<\/div>\n\t\t\t\t\t\t\t\t<div class=\"item-title\">\n\t\t\t\t\t\t\t\t\t<h4>Gouvernance et Responsabilisation<\/h4>\n\t\t\t\t\t\t\t\t\t<span><i class=\"icon icon-plus\"><\/i><\/span>\n\t\t\t\t\t\t\t\t<\/div>\n\n\t\t\t\t\t\t\t<\/div>\n\t\t\t\t\t\t\t<div class=\"flip-card-back\">\n\t\t\t\t\t\t\t\t<div class=\"item-title\">\n\t\t\t\t\t\t\t\t\t<h4>Gouvernance et Responsabilisation<\/h4>\n\t\t\t\t\t\t\t\t<\/div>\n\t\t\t\t\t\t\t\t<div class=\"item-description\">\n\t\t\t\t\t\t\t\t\t<p>L\u2019AOE est une entreprise op\u00e9rationnelle cr\u00e9\u00e9e en 1993 en vertu de la Loi de 1993 sur le plan d\u2019investissement (LPI).  L\u2019Agence a pour mandat de fournir des stations de purification de l\u2019eau et d\u2019\u00e9puration des eaux d\u2019\u00e9gout ainsi que d\u2019autres services connexes afin de prot\u00e9ger la sant\u00e9 et l\u2019environnement.<\/p>\n\t\t\t\t\t\t\t\t<\/div>\n\t\t\t\t\t\t\t\t<span><strong>Informez-vous<\/strong><i class=\"icon icon-plus\"><\/i><\/span>\n\t\t\t\t\t\t\t<\/div>\n\t\t\t\t\t\t<\/div>\n\t\t\t\t\t<\/a>\n\t\t\t\t\t\t\t\t\t<a href=\"https:\/\/www.ocwa.com\/fr\/a-propos-de-laoe\/equipes-de-leadership\/\" class=\"flip-card\" data-aos=\"fade-up\" data-aos-duration=\"1000\" data-aos-anchor-placement=\"center-bottom\">\n\t\t\t\t\t\t<div class=\"flip-card-inner\">\n\t\t\t\t\t\t\t<div class=\"flip-card-front\">\n\t\t\t\t\t\t\t\t<div class=\"item-image\">\n\t\t\t\t\t\t\t\t\t<img loading=\"lazy\" decoding=\"async\" width=\"2560\" height=\"1843\" src=\"https:\/\/www.ocwa.com\/wp-content\/uploads\/2025\/06\/EMT-Photo-June-2025-scaled.jpg\" class=\"attachment-post-thumbnail size-post-thumbnail wp-post-image\" alt=\"\" srcset=\"https:\/\/www.ocwa.com\/wp-content\/uploads\/2025\/06\/EMT-Photo-June-2025-scaled.jpg 2560w, https:\/\/www.ocwa.com\/wp-content\/uploads\/2025\/06\/EMT-Photo-June-2025-300x216.jpg 300w, https:\/\/www.ocwa.com\/wp-content\/uploads\/2025\/06\/EMT-Photo-June-2025-1024x737.jpg 1024w, https:\/\/www.ocwa.com\/wp-content\/uploads\/2025\/06\/EMT-Photo-June-2025-768x553.jpg 768w, https:\/\/www.ocwa.com\/wp-content\/uploads\/2025\/06\/EMT-Photo-June-2025-1536x1106.jpg 1536w, https:\/\/www.ocwa.com\/wp-content\/uploads\/2025\/06\/EMT-Photo-June-2025-2048x1474.jpg 2048w, https:\/\/www.ocwa.com\/wp-content\/uploads\/2025\/06\/EMT-Photo-June-2025-2000x1440.jpg 2000w, https:\/\/www.ocwa.com\/wp-content\/uploads\/2025\/06\/EMT-Photo-June-2025-400x288.jpg 400w\" sizes=\"auto, (max-width: 2560px) 100vw, 2560px\" \/>\t\t\t\t\t\t\t\t<\/div>\n\t\t\t\t\t\t\t\t<div class=\"item-title\">\n\t\t\t\t\t\t\t\t\t<h4>\u00c9quipes de leadership<\/h4>\n\t\t\t\t\t\t\t\t\t<span><i class=\"icon icon-plus\"><\/i><\/span>\n\t\t\t\t\t\t\t\t<\/div>\n\n\t\t\t\t\t\t\t<\/div>\n\t\t\t\t\t\t\t<div class=\"flip-card-back\">\n\t\t\t\t\t\t\t\t<div class=\"item-title\">\n\t\t\t\t\t\t\t\t\t<h4>\u00c9quipes de leadership<\/h4>\n\t\t\t\t\t\t\t\t<\/div>\n\t\t\t\t\t\t\t\t<div class=\"item-description\">\n\t\t\t\t\t\t\t\t\t<p>Notre \u00e9quipe de direction sup\u00e9rieure et notre conseil d\u2019administration travaillent ensemble \u00e0 l\u2019atteinte des objectifs \u00e0 long terme de l\u2019AOE pour maintenir la capacit\u00e9 de l\u2019organisme de fournir les meilleurs services possible \u00e0 ses clients et collectivit\u00e9s et d\u2019offrir un environnement de travail stimulant \u00e0 ses employ\u00e9s.<\/p>\n\t\t\t\t\t\t\t\t<\/div>\n\t\t\t\t\t\t\t\t<span><strong>Informez-vous<\/strong><i class=\"icon icon-plus\"><\/i><\/span>\n\t\t\t\t\t\t\t<\/div>\n\t\t\t\t\t\t<\/div>\n\t\t\t\t\t<\/a>\n\t\t\t\t\t\t\t\t\t<a href=\"https:\/\/www.ocwa.com\/fr\/nos-politiques\/\" class=\"flip-card\" data-aos=\"fade-up\" data-aos-duration=\"1000\" data-aos-anchor-placement=\"center-bottom\">\n\t\t\t\t\t\t<div class=\"flip-card-inner\">\n\t\t\t\t\t\t\t<div class=\"flip-card-front\">\n\t\t\t\t\t\t\t\t<div class=\"item-image\">\n\t\t\t\t\t\t\t\t\t<img loading=\"lazy\" decoding=\"async\" width=\"586\" height=\"348\" src=\"https:\/\/www.ocwa.com\/wp-content\/uploads\/2023\/11\/AdobeStock_159675117.jpg\" class=\"attachment-post-thumbnail size-post-thumbnail wp-post-image\" alt=\"\" srcset=\"https:\/\/www.ocwa.com\/wp-content\/uploads\/2023\/11\/AdobeStock_159675117.jpg 586w, https:\/\/www.ocwa.com\/wp-content\/uploads\/2023\/11\/AdobeStock_159675117-300x178.jpg 300w, https:\/\/www.ocwa.com\/wp-content\/uploads\/2023\/11\/AdobeStock_159675117-400x238.jpg 400w\" sizes=\"auto, (max-width: 586px) 100vw, 586px\" \/>\t\t\t\t\t\t\t\t<\/div>\n\t\t\t\t\t\t\t\t<div class=\"item-title\">\n\t\t\t\t\t\t\t\t\t<h4>Le SGQE permet \u00e0 l\u2019AOE et Politiques et de sant\u00e9 et s\u00e9curit\u00e9.<\/h4>\n\t\t\t\t\t\t\t\t\t<span><i class=\"icon icon-plus\"><\/i><\/span>\n\t\t\t\t\t\t\t\t<\/div>\n\n\t\t\t\t\t\t\t<\/div>\n\t\t\t\t\t\t\t<div class=\"flip-card-back\">\n\t\t\t\t\t\t\t\t<div class=\"item-title\">\n\t\t\t\t\t\t\t\t\t<h4>Le SGQE permet \u00e0 l\u2019AOE et Politiques et de sant\u00e9 et s\u00e9curit\u00e9.<\/h4>\n\t\t\t\t\t\t\t\t<\/div>\n\t\t\t\t\t\t\t\t<div class=\"item-description\">\n\t\t\t\t\t\t\t\t\t<p>Politique de Gestion de la Qualit\u00e9&nbsp; L\u2019AOE a mis au point et maintient son propre Syst\u00e8me de gestion de la qualit\u00e9 et de l\u2019environnement (SGQE). Ce syst\u00e8me fait en sorte que les installations de nos clients sont exploit\u00e9es de fa\u00e7on efficiente, s\u00fbre et \u00e9cologiquement responsable et comprend des programmes permettant d\u2019identifier et d\u2019att\u00e9nuer les risques [&hellip;]<\/p>\n\t\t\t\t\t\t\t\t<\/div>\n\t\t\t\t\t\t\t\t<span><strong>Informez-vous<\/strong><i class=\"icon icon-plus\"><\/i><\/span>\n\t\t\t\t\t\t\t<\/div>\n\t\t\t\t\t\t<\/div>\n\t\t\t\t\t<\/a>\n\t\t\t\t\t\t\t<\/div>\n\t\t\t\t\t<\/div>\n<\/div>\n\n\n\n<div id=\"info-boxes-block_f011fac632b3b0b8cb86aeb7467bcf27\" class=\"info-boxes alignfull \" style=\"background-color:#EAF9FC;\">\n\t\t\t<div class=\"info-boxes-wrapper\" data-equalizer data-equalize-on=\"medium\">\n\t\t\t\t\t\t\t<div class=\"info-box\" data-aos=\"fade-up\" data-aos-duration=\"1000\" data-aos-anchor-placement=\"center-bottom\">\n\t\t\t\t\t<div class=\"info-box-inner\" data-equalizer-watch>\n\t\t\t\t\t\t<h3>Parlons d\u2019eau!<\/h3>\n\t\t\t\t\t\t<div class=\"description\">\n\t\t\t\t\t\t\t<p>D\u00e9couvrez comment nous pouvons vous aider \u00e0 g\u00e9rer vos r\u00e9seaux d\u2019eau potable et d\u2019eaux us\u00e9es<\/p>\n\t\t\t\t\t\t<\/div>\n\t\t\t\t\t<\/div>\n\t\t\t\t\t<a href=\"https:\/\/www.ocwa.com\/fr\/services-overview\/\" class=\"button dark\">Services de l\u2019AOE<\/a>\t\t\t\t<\/div>\n\t\t\t\t\t\t\t<div class=\"info-box\" data-aos=\"fade-up\" data-aos-duration=\"1000\" data-aos-anchor-placement=\"center-bottom\">\n\t\t\t\t\t<div class=\"info-box-inner\" data-equalizer-watch>\n\t\t\t\t\t\t<h3>Joignez-vous \u00e0 l\u2019\u00e9quipe de l\u2019AOE!<\/h3>\n\t\t\t\t\t\t<div class=\"description\">\n\t\t\t\t\t\t\t<p>Il y a plusieurs postes vacants dans la province. Consultez nos offres d\u2019emploi maintenant<\/p>\n\t\t\t\t\t\t<\/div>\n\t\t\t\t\t<\/div>\n\t\t\t\t\t<a href=\"https:\/\/www.ocwa.com\/fr\/possibilites-demploi\/\" class=\"button dark\">Postulez maintenant<\/a>\t\t\t\t<\/div>\n\t\t\t\t\t<\/div>\n\t<\/div>\n","protected":false},"excerpt":{"rendered":"<p>For more than 30 years, municipalities, First Nations communities, institutions and industry have put their trust in OCWA to provide water, wastewater and stormwater services.<\/p>\n","protected":false},"author":1,"featured_media":1236,"parent":0,"menu_order":0,"comment_status":"closed","ping_status":"closed","template":"page-landing.php","meta":{"_acf_changed":false,"footnotes":""},"class_list":["post-1862","page","type-page","status-publish","has-post-thumbnail","hentry"],"acf":[],"yoast_head":"<!-- This site is optimized with the Yoast SEO plugin v27.4 - https:\/\/yoast.com\/product\/yoast-seo-wordpress\/ -->\n<title>\u00c0 propos de l\u2019AOE - OCWA<\/title>\n<meta name=\"robots\" content=\"index, follow, max-snippet:-1, max-image-preview:large, max-video-preview:-1\" \/>\n<link rel=\"canonical\" href=\"https:\/\/www.ocwa.com\/fr\/a-propos-de-laoe\/\" \/>\n<meta property=\"og:locale\" content=\"fr_FR\" \/>\n<meta property=\"og:type\" content=\"article\" \/>\n<meta property=\"og:title\" content=\"\u00c0 propos de l\u2019AOE - OCWA\" \/>\n<meta property=\"og:description\" content=\"For more than 30 years, municipalities, First Nations communities, institutions and industry have put their trust in OCWA to provide water, wastewater and stormwater services.\" \/>\n<meta property=\"og:url\" content=\"https:\/\/www.ocwa.com\/fr\/a-propos-de-laoe\/\" \/>\n<meta property=\"og:site_name\" content=\"OCWA\" \/>\n<meta property=\"article:modified_time\" content=\"2024-04-22T19:28:13+00:00\" \/>\n<meta property=\"og:image\" content=\"https:\/\/www.ocwa.com\/wp-content\/uploads\/2023\/12\/OCWA_111423_283-scaled.jpg\" \/>\n\t<meta property=\"og:image:width\" content=\"2560\" \/>\n\t<meta property=\"og:image:height\" content=\"1920\" \/>\n\t<meta property=\"og:image:type\" content=\"image\/jpeg\" \/>\n<meta name=\"twitter:card\" content=\"summary_large_image\" \/>\n<meta name=\"twitter:label1\" content=\"Dur\u00e9e de lecture estim\u00e9e\" \/>\n\t<meta name=\"twitter:data1\" content=\"2 minutes\" \/>\n<script type=\"application\/ld+json\" class=\"yoast-schema-graph\">{\"@context\":\"https:\\\/\\\/schema.org\",\"@graph\":[{\"@type\":\"WebPage\",\"@id\":\"https:\\\/\\\/www.ocwa.com\\\/fr\\\/a-propos-de-laoe\\\/\",\"url\":\"https:\\\/\\\/www.ocwa.com\\\/fr\\\/a-propos-de-laoe\\\/\",\"name\":\"\u00c0 propos de l\u2019AOE - OCWA\",\"isPartOf\":{\"@id\":\"https:\\\/\\\/www.ocwa.com\\\/fr\\\/#website\"},\"primaryImageOfPage\":{\"@id\":\"https:\\\/\\\/www.ocwa.com\\\/fr\\\/a-propos-de-laoe\\\/#primaryimage\"},\"image\":{\"@id\":\"https:\\\/\\\/www.ocwa.com\\\/fr\\\/a-propos-de-laoe\\\/#primaryimage\"},\"thumbnailUrl\":\"https:\\\/\\\/www.ocwa.com\\\/wp-content\\\/uploads\\\/2023\\\/12\\\/OCWA_111423_283-scaled.jpg\",\"datePublished\":\"2023-12-08T20:07:36+00:00\",\"dateModified\":\"2024-04-22T19:28:13+00:00\",\"breadcrumb\":{\"@id\":\"https:\\\/\\\/www.ocwa.com\\\/fr\\\/a-propos-de-laoe\\\/#breadcrumb\"},\"inLanguage\":\"fr-FR\",\"potentialAction\":[{\"@type\":\"ReadAction\",\"target\":[\"https:\\\/\\\/www.ocwa.com\\\/fr\\\/a-propos-de-laoe\\\/\"]}]},{\"@type\":\"ImageObject\",\"inLanguage\":\"fr-FR\",\"@id\":\"https:\\\/\\\/www.ocwa.com\\\/fr\\\/a-propos-de-laoe\\\/#primaryimage\",\"url\":\"https:\\\/\\\/www.ocwa.com\\\/wp-content\\\/uploads\\\/2023\\\/12\\\/OCWA_111423_283-scaled.jpg\",\"contentUrl\":\"https:\\\/\\\/www.ocwa.com\\\/wp-content\\\/uploads\\\/2023\\\/12\\\/OCWA_111423_283-scaled.jpg\",\"width\":2560,\"height\":1920},{\"@type\":\"BreadcrumbList\",\"@id\":\"https:\\\/\\\/www.ocwa.com\\\/fr\\\/a-propos-de-laoe\\\/#breadcrumb\",\"itemListElement\":[{\"@type\":\"ListItem\",\"position\":1,\"name\":\"Home\",\"item\":\"https:\\\/\\\/www.ocwa.com\\\/fr\\\/\"},{\"@type\":\"ListItem\",\"position\":2,\"name\":\"\u00c0 propos de l\u2019AOE\"}]},{\"@type\":\"WebSite\",\"@id\":\"https:\\\/\\\/www.ocwa.com\\\/fr\\\/#website\",\"url\":\"https:\\\/\\\/www.ocwa.com\\\/fr\\\/\",\"name\":\"OCWA\",\"description\":\"Just another WordPress site\",\"potentialAction\":[{\"@type\":\"SearchAction\",\"target\":{\"@type\":\"EntryPoint\",\"urlTemplate\":\"https:\\\/\\\/www.ocwa.com\\\/fr\\\/?s={search_term_string}\"},\"query-input\":{\"@type\":\"PropertyValueSpecification\",\"valueRequired\":true,\"valueName\":\"search_term_string\"}}],\"inLanguage\":\"fr-FR\"}]}<\/script>\n<!-- \/ Yoast SEO plugin. -->","yoast_head_json":{"title":"\u00c0 propos de l\u2019AOE - OCWA","robots":{"index":"index","follow":"follow","max-snippet":"max-snippet:-1","max-image-preview":"max-image-preview:large","max-video-preview":"max-video-preview:-1"},"canonical":"https:\/\/www.ocwa.com\/fr\/a-propos-de-laoe\/","og_locale":"fr_FR","og_type":"article","og_title":"\u00c0 propos de l\u2019AOE - OCWA","og_description":"For more than 30 years, municipalities, First Nations communities, institutions and industry have put their trust in OCWA to provide water, wastewater and stormwater services.","og_url":"https:\/\/www.ocwa.com\/fr\/a-propos-de-laoe\/","og_site_name":"OCWA","article_modified_time":"2024-04-22T19:28:13+00:00","og_image":[{"width":2560,"height":1920,"url":"https:\/\/www.ocwa.com\/wp-content\/uploads\/2023\/12\/OCWA_111423_283-scaled.jpg","type":"image\/jpeg"}],"twitter_card":"summary_large_image","twitter_misc":{"Dur\u00e9e de lecture estim\u00e9e":"2 minutes"},"schema":{"@context":"https:\/\/schema.org","@graph":[{"@type":"WebPage","@id":"https:\/\/www.ocwa.com\/fr\/a-propos-de-laoe\/","url":"https:\/\/www.ocwa.com\/fr\/a-propos-de-laoe\/","name":"\u00c0 propos de l\u2019AOE - OCWA","isPartOf":{"@id":"https:\/\/www.ocwa.com\/fr\/#website"},"primaryImageOfPage":{"@id":"https:\/\/www.ocwa.com\/fr\/a-propos-de-laoe\/#primaryimage"},"image":{"@id":"https:\/\/www.ocwa.com\/fr\/a-propos-de-laoe\/#primaryimage"},"thumbnailUrl":"https:\/\/www.ocwa.com\/wp-content\/uploads\/2023\/12\/OCWA_111423_283-scaled.jpg","datePublished":"2023-12-08T20:07:36+00:00","dateModified":"2024-04-22T19:28:13+00:00","breadcrumb":{"@id":"https:\/\/www.ocwa.com\/fr\/a-propos-de-laoe\/#breadcrumb"},"inLanguage":"fr-FR","potentialAction":[{"@type":"ReadAction","target":["https:\/\/www.ocwa.com\/fr\/a-propos-de-laoe\/"]}]},{"@type":"ImageObject","inLanguage":"fr-FR","@id":"https:\/\/www.ocwa.com\/fr\/a-propos-de-laoe\/#primaryimage","url":"https:\/\/www.ocwa.com\/wp-content\/uploads\/2023\/12\/OCWA_111423_283-scaled.jpg","contentUrl":"https:\/\/www.ocwa.com\/wp-content\/uploads\/2023\/12\/OCWA_111423_283-scaled.jpg","width":2560,"height":1920},{"@type":"BreadcrumbList","@id":"https:\/\/www.ocwa.com\/fr\/a-propos-de-laoe\/#breadcrumb","itemListElement":[{"@type":"ListItem","position":1,"name":"Home","item":"https:\/\/www.ocwa.com\/fr\/"},{"@type":"ListItem","position":2,"name":"\u00c0 propos de l\u2019AOE"}]},{"@type":"WebSite","@id":"https:\/\/www.ocwa.com\/fr\/#website","url":"https:\/\/www.ocwa.com\/fr\/","name":"OCWA","description":"Just another WordPress site","potentialAction":[{"@type":"SearchAction","target":{"@type":"EntryPoint","urlTemplate":"https:\/\/www.ocwa.com\/fr\/?s={search_term_string}"},"query-input":{"@type":"PropertyValueSpecification","valueRequired":true,"valueName":"search_term_string"}}],"inLanguage":"fr-FR"}]}},"_links":{"self":[{"href":"https:\/\/www.ocwa.com\/fr\/wp-json\/wp\/v2\/pages\/1862","targetHints":{"allow":["GET"]}}],"collection":[{"href":"https:\/\/www.ocwa.com\/fr\/wp-json\/wp\/v2\/pages"}],"about":[{"href":"https:\/\/www.ocwa.com\/fr\/wp-json\/wp\/v2\/types\/page"}],"author":[{"embeddable":true,"href":"https:\/\/www.ocwa.com\/fr\/wp-json\/wp\/v2\/users\/1"}],"replies":[{"embeddable":true,"href":"https:\/\/www.ocwa.com\/fr\/wp-json\/wp\/v2\/comments?post=1862"}],"version-history":[{"count":13,"href":"https:\/\/www.ocwa.com\/fr\/wp-json\/wp\/v2\/pages\/1862\/revisions"}],"predecessor-version":[{"id":3429,"href":"https:\/\/www.ocwa.com\/fr\/wp-json\/wp\/v2\/pages\/1862\/revisions\/3429"}],"wp:featuredmedia":[{"embeddable":true,"href":"https:\/\/www.ocwa.com\/fr\/wp-json\/wp\/v2\/media\/1236"}],"wp:attachment":[{"href":"https:\/\/www.ocwa.com\/fr\/wp-json\/wp\/v2\/media?parent=1862"}],"curies":[{"name":"wp","href":"https:\/\/api.w.org\/{rel}","templated":true}]}}