{"id":1851,"date":"2023-12-13T15:31:51","date_gmt":"2023-12-13T20:31:51","guid":{"rendered":"https:\/\/www.ocwa.com\/supporting-communities\/"},"modified":"2024-02-29T15:29:14","modified_gmt":"2024-02-29T20:29:14","slug":"aider-les-collectivites","status":"publish","type":"page","link":"https:\/\/www.ocwa.com\/fr\/laoe-au-sein-de-la-collectivite\/aider-les-collectivites\/","title":{"rendered":"Aider les collectivit\u00e9s"},"content":{"rendered":"<div id=\"page-intro-block_a2473e77ead926f571b8814879408b11\" class=\"page-intro alignfull \">\n\t<div class=\"block-inner\">\n\t\t\t\t\t<div class=\"breadcrumbs\">\n\t\t\t\t<span><span><a href=\"https:\/\/www.ocwa.com\/fr\/\">Home<\/a><\/span><\/span>\t\t\t<\/div>\n\t\t\t\t<div class=\"block-intro-content\">\n\t\t\t\t\t\t\t<div class=\"block-image\">\n\t\t\t\t\t<img loading=\"lazy\" decoding=\"async\" width=\"768\" height=\"576\" src=\"https:\/\/www.ocwa.com\/wp-content\/uploads\/2024\/01\/FIRST-CHOICE-Food-Bank-Flows-121319-768x576.jpg\" class=\"attachment-box-image size-box-image\" alt=\"Quatre employ\u00e9s de l\u2019AOE, dont l\u2019une portant son \u00e9quipement de protection, se tiennent debout derri\u00e8re une table contenant des dons d\u2019aliments.\" srcset=\"https:\/\/www.ocwa.com\/wp-content\/uploads\/2024\/01\/FIRST-CHOICE-Food-Bank-Flows-121319-768x576.jpg 768w, https:\/\/www.ocwa.com\/wp-content\/uploads\/2024\/01\/FIRST-CHOICE-Food-Bank-Flows-121319-300x225.jpg 300w, https:\/\/www.ocwa.com\/wp-content\/uploads\/2024\/01\/FIRST-CHOICE-Food-Bank-Flows-121319-1024x768.jpg 1024w, https:\/\/www.ocwa.com\/wp-content\/uploads\/2024\/01\/FIRST-CHOICE-Food-Bank-Flows-121319-1536x1152.jpg 1536w, https:\/\/www.ocwa.com\/wp-content\/uploads\/2024\/01\/FIRST-CHOICE-Food-Bank-Flows-121319-400x300.jpg 400w, https:\/\/www.ocwa.com\/wp-content\/uploads\/2024\/01\/FIRST-CHOICE-Food-Bank-Flows-121319.jpg 2000w\" sizes=\"auto, (max-width: 768px) 100vw, 768px\" \/>\t\t\t\t<\/div>\n\t\t\t\t\t\t<div class=\"block-text\">\n\t\t\t\t<h1 class=\"with-wave\">Aider les collectivit\u00e9s <\/h1>\n\t\t\t\t\t\t\t\t\t<div class=\"block-description\">\n\t\t\t\t\t\t<h6>Les employ\u00e9s de l\u2019AOE sont des membres actifs de leur collectivit\u00e9. Non seulement ils fournissent de l\u2019eau potable propre et salubre, mais, dans la plupart des cas, ils la consomment aussi.<\/h6>\n\t\t\t\t\t<\/div>\n\t\t\t\t\t\t\t\t\t\t\t<\/div>\n\t\t<\/div>\n\t<\/div>\n<\/div>\n\n\n\n<div class=\"wp-block-columns is-layout-flex wp-container-core-columns-is-layout-9d6595d7 wp-block-columns-is-layout-flex\">\n<div class=\"wp-block-column is-layout-flow wp-block-column-is-layout-flow\" style=\"flex-basis:62%\">\n<p>En raison de leur profond sentiment d\u2019appartenance \u00e0 leur collectivit\u00e9, de nombreux employ\u00e9s de l\u2019AOE choisissent de soutenir des initiatives et \u00e9v\u00e9nements locaux, par exemple en organisant des campagnes de collecte d\u2019aliments, en aidant des familles pendant les f\u00eates, en faisant visiter des installations, en participant aux festivals de l\u2019eau et en faisant don d\u2019argent et de connaissances pour aider les colonies locales et stations de ski \u00e0 moderniser leurs syst\u00e8mes d\u2019approvisionnement en eau. L\u2019AOE participe aussi fi\u00e8rement aux campagnes de nettoyage du rivage dans la province.<\/p>\n<\/div>\n<\/div>\n\n\n<div id=\"info-boxes-block_2fbcd7028eb2467d6b9e79c628cb21f5\" class=\"info-boxes alignfull \" style=\"background-color:#eaf9fc;\">\n\t\t\t<div class=\"info-boxes-wrapper\" data-equalizer data-equalize-on=\"medium\">\n\t\t\t\t\t\t\t<div class=\"info-box\" data-aos=\"fade-up\" data-aos-duration=\"1000\" data-aos-anchor-placement=\"center-bottom\">\n\t\t\t\t\t<div class=\"info-box-inner\" data-equalizer-watch>\n\t\t\t\t\t\t<h3>Programme de sensibilisation OneWater\u00ae de l\u2019AOE<\/h3>\n\t\t\t\t\t\t<div class=\"description\">\n\t\t\t\t\t\t\t<p>Le Programme de sensibilisation OneWater enseigne aux \u00e9l\u00e8ves la valeur de l\u2019eau et le fonctionnement des syst\u00e8mes de traitement de l\u2019eau et des eaux us\u00e9es dans leur collectivit\u00e9.<\/p>\n\t\t\t\t\t\t<\/div>\n\t\t\t\t\t<\/div>\n\t\t\t\t\t<a href=\"https:\/\/www.ocwa.com\/fr\/programme-de-sensibilisation-onewater-de-laoe\/\" class=\"button dark\">Informez-vous<\/a>\t\t\t\t<\/div>\n\t\t\t\t\t\t\t<div class=\"info-box\" data-aos=\"fade-up\" data-aos-duration=\"1000\" data-aos-anchor-placement=\"center-bottom\">\n\t\t\t\t\t<div class=\"info-box-inner\" data-equalizer-watch>\n\t\t\t\t\t\t<h3>I Don\u2019t Flush<\/h3>\n\t\t\t\t\t\t<div class=\"description\">\n\t\t\t\t\t\t\t<p>La campagne de sensibilisation \u00ab\u00a0<em>I Don\u2019t Flush<\/em>\u00a0\u00bb encourage le public \u00e0 se d\u00e9barrasser des articles de m\u00e9nage selon des m\u00e9thodes s\u00fbres au lieu de les jeter dans la toilette.<\/p>\n\t\t\t\t\t\t<\/div>\n\t\t\t\t\t<\/div>\n\t\t\t\t\t<a href=\"https:\/\/www.ocwa.com\/fr\/i-dont-flush\/\" class=\"button dark\">Informez-vous<\/a>\t\t\t\t<\/div>\n\t\t\t\t\t<\/div>\n\t<\/div>\n","protected":false},"excerpt":{"rendered":"<p>Les employ\u00e9s de l\u2019AOE vivent et travaillent dans leurs collectivit\u00e9s. Ils choisissent de participer aux initiatives et \u00e9v\u00e9nements locaux, comme le nettoyage du rivage, les visites d\u2019installations locales et la pr\u00e9sence aux festivals de l\u2019eau. <\/p>\n","protected":false},"author":1,"featured_media":2230,"parent":1891,"menu_order":0,"comment_status":"closed","ping_status":"closed","template":"page-details.php","meta":{"_acf_changed":false,"footnotes":""},"class_list":["post-1851","page","type-page","status-publish","has-post-thumbnail","hentry"],"acf":[],"yoast_head":"<!-- This site is optimized with the Yoast SEO plugin v27.4 - https:\/\/yoast.com\/product\/yoast-seo-wordpress\/ -->\n<title>Aider les collectivit\u00e9s - OCWA<\/title>\n<meta name=\"robots\" content=\"index, follow, max-snippet:-1, max-image-preview:large, max-video-preview:-1\" \/>\n<link rel=\"canonical\" href=\"https:\/\/www.ocwa.com\/fr\/laoe-au-sein-de-la-collectivite\/aider-les-collectivites\/\" \/>\n<meta property=\"og:locale\" content=\"fr_FR\" \/>\n<meta property=\"og:type\" content=\"article\" \/>\n<meta property=\"og:title\" content=\"Aider les collectivit\u00e9s - OCWA\" \/>\n<meta property=\"og:description\" content=\"Les employ\u00e9s de l\u2019AOE vivent et travaillent dans leurs collectivit\u00e9s. Ils choisissent de participer aux initiatives et \u00e9v\u00e9nements locaux, comme le nettoyage du rivage, les visites d\u2019installations locales et la pr\u00e9sence aux festivals de l\u2019eau.\" \/>\n<meta property=\"og:url\" content=\"https:\/\/www.ocwa.com\/fr\/laoe-au-sein-de-la-collectivite\/aider-les-collectivites\/\" \/>\n<meta property=\"og:site_name\" content=\"OCWA\" \/>\n<meta property=\"article:modified_time\" content=\"2024-02-29T20:29:14+00:00\" \/>\n<meta property=\"og:image\" content=\"https:\/\/www.ocwa.com\/wp-content\/uploads\/2024\/01\/FIRST-CHOICE-Food-Bank-Flows-121319.jpg\" \/>\n\t<meta property=\"og:image:width\" content=\"2000\" \/>\n\t<meta property=\"og:image:height\" content=\"1500\" \/>\n\t<meta property=\"og:image:type\" content=\"image\/jpeg\" \/>\n<meta name=\"twitter:card\" content=\"summary_large_image\" \/>\n<meta name=\"twitter:label1\" content=\"Dur\u00e9e de lecture estim\u00e9e\" \/>\n\t<meta name=\"twitter:data1\" content=\"1 minute\" \/>\n<script type=\"application\/ld+json\" class=\"yoast-schema-graph\">{\"@context\":\"https:\\\/\\\/schema.org\",\"@graph\":[{\"@type\":\"WebPage\",\"@id\":\"https:\\\/\\\/www.ocwa.com\\\/fr\\\/laoe-au-sein-de-la-collectivite\\\/aider-les-collectivites\\\/\",\"url\":\"https:\\\/\\\/www.ocwa.com\\\/fr\\\/laoe-au-sein-de-la-collectivite\\\/aider-les-collectivites\\\/\",\"name\":\"Aider les collectivit\u00e9s - OCWA\",\"isPartOf\":{\"@id\":\"https:\\\/\\\/www.ocwa.com\\\/fr\\\/#website\"},\"primaryImageOfPage\":{\"@id\":\"https:\\\/\\\/www.ocwa.com\\\/fr\\\/laoe-au-sein-de-la-collectivite\\\/aider-les-collectivites\\\/#primaryimage\"},\"image\":{\"@id\":\"https:\\\/\\\/www.ocwa.com\\\/fr\\\/laoe-au-sein-de-la-collectivite\\\/aider-les-collectivites\\\/#primaryimage\"},\"thumbnailUrl\":\"https:\\\/\\\/www.ocwa.com\\\/wp-content\\\/uploads\\\/2024\\\/01\\\/FIRST-CHOICE-Food-Bank-Flows-121319.jpg\",\"datePublished\":\"2023-12-13T20:31:51+00:00\",\"dateModified\":\"2024-02-29T20:29:14+00:00\",\"breadcrumb\":{\"@id\":\"https:\\\/\\\/www.ocwa.com\\\/fr\\\/laoe-au-sein-de-la-collectivite\\\/aider-les-collectivites\\\/#breadcrumb\"},\"inLanguage\":\"fr-FR\",\"potentialAction\":[{\"@type\":\"ReadAction\",\"target\":[\"https:\\\/\\\/www.ocwa.com\\\/fr\\\/laoe-au-sein-de-la-collectivite\\\/aider-les-collectivites\\\/\"]}]},{\"@type\":\"ImageObject\",\"inLanguage\":\"fr-FR\",\"@id\":\"https:\\\/\\\/www.ocwa.com\\\/fr\\\/laoe-au-sein-de-la-collectivite\\\/aider-les-collectivites\\\/#primaryimage\",\"url\":\"https:\\\/\\\/www.ocwa.com\\\/wp-content\\\/uploads\\\/2024\\\/01\\\/FIRST-CHOICE-Food-Bank-Flows-121319.jpg\",\"contentUrl\":\"https:\\\/\\\/www.ocwa.com\\\/wp-content\\\/uploads\\\/2024\\\/01\\\/FIRST-CHOICE-Food-Bank-Flows-121319.jpg\",\"width\":2000,\"height\":1500,\"caption\":\"Quatre employ\u00e9s de l\u2019AOE, dont l\u2019une portant son \u00e9quipement de protection, se tiennent debout derri\u00e8re une table contenant des dons d\u2019aliments.\"},{\"@type\":\"BreadcrumbList\",\"@id\":\"https:\\\/\\\/www.ocwa.com\\\/fr\\\/laoe-au-sein-de-la-collectivite\\\/aider-les-collectivites\\\/#breadcrumb\",\"itemListElement\":[{\"@type\":\"ListItem\",\"position\":1,\"name\":\"Home\",\"item\":\"https:\\\/\\\/www.ocwa.com\\\/fr\\\/\"},{\"@type\":\"ListItem\",\"position\":2,\"name\":\"L\u2019AOE au sein de la collectivit\u00e9\",\"item\":\"https:\\\/\\\/www.ocwa.com\\\/fr\\\/laoe-au-sein-de-la-collectivite\\\/\"},{\"@type\":\"ListItem\",\"position\":3,\"name\":\"Aider les collectivit\u00e9s\"}]},{\"@type\":\"WebSite\",\"@id\":\"https:\\\/\\\/www.ocwa.com\\\/fr\\\/#website\",\"url\":\"https:\\\/\\\/www.ocwa.com\\\/fr\\\/\",\"name\":\"OCWA\",\"description\":\"Just another WordPress site\",\"potentialAction\":[{\"@type\":\"SearchAction\",\"target\":{\"@type\":\"EntryPoint\",\"urlTemplate\":\"https:\\\/\\\/www.ocwa.com\\\/fr\\\/?s={search_term_string}\"},\"query-input\":{\"@type\":\"PropertyValueSpecification\",\"valueRequired\":true,\"valueName\":\"search_term_string\"}}],\"inLanguage\":\"fr-FR\"}]}<\/script>\n<!-- \/ Yoast SEO plugin. -->","yoast_head_json":{"title":"Aider les collectivit\u00e9s - OCWA","robots":{"index":"index","follow":"follow","max-snippet":"max-snippet:-1","max-image-preview":"max-image-preview:large","max-video-preview":"max-video-preview:-1"},"canonical":"https:\/\/www.ocwa.com\/fr\/laoe-au-sein-de-la-collectivite\/aider-les-collectivites\/","og_locale":"fr_FR","og_type":"article","og_title":"Aider les collectivit\u00e9s - OCWA","og_description":"Les employ\u00e9s de l\u2019AOE vivent et travaillent dans leurs collectivit\u00e9s. Ils choisissent de participer aux initiatives et \u00e9v\u00e9nements locaux, comme le nettoyage du rivage, les visites d\u2019installations locales et la pr\u00e9sence aux festivals de l\u2019eau.","og_url":"https:\/\/www.ocwa.com\/fr\/laoe-au-sein-de-la-collectivite\/aider-les-collectivites\/","og_site_name":"OCWA","article_modified_time":"2024-02-29T20:29:14+00:00","og_image":[{"width":2000,"height":1500,"url":"https:\/\/www.ocwa.com\/wp-content\/uploads\/2024\/01\/FIRST-CHOICE-Food-Bank-Flows-121319.jpg","type":"image\/jpeg"}],"twitter_card":"summary_large_image","twitter_misc":{"Dur\u00e9e de lecture estim\u00e9e":"1 minute"},"schema":{"@context":"https:\/\/schema.org","@graph":[{"@type":"WebPage","@id":"https:\/\/www.ocwa.com\/fr\/laoe-au-sein-de-la-collectivite\/aider-les-collectivites\/","url":"https:\/\/www.ocwa.com\/fr\/laoe-au-sein-de-la-collectivite\/aider-les-collectivites\/","name":"Aider les collectivit\u00e9s - OCWA","isPartOf":{"@id":"https:\/\/www.ocwa.com\/fr\/#website"},"primaryImageOfPage":{"@id":"https:\/\/www.ocwa.com\/fr\/laoe-au-sein-de-la-collectivite\/aider-les-collectivites\/#primaryimage"},"image":{"@id":"https:\/\/www.ocwa.com\/fr\/laoe-au-sein-de-la-collectivite\/aider-les-collectivites\/#primaryimage"},"thumbnailUrl":"https:\/\/www.ocwa.com\/wp-content\/uploads\/2024\/01\/FIRST-CHOICE-Food-Bank-Flows-121319.jpg","datePublished":"2023-12-13T20:31:51+00:00","dateModified":"2024-02-29T20:29:14+00:00","breadcrumb":{"@id":"https:\/\/www.ocwa.com\/fr\/laoe-au-sein-de-la-collectivite\/aider-les-collectivites\/#breadcrumb"},"inLanguage":"fr-FR","potentialAction":[{"@type":"ReadAction","target":["https:\/\/www.ocwa.com\/fr\/laoe-au-sein-de-la-collectivite\/aider-les-collectivites\/"]}]},{"@type":"ImageObject","inLanguage":"fr-FR","@id":"https:\/\/www.ocwa.com\/fr\/laoe-au-sein-de-la-collectivite\/aider-les-collectivites\/#primaryimage","url":"https:\/\/www.ocwa.com\/wp-content\/uploads\/2024\/01\/FIRST-CHOICE-Food-Bank-Flows-121319.jpg","contentUrl":"https:\/\/www.ocwa.com\/wp-content\/uploads\/2024\/01\/FIRST-CHOICE-Food-Bank-Flows-121319.jpg","width":2000,"height":1500,"caption":"Quatre employ\u00e9s de l\u2019AOE, dont l\u2019une portant son \u00e9quipement de protection, se tiennent debout derri\u00e8re une table contenant des dons d\u2019aliments."},{"@type":"BreadcrumbList","@id":"https:\/\/www.ocwa.com\/fr\/laoe-au-sein-de-la-collectivite\/aider-les-collectivites\/#breadcrumb","itemListElement":[{"@type":"ListItem","position":1,"name":"Home","item":"https:\/\/www.ocwa.com\/fr\/"},{"@type":"ListItem","position":2,"name":"L\u2019AOE au sein de la collectivit\u00e9","item":"https:\/\/www.ocwa.com\/fr\/laoe-au-sein-de-la-collectivite\/"},{"@type":"ListItem","position":3,"name":"Aider les collectivit\u00e9s"}]},{"@type":"WebSite","@id":"https:\/\/www.ocwa.com\/fr\/#website","url":"https:\/\/www.ocwa.com\/fr\/","name":"OCWA","description":"Just another WordPress site","potentialAction":[{"@type":"SearchAction","target":{"@type":"EntryPoint","urlTemplate":"https:\/\/www.ocwa.com\/fr\/?s={search_term_string}"},"query-input":{"@type":"PropertyValueSpecification","valueRequired":true,"valueName":"search_term_string"}}],"inLanguage":"fr-FR"}]}},"_links":{"self":[{"href":"https:\/\/www.ocwa.com\/fr\/wp-json\/wp\/v2\/pages\/1851","targetHints":{"allow":["GET"]}}],"collection":[{"href":"https:\/\/www.ocwa.com\/fr\/wp-json\/wp\/v2\/pages"}],"about":[{"href":"https:\/\/www.ocwa.com\/fr\/wp-json\/wp\/v2\/types\/page"}],"author":[{"embeddable":true,"href":"https:\/\/www.ocwa.com\/fr\/wp-json\/wp\/v2\/users\/1"}],"replies":[{"embeddable":true,"href":"https:\/\/www.ocwa.com\/fr\/wp-json\/wp\/v2\/comments?post=1851"}],"version-history":[{"count":13,"href":"https:\/\/www.ocwa.com\/fr\/wp-json\/wp\/v2\/pages\/1851\/revisions"}],"predecessor-version":[{"id":2979,"href":"https:\/\/www.ocwa.com\/fr\/wp-json\/wp\/v2\/pages\/1851\/revisions\/2979"}],"up":[{"embeddable":true,"href":"https:\/\/www.ocwa.com\/fr\/wp-json\/wp\/v2\/pages\/1891"}],"wp:featuredmedia":[{"embeddable":true,"href":"https:\/\/www.ocwa.com\/fr\/wp-json\/wp\/v2\/media\/2230"}],"wp:attachment":[{"href":"https:\/\/www.ocwa.com\/fr\/wp-json\/wp\/v2\/media?parent=1851"}],"curies":[{"name":"wp","href":"https:\/\/api.w.org\/{rel}","templated":true}]}}