{"id":1840,"date":"2023-12-14T09:15:32","date_gmt":"2023-12-14T14:15:32","guid":{"rendered":"https:\/\/www.ocwa.com\/job-opportunities\/"},"modified":"2026-02-27T11:50:41","modified_gmt":"2026-02-27T16:50:41","slug":"possibilites-demploi","status":"publish","type":"page","link":"https:\/\/www.ocwa.com\/fr\/joignez-vous-a-laoe\/possibilites-demploi\/","title":{"rendered":"Possibilit\u00e9s D\u2019emploi"},"content":{"rendered":"<div id=\"page-intro-block_fb5f050c4ec7e030e0ffc7f9d94a4d4f\" class=\"page-intro alignfull \">\n\t<div class=\"block-inner\">\n\t\t\t\t\t<div class=\"breadcrumbs\">\n\t\t\t\t<span><span><a href=\"https:\/\/www.ocwa.com\/fr\/\">Home<\/a><\/span><\/span>\t\t\t<\/div>\n\t\t\t\t<div class=\"block-intro-content\">\n\t\t\t\t\t\t\t<div class=\"block-image\">\n\t\t\t\t\t<img loading=\"lazy\" decoding=\"async\" width=\"768\" height=\"512\" src=\"https:\/\/www.ocwa.com\/wp-content\/uploads\/2025\/06\/OCWA_LAB_0590_2000px-768x512.jpg\" class=\"attachment-box-image size-box-image\" alt=\"\" srcset=\"https:\/\/www.ocwa.com\/wp-content\/uploads\/2025\/06\/OCWA_LAB_0590_2000px-768x512.jpg 768w, https:\/\/www.ocwa.com\/wp-content\/uploads\/2025\/06\/OCWA_LAB_0590_2000px-300x200.jpg 300w, https:\/\/www.ocwa.com\/wp-content\/uploads\/2025\/06\/OCWA_LAB_0590_2000px-1024x682.jpg 1024w, https:\/\/www.ocwa.com\/wp-content\/uploads\/2025\/06\/OCWA_LAB_0590_2000px-1536x1024.jpg 1536w, https:\/\/www.ocwa.com\/wp-content\/uploads\/2025\/06\/OCWA_LAB_0590_2000px-400x267.jpg 400w, https:\/\/www.ocwa.com\/wp-content\/uploads\/2025\/06\/OCWA_LAB_0590_2000px.jpg 2000w\" sizes=\"auto, (max-width: 768px) 100vw, 768px\" \/>\t\t\t\t<\/div>\n\t\t\t\t\t\t<div class=\"block-text\">\n\t\t\t\t<h1 class=\"with-wave\">Possibilit\u00e9s D\u2019emploi<\/h1>\n\t\t\t\t\t\t\t\t\t<div class=\"block-description\">\n\t\t\t\t\t\t<h6>Rejoignez notre \u00e9quipe de personnes remarquables qui accomplissent un travail extraordinaire<\/h6>\n\t\t\t\t\t<\/div>\n\t\t\t\t\t\t\t\t\t\t\t<\/div>\n\t\t<\/div>\n\t<\/div>\n<\/div>\n\n\n\n<div class=\"wp-block-columns is-layout-flex wp-container-core-columns-is-layout-9d6595d7 wp-block-columns-is-layout-flex\">\n<div class=\"wp-block-column is-layout-flow wp-block-column-is-layout-flow\" style=\"flex-basis:66.66%\">\n<p>La plupart des postes permanents, \u00e0 temps plein ou \u00e0 temps partiel, sont pourvus par concours. Les offres d&#8217;emploi de l&rsquo;AOE sont publi\u00e9es sur <a href=\"https:\/\/ocwa.wd10.myworkdayjobs.com\/fr-CA\/External\" target=\"_blank\" rel=\"noreferrer noopener\">Workday <\/a>et sont \u00e9galement disponibles en anglais et en fran\u00e7ais sur <a href=\"https:\/\/www.gojobs.gov.on.ca\/Search.aspx?Language=French\" target=\"_blank\" rel=\"noreferrer noopener\">www.gojobs.gov.on.ca<\/a>.<\/p>\n\n\n\n<p>Lors de votre candidature, veuillez porter une attention particuli\u00e8re aux exigences du poste ainsi qu&rsquo;\u00e0 la date limite de d\u00e9p\u00f4t des candidatures. Apr\u00e8s avoir postul\u00e9 via Workday, les candidats qualifi\u00e9s seront \u00e9valu\u00e9s et contact\u00e9s pour un \u00e9ventuel entretien.<\/p>\n\n\n\n<p>Pour plus de renseignements sur le processus d\u2019embauche de la fonction publique de l\u2019Ontario, pour conna\u00eetre les lignes directrices sur la pr\u00e9paration d\u2019un curriculum vitae et d\u00e9couvrir quelques astuces relatives \u00e0 l\u2019entrevue, visitez le\u00a0:\u00a0<a href=\"https:\/\/www.ontario.ca\/fr\/page\/carrieres-processus-dembauche\" target=\"_blank\" rel=\"noreferrer noopener\">https:\/\/www.ontario.ca\/fr\/page\/carrieres-processus-dembauche<\/a>.<\/p>\n\n\n\n<p class=\"has-text-align-center\"><strong>Donner aux employ\u00e9s les moyens d&rsquo;atteindre leur plein potentiel professionnel gr\u00e2ce \u00e0 un travail valorisant, des opportunit\u00e9s de d\u00e9veloppement et une reconnaissance.<\/strong><\/p>\n<\/div>\n\n\n\n<div class=\"wp-block-column is-layout-flow wp-block-column-is-layout-flow\" style=\"flex-basis:33.33%\"><div id=\"twitter-block-block_14d2493c79b37739e720baf196982c2c\" class=\"twitter-block  hide-for-small-only\">\n\t<div class=\"block-wrapper\">\n\t\t<div class=\"twitter-wrapper\">\n\t\t\t<div class=\"twitter-icon\">\n\t\t\t\t<i class=\"icon icon-twitter\"><\/i>\n\t\t\t<\/div>\n\t\t\t<div class=\"tweets\">\n\t\t\t\t\t\t\t\t\t<div class=\"tweet\">\n\t\t\t\t\t\t<div class=\"tweet-name\">\n\t\t\t\t\t\t\t<span class=\"name\">OCWA<\/span>\n\t\t\t\t\t\t\t<span class=\"screen-name\">@OCWAnews<\/span>\n\t\t\t\t\t\t\t<span>&#8211; April 21<\/span>\n\t\t\t\t\t\t<\/div>\n\t\t\t\t\t\t<div class=\"tweet-text\">\n\t\t\t\t\t\t\tA career at OCWA is waiting for you! Join our team as a Water &amp;  Wastewater Operator in Little Britain and Belleville. Apply today!\n<a  target=\"_blank\" href=\"https:\/\/t.co\/NAQGK9r4gS\">t.co\/NAQGK9r4gS<\/a> \t\t\t\t\t\t<\/div>\n\t\t\t\t\t<\/div>\n\t\t\t\t\t\t\t\t\t<div class=\"tweet\">\n\t\t\t\t\t\t<div class=\"tweet-name\">\n\t\t\t\t\t\t\t<span class=\"name\">OCWA<\/span>\n\t\t\t\t\t\t\t<span class=\"screen-name\">@OCWAnews<\/span>\n\t\t\t\t\t\t\t<span>&#8211; April 21<\/span>\n\t\t\t\t\t\t<\/div>\n\t\t\t\t\t\t<div class=\"tweet-text\">\n\t\t\t\t\t\t\tUne carri\u00e8re \u00e0 l&rsquo;AOE vous attend ! Rejoignez notre \u00e9quipe en tant qu&rsquo;op\u00e9rateur(trice) de traitement des eaux et des eaux us\u00e9es \u00e0 Little Britain et Belleville. Postulez d\u00e8s aujourd&rsquo;hui !\n<a  target=\"_blank\" href=\"https:\/\/t.co\/gRz0FxUDKp\">t.co\/gRz0FxUDKp<\/a> \t\t\t\t\t\t<\/div>\n\t\t\t\t\t<\/div>\n\t\t\t\t\t\t\t\t\t<div class=\"tweet\">\n\t\t\t\t\t\t<div class=\"tweet-name\">\n\t\t\t\t\t\t\t<span class=\"name\">OCWA<\/span>\n\t\t\t\t\t\t\t<span class=\"screen-name\">@OCWAnews<\/span>\n\t\t\t\t\t\t\t<span>&#8211; April 15<\/span>\n\t\t\t\t\t\t<\/div>\n\t\t\t\t\t\t<div class=\"tweet-text\">\n\t\t\t\t\t\t\tWater is our business and our passion. It can be yours too.  A career at OCWA is waiting for you! Apply today:\n\n\ud83d\udca7Water &amp; Wastewater Operator &#8211; Haileybury\n\ud83d\udca7Electrician Technician &#8211; South Peel\n\n<a  target=\"_blank\" href=\"https:\/\/t.co\/NAQGK9r4gS\">t.co\/NAQGK9r4gS<\/a> \t\t\t\t\t\t<\/div>\n\t\t\t\t\t<\/div>\n\t\t\t\t\t\t\t<\/div>\n\t\t<\/div>\n\n\t<\/div>\n<\/div>\n\n<\/div>\n<\/div>\n\n\n\n<div class=\"wp-block-buttons is-content-justification-center is-layout-flex wp-container-core-buttons-is-layout-16018d1d wp-block-buttons-is-layout-flex\">\n<div class=\"wp-block-button\"><a class=\"wp-block-button__link has-text-align-center wp-element-button\" href=\"https:\/\/ocwa.wd10.myworkdayjobs.com\/fr-CA\/External\" target=\"_blank\" rel=\"noreferrer noopener\">Voir les offres d\u2019emploi ici<\/a><\/div>\n<\/div>\n\n\n<div id=\"twitter-block-block_fe53d16807cc00bb08f453084e8a5cb8\" class=\"twitter-block  show-for-small-only\">\n\t<div class=\"block-wrapper\">\n\t\t<div class=\"twitter-wrapper\">\n\t\t\t<div class=\"twitter-icon\">\n\t\t\t\t<i class=\"icon icon-twitter\"><\/i>\n\t\t\t<\/div>\n\t\t\t<div class=\"tweets\">\n\t\t\t\t\t\t\t\t\t<div class=\"tweet\">\n\t\t\t\t\t\t<div class=\"tweet-name\">\n\t\t\t\t\t\t\t<span class=\"name\">OCWA<\/span>\n\t\t\t\t\t\t\t<span class=\"screen-name\">@OCWAnews<\/span>\n\t\t\t\t\t\t\t<span>&#8211; April 21<\/span>\n\t\t\t\t\t\t<\/div>\n\t\t\t\t\t\t<div class=\"tweet-text\">\n\t\t\t\t\t\t\tA career at OCWA is waiting for you! Join our team as a Water &amp;  Wastewater Operator in Little Britain and Belleville. Apply today!\n<a  target=\"_blank\" href=\"https:\/\/t.co\/NAQGK9r4gS\">t.co\/NAQGK9r4gS<\/a> \t\t\t\t\t\t<\/div>\n\t\t\t\t\t<\/div>\n\t\t\t\t\t\t\t\t\t<div class=\"tweet\">\n\t\t\t\t\t\t<div class=\"tweet-name\">\n\t\t\t\t\t\t\t<span class=\"name\">OCWA<\/span>\n\t\t\t\t\t\t\t<span class=\"screen-name\">@OCWAnews<\/span>\n\t\t\t\t\t\t\t<span>&#8211; April 21<\/span>\n\t\t\t\t\t\t<\/div>\n\t\t\t\t\t\t<div class=\"tweet-text\">\n\t\t\t\t\t\t\tUne carri\u00e8re \u00e0 l&rsquo;AOE vous attend ! Rejoignez notre \u00e9quipe en tant qu&rsquo;op\u00e9rateur(trice) de traitement des eaux et des eaux us\u00e9es \u00e0 Little Britain et Belleville. Postulez d\u00e8s aujourd&rsquo;hui !\n<a  target=\"_blank\" href=\"https:\/\/t.co\/gRz0FxUDKp\">t.co\/gRz0FxUDKp<\/a> \t\t\t\t\t\t<\/div>\n\t\t\t\t\t<\/div>\n\t\t\t\t\t\t\t\t\t<div class=\"tweet\">\n\t\t\t\t\t\t<div class=\"tweet-name\">\n\t\t\t\t\t\t\t<span class=\"name\">OCWA<\/span>\n\t\t\t\t\t\t\t<span class=\"screen-name\">@OCWAnews<\/span>\n\t\t\t\t\t\t\t<span>&#8211; April 15<\/span>\n\t\t\t\t\t\t<\/div>\n\t\t\t\t\t\t<div class=\"tweet-text\">\n\t\t\t\t\t\t\tWater is our business and our passion. It can be yours too.  A career at OCWA is waiting for you! Apply today:\n\n\ud83d\udca7Water &amp; Wastewater Operator &#8211; Haileybury\n\ud83d\udca7Electrician Technician &#8211; South Peel\n\n<a  target=\"_blank\" href=\"https:\/\/t.co\/NAQGK9r4gS\">t.co\/NAQGK9r4gS<\/a> \t\t\t\t\t\t<\/div>\n\t\t\t\t\t<\/div>\n\t\t\t\t\t\t\t<\/div>\n\t\t<\/div>\n\n\t<\/div>\n<\/div>\n\n\n\n<div id=\"info-boxes-block_31267c248a3612761c62d0e4b661a6c1\" class=\"info-boxes alignfull \" style=\"background-color:#ffffff;\">\n\t\t\t<div class=\"info-boxes-wrapper\" data-equalizer data-equalize-on=\"medium\">\n\t\t\t\t\t\t\t<div class=\"info-box\" data-aos=\"fade-up\" data-aos-duration=\"1000\" data-aos-anchor-placement=\"center-bottom\">\n\t\t\t\t\t<div class=\"info-box-inner\" data-equalizer-watch>\n\t\t\t\t\t\t<h3>Notre personnel<\/h3>\n\t\t\t\t\t\t<div class=\"description\">\n\t\t\t\t\t\t\t<p>Nos employ\u00e9s sont notre force! Leur d\u00e9vouement et leur passion pour ce qu\u2019ils font chaque jour dans les collectivit\u00e9s qu\u2019ils servent nous permettent de nous d\u00e9marquer comme le chef de file de l\u2019approvisionnement en eau et du traitement des eaux us\u00e9es en Ontario. Nous vous en pr\u00e9sentons quelques-uns.<\/p>\n\t\t\t\t\t\t<\/div>\n\t\t\t\t\t<\/div>\n\t\t\t\t\t<a href=\"https:\/\/www.ocwa.com\/fr\/notre-personnel\/\" class=\"button dark\">Informez-vous<\/a>\t\t\t\t<\/div>\n\t\t\t\t\t\t\t<div class=\"info-box\" data-aos=\"fade-up\" data-aos-duration=\"1000\" data-aos-anchor-placement=\"center-bottom\">\n\t\t\t\t\t<div class=\"info-box-inner\" data-equalizer-watch>\n\t\t\t\t\t\t<h3>Pourquoi choisir l\u2019AOE<\/h3>\n\t\t\t\t\t\t<div class=\"description\">\n\t\t\t\t\t\t\t<p>La formation continue, les possibilit\u00e9s d\u2019avancement et des milieux de travail stimulants et valorisants font de l\u2019AOE un employeur de choix pour quiconque envisage une carri\u00e8re dans le secteur de l\u2019approvisionnement en eau et du traitement des eaux us\u00e9es.<\/p>\n\t\t\t\t\t\t<\/div>\n\t\t\t\t\t<\/div>\n\t\t\t\t\t<a href=\"https:\/\/www.ocwa.com\/fr\/pourquoi-choisir-laoe\/\" class=\"button dark\">Informez-vous<\/a>\t\t\t\t<\/div>\n\t\t\t\t\t<\/div>\n\t<\/div>\n","protected":false},"excerpt":{"rendered":"<p>Faites partie d\u2019une organisation form\u00e9e de gens exceptionnels qui s\u2019encouragent mutuellement chaque jour \u00e0 d\u00e9passer les attentes. Postulez aujourd\u2019hui!<\/p>\n","protected":false},"author":1,"featured_media":4845,"parent":1834,"menu_order":0,"comment_status":"closed","ping_status":"closed","template":"","meta":{"_acf_changed":false,"footnotes":""},"class_list":["post-1840","page","type-page","status-publish","has-post-thumbnail","hentry"],"acf":[],"yoast_head":"<!-- This site is optimized with the Yoast SEO plugin v27.4 - https:\/\/yoast.com\/product\/yoast-seo-wordpress\/ -->\n<title>Possibilit\u00e9s D\u2019emploi - OCWA<\/title>\n<meta name=\"robots\" content=\"index, follow, max-snippet:-1, max-image-preview:large, max-video-preview:-1\" \/>\n<link rel=\"canonical\" href=\"https:\/\/www.ocwa.com\/fr\/joignez-vous-a-laoe\/possibilites-demploi\/\" \/>\n<meta property=\"og:locale\" content=\"fr_FR\" \/>\n<meta property=\"og:type\" content=\"article\" \/>\n<meta property=\"og:title\" content=\"Possibilit\u00e9s D\u2019emploi - OCWA\" \/>\n<meta property=\"og:description\" content=\"Faites partie d\u2019une organisation form\u00e9e de gens exceptionnels qui s\u2019encouragent mutuellement chaque jour \u00e0 d\u00e9passer les attentes. Postulez aujourd\u2019hui!\" \/>\n<meta property=\"og:url\" content=\"https:\/\/www.ocwa.com\/fr\/joignez-vous-a-laoe\/possibilites-demploi\/\" \/>\n<meta property=\"og:site_name\" content=\"OCWA\" \/>\n<meta property=\"article:modified_time\" content=\"2026-02-27T16:50:41+00:00\" \/>\n<meta property=\"og:image\" content=\"https:\/\/www.ocwa.com\/wp-content\/uploads\/2025\/06\/OCWA_LAB_0590_2000px.jpg\" \/>\n\t<meta property=\"og:image:width\" content=\"2000\" \/>\n\t<meta property=\"og:image:height\" content=\"1333\" \/>\n\t<meta property=\"og:image:type\" content=\"image\/jpeg\" \/>\n<meta name=\"twitter:card\" content=\"summary_large_image\" \/>\n<meta name=\"twitter:label1\" content=\"Dur\u00e9e de lecture estim\u00e9e\" \/>\n\t<meta name=\"twitter:data1\" content=\"1 minute\" \/>\n<script type=\"application\/ld+json\" class=\"yoast-schema-graph\">{\"@context\":\"https:\\\/\\\/schema.org\",\"@graph\":[{\"@type\":\"WebPage\",\"@id\":\"https:\\\/\\\/www.ocwa.com\\\/fr\\\/joignez-vous-a-laoe\\\/possibilites-demploi\\\/\",\"url\":\"https:\\\/\\\/www.ocwa.com\\\/fr\\\/joignez-vous-a-laoe\\\/possibilites-demploi\\\/\",\"name\":\"Possibilit\u00e9s D\u2019emploi - OCWA\",\"isPartOf\":{\"@id\":\"https:\\\/\\\/www.ocwa.com\\\/fr\\\/#website\"},\"primaryImageOfPage\":{\"@id\":\"https:\\\/\\\/www.ocwa.com\\\/fr\\\/joignez-vous-a-laoe\\\/possibilites-demploi\\\/#primaryimage\"},\"image\":{\"@id\":\"https:\\\/\\\/www.ocwa.com\\\/fr\\\/joignez-vous-a-laoe\\\/possibilites-demploi\\\/#primaryimage\"},\"thumbnailUrl\":\"https:\\\/\\\/www.ocwa.com\\\/wp-content\\\/uploads\\\/2025\\\/06\\\/OCWA_LAB_0590_2000px.jpg\",\"datePublished\":\"2023-12-14T14:15:32+00:00\",\"dateModified\":\"2026-02-27T16:50:41+00:00\",\"breadcrumb\":{\"@id\":\"https:\\\/\\\/www.ocwa.com\\\/fr\\\/joignez-vous-a-laoe\\\/possibilites-demploi\\\/#breadcrumb\"},\"inLanguage\":\"fr-FR\",\"potentialAction\":[{\"@type\":\"ReadAction\",\"target\":[\"https:\\\/\\\/www.ocwa.com\\\/fr\\\/joignez-vous-a-laoe\\\/possibilites-demploi\\\/\"]}]},{\"@type\":\"ImageObject\",\"inLanguage\":\"fr-FR\",\"@id\":\"https:\\\/\\\/www.ocwa.com\\\/fr\\\/joignez-vous-a-laoe\\\/possibilites-demploi\\\/#primaryimage\",\"url\":\"https:\\\/\\\/www.ocwa.com\\\/wp-content\\\/uploads\\\/2025\\\/06\\\/OCWA_LAB_0590_2000px.jpg\",\"contentUrl\":\"https:\\\/\\\/www.ocwa.com\\\/wp-content\\\/uploads\\\/2025\\\/06\\\/OCWA_LAB_0590_2000px.jpg\",\"width\":2000,\"height\":1333},{\"@type\":\"BreadcrumbList\",\"@id\":\"https:\\\/\\\/www.ocwa.com\\\/fr\\\/joignez-vous-a-laoe\\\/possibilites-demploi\\\/#breadcrumb\",\"itemListElement\":[{\"@type\":\"ListItem\",\"position\":1,\"name\":\"Home\",\"item\":\"https:\\\/\\\/www.ocwa.com\\\/fr\\\/\"},{\"@type\":\"ListItem\",\"position\":2,\"name\":\"Joignez-vous \u00e0 l\u2019AOE\",\"item\":\"https:\\\/\\\/www.ocwa.com\\\/fr\\\/joignez-vous-a-laoe\\\/\"},{\"@type\":\"ListItem\",\"position\":3,\"name\":\"Possibilit\u00e9s D\u2019emploi\"}]},{\"@type\":\"WebSite\",\"@id\":\"https:\\\/\\\/www.ocwa.com\\\/fr\\\/#website\",\"url\":\"https:\\\/\\\/www.ocwa.com\\\/fr\\\/\",\"name\":\"OCWA\",\"description\":\"Just another WordPress site\",\"potentialAction\":[{\"@type\":\"SearchAction\",\"target\":{\"@type\":\"EntryPoint\",\"urlTemplate\":\"https:\\\/\\\/www.ocwa.com\\\/fr\\\/?s={search_term_string}\"},\"query-input\":{\"@type\":\"PropertyValueSpecification\",\"valueRequired\":true,\"valueName\":\"search_term_string\"}}],\"inLanguage\":\"fr-FR\"}]}<\/script>\n<!-- \/ Yoast SEO plugin. -->","yoast_head_json":{"title":"Possibilit\u00e9s D\u2019emploi - OCWA","robots":{"index":"index","follow":"follow","max-snippet":"max-snippet:-1","max-image-preview":"max-image-preview:large","max-video-preview":"max-video-preview:-1"},"canonical":"https:\/\/www.ocwa.com\/fr\/joignez-vous-a-laoe\/possibilites-demploi\/","og_locale":"fr_FR","og_type":"article","og_title":"Possibilit\u00e9s D\u2019emploi - OCWA","og_description":"Faites partie d\u2019une organisation form\u00e9e de gens exceptionnels qui s\u2019encouragent mutuellement chaque jour \u00e0 d\u00e9passer les attentes. Postulez aujourd\u2019hui!","og_url":"https:\/\/www.ocwa.com\/fr\/joignez-vous-a-laoe\/possibilites-demploi\/","og_site_name":"OCWA","article_modified_time":"2026-02-27T16:50:41+00:00","og_image":[{"width":2000,"height":1333,"url":"https:\/\/www.ocwa.com\/wp-content\/uploads\/2025\/06\/OCWA_LAB_0590_2000px.jpg","type":"image\/jpeg"}],"twitter_card":"summary_large_image","twitter_misc":{"Dur\u00e9e de lecture estim\u00e9e":"1 minute"},"schema":{"@context":"https:\/\/schema.org","@graph":[{"@type":"WebPage","@id":"https:\/\/www.ocwa.com\/fr\/joignez-vous-a-laoe\/possibilites-demploi\/","url":"https:\/\/www.ocwa.com\/fr\/joignez-vous-a-laoe\/possibilites-demploi\/","name":"Possibilit\u00e9s D\u2019emploi - OCWA","isPartOf":{"@id":"https:\/\/www.ocwa.com\/fr\/#website"},"primaryImageOfPage":{"@id":"https:\/\/www.ocwa.com\/fr\/joignez-vous-a-laoe\/possibilites-demploi\/#primaryimage"},"image":{"@id":"https:\/\/www.ocwa.com\/fr\/joignez-vous-a-laoe\/possibilites-demploi\/#primaryimage"},"thumbnailUrl":"https:\/\/www.ocwa.com\/wp-content\/uploads\/2025\/06\/OCWA_LAB_0590_2000px.jpg","datePublished":"2023-12-14T14:15:32+00:00","dateModified":"2026-02-27T16:50:41+00:00","breadcrumb":{"@id":"https:\/\/www.ocwa.com\/fr\/joignez-vous-a-laoe\/possibilites-demploi\/#breadcrumb"},"inLanguage":"fr-FR","potentialAction":[{"@type":"ReadAction","target":["https:\/\/www.ocwa.com\/fr\/joignez-vous-a-laoe\/possibilites-demploi\/"]}]},{"@type":"ImageObject","inLanguage":"fr-FR","@id":"https:\/\/www.ocwa.com\/fr\/joignez-vous-a-laoe\/possibilites-demploi\/#primaryimage","url":"https:\/\/www.ocwa.com\/wp-content\/uploads\/2025\/06\/OCWA_LAB_0590_2000px.jpg","contentUrl":"https:\/\/www.ocwa.com\/wp-content\/uploads\/2025\/06\/OCWA_LAB_0590_2000px.jpg","width":2000,"height":1333},{"@type":"BreadcrumbList","@id":"https:\/\/www.ocwa.com\/fr\/joignez-vous-a-laoe\/possibilites-demploi\/#breadcrumb","itemListElement":[{"@type":"ListItem","position":1,"name":"Home","item":"https:\/\/www.ocwa.com\/fr\/"},{"@type":"ListItem","position":2,"name":"Joignez-vous \u00e0 l\u2019AOE","item":"https:\/\/www.ocwa.com\/fr\/joignez-vous-a-laoe\/"},{"@type":"ListItem","position":3,"name":"Possibilit\u00e9s D\u2019emploi"}]},{"@type":"WebSite","@id":"https:\/\/www.ocwa.com\/fr\/#website","url":"https:\/\/www.ocwa.com\/fr\/","name":"OCWA","description":"Just another WordPress site","potentialAction":[{"@type":"SearchAction","target":{"@type":"EntryPoint","urlTemplate":"https:\/\/www.ocwa.com\/fr\/?s={search_term_string}"},"query-input":{"@type":"PropertyValueSpecification","valueRequired":true,"valueName":"search_term_string"}}],"inLanguage":"fr-FR"}]}},"_links":{"self":[{"href":"https:\/\/www.ocwa.com\/fr\/wp-json\/wp\/v2\/pages\/1840","targetHints":{"allow":["GET"]}}],"collection":[{"href":"https:\/\/www.ocwa.com\/fr\/wp-json\/wp\/v2\/pages"}],"about":[{"href":"https:\/\/www.ocwa.com\/fr\/wp-json\/wp\/v2\/types\/page"}],"author":[{"embeddable":true,"href":"https:\/\/www.ocwa.com\/fr\/wp-json\/wp\/v2\/users\/1"}],"replies":[{"embeddable":true,"href":"https:\/\/www.ocwa.com\/fr\/wp-json\/wp\/v2\/comments?post=1840"}],"version-history":[{"count":28,"href":"https:\/\/www.ocwa.com\/fr\/wp-json\/wp\/v2\/pages\/1840\/revisions"}],"predecessor-version":[{"id":5519,"href":"https:\/\/www.ocwa.com\/fr\/wp-json\/wp\/v2\/pages\/1840\/revisions\/5519"}],"up":[{"embeddable":true,"href":"https:\/\/www.ocwa.com\/fr\/wp-json\/wp\/v2\/pages\/1834"}],"wp:featuredmedia":[{"embeddable":true,"href":"https:\/\/www.ocwa.com\/fr\/wp-json\/wp\/v2\/media\/4845"}],"wp:attachment":[{"href":"https:\/\/www.ocwa.com\/fr\/wp-json\/wp\/v2\/media?parent=1840"}],"curies":[{"name":"wp","href":"https:\/\/api.w.org\/{rel}","templated":true}]}}