{"id":1834,"date":"2023-12-14T13:17:28","date_gmt":"2023-12-14T18:17:28","guid":{"rendered":"https:\/\/www.ocwa.com\/joine-ocwa\/"},"modified":"2025-05-13T10:30:26","modified_gmt":"2025-05-13T14:30:26","slug":"joignez-vous-a-laoe","status":"publish","type":"page","link":"https:\/\/www.ocwa.com\/fr\/joignez-vous-a-laoe\/","title":{"rendered":"Joignez-vous \u00e0 l\u2019AOE"},"content":{"rendered":"<div id=\"page-banner-block_70925bc2a8fe076b85c5bd23ad97a804\" class=\"page-banner alignfull \">\n\t<div class=\"block-inner\">\n\t\t\t\t\t<div class=\"block-image\">\n\t\t\t\t<img loading=\"lazy\" decoding=\"async\" width=\"768\" height=\"583\" src=\"https:\/\/www.ocwa.com\/wp-content\/uploads\/2024\/01\/Raise-a-Glass-768x583.jpg\" class=\"attachment-box-image size-box-image\" alt=\"\u00c9quipe d\u2019employ\u00e9s de l\u2019AOE en tenue de protection, posant pour une photo, un verre d\u2019eau \u00e0 la main.\" srcset=\"https:\/\/www.ocwa.com\/wp-content\/uploads\/2024\/01\/Raise-a-Glass-768x583.jpg 768w, https:\/\/www.ocwa.com\/wp-content\/uploads\/2024\/01\/Raise-a-Glass-300x228.jpg 300w, https:\/\/www.ocwa.com\/wp-content\/uploads\/2024\/01\/Raise-a-Glass-1024x778.jpg 1024w, https:\/\/www.ocwa.com\/wp-content\/uploads\/2024\/01\/Raise-a-Glass-1536x1166.jpg 1536w, https:\/\/www.ocwa.com\/wp-content\/uploads\/2024\/01\/Raise-a-Glass-2048x1555.jpg 2048w, https:\/\/www.ocwa.com\/wp-content\/uploads\/2024\/01\/Raise-a-Glass-2000x1519.jpg 2000w, https:\/\/www.ocwa.com\/wp-content\/uploads\/2024\/01\/Raise-a-Glass-400x304.jpg 400w\" sizes=\"auto, (max-width: 768px) 100vw, 768px\" \/>\t\t\t<\/div>\n\t\t\t\t\t\t\t<div class=\"breadcrumbs-wrapper show-for-small-only\">\n\t\t\t\t<div class=\"breadcrumbs\">\n\t\t\t\t\t<span><span><a href=\"https:\/\/www.ocwa.com\/fr\/\">Home<\/a><\/span><\/span>\t\t\t\t<\/div>\n\t\t\t<\/div>\n\t\t\t\t<div class=\"block-intro-content\">\n\t\t\t<div class=\"block-text\">\n\t\t\t\t<h1 class=\"with-wave\">Joignez-vous \u00e0 l\u2019AOE<\/h1>\n\t\t\t\t\t\t\t\t\t<div class=\"block-description\">\n\t\t\t\t\t\t<h6>L\u2019AOE est toujours \u00e0 la recherche de personnes tr\u00e8s talentueuses! De nombreuses possibilit\u00e9s vous attendent dans le secteur de l\u2019eau et des eaux us\u00e9es.<\/h6>\n\t\t\t\t\t<\/div>\n\t\t\t\t\t\t\t<\/div>\n\t\t<\/div>\n\t<\/div>\n\t\t<div class=\"breadcrumbs-wrapper hide-for-small-only\">\n\t\t<div class=\"breadcrumbs\">\n\t\t\t<span><span><a href=\"https:\/\/www.ocwa.com\/fr\/\">Home<\/a><\/span><\/span>\t\t<\/div>\n\t<\/div>\n\t<\/div>\n\n\n\n<p><\/p>\n\n\n\n<h6 class=\"wp-block-heading\">Nous offrons divers postes dans le domaine de l\u2019exploitation, des services techniques et de l\u2019administration. Le personnel de l\u2019AOE est fier de travailler jour apr\u00e8s jour pour fournir de l\u2019eau potable de qualit\u00e9 et prot\u00e9ger l\u2019environnement aux quatre coins de l\u2019Ontario.<\/h6>\n\n\n\n<div style=\"height:20px\" aria-hidden=\"true\" class=\"wp-block-spacer\"><\/div>\n\n\n\n<p>En tant qu\u2019organisme rattach\u00e9 \u00e0 la fonction publique de l\u2019Ontario, nous nous engageons \u00e0 nous doter d\u2019une main-d\u2019\u0153uvre qui refl\u00e8te les collectivit\u00e9s que nous servons et \u00e0 promouvoir un milieu de travail diversifi\u00e9, exempt de racisme, inclusif, accessible, \u00e9quitable, qui reconna\u00eet le m\u00e9rite et est fond\u00e9 sur le respect. Faites partie d\u2019une \u00e9quipe inclusive et diversifi\u00e9e, joignez-vous \u00e0 l\u2019AOE aujourd\u2019hui !<\/p>\n\n\n<div id=\"landing-content-block_ce635092df99ca0023d11d057c291caa\" class=\"landing-content alignfull \">\n\t<div class=\"block-inner\">\n\t\t\t\t\t<div class=\"items\">\n\t\t\t\t\t\t\t\t\t<a href=\"https:\/\/www.ocwa.com\/fr\/joignez-vous-a-laoe\/notre-personnel\/\" class=\"flip-card\" data-aos=\"fade-up\" data-aos-duration=\"1000\" data-aos-anchor-placement=\"center-bottom\">\n\t\t\t\t\t\t<div class=\"flip-card-inner\">\n\t\t\t\t\t\t\t<div class=\"flip-card-front\">\n\t\t\t\t\t\t\t\t<div class=\"item-image\">\n\t\t\t\t\t\t\t\t\t<img loading=\"lazy\" decoding=\"async\" width=\"2560\" height=\"1920\" src=\"https:\/\/www.ocwa.com\/wp-content\/uploads\/2023\/12\/OCWA_111423_130-scaled-e1703093745965.jpg\" class=\"attachment-post-thumbnail size-post-thumbnail wp-post-image\" alt=\"Trois employ\u00e9s de l\u2019AOE v\u00eatus de leur \u00e9quipement de protection, posant devant la cam\u00e9ra \u00e0 l\u2019ext\u00e9rieur d\u2019une usine de traitement des eaux us\u00e9es.\" \/>\t\t\t\t\t\t\t\t<\/div>\n\t\t\t\t\t\t\t\t<div class=\"item-title\">\n\t\t\t\t\t\t\t\t\t<h4>Notre personnel<\/h4>\n\t\t\t\t\t\t\t\t\t<span><i class=\"icon icon-plus\"><\/i><\/span>\n\t\t\t\t\t\t\t\t<\/div>\n\n\t\t\t\t\t\t\t<\/div>\n\t\t\t\t\t\t\t<div class=\"flip-card-back\">\n\t\t\t\t\t\t\t\t<div class=\"item-title\">\n\t\t\t\t\t\t\t\t\t<h4>Notre personnel<\/h4>\n\t\t\t\t\t\t\t\t<\/div>\n\t\t\t\t\t\t\t\t<div class=\"item-description\">\n\t\t\t\t\t\t\t\t\t<p>L\u2019AOE est toujours \u00e0 la recherche de personnes tr\u00e8s talentueuses ! <\/p>\n\t\t\t\t\t\t\t\t<\/div>\n\t\t\t\t\t\t\t\t<span><strong>Informez-vous<\/strong><i class=\"icon icon-plus\"><\/i><\/span>\n\t\t\t\t\t\t\t<\/div>\n\t\t\t\t\t\t<\/div>\n\t\t\t\t\t<\/a>\n\t\t\t\t\t\t\t\t\t<a href=\"https:\/\/www.ocwa.com\/fr\/joignez-vous-a-laoe\/pourquoi-choisir-laoe\/\" class=\"flip-card\" data-aos=\"fade-up\" data-aos-duration=\"1000\" data-aos-anchor-placement=\"center-bottom\">\n\t\t\t\t\t\t<div class=\"flip-card-inner\">\n\t\t\t\t\t\t\t<div class=\"flip-card-front\">\n\t\t\t\t\t\t\t\t<div class=\"item-image\">\n\t\t\t\t\t\t\t\t\t<img loading=\"lazy\" decoding=\"async\" width=\"1324\" height=\"2560\" src=\"https:\/\/www.ocwa.com\/wp-content\/uploads\/2024\/02\/Numair-scaled-e1708633805850.jpg\" class=\"attachment-post-thumbnail size-post-thumbnail wp-post-image\" alt=\"\" \/>\t\t\t\t\t\t\t\t<\/div>\n\t\t\t\t\t\t\t\t<div class=\"item-title\">\n\t\t\t\t\t\t\t\t\t<h4>Pourquoi Choisir L\u2019AOE<\/h4>\n\t\t\t\t\t\t\t\t\t<span><i class=\"icon icon-plus\"><\/i><\/span>\n\t\t\t\t\t\t\t\t<\/div>\n\n\t\t\t\t\t\t\t<\/div>\n\t\t\t\t\t\t\t<div class=\"flip-card-back\">\n\t\t\t\t\t\t\t\t<div class=\"item-title\">\n\t\t\t\t\t\t\t\t\t<h4>Pourquoi Choisir L\u2019AOE<\/h4>\n\t\t\t\t\t\t\t\t<\/div>\n\t\t\t\t\t\t\t\t<div class=\"item-description\">\n\t\t\t\t\t\t\t\t\t<p>La formation continue, les possibilit\u00e9s d\u2019avancement et des milieux de travail stimulants et valorisants font de l\u2019AOE un employeur de choix pour quiconque envisage une carri\u00e8re dans le secteur de l\u2019approvisionnement en eau et du traitement des eaux us\u00e9es.<\/p>\n\t\t\t\t\t\t\t\t<\/div>\n\t\t\t\t\t\t\t\t<span><strong>Informez-vous<\/strong><i class=\"icon icon-plus\"><\/i><\/span>\n\t\t\t\t\t\t\t<\/div>\n\t\t\t\t\t\t<\/div>\n\t\t\t\t\t<\/a>\n\t\t\t\t\t\t\t\t\t<a href=\"https:\/\/www.ocwa.com\/fr\/joignez-vous-a-laoe\/parcours-de-carriere\/\" class=\"flip-card\" data-aos=\"fade-up\" data-aos-duration=\"1000\" data-aos-anchor-placement=\"center-bottom\">\n\t\t\t\t\t\t<div class=\"flip-card-inner\">\n\t\t\t\t\t\t\t<div class=\"flip-card-front\">\n\t\t\t\t\t\t\t\t<div class=\"item-image\">\n\t\t\t\t\t\t\t\t\t<img loading=\"lazy\" decoding=\"async\" width=\"1008\" height=\"756\" src=\"https:\/\/www.ocwa.com\/wp-content\/uploads\/2024\/02\/APK-Dec-2023-e1707845205185.jpg\" class=\"attachment-post-thumbnail size-post-thumbnail wp-post-image\" alt=\"\" \/>\t\t\t\t\t\t\t\t<\/div>\n\t\t\t\t\t\t\t\t<div class=\"item-title\">\n\t\t\t\t\t\t\t\t\t<h4>Parcours de carri\u00e8re<\/h4>\n\t\t\t\t\t\t\t\t\t<span><i class=\"icon icon-plus\"><\/i><\/span>\n\t\t\t\t\t\t\t\t<\/div>\n\n\t\t\t\t\t\t\t<\/div>\n\t\t\t\t\t\t\t<div class=\"flip-card-back\">\n\t\t\t\t\t\t\t\t<div class=\"item-title\">\n\t\t\t\t\t\t\t\t\t<h4>Parcours de carri\u00e8re<\/h4>\n\t\t\t\t\t\t\t\t<\/div>\n\t\t\t\t\t\t\t\t<div class=\"item-description\">\n\t\t\t\t\t\t\t\t\t<p>\u00c0 l\u2019AOE, nous constituons une main-d\u2019\u0153uvre diversifi\u00e9e et inclusive essentiellement compos\u00e9e de personnes qui doivent \u00eatre titulaires d\u2019un permis ou qui pratiquent un m\u00e9tier sp\u00e9cialis\u00e9. Nous investissons dans nos employ\u00e9s en offrant de la formation et des possibilit\u00e9s d\u2019emploi dans toute la province. Voyez les carri\u00e8res offertes \u00e0 l\u2019AOE.<\/p>\n\t\t\t\t\t\t\t\t<\/div>\n\t\t\t\t\t\t\t\t<span><strong>Informez-vous<\/strong><i class=\"icon icon-plus\"><\/i><\/span>\n\t\t\t\t\t\t\t<\/div>\n\t\t\t\t\t\t<\/div>\n\t\t\t\t\t<\/a>\n\t\t\t\t\t\t\t\t\t<a href=\"https:\/\/www.ocwa.com\/fr\/joignez-vous-a-laoe\/career-path-2\/\" class=\"flip-card\" data-aos=\"fade-up\" data-aos-duration=\"1000\" data-aos-anchor-placement=\"center-bottom\">\n\t\t\t\t\t\t<div class=\"flip-card-inner\">\n\t\t\t\t\t\t\t<div class=\"flip-card-front\">\n\t\t\t\t\t\t\t\t<div class=\"item-image\">\n\t\t\t\t\t\t\t\t\t<img loading=\"lazy\" decoding=\"async\" width=\"2560\" height=\"1707\" src=\"https:\/\/www.ocwa.com\/wp-content\/uploads\/2025\/05\/OCWA_MICHELLE_0420-scaled.jpg\" class=\"attachment-post-thumbnail size-post-thumbnail wp-post-image\" alt=\"\" srcset=\"https:\/\/www.ocwa.com\/wp-content\/uploads\/2025\/05\/OCWA_MICHELLE_0420-scaled.jpg 2560w, https:\/\/www.ocwa.com\/wp-content\/uploads\/2025\/05\/OCWA_MICHELLE_0420-300x200.jpg 300w, https:\/\/www.ocwa.com\/wp-content\/uploads\/2025\/05\/OCWA_MICHELLE_0420-1024x683.jpg 1024w, https:\/\/www.ocwa.com\/wp-content\/uploads\/2025\/05\/OCWA_MICHELLE_0420-768x512.jpg 768w, https:\/\/www.ocwa.com\/wp-content\/uploads\/2025\/05\/OCWA_MICHELLE_0420-1536x1024.jpg 1536w, https:\/\/www.ocwa.com\/wp-content\/uploads\/2025\/05\/OCWA_MICHELLE_0420-2048x1365.jpg 2048w, https:\/\/www.ocwa.com\/wp-content\/uploads\/2025\/05\/OCWA_MICHELLE_0420-2000x1333.jpg 2000w, https:\/\/www.ocwa.com\/wp-content\/uploads\/2025\/05\/OCWA_MICHELLE_0420-400x267.jpg 400w\" sizes=\"auto, (max-width: 2560px) 100vw, 2560px\" \/>\t\t\t\t\t\t\t\t<\/div>\n\t\t\t\t\t\t\t\t<div class=\"item-title\">\n\t\t\t\t\t\t\t\t\t<h4>\u00c9tudiants<\/h4>\n\t\t\t\t\t\t\t\t\t<span><i class=\"icon icon-plus\"><\/i><\/span>\n\t\t\t\t\t\t\t\t<\/div>\n\n\t\t\t\t\t\t\t<\/div>\n\t\t\t\t\t\t\t<div class=\"flip-card-back\">\n\t\t\t\t\t\t\t\t<div class=\"item-title\">\n\t\t\t\t\t\t\t\t\t<h4>\u00c9tudiants<\/h4>\n\t\t\t\t\t\t\t\t<\/div>\n\t\t\t\t\t\t\t\t<div class=\"item-description\">\n\t\t\t\t\t\t\t\t\t<p>\u00c0 l&rsquo;AOE, nous embauchons une main-d&rsquo;\u0153uvre diversifi\u00e9e pour un environnement accueillant et inclusif. Nous investissons dans nos employ\u00e9s en leur offrant des formations et des opportunit\u00e9s partout dans la province. D\u00e9veloppez votre carri\u00e8re d\u00e8s la fin de vos \u00e9tudes secondaires, coll\u00e9giales ou universitaires !<\/p>\n\t\t\t\t\t\t\t\t<\/div>\n\t\t\t\t\t\t\t\t<span><strong>Informez-vous<\/strong><i class=\"icon icon-plus\"><\/i><\/span>\n\t\t\t\t\t\t\t<\/div>\n\t\t\t\t\t\t<\/div>\n\t\t\t\t\t<\/a>\n\t\t\t\t\t\t\t\t\t<a href=\"https:\/\/www.ocwa.com\/fr\/joignez-vous-a-laoe\/possibilites-demploi\/\" class=\"flip-card\" data-aos=\"fade-up\" data-aos-duration=\"1000\" data-aos-anchor-placement=\"center-bottom\">\n\t\t\t\t\t\t<div class=\"flip-card-inner\">\n\t\t\t\t\t\t\t<div class=\"flip-card-front\">\n\t\t\t\t\t\t\t\t<div class=\"item-image\">\n\t\t\t\t\t\t\t\t\t<img loading=\"lazy\" decoding=\"async\" width=\"2000\" height=\"1333\" src=\"https:\/\/www.ocwa.com\/wp-content\/uploads\/2025\/06\/OCWA_LAB_0590_2000px.jpg\" class=\"attachment-post-thumbnail size-post-thumbnail wp-post-image\" alt=\"\" srcset=\"https:\/\/www.ocwa.com\/wp-content\/uploads\/2025\/06\/OCWA_LAB_0590_2000px.jpg 2000w, https:\/\/www.ocwa.com\/wp-content\/uploads\/2025\/06\/OCWA_LAB_0590_2000px-300x200.jpg 300w, https:\/\/www.ocwa.com\/wp-content\/uploads\/2025\/06\/OCWA_LAB_0590_2000px-1024x682.jpg 1024w, https:\/\/www.ocwa.com\/wp-content\/uploads\/2025\/06\/OCWA_LAB_0590_2000px-768x512.jpg 768w, https:\/\/www.ocwa.com\/wp-content\/uploads\/2025\/06\/OCWA_LAB_0590_2000px-1536x1024.jpg 1536w, https:\/\/www.ocwa.com\/wp-content\/uploads\/2025\/06\/OCWA_LAB_0590_2000px-400x267.jpg 400w\" sizes=\"auto, (max-width: 2000px) 100vw, 2000px\" \/>\t\t\t\t\t\t\t\t<\/div>\n\t\t\t\t\t\t\t\t<div class=\"item-title\">\n\t\t\t\t\t\t\t\t\t<h4>Possibilit\u00e9s D\u2019emploi<\/h4>\n\t\t\t\t\t\t\t\t\t<span><i class=\"icon icon-plus\"><\/i><\/span>\n\t\t\t\t\t\t\t\t<\/div>\n\n\t\t\t\t\t\t\t<\/div>\n\t\t\t\t\t\t\t<div class=\"flip-card-back\">\n\t\t\t\t\t\t\t\t<div class=\"item-title\">\n\t\t\t\t\t\t\t\t\t<h4>Possibilit\u00e9s D\u2019emploi<\/h4>\n\t\t\t\t\t\t\t\t<\/div>\n\t\t\t\t\t\t\t\t<div class=\"item-description\">\n\t\t\t\t\t\t\t\t\t<p>Faites partie d\u2019une organisation form\u00e9e de gens exceptionnels qui s\u2019encouragent mutuellement chaque jour \u00e0 d\u00e9passer les attentes. Postulez aujourd\u2019hui!<\/p>\n\t\t\t\t\t\t\t\t<\/div>\n\t\t\t\t\t\t\t\t<span><strong>Informez-vous<\/strong><i class=\"icon icon-plus\"><\/i><\/span>\n\t\t\t\t\t\t\t<\/div>\n\t\t\t\t\t\t<\/div>\n\t\t\t\t\t<\/a>\n\t\t\t\t\t\t\t<\/div>\n\t\t\t\t\t<\/div>\n<\/div>\n\n\n\n<div id=\"info-boxes-block_422b9608e933b8ebf19346b8f588a691\" class=\"info-boxes alignfull \" style=\"background-color:#ffffff;\">\n\t\t\t<div class=\"info-boxes-wrapper\" data-equalizer data-equalize-on=\"medium\">\n\t\t\t\t\t\t\t<div class=\"info-box\" data-aos=\"fade-up\" data-aos-duration=\"1000\" data-aos-anchor-placement=\"center-bottom\">\n\t\t\t\t\t<div class=\"info-box-inner\" data-equalizer-watch>\n\t\t\t\t\t\t<h3>Parlons d\u2019eau!<\/h3>\n\t\t\t\t\t\t<div class=\"description\">\n\t\t\t\t\t\t\t<p>D\u00e9couvrez comment nous pouvons vous aider \u00e0 g\u00e9rer vos r\u00e9seaux d\u2019eau potable et d\u2019eaux us\u00e9es<\/p>\n\t\t\t\t\t\t<\/div>\n\t\t\t\t\t<\/div>\n\t\t\t\t\t<a href=\"https:\/\/www.ocwa.com\/fr\/services-overview\/\" class=\"button dark\">Services de l\u2019AOE<\/a>\t\t\t\t<\/div>\n\t\t\t\t\t\t\t<div class=\"info-box\" data-aos=\"fade-up\" data-aos-duration=\"1000\" data-aos-anchor-placement=\"center-bottom\">\n\t\t\t\t\t<div class=\"info-box-inner\" data-equalizer-watch>\n\t\t\t\t\t\t<h3>Joignez-vous \u00e0 l\u2019\u00e9quipe de l\u2019AOE!<\/h3>\n\t\t\t\t\t\t<div class=\"description\">\n\t\t\t\t\t\t\t<p>Il y a plusieurs postes vacants dans la province. Consultez nos offres d\u2019emploi maintenant<\/p>\n\t\t\t\t\t\t<\/div>\n\t\t\t\t\t<\/div>\n\t\t\t\t\t<a href=\"https:\/\/www.ocwa.com\/fr\/possibilites-demploi\/\" class=\"button dark\">Postulez maintenant<\/a>\t\t\t\t<\/div>\n\t\t\t\t\t<\/div>\n\t<\/div>\n","protected":false},"excerpt":{"rendered":"<p>Nous offrons divers postes dans le domaine de l\u2019exploitation, des services techniques et de l\u2019administration. Le personnel de l\u2019AOE est fier de travailler jour apr\u00e8s jour pour fournir de l\u2019eau potable de qualit\u00e9 et prot\u00e9ger l\u2019environnement aux quatre coins de l\u2019Ontario. En tant qu\u2019organisme rattach\u00e9 \u00e0 la fonction publique de l\u2019Ontario, nous nous engageons \u00e0 [&hellip;]<\/p>\n","protected":false},"author":1,"featured_media":2065,"parent":0,"menu_order":0,"comment_status":"closed","ping_status":"closed","template":"page-landing.php","meta":{"_acf_changed":false,"footnotes":""},"class_list":["post-1834","page","type-page","status-publish","has-post-thumbnail","hentry"],"acf":[],"yoast_head":"<!-- This site is optimized with the Yoast SEO plugin v27.4 - https:\/\/yoast.com\/product\/yoast-seo-wordpress\/ -->\n<title>Joignez-vous \u00e0 l\u2019AOE - OCWA<\/title>\n<meta name=\"robots\" content=\"index, follow, max-snippet:-1, max-image-preview:large, max-video-preview:-1\" \/>\n<link rel=\"canonical\" href=\"https:\/\/www.ocwa.com\/fr\/joignez-vous-a-laoe\/\" \/>\n<meta property=\"og:locale\" content=\"fr_FR\" \/>\n<meta property=\"og:type\" content=\"article\" \/>\n<meta property=\"og:title\" content=\"Joignez-vous \u00e0 l\u2019AOE - OCWA\" \/>\n<meta property=\"og:description\" content=\"Nous offrons divers postes dans le domaine de l\u2019exploitation, des services techniques et de l\u2019administration. Le personnel de l\u2019AOE est fier de travailler jour apr\u00e8s jour pour fournir de l\u2019eau potable de qualit\u00e9 et prot\u00e9ger l\u2019environnement aux quatre coins de l\u2019Ontario. En tant qu\u2019organisme rattach\u00e9 \u00e0 la fonction publique de l\u2019Ontario, nous nous engageons \u00e0 [&hellip;]\" \/>\n<meta property=\"og:url\" content=\"https:\/\/www.ocwa.com\/fr\/joignez-vous-a-laoe\/\" \/>\n<meta property=\"og:site_name\" content=\"OCWA\" \/>\n<meta property=\"article:modified_time\" content=\"2025-05-13T14:30:26+00:00\" \/>\n<meta property=\"og:image\" content=\"https:\/\/www.ocwa.com\/wp-content\/uploads\/2024\/01\/Raise-a-Glass-scaled-e1705000515262.jpg\" \/>\n\t<meta property=\"og:image:width\" content=\"2560\" \/>\n\t<meta property=\"og:image:height\" content=\"1944\" \/>\n\t<meta property=\"og:image:type\" content=\"image\/jpeg\" \/>\n<meta name=\"twitter:card\" content=\"summary_large_image\" \/>\n<meta name=\"twitter:label1\" content=\"Dur\u00e9e de lecture estim\u00e9e\" \/>\n\t<meta name=\"twitter:data1\" content=\"1 minute\" \/>\n<script type=\"application\/ld+json\" class=\"yoast-schema-graph\">{\"@context\":\"https:\\\/\\\/schema.org\",\"@graph\":[{\"@type\":\"WebPage\",\"@id\":\"https:\\\/\\\/www.ocwa.com\\\/fr\\\/joignez-vous-a-laoe\\\/\",\"url\":\"https:\\\/\\\/www.ocwa.com\\\/fr\\\/joignez-vous-a-laoe\\\/\",\"name\":\"Joignez-vous \u00e0 l\u2019AOE - OCWA\",\"isPartOf\":{\"@id\":\"https:\\\/\\\/www.ocwa.com\\\/fr\\\/#website\"},\"primaryImageOfPage\":{\"@id\":\"https:\\\/\\\/www.ocwa.com\\\/fr\\\/joignez-vous-a-laoe\\\/#primaryimage\"},\"image\":{\"@id\":\"https:\\\/\\\/www.ocwa.com\\\/fr\\\/joignez-vous-a-laoe\\\/#primaryimage\"},\"thumbnailUrl\":\"https:\\\/\\\/www.ocwa.com\\\/wp-content\\\/uploads\\\/2024\\\/01\\\/Raise-a-Glass-scaled-e1705000515262.jpg\",\"datePublished\":\"2023-12-14T18:17:28+00:00\",\"dateModified\":\"2025-05-13T14:30:26+00:00\",\"breadcrumb\":{\"@id\":\"https:\\\/\\\/www.ocwa.com\\\/fr\\\/joignez-vous-a-laoe\\\/#breadcrumb\"},\"inLanguage\":\"fr-FR\",\"potentialAction\":[{\"@type\":\"ReadAction\",\"target\":[\"https:\\\/\\\/www.ocwa.com\\\/fr\\\/joignez-vous-a-laoe\\\/\"]}]},{\"@type\":\"ImageObject\",\"inLanguage\":\"fr-FR\",\"@id\":\"https:\\\/\\\/www.ocwa.com\\\/fr\\\/joignez-vous-a-laoe\\\/#primaryimage\",\"url\":\"https:\\\/\\\/www.ocwa.com\\\/wp-content\\\/uploads\\\/2024\\\/01\\\/Raise-a-Glass-scaled-e1705000515262.jpg\",\"contentUrl\":\"https:\\\/\\\/www.ocwa.com\\\/wp-content\\\/uploads\\\/2024\\\/01\\\/Raise-a-Glass-scaled-e1705000515262.jpg\",\"width\":2560,\"height\":1944,\"caption\":\"\u00c9quipe d\u2019employ\u00e9s de l\u2019AOE en tenue de protection, posant pour une photo, un verre d\u2019eau \u00e0 la main.\"},{\"@type\":\"BreadcrumbList\",\"@id\":\"https:\\\/\\\/www.ocwa.com\\\/fr\\\/joignez-vous-a-laoe\\\/#breadcrumb\",\"itemListElement\":[{\"@type\":\"ListItem\",\"position\":1,\"name\":\"Home\",\"item\":\"https:\\\/\\\/www.ocwa.com\\\/fr\\\/\"},{\"@type\":\"ListItem\",\"position\":2,\"name\":\"Joignez-vous \u00e0 l\u2019AOE\"}]},{\"@type\":\"WebSite\",\"@id\":\"https:\\\/\\\/www.ocwa.com\\\/fr\\\/#website\",\"url\":\"https:\\\/\\\/www.ocwa.com\\\/fr\\\/\",\"name\":\"OCWA\",\"description\":\"Just another WordPress site\",\"potentialAction\":[{\"@type\":\"SearchAction\",\"target\":{\"@type\":\"EntryPoint\",\"urlTemplate\":\"https:\\\/\\\/www.ocwa.com\\\/fr\\\/?s={search_term_string}\"},\"query-input\":{\"@type\":\"PropertyValueSpecification\",\"valueRequired\":true,\"valueName\":\"search_term_string\"}}],\"inLanguage\":\"fr-FR\"}]}<\/script>\n<!-- \/ Yoast SEO plugin. -->","yoast_head_json":{"title":"Joignez-vous \u00e0 l\u2019AOE - OCWA","robots":{"index":"index","follow":"follow","max-snippet":"max-snippet:-1","max-image-preview":"max-image-preview:large","max-video-preview":"max-video-preview:-1"},"canonical":"https:\/\/www.ocwa.com\/fr\/joignez-vous-a-laoe\/","og_locale":"fr_FR","og_type":"article","og_title":"Joignez-vous \u00e0 l\u2019AOE - OCWA","og_description":"Nous offrons divers postes dans le domaine de l\u2019exploitation, des services techniques et de l\u2019administration. Le personnel de l\u2019AOE est fier de travailler jour apr\u00e8s jour pour fournir de l\u2019eau potable de qualit\u00e9 et prot\u00e9ger l\u2019environnement aux quatre coins de l\u2019Ontario. En tant qu\u2019organisme rattach\u00e9 \u00e0 la fonction publique de l\u2019Ontario, nous nous engageons \u00e0 [&hellip;]","og_url":"https:\/\/www.ocwa.com\/fr\/joignez-vous-a-laoe\/","og_site_name":"OCWA","article_modified_time":"2025-05-13T14:30:26+00:00","og_image":[{"width":2560,"height":1944,"url":"https:\/\/www.ocwa.com\/wp-content\/uploads\/2024\/01\/Raise-a-Glass-scaled-e1705000515262.jpg","type":"image\/jpeg"}],"twitter_card":"summary_large_image","twitter_misc":{"Dur\u00e9e de lecture estim\u00e9e":"1 minute"},"schema":{"@context":"https:\/\/schema.org","@graph":[{"@type":"WebPage","@id":"https:\/\/www.ocwa.com\/fr\/joignez-vous-a-laoe\/","url":"https:\/\/www.ocwa.com\/fr\/joignez-vous-a-laoe\/","name":"Joignez-vous \u00e0 l\u2019AOE - OCWA","isPartOf":{"@id":"https:\/\/www.ocwa.com\/fr\/#website"},"primaryImageOfPage":{"@id":"https:\/\/www.ocwa.com\/fr\/joignez-vous-a-laoe\/#primaryimage"},"image":{"@id":"https:\/\/www.ocwa.com\/fr\/joignez-vous-a-laoe\/#primaryimage"},"thumbnailUrl":"https:\/\/www.ocwa.com\/wp-content\/uploads\/2024\/01\/Raise-a-Glass-scaled-e1705000515262.jpg","datePublished":"2023-12-14T18:17:28+00:00","dateModified":"2025-05-13T14:30:26+00:00","breadcrumb":{"@id":"https:\/\/www.ocwa.com\/fr\/joignez-vous-a-laoe\/#breadcrumb"},"inLanguage":"fr-FR","potentialAction":[{"@type":"ReadAction","target":["https:\/\/www.ocwa.com\/fr\/joignez-vous-a-laoe\/"]}]},{"@type":"ImageObject","inLanguage":"fr-FR","@id":"https:\/\/www.ocwa.com\/fr\/joignez-vous-a-laoe\/#primaryimage","url":"https:\/\/www.ocwa.com\/wp-content\/uploads\/2024\/01\/Raise-a-Glass-scaled-e1705000515262.jpg","contentUrl":"https:\/\/www.ocwa.com\/wp-content\/uploads\/2024\/01\/Raise-a-Glass-scaled-e1705000515262.jpg","width":2560,"height":1944,"caption":"\u00c9quipe d\u2019employ\u00e9s de l\u2019AOE en tenue de protection, posant pour une photo, un verre d\u2019eau \u00e0 la main."},{"@type":"BreadcrumbList","@id":"https:\/\/www.ocwa.com\/fr\/joignez-vous-a-laoe\/#breadcrumb","itemListElement":[{"@type":"ListItem","position":1,"name":"Home","item":"https:\/\/www.ocwa.com\/fr\/"},{"@type":"ListItem","position":2,"name":"Joignez-vous \u00e0 l\u2019AOE"}]},{"@type":"WebSite","@id":"https:\/\/www.ocwa.com\/fr\/#website","url":"https:\/\/www.ocwa.com\/fr\/","name":"OCWA","description":"Just another WordPress site","potentialAction":[{"@type":"SearchAction","target":{"@type":"EntryPoint","urlTemplate":"https:\/\/www.ocwa.com\/fr\/?s={search_term_string}"},"query-input":{"@type":"PropertyValueSpecification","valueRequired":true,"valueName":"search_term_string"}}],"inLanguage":"fr-FR"}]}},"_links":{"self":[{"href":"https:\/\/www.ocwa.com\/fr\/wp-json\/wp\/v2\/pages\/1834","targetHints":{"allow":["GET"]}}],"collection":[{"href":"https:\/\/www.ocwa.com\/fr\/wp-json\/wp\/v2\/pages"}],"about":[{"href":"https:\/\/www.ocwa.com\/fr\/wp-json\/wp\/v2\/types\/page"}],"author":[{"embeddable":true,"href":"https:\/\/www.ocwa.com\/fr\/wp-json\/wp\/v2\/users\/1"}],"replies":[{"embeddable":true,"href":"https:\/\/www.ocwa.com\/fr\/wp-json\/wp\/v2\/comments?post=1834"}],"version-history":[{"count":14,"href":"https:\/\/www.ocwa.com\/fr\/wp-json\/wp\/v2\/pages\/1834\/revisions"}],"predecessor-version":[{"id":4734,"href":"https:\/\/www.ocwa.com\/fr\/wp-json\/wp\/v2\/pages\/1834\/revisions\/4734"}],"wp:featuredmedia":[{"embeddable":true,"href":"https:\/\/www.ocwa.com\/fr\/wp-json\/wp\/v2\/media\/2065"}],"wp:attachment":[{"href":"https:\/\/www.ocwa.com\/fr\/wp-json\/wp\/v2\/media?parent=1834"}],"curies":[{"name":"wp","href":"https:\/\/api.w.org\/{rel}","templated":true}]}}