{"id":1830,"date":"2023-12-13T17:26:48","date_gmt":"2023-12-13T22:26:48","guid":{"rendered":"https:\/\/www.ocwa.com\/career-path\/"},"modified":"2025-09-17T13:23:46","modified_gmt":"2025-09-17T17:23:46","slug":"parcours-de-carriere","status":"publish","type":"page","link":"https:\/\/www.ocwa.com\/fr\/joignez-vous-a-laoe\/parcours-de-carriere\/","title":{"rendered":"Parcours de carri\u00e8re"},"content":{"rendered":"<div id=\"page-intro-block_9f5d58d763df0219620a1d992d1b4e9b\" class=\"page-intro alignfull \">\n\t<div class=\"block-inner\">\n\t\t\t\t\t<div class=\"breadcrumbs\">\n\t\t\t\t<span><span><a href=\"https:\/\/www.ocwa.com\/fr\/\">Home<\/a><\/span><\/span>\t\t\t<\/div>\n\t\t\t\t<div class=\"block-intro-content\">\n\t\t\t\t\t\t\t<div class=\"block-image\">\n\t\t\t\t\t<img loading=\"lazy\" decoding=\"async\" width=\"768\" height=\"576\" src=\"https:\/\/www.ocwa.com\/wp-content\/uploads\/2024\/02\/APK-Dec-2023-768x576.jpg\" class=\"attachment-box-image size-box-image\" alt=\"\" srcset=\"https:\/\/www.ocwa.com\/wp-content\/uploads\/2024\/02\/APK-Dec-2023-768x576.jpg 768w, https:\/\/www.ocwa.com\/wp-content\/uploads\/2024\/02\/APK-Dec-2023-300x225.jpg 300w, https:\/\/www.ocwa.com\/wp-content\/uploads\/2024\/02\/APK-Dec-2023-400x300.jpg 400w, https:\/\/www.ocwa.com\/wp-content\/uploads\/2024\/02\/APK-Dec-2023.jpg 1008w\" sizes=\"auto, (max-width: 768px) 100vw, 768px\" \/>\t\t\t\t<\/div>\n\t\t\t\t\t\t<div class=\"block-text\">\n\t\t\t\t<h1 class=\"with-wave\">Parcours de carri\u00e8re<\/h1>\n\t\t\t\t\t\t\t\t\t<div class=\"block-description\">\n\t\t\t\t\t\t<h6>Il est important pour nous d\u2019offrir des emplois stimulants et passionnants. Nous constituons une main-d\u2019\u0153uvre diversifi\u00e9e et inclusive essentiellement compos\u00e9e de personnes qui doivent \u00eatre titulaires d\u2019un permis ou qui pratiquent un m\u00e9tier sp\u00e9cialis\u00e9.\u00a0 Nous investissons dans nos employ\u00e9s en offrant de la formation et des possibilit\u00e9s d\u2019emploi dans toute la province.<\/h6>\n\t\t\t\t\t<\/div>\n\t\t\t\t\t\t\t\t\t\t\t<\/div>\n\t\t<\/div>\n\t<\/div>\n<\/div>\n\n\n\n<div class=\"wp-block-columns is-layout-flex wp-container-core-columns-is-layout-9d6595d7 wp-block-columns-is-layout-flex\">\n<div class=\"wp-block-column is-layout-flow wp-block-column-is-layout-flow\" style=\"flex-basis:62%\">\n<h4 class=\"wp-block-heading\">Comment devenir exploitant d\u2019un syst\u00e8me d\u2019approvisionnement en eau et de traitement des eaux us\u00e9es<\/h4>\n\n\n\n<p>Pour obtenir un poste d\u2019exploitant (ou d\u2019exploitant en formation), vous devez avoir un certificat d\u2019exploitant en formation (EF). Lisez le <a href=\"https:\/\/www.ocwa.com\/wp-content\/uploads\/2024\/03\/how-to-obtain-an-operator-in-training-certificate-licence.pdf\" target=\"_blank\" rel=\"noreferrer noopener\">Guide on how to obtain your Operator in Training Certificate (367KB)<\/a>.<\/p>\n\n\n\n<p><strong>Quelques exigences minimales doivent \u00eatre remplies pour obtenir le certificat d\u2019EF&nbsp;:<\/strong><\/p>\n\n\n\n<ul class=\"wp-block-list\">\n<li>Dipl\u00f4me d\u2019\u00e9tudes secondaires (DESO) ou l\u2019\u00e9quivalent<\/li>\n\n\n\n<li>R\u00e9ussite de l\u2019examen d\u2019exploitant en formation<\/li>\n\n\n\n<li>Pour les EF dans le secteur de l\u2019eau potable&nbsp;: cours de base \u00e0 l\u2019intention des apprentis-exploitant de r\u00e9seau d\u2019eau potable (si le cours n\u2019est pas termin\u00e9, un certificat d\u2019EF temporaire sera d\u00e9livr\u00e9 pour une dur\u00e9e de 16&nbsp;mois)<\/li>\n<\/ul>\n\n\n\n<p>Le certificat d\u2019EF est la premi\u00e8re \u00e9tape de votre parcours professionnel dans le secteur de l\u2019eau et des eaux us\u00e9es. Pour en savoir plus sur l\u2019horaire des examens de certification d\u2019EF, les formulaires et les documents d\u2019orientation, visitez le <a href=\"http:\/\/owwco.ca\/fr\" target=\"_blank\" rel=\"noreferrer noopener\">site Web de l\u2019OWWCO<\/a> ou celui du <a href=\"https:\/\/www.ontario.ca\/fr\/page\/ministere-de-lenvironnement-de-la-protection-de-la-nature-et-des-parcs\" target=\"_blank\" rel=\"noreferrer noopener\">MEPP<\/a>.<\/p>\n\n\n\n<p><a href=\"https:\/\/www.ocwa.com\/wp-content\/uploads\/2025\/05\/FR-OWWCO-Licenses.pdf\" target=\"_blank\" rel=\"noreferrer noopener\">T\u00e9l\u00e9charger OWWCO \u00c9tapes \u00e0 suivre pour obtenir un certificat ou permis de niveau sup\u00e9rieur<\/a><\/p>\n\n\n\n<p>Une fois votre certificat d\u2019EF en poche, vous pouvez poursuivre le parcours pour obtenir les certificats de niveau 1 \u00e0 4, ce qui n\u00e9cessite&nbsp;:<\/p>\n\n\n\n<ul class=\"wp-block-list\">\n<li>une exp\u00e9rience de travail pertinente;<\/li>\n\n\n\n<li>une formation additionnelle;<\/li>\n\n\n\n<li>la r\u00e9ussite de l\u2019examen de certification du MEPP pour chacun des niveaux.<\/li>\n<\/ul>\n\n\n\n<p><a href=\"https:\/\/owwco.ca\/fr\/exploitants\/#upgrading\" target=\"_blank\" rel=\"noreferrer noopener\">Informez-vous sur les niveaux de certification et l\u2019obtention d\u2019un certificat de classe sup\u00e9rieure.<\/a><\/p>\n\n\n\n<div style=\"height:43px\" aria-hidden=\"true\" class=\"wp-block-spacer\"><\/div>\n\n\n\n<h4 class=\"wp-block-heading\">Programme de bourses<\/h4>\n\n\n\n<p>L\u2019Agence ontarienne des eaux (AOE) est ravie d\u2019offrir des bourses \u00e0 des \u00e9tudiants de niveau postsecondaire! Les bourses de l\u2019AOE visent \u00e0 aider les personnes qui \u00e9tudient dans un programme d\u2019\u00e9tudes environnementales ou qui apprennent un m\u00e9tier li\u00e9 \u00e0 l\u2019environnement, y compris dans les groupes sous-repr\u00e9sent\u00e9s.<\/p>\n\n\n\n<p>Actuellement, trois (3) bourses de 3 500 $ sont offertes aux \u00e9tudiants dans les cat\u00e9gories <strong>peuples autochtones<\/strong>,&nbsp;<strong>femmes<\/strong> et groupes sous-repr\u00e9sent\u00e9s (<strong>personnes racialis\u00e9es<\/strong>,&nbsp;<strong>personnes en situation de handicap<\/strong>,&nbsp;<strong>LGBTQ2+<\/strong>) et un (1) bourse est offerte aux \u00e9tudiants dans la cat\u00e9gorie g\u00e9n\u00e9rale. Les candidats int\u00e9ress\u00e9s doivent \u00eatre inscrits \u00e0 un programme d\u2019\u00e9tudes environnementales, un programme de g\u00e9nie environnemental ou un programme coop\u00e9ratif de formation d\u2019un m\u00e9tier, ou \u00eatre sur le point de s\u2019y inscrire, dans un \u00e9tablissement universitaire ou coll\u00e9gial approuv\u00e9 de l\u2019Ontario.<\/p>\n\n\n\n<p>L\u2019AOE encourage activement les initiatives li\u00e9es \u00e0 l\u2019\u00e9ducation et au mentorat en appuyant divers programmes d\u2019enseignement et de bourses dans les coll\u00e8ges et les universit\u00e9s de l\u2019Ontario. Nous aidons les \u00e9tudiants \u00e0 trouver des placements coop\u00e9ratifs, des emplois et des stages.&nbsp;Cette bourse est une r\u00e9compense financi\u00e8re qui appuie aussi le d\u00e9veloppement de carri\u00e8re par le biais d\u2019un poste coop\u00e9ratif.<\/p>\n<\/div>\n\n\n\n<div class=\"wp-block-column is-layout-flow wp-block-column-is-layout-flow\" style=\"flex-basis:38%\"><div id=\"sidebar-block-block_61e09eb8eabfcbf6ec55ed8fe773cd52\" class=\"sidebar-block \">\n\t\t<div class=\"sidebar-item\">\n\t\t<div class=\"sidebar-title\">\n\t\t\t<h5>T\u00e9l\u00e9chargez notre Brochure Carri\u00e8res<\/h5>\n\t\t<\/div>\n\t\t\t\t\t\t\t\t\t<div class=\"wysiwyg\">\n\t\t\t\t\t<p><img loading=\"lazy\" decoding=\"async\" class=\"alignnone size-medium wp-image-5093\" src=\"https:\/\/www.ocwa.com\/wp-content\/uploads\/2025\/09\/FR-evp-199x300.png\" alt=\"\" width=\"199\" height=\"300\" srcset=\"https:\/\/www.ocwa.com\/wp-content\/uploads\/2025\/09\/FR-evp-199x300.png 199w, https:\/\/www.ocwa.com\/wp-content\/uploads\/2025\/09\/FR-evp-400x604.png 400w, https:\/\/www.ocwa.com\/wp-content\/uploads\/2025\/09\/FR-evp.png 564w\" sizes=\"auto, (max-width: 199px) 100vw, 199px\" \/><\/p>\n\t\t\t\t<\/div>\n\t\t\t\t\t\t\t\t\t\t\t\t<div class=\"file\">\n\t\t\t\t\t<a href=\"https:\/\/www.ocwa.com\/wp-content\/uploads\/2025\/09\/French-EVP-Brochure.pdf\" target=\"_blank\"><span>Download PDF<\/span><i class=\"icon icon-download\"><\/i><\/a>\n\t\t\t\t<\/div>\n\t\t\t\t\t\t<\/div>\n\n\t\t<div class=\"sidebar-item\">\n\t\t<div class=\"sidebar-title\">\n\t\t\t<h5>Alternance travail-\u00e9tudes<\/h5>\n\t\t<\/div>\n\t\t\t\t\t\t\t\t\t<div class=\"wysiwyg\">\n\t\t\t\t\t<p>Nous offrons aux \u00e9tudiants inscrits \u00e0 un programme coop\u00e9ratif une exp\u00e9rience de travail pratique r\u00e9mun\u00e9r\u00e9e dans le secteur de l\u2019eau et des eaux us\u00e9es et dans nos bureaux administratifs. Bon nombre des \u00e9tudiants que nous embauchons deviennent des employ\u00e9s \u00e0 temps plein et font carri\u00e8re \u00e0 l\u2019AOE.<\/p>\n<p>Les postes offerts dans le secteur de l\u2019exploitation sont affich\u00e9s dans notre page <a href=\"https:\/\/www.ocwa.com\/fr\/content\/possibilites-d%27emploi\">Possibilit\u00e9s d\u2019emploi<\/a>, tandis que d\u2019autres stages sont affich\u00e9s dans divers \u00e9tablissements d\u2019enseignement de l\u2019Ontario. Pour conna\u00eetre les postes offerts, adressez-vous au centre des carri\u00e8res ou au bureau d\u2019alternance \u00e9tudes-travail de votre \u00e9tablissement scolaire.<\/p>\n<p>Operational co-op roles are posted on our\u00a0<a href=\"https:\/\/www.ocwa.com\/joining-ocwa\/job-opportunities\">Job Opportunities page<\/a>, while other Co-op placements are posted at various educational institutions across Ontario. Check for co-op job postings with your school\u2019s career\u00a0centre\u00a0and respective co-op office.<\/p>\n<p><!-- \/wp:paragraph --><\/p>\n\t\t\t\t<\/div>\n\t\t\t\t\t\t<\/div>\n\n\t\t<div class=\"sidebar-item\">\n\t\t<div class=\"sidebar-title\">\n\t\t\t<h5>Stagiaires d\u2019\u00e9t\u00e9<\/h5>\n\t\t<\/div>\n\t\t\t\t\t\t\t\t\t<div class=\"wysiwyg\">\n\t\t\t\t\t<p>Chaque ann\u00e9e, nous embauchons des \u00e9tudiants pour l\u2019\u00e9t\u00e9 dans divers secteurs comme l\u2019eau et les eaux us\u00e9es, la conformit\u00e9, l\u2019administration, la gestion des actifs, les ressources humaines, les finances et les communications, entre autres. Nous embauchons des stagiaires d\u2019\u00e9t\u00e9 r\u00e9guliers et dans le cadre de notre programme Exp\u00e9rience \u00c9t\u00e9. Pour en savoir plus sur les possibilit\u00e9s de stages d\u2019\u00e9t\u00e9 de la fonction publique de l\u2019Ontario (FPO) et de l\u2019AOE, visitez le <a href=\"https:\/\/www.gojobs.gov.on.ca\/Jobs.aspx?Language=French\">site Web Carri\u00e8res dans la FPO.<\/a><\/p>\n\t\t\t\t<\/div>\n\t\t\t\t\t\t<\/div>\n\n\t<\/div>\n\n<\/div>\n<\/div>\n\n\n<div id=\"info-boxes-block_9545f2f7761b1bdf9da090c72f73eae2\" class=\"info-boxes alignfull \" style=\"background-color:#eaf9fc;\">\n\t\t\t<div class=\"info-boxes-wrapper\" data-equalizer data-equalize-on=\"medium\">\n\t\t\t\t\t\t\t<div class=\"info-box\" data-aos=\"fade-up\" data-aos-duration=\"1000\" data-aos-anchor-placement=\"center-bottom\">\n\t\t\t\t\t<div class=\"info-box-inner\" data-equalizer-watch>\n\t\t\t\t\t\t<h3>Notre personnel<\/h3>\n\t\t\t\t\t\t<div class=\"description\">\n\t\t\t\t\t\t\t<p>Nos employ\u00e9s sont notre force! Leur d\u00e9vouement et leur passion pour ce qu\u2019ils font chaque jour dans les collectivit\u00e9s qu\u2019ils servent nous permettent de nous d\u00e9marquer comme le chef de file de l\u2019approvisionnement en eau et du traitement des eaux us\u00e9es en Ontario. Nous vous en pr\u00e9sentons quelques-uns.<\/p>\n\t\t\t\t\t\t<\/div>\n\t\t\t\t\t<\/div>\n\t\t\t\t\t<a href=\"https:\/\/www.ocwa.com\/fr\/notre-personnel\/\" class=\"button dark\">Learn More<\/a>\t\t\t\t<\/div>\n\t\t\t\t\t\t\t<div class=\"info-box\" data-aos=\"fade-up\" data-aos-duration=\"1000\" data-aos-anchor-placement=\"center-bottom\">\n\t\t\t\t\t<div class=\"info-box-inner\" data-equalizer-watch>\n\t\t\t\t\t\t<h3>Possibilit\u00e9s d\u2019emploi<\/h3>\n\t\t\t\t\t\t<div class=\"description\">\n\t\t\t\t\t\t\t<p>Faites partie d\u2019une organisation form\u00e9e de gens exceptionnels qui s\u2019encouragent mutuellement chaque jour \u00e0 d\u00e9passer les attentes. Postulez aujourd\u2019hui!<\/p>\n\t\t\t\t\t\t<\/div>\n\t\t\t\t\t<\/div>\n\t\t\t\t\t<a href=\"https:\/\/www.ocwa.com\/fr\/possibilites-demploi\/\" class=\"button dark\">Learn More<\/a>\t\t\t\t<\/div>\n\t\t\t\t\t<\/div>\n\t<\/div>\n","protected":false},"excerpt":{"rendered":"<p>\u00c0 l\u2019AOE, nous constituons une main-d\u2019\u0153uvre diversifi\u00e9e et inclusive essentiellement compos\u00e9e de personnes qui doivent \u00eatre titulaires d\u2019un permis ou qui pratiquent un m\u00e9tier sp\u00e9cialis\u00e9. Nous investissons dans nos employ\u00e9s en offrant de la formation et des possibilit\u00e9s d\u2019emploi dans toute la province. Voyez les carri\u00e8res offertes \u00e0 l\u2019AOE.<\/p>\n","protected":false},"author":1,"featured_media":2452,"parent":1834,"menu_order":0,"comment_status":"closed","ping_status":"closed","template":"page-details.php","meta":{"_acf_changed":false,"footnotes":""},"class_list":["post-1830","page","type-page","status-publish","has-post-thumbnail","hentry"],"acf":[],"yoast_head":"<!-- This site is optimized with the Yoast SEO plugin v27.4 - https:\/\/yoast.com\/product\/yoast-seo-wordpress\/ -->\n<title>Parcours de carri\u00e8re - OCWA<\/title>\n<meta name=\"robots\" content=\"index, follow, max-snippet:-1, max-image-preview:large, max-video-preview:-1\" \/>\n<link rel=\"canonical\" href=\"https:\/\/www.ocwa.com\/fr\/joignez-vous-a-laoe\/parcours-de-carriere\/\" \/>\n<meta property=\"og:locale\" content=\"fr_FR\" \/>\n<meta property=\"og:type\" content=\"article\" \/>\n<meta property=\"og:title\" content=\"Parcours de carri\u00e8re - OCWA\" \/>\n<meta property=\"og:description\" content=\"\u00c0 l\u2019AOE, nous constituons une main-d\u2019\u0153uvre diversifi\u00e9e et inclusive essentiellement compos\u00e9e de personnes qui doivent \u00eatre titulaires d\u2019un permis ou qui pratiquent un m\u00e9tier sp\u00e9cialis\u00e9. Nous investissons dans nos employ\u00e9s en offrant de la formation et des possibilit\u00e9s d\u2019emploi dans toute la province. Voyez les carri\u00e8res offertes \u00e0 l\u2019AOE.\" \/>\n<meta property=\"og:url\" content=\"https:\/\/www.ocwa.com\/fr\/joignez-vous-a-laoe\/parcours-de-carriere\/\" \/>\n<meta property=\"og:site_name\" content=\"OCWA\" \/>\n<meta property=\"article:modified_time\" content=\"2025-09-17T17:23:46+00:00\" \/>\n<meta property=\"og:image\" content=\"https:\/\/www.ocwa.com\/wp-content\/uploads\/2024\/02\/APK-Dec-2023-e1707845205185.jpg\" \/>\n\t<meta property=\"og:image:width\" content=\"1008\" \/>\n\t<meta property=\"og:image:height\" content=\"756\" \/>\n\t<meta property=\"og:image:type\" content=\"image\/jpeg\" \/>\n<meta name=\"twitter:card\" content=\"summary_large_image\" \/>\n<meta name=\"twitter:label1\" content=\"Dur\u00e9e de lecture estim\u00e9e\" \/>\n\t<meta name=\"twitter:data1\" content=\"3 minutes\" \/>\n<script type=\"application\/ld+json\" class=\"yoast-schema-graph\">{\"@context\":\"https:\\\/\\\/schema.org\",\"@graph\":[{\"@type\":\"WebPage\",\"@id\":\"https:\\\/\\\/www.ocwa.com\\\/fr\\\/joignez-vous-a-laoe\\\/parcours-de-carriere\\\/\",\"url\":\"https:\\\/\\\/www.ocwa.com\\\/fr\\\/joignez-vous-a-laoe\\\/parcours-de-carriere\\\/\",\"name\":\"Parcours de carri\u00e8re - OCWA\",\"isPartOf\":{\"@id\":\"https:\\\/\\\/www.ocwa.com\\\/fr\\\/#website\"},\"primaryImageOfPage\":{\"@id\":\"https:\\\/\\\/www.ocwa.com\\\/fr\\\/joignez-vous-a-laoe\\\/parcours-de-carriere\\\/#primaryimage\"},\"image\":{\"@id\":\"https:\\\/\\\/www.ocwa.com\\\/fr\\\/joignez-vous-a-laoe\\\/parcours-de-carriere\\\/#primaryimage\"},\"thumbnailUrl\":\"https:\\\/\\\/www.ocwa.com\\\/wp-content\\\/uploads\\\/2024\\\/02\\\/APK-Dec-2023-e1707845205185.jpg\",\"datePublished\":\"2023-12-13T22:26:48+00:00\",\"dateModified\":\"2025-09-17T17:23:46+00:00\",\"breadcrumb\":{\"@id\":\"https:\\\/\\\/www.ocwa.com\\\/fr\\\/joignez-vous-a-laoe\\\/parcours-de-carriere\\\/#breadcrumb\"},\"inLanguage\":\"fr-FR\",\"potentialAction\":[{\"@type\":\"ReadAction\",\"target\":[\"https:\\\/\\\/www.ocwa.com\\\/fr\\\/joignez-vous-a-laoe\\\/parcours-de-carriere\\\/\"]}]},{\"@type\":\"ImageObject\",\"inLanguage\":\"fr-FR\",\"@id\":\"https:\\\/\\\/www.ocwa.com\\\/fr\\\/joignez-vous-a-laoe\\\/parcours-de-carriere\\\/#primaryimage\",\"url\":\"https:\\\/\\\/www.ocwa.com\\\/wp-content\\\/uploads\\\/2024\\\/02\\\/APK-Dec-2023-e1707845205185.jpg\",\"contentUrl\":\"https:\\\/\\\/www.ocwa.com\\\/wp-content\\\/uploads\\\/2024\\\/02\\\/APK-Dec-2023-e1707845205185.jpg\",\"width\":1008,\"height\":756},{\"@type\":\"BreadcrumbList\",\"@id\":\"https:\\\/\\\/www.ocwa.com\\\/fr\\\/joignez-vous-a-laoe\\\/parcours-de-carriere\\\/#breadcrumb\",\"itemListElement\":[{\"@type\":\"ListItem\",\"position\":1,\"name\":\"Home\",\"item\":\"https:\\\/\\\/www.ocwa.com\\\/fr\\\/\"},{\"@type\":\"ListItem\",\"position\":2,\"name\":\"Joignez-vous \u00e0 l\u2019AOE\",\"item\":\"https:\\\/\\\/www.ocwa.com\\\/fr\\\/joignez-vous-a-laoe\\\/\"},{\"@type\":\"ListItem\",\"position\":3,\"name\":\"Parcours de carri\u00e8re\"}]},{\"@type\":\"WebSite\",\"@id\":\"https:\\\/\\\/www.ocwa.com\\\/fr\\\/#website\",\"url\":\"https:\\\/\\\/www.ocwa.com\\\/fr\\\/\",\"name\":\"OCWA\",\"description\":\"Just another WordPress site\",\"potentialAction\":[{\"@type\":\"SearchAction\",\"target\":{\"@type\":\"EntryPoint\",\"urlTemplate\":\"https:\\\/\\\/www.ocwa.com\\\/fr\\\/?s={search_term_string}\"},\"query-input\":{\"@type\":\"PropertyValueSpecification\",\"valueRequired\":true,\"valueName\":\"search_term_string\"}}],\"inLanguage\":\"fr-FR\"}]}<\/script>\n<!-- \/ Yoast SEO plugin. -->","yoast_head_json":{"title":"Parcours de carri\u00e8re - OCWA","robots":{"index":"index","follow":"follow","max-snippet":"max-snippet:-1","max-image-preview":"max-image-preview:large","max-video-preview":"max-video-preview:-1"},"canonical":"https:\/\/www.ocwa.com\/fr\/joignez-vous-a-laoe\/parcours-de-carriere\/","og_locale":"fr_FR","og_type":"article","og_title":"Parcours de carri\u00e8re - OCWA","og_description":"\u00c0 l\u2019AOE, nous constituons une main-d\u2019\u0153uvre diversifi\u00e9e et inclusive essentiellement compos\u00e9e de personnes qui doivent \u00eatre titulaires d\u2019un permis ou qui pratiquent un m\u00e9tier sp\u00e9cialis\u00e9. Nous investissons dans nos employ\u00e9s en offrant de la formation et des possibilit\u00e9s d\u2019emploi dans toute la province. Voyez les carri\u00e8res offertes \u00e0 l\u2019AOE.","og_url":"https:\/\/www.ocwa.com\/fr\/joignez-vous-a-laoe\/parcours-de-carriere\/","og_site_name":"OCWA","article_modified_time":"2025-09-17T17:23:46+00:00","og_image":[{"width":1008,"height":756,"url":"https:\/\/www.ocwa.com\/wp-content\/uploads\/2024\/02\/APK-Dec-2023-e1707845205185.jpg","type":"image\/jpeg"}],"twitter_card":"summary_large_image","twitter_misc":{"Dur\u00e9e de lecture estim\u00e9e":"3 minutes"},"schema":{"@context":"https:\/\/schema.org","@graph":[{"@type":"WebPage","@id":"https:\/\/www.ocwa.com\/fr\/joignez-vous-a-laoe\/parcours-de-carriere\/","url":"https:\/\/www.ocwa.com\/fr\/joignez-vous-a-laoe\/parcours-de-carriere\/","name":"Parcours de carri\u00e8re - OCWA","isPartOf":{"@id":"https:\/\/www.ocwa.com\/fr\/#website"},"primaryImageOfPage":{"@id":"https:\/\/www.ocwa.com\/fr\/joignez-vous-a-laoe\/parcours-de-carriere\/#primaryimage"},"image":{"@id":"https:\/\/www.ocwa.com\/fr\/joignez-vous-a-laoe\/parcours-de-carriere\/#primaryimage"},"thumbnailUrl":"https:\/\/www.ocwa.com\/wp-content\/uploads\/2024\/02\/APK-Dec-2023-e1707845205185.jpg","datePublished":"2023-12-13T22:26:48+00:00","dateModified":"2025-09-17T17:23:46+00:00","breadcrumb":{"@id":"https:\/\/www.ocwa.com\/fr\/joignez-vous-a-laoe\/parcours-de-carriere\/#breadcrumb"},"inLanguage":"fr-FR","potentialAction":[{"@type":"ReadAction","target":["https:\/\/www.ocwa.com\/fr\/joignez-vous-a-laoe\/parcours-de-carriere\/"]}]},{"@type":"ImageObject","inLanguage":"fr-FR","@id":"https:\/\/www.ocwa.com\/fr\/joignez-vous-a-laoe\/parcours-de-carriere\/#primaryimage","url":"https:\/\/www.ocwa.com\/wp-content\/uploads\/2024\/02\/APK-Dec-2023-e1707845205185.jpg","contentUrl":"https:\/\/www.ocwa.com\/wp-content\/uploads\/2024\/02\/APK-Dec-2023-e1707845205185.jpg","width":1008,"height":756},{"@type":"BreadcrumbList","@id":"https:\/\/www.ocwa.com\/fr\/joignez-vous-a-laoe\/parcours-de-carriere\/#breadcrumb","itemListElement":[{"@type":"ListItem","position":1,"name":"Home","item":"https:\/\/www.ocwa.com\/fr\/"},{"@type":"ListItem","position":2,"name":"Joignez-vous \u00e0 l\u2019AOE","item":"https:\/\/www.ocwa.com\/fr\/joignez-vous-a-laoe\/"},{"@type":"ListItem","position":3,"name":"Parcours de carri\u00e8re"}]},{"@type":"WebSite","@id":"https:\/\/www.ocwa.com\/fr\/#website","url":"https:\/\/www.ocwa.com\/fr\/","name":"OCWA","description":"Just another WordPress site","potentialAction":[{"@type":"SearchAction","target":{"@type":"EntryPoint","urlTemplate":"https:\/\/www.ocwa.com\/fr\/?s={search_term_string}"},"query-input":{"@type":"PropertyValueSpecification","valueRequired":true,"valueName":"search_term_string"}}],"inLanguage":"fr-FR"}]}},"_links":{"self":[{"href":"https:\/\/www.ocwa.com\/fr\/wp-json\/wp\/v2\/pages\/1830","targetHints":{"allow":["GET"]}}],"collection":[{"href":"https:\/\/www.ocwa.com\/fr\/wp-json\/wp\/v2\/pages"}],"about":[{"href":"https:\/\/www.ocwa.com\/fr\/wp-json\/wp\/v2\/types\/page"}],"author":[{"embeddable":true,"href":"https:\/\/www.ocwa.com\/fr\/wp-json\/wp\/v2\/users\/1"}],"replies":[{"embeddable":true,"href":"https:\/\/www.ocwa.com\/fr\/wp-json\/wp\/v2\/comments?post=1830"}],"version-history":[{"count":20,"href":"https:\/\/www.ocwa.com\/fr\/wp-json\/wp\/v2\/pages\/1830\/revisions"}],"predecessor-version":[{"id":5095,"href":"https:\/\/www.ocwa.com\/fr\/wp-json\/wp\/v2\/pages\/1830\/revisions\/5095"}],"up":[{"embeddable":true,"href":"https:\/\/www.ocwa.com\/fr\/wp-json\/wp\/v2\/pages\/1834"}],"wp:featuredmedia":[{"embeddable":true,"href":"https:\/\/www.ocwa.com\/fr\/wp-json\/wp\/v2\/media\/2452"}],"wp:attachment":[{"href":"https:\/\/www.ocwa.com\/fr\/wp-json\/wp\/v2\/media?parent=1830"}],"curies":[{"name":"wp","href":"https:\/\/api.w.org\/{rel}","templated":true}]}}