{"id":1798,"date":"2023-12-13T17:06:46","date_gmt":"2023-12-13T22:06:46","guid":{"rendered":"https:\/\/www.ocwa.com\/why-choose-ocwa\/"},"modified":"2025-08-06T12:22:11","modified_gmt":"2025-08-06T16:22:11","slug":"pourquoi-choisir-laoe","status":"publish","type":"page","link":"https:\/\/www.ocwa.com\/fr\/joignez-vous-a-laoe\/pourquoi-choisir-laoe\/","title":{"rendered":"Pourquoi Choisir L\u2019AOE"},"content":{"rendered":"<div id=\"page-intro-block_856160a7fafcdf507bad0bb9248f6315\" class=\"page-intro alignfull \">\n\t<div class=\"block-inner\">\n\t\t\t\t\t<div class=\"breadcrumbs\">\n\t\t\t\t<span><span><a href=\"https:\/\/www.ocwa.com\/fr\/\">Home<\/a><\/span><\/span>\t\t\t<\/div>\n\t\t\t\t<div class=\"block-intro-content\">\n\t\t\t\t\t\t\t<div class=\"block-image\">\n\t\t\t\t\t<img loading=\"lazy\" decoding=\"async\" width=\"768\" height=\"1024\" src=\"https:\/\/www.ocwa.com\/wp-content\/uploads\/2024\/02\/Numair-Uppal-2-768x1024.jpg\" class=\"attachment-box-image size-box-image\" alt=\"\" srcset=\"https:\/\/www.ocwa.com\/wp-content\/uploads\/2024\/02\/Numair-Uppal-2-768x1024.jpg 768w, https:\/\/www.ocwa.com\/wp-content\/uploads\/2024\/02\/Numair-Uppal-2-225x300.jpg 225w, https:\/\/www.ocwa.com\/wp-content\/uploads\/2024\/02\/Numair-Uppal-2-1152x1536.jpg 1152w, https:\/\/www.ocwa.com\/wp-content\/uploads\/2024\/02\/Numair-Uppal-2-1536x2048.jpg 1536w, https:\/\/www.ocwa.com\/wp-content\/uploads\/2024\/02\/Numair-Uppal-2-2000x2667.jpg 2000w, https:\/\/www.ocwa.com\/wp-content\/uploads\/2024\/02\/Numair-Uppal-2-400x533.jpg 400w, https:\/\/www.ocwa.com\/wp-content\/uploads\/2024\/02\/Numair-Uppal-2-scaled.jpg 1920w\" sizes=\"auto, (max-width: 768px) 100vw, 768px\" \/>\t\t\t\t<\/div>\n\t\t\t\t\t\t<div class=\"block-text\">\n\t\t\t\t<h1 class=\"with-wave\">Pourquoi Choisir L\u2019AOE<\/h1>\n\t\t\t\t\t\t\t\t\t<div class=\"block-description\">\n\t\t\t\t\t\t<p><!-- wp:heading {\"level\":4} --><\/p>\n<h6><strong>Un Travail Passionnant et Stimulant. <\/strong>Si l\u2019id\u00e9e de rester assis \u00e0 votre bureau huit heures par jour ne vous attire pas, les activit\u00e9s d\u2019exploitation de l\u2019AOE sont peut-\u00eatre ce qu\u2019il vous faut ! \u00c0 l\u2019AOE, nous voulons vous voir mat\u00e9rialiser et appliquer de nouvelles id\u00e9es, voir vos efforts contribuer \u00e0 l\u2019atteinte des objectifs et vous mettre au d\u00e9fi d\u2019approfondir vos connaissances et de d\u00e9velopper vos comp\u00e9tences<\/h6>\n<p><!-- \/wp:heading --><\/p>\n\t\t\t\t\t<\/div>\n\t\t\t\t\t\t\t\t\t\t\t<\/div>\n\t\t<\/div>\n\t<\/div>\n<\/div>\n\n\n\n<div class=\"wp-block-columns is-layout-flex wp-container-core-columns-is-layout-9d6595d7 wp-block-columns-is-layout-flex\">\n<div class=\"wp-block-column is-layout-flow wp-block-column-is-layout-flow\" style=\"flex-basis:62%\"><div id=\"video-block-block_37c95161186df1fe64089d26f0ea9d13\" class=\"video-block \">\n    <div class=\"video-wrapper\" data-aos=\"fade-up\" data-aos-duration=\"1000\" data-aos-anchor-placement=\"center-bottom\">\n                <a href=\"#\" data-open=\"video-modal\" class=\"youtube-link-embed\" data-youtube-id=\"3Ev8OIw4Kgs\">\n\n            <img decoding=\"async\" class=\"youtube-thumb\" src=\"\/\/i.ytimg.com\/vi\/3Ev8OIw4Kgs\/hqdefault.jpg\">            <i class=\"icon icon-play\"><\/i>\n        <\/a>\n    <\/div>\n    \n\n<\/div>\n<div class=\"reveal\" id=\"video-modal\" data-reveal>\n    <button class=\"close-button\" data-close aria-label=\"Close modal\" type=\"button\">\n        <i class=\"icon icon-close\"><\/i>\n    <\/button>\n            <div class=\"responsive-embed widescreen\">\n            <iframe loading=\"lazy\" title=\"Travailler \u00e0 l&#039;Agence ontarienne des eaux\" width=\"640\" height=\"360\" src=\"https:\/\/www.youtube.com\/embed\/3Ev8OIw4Kgs?feature=oembed\" frameborder=\"0\" allow=\"accelerometer; autoplay; clipboard-write; encrypted-media; gyroscope; picture-in-picture; web-share\" referrerpolicy=\"strict-origin-when-cross-origin\" allowfullscreen><\/iframe>        <\/div>\n    \n<\/div>\n\n\n<div id=\"accordion-content-block_94ab9440816d5cec8fa6976b982691a4\" class=\"accordion-wrapper theme-1 \">\n        <div class=\"block-title\" data-aos=\"fade-up\" data-aos-duration=\"1000\" data-aos-anchor-placement=\"center-bottom\">\n        <h4>Ce que nous avons \u00e0 offrir<\/h4>\n    <\/div>\n        <ul class=\"accordion\" data-accordion data-multi-expand=\"true\"  data-allow-all-closed=\"true\" data-accordion data-deep-link-smudge-delay=\"500\" data-aos=\"fade-up\" data-aos-duration=\"1000\" data-aos-anchor-placement=\"top-bottom\">\n                    <li class=\"accordion-item\" data-accordion-item>\n                <a href=\"#\" class=\"accordion-title\">La Diversit\u00e9 <\/a>\n                <div class=\"accordion-content\" data-tab-content>\n                    <p><!-- wp:heading {\"level\":5} --><\/p>\n<p>Les particularit\u00e9s de chacun de nos employ\u00e9s ont pour nous de l\u2019importance. Il nous importe de promouvoir et de cultiver un lieu de travail inclusif et d\u2019int\u00e9grer l\u2019inclusion \u00e0 nos efforts de recrutement et \u00e0 la planification de la rel\u00e8ve. En tant qu\u2019organisme de la fonction publique de l\u2019Ontario, nous avons la chance d\u2019avoir acc\u00e8s \u00e0 une vari\u00e9t\u00e9 d\u2019initiatives, de programmes et de formations. Une organisation v\u00e9ritablement inclusive embrasse les diff\u00e9rences chez ses employ\u00e9s et l\u2019AOE reconna\u00eet que le recrutement de nouveaux employ\u00e9s nous donne l\u2019occasion d\u2019accro\u00eetre la diversit\u00e9 de notre main-d\u2019\u0153uvre.<\/p>\n<p id=\"tw-target-text\" class=\"tw-data-text tw-text-large tw-ta\" dir=\"ltr\" data-placeholder=\"Translation\" aria-label=\"Translated text\" data-ved=\"2ahUKEwjygIzWutaFAxXTGjQIHUM7DE0Q3ewLegQIBRAU\"><span class=\"Y2IQFc\" lang=\"fr\">Lire l&rsquo;AOE <a href=\"https:\/\/www.ocwa.com\/wp-content\/uploads\/2024\/04\/OCWA-EDI-Blueprint-2023-2028.pdf\">2024-2028 Equity, Diversity and Inclusion Blueprint <\/a><\/span>(En Anglais Seulement)<\/p>\n<p><!-- \/wp:paragraph --><\/p>\n                <\/div>\n            <\/li>\n                    <li class=\"accordion-item\" data-accordion-item>\n                <a href=\"#\" class=\"accordion-title\">Un Milieu de Travail S\u00fbr <\/a>\n                <div class=\"accordion-content\" data-tab-content>\n                    <p><!-- wp:heading {\"level\":5} --><\/p>\n<p>L\u2019AOE s\u2019est engag\u00e9e \u00e0 fournir un lieu de travail s\u00fbr et sain \u00e0 tous ses employ\u00e9s et s\u2019engage r\u00e9guli\u00e8rement dans des campagnes de conscientisation \u00e0 tous les paliers de l\u2019organisme.<\/p>\n<p>L\u2019AOE s\u2019est engag\u00e9 \u00e0 pr\u00e9server la sant\u00e9 et la s\u00e9curit\u00e9 de tous ses employ\u00e9s et des collectivit\u00e9s dans lesquelles nous menons des activit\u00e9s. L\u2019Agence est consciente du lien vital entre, d\u2019une part, une culture de la sant\u00e9 de la s\u00e9curit\u00e9 et, d\u2019autre part, une organisation efficace. Notre vision commune est celle d\u2019une province s\u00fbre, saine et prosp\u00e8re.<\/p>\n<p><!-- \/wp:paragraph --><\/p>\n                <\/div>\n            <\/li>\n                    <li class=\"accordion-item\" data-accordion-item>\n                <a href=\"#\" class=\"accordion-title\">R\u00e9compenses et Reconnaissances <\/a>\n                <div class=\"accordion-content\" data-tab-content>\n                    <p><!-- wp:heading {\"level\":5} --><\/p>\n<div class=\"choose-text-img\">\n<div class=\"choose-content\">\n<p>Le prix\u00a0<i>OCWAmarine<\/i> reconna\u00eet les contributions des employ\u00e9s pour leadership, innovations et durabilit\u00e9, service de qualit\u00e9, promotion du travail d\u2019\u00e9quipe et civisme. Le prix pour la s\u00e9curit\u00e9 d\u00e9cern\u00e9 chaque ann\u00e9e par l\u2019AOE souligne publiquement les contributions des employ\u00e9s et des groupes pour la promotion de la sant\u00e9 de la s\u00e9curit\u00e9 sur les lieux de travail de l\u2019AOE.<\/p>\n<\/div>\n<\/div>\n<p><!-- \/wp:paragraph --><\/p>\n                <\/div>\n            <\/li>\n                    <li class=\"accordion-item\" data-accordion-item>\n                <a href=\"#\" class=\"accordion-title\">La durabilit\u00e9 environnementale<\/a>\n                <div class=\"accordion-content\" data-tab-content>\n                    <p>L&rsquo;AOE s&rsquo;engage \u00e0 promouvoir la gestion de l&rsquo;environnement et \u00e0 soutenir l&rsquo;action climatique. Aider les clients \u00e0 maintenir la durabilit\u00e9 et la r\u00e9silience \u00e0 long terme de leurs infrastructures d\u2019approvisionnement en eau et de traitement des eaux us\u00e9es est l\u2019un des moyens les plus importants par lesquels l\u2019AOE offre des avantages suppl\u00e9mentaires \u00e0 nos clients. En plus d&rsquo;exploiter et d&rsquo;entretenir les installations des clients, l&rsquo;\u00e9quipe d&rsquo;experts de l&rsquo;industrie de l&rsquo;AOE aide les municipalit\u00e9s de tout l&rsquo;Ontario \u00e0 d\u00e9velopper et \u00e0 promouvoir des pratiques de gestion durable des infrastructures et \u00e0 soutenir nos clients dans leurs initiatives de gestion des ressources et d&rsquo;att\u00e9nuation des changements climatiques.<\/p>\n                <\/div>\n            <\/li>\n            <\/ul>\n<\/div>\n\n\n<div id=\"accordion-content-block_2e82c25e3b614fd9a3e395f62909c561\" class=\"accordion-wrapper theme-1 \">\n        <div class=\"block-title\" data-aos=\"fade-up\" data-aos-duration=\"1000\" data-aos-anchor-placement=\"center-bottom\">\n        <h4>R\u00e9gime de retraite et d\u2019avantages sociaux<\/h4>\n    <\/div>\n        <ul class=\"accordion\" data-accordion data-multi-expand=\"true\"  data-allow-all-closed=\"true\" data-accordion data-deep-link-smudge-delay=\"500\" data-aos=\"fade-up\" data-aos-duration=\"1000\" data-aos-anchor-placement=\"top-bottom\">\n                    <li class=\"accordion-item\" data-accordion-item>\n                <a href=\"#\" class=\"accordion-title\">R\u00e9gime de retraite et d\u2019avantages sociaux<\/a>\n                <div class=\"accordion-content\" data-tab-content>\n                    <p>L\u2019AOE propose une r\u00e9mun\u00e9ration concurrentielle. Chaque offre d\u2019emploi comprend l\u2019\u00e9chelle salariale du poste et une description g\u00e9n\u00e9rale des avantages sociaux. Le personnel de l\u2019AOE fait partie de la fonction publique de l\u2019Ontario (FPO).<\/p>\n<p>Nous comprenons l\u2019importance de la planification apr\u00e8s un d\u00e9part \u00e0 la retraite. Deux r\u00e9gimes de retraite sont offerts\u00a0: le\u00a0<a href=\"http:\/\/www.opb.ca\/portal\/opb.portal?_nfpb=true&amp;_pageLabel=WelcomePage\">R\u00e9gime de retraite des fonctionnaires<\/a>\u00a0et le\u00a0<a href=\"http:\/\/www.optrust.com\/Home\/default.asp\">R\u00e9gime de retraite du Syndicat des employ\u00e9s de la fonction publique de l\u2019Ontario<\/a>. Il s\u2019agit de deux r\u00e9gimes contributifs \u00e0 prestations d\u00e9termin\u00e9es, ce qui signifie que la pension vers\u00e9e \u00e0 la retraite est d\u00e9termin\u00e9e par le salaire et le nombre d\u2019ann\u00e9es de cotisation au r\u00e9gime. L\u2019employ\u00e9 et l\u2019employeur cotisent aux r\u00e9gimes.<\/p>\n                <\/div>\n            <\/li>\n                    <li class=\"accordion-item\" data-accordion-item>\n                <a href=\"#\" class=\"accordion-title\">Avantages sociaux<\/a>\n                <div class=\"accordion-content\" data-tab-content>\n                    <p>Nous reconnaissons l\u2019importance d\u2019un r\u00e9gime d\u2019avantages sociaux exhaustifs pour les employ\u00e9s.<\/p>\n<p>Nos r\u00e9gimes d\u2019avantages sociaux peuvent comprendre ce qui suit\u00a0:<\/p>\n<ul>\n<li>Soins m\u00e9dicaux, dentaires, de l\u2019audition et de la vision<\/li>\n<li>Compte de d\u00e9penses pour soins de sant\u00e9<\/li>\n<li>Prestations compl\u00e9mentaires pour cong\u00e9 de maternit\u00e9 et cong\u00e9 parental, y compris pour les parents adoptifs<\/li>\n<li>Et plus encore<\/li>\n<\/ul>\n                <\/div>\n            <\/li>\n            <\/ul>\n<\/div>\n<\/div>\n\n\n\n<div class=\"wp-block-column is-layout-flow wp-block-column-is-layout-flow\" style=\"flex-basis:38%\"><div id=\"sidebar-block-block_8f345fa988544888c2aca0c5bf8a0c5f\" class=\"sidebar-block \">\n\t\t<div class=\"sidebar-item\">\n\t\t<div class=\"sidebar-title\">\n\t\t\t<h5>Cinq Bonnes Raisons de Travailler \u00e0 L\u2019AOE<\/h5>\n\t\t<\/div>\n\t\t\t\t\t\t\t\t\t<div class=\"number\">\n\t\t\t\t\t<div class=\"the-number\">\n\t\t\t\t\t\t\t\t\t\t\t\t<span>1<\/span>\t\t\t\t\t\t\t\t\t\t\t<\/div>\n\t\t\t\t\t<div class=\"description\">\n\t\t\t\t\t\t<p><strong>Un employeur qui se d\u00e9marque.\u00a0<\/strong><\/p>\n<p>La fonction publique de l\u2019Ontario a \u00e9t\u00e9 class\u00e9e parmi les 100\u00a0meilleurs employeurs au Canada.<\/p>\n\t\t\t\t\t<\/div>\n\n\t\t\t\t<\/div>\n\t\t\t\t\t\t\t<div class=\"number\">\n\t\t\t\t\t<div class=\"the-number\">\n\t\t\t\t\t\t\t\t\t\t\t\t<span>2<\/span>\t\t\t\t\t\t\t\t\t\t\t<\/div>\n\t\t\t\t\t<div class=\"description\">\n\t\t\t\t\t\t<p><strong>Contribuez \u00e0 faire changer les choses.\u00a0<\/strong><\/p>\n<p>Le travail que vous faites b\u00e9n\u00e9ficie directement \u00e0 l\u2019environnement, aux collectivit\u00e9s et \u00e0 la population de l\u2019Ontario.<\/p>\n\t\t\t\t\t<\/div>\n\n\t\t\t\t<\/div>\n\t\t\t\t\t\t\t<div class=\"number\">\n\t\t\t\t\t<div class=\"the-number\">\n\t\t\t\t\t\t\t\t\t\t\t\t<span>3<\/span>\t\t\t\t\t\t\t\t\t\t\t<\/div>\n\t\t\t\t\t<div class=\"description\">\n\t\t\t\t\t\t<p><strong>Tracez votre parcours professionnel.\u00a0<\/strong><\/p>\n<p>Nous encourageons le perfectionnement et la progression professionnels au sein de l\u2019organisation.\u00a0 Les employ\u00e9s peuvent tracer le parcours qu\u2019ils souhaitent emprunter pour atteindre leurs objectifs de carri\u00e8re.\u00a0 Les possibilit\u00e9s sont l\u00e0, qu\u2019il s\u2019agisse de technologies de l\u2019information, de ressources humaines, d\u2019ing\u00e9nierie ou de gestion de l\u2019exploitation partout dans la province.<\/p>\n\t\t\t\t\t<\/div>\n\n\t\t\t\t<\/div>\n\t\t\t\t\t\t\t<div class=\"number\">\n\t\t\t\t\t<div class=\"the-number\">\n\t\t\t\t\t\t\t\t\t\t\t\t<span>4<\/span>\t\t\t\t\t\t\t\t\t\t\t<\/div>\n\t\t\t\t\t<div class=\"description\">\n\t\t\t\t\t\t<p><strong>Investissez dans votre avenir.\u00a0<\/strong><\/p>\n<p>Nous investissons dans la formation et le perfectionnement de nos employ\u00e9s afin qu\u2019ils d\u00e9veloppent leur potentiel.<\/p>\n\t\t\t\t\t<\/div>\n\n\t\t\t\t<\/div>\n\t\t\t\t\t\t\t<div class=\"number\">\n\t\t\t\t\t<div class=\"the-number\">\n\t\t\t\t\t\t\t\t\t\t\t\t<span>5<\/span>\t\t\t\t\t\t\t\t\t\t\t<\/div>\n\t\t\t\t\t<div class=\"description\">\n\t\t\t\t\t\t<p><strong>Joignez-vous \u00e0 une \u00e9quipe fantastique<\/strong>.<\/p>\n<p>Les employ\u00e9s de l\u2019AOE sont passionn\u00e9s et sont conscients de la mission importante qu\u2019ils accomplissent au sein des collectivit\u00e9s desservies.<\/p>\n\t\t\t\t\t<\/div>\n\n\t\t\t\t<\/div>\n\t\t\t\t\t\t\t\t\t<\/div>\n\n\t<\/div>\n\n<\/div>\n<\/div>\n\n\n<div id=\"info-boxes-block_4a545986ac684662f79271a11a163786\" class=\"info-boxes alignfull \" style=\"background-color:#eaf9fc;\">\n\t\t\t<div class=\"info-boxes-wrapper\" data-equalizer data-equalize-on=\"medium\">\n\t\t\t\t\t\t\t<div class=\"info-box\" data-aos=\"fade-up\" data-aos-duration=\"1000\" data-aos-anchor-placement=\"center-bottom\">\n\t\t\t\t\t<div class=\"info-box-inner\" data-equalizer-watch>\n\t\t\t\t\t\t<h3>Possibilit\u00e9s d\u2019emploi<\/h3>\n\t\t\t\t\t\t<div class=\"description\">\n\t\t\t\t\t\t\t<p>Faites partie d\u2019une organisation form\u00e9e de gens exceptionnels qui s\u2019encouragent mutuellement chaque jour \u00e0 d\u00e9passer les attentes. Postulez aujourd\u2019hui !<\/p>\n\t\t\t\t\t\t<\/div>\n\t\t\t\t\t<\/div>\n\t\t\t\t\t<a href=\"https:\/\/www.ocwa.com\/fr\/possibilites-demploi\/\" class=\"button dark\">Informez-vous<\/a>\t\t\t\t<\/div>\n\t\t\t\t\t\t\t<div class=\"info-box\" data-aos=\"fade-up\" data-aos-duration=\"1000\" data-aos-anchor-placement=\"center-bottom\">\n\t\t\t\t\t<div class=\"info-box-inner\" data-equalizer-watch>\n\t\t\t\t\t\t<h3>Notre personnel<\/h3>\n\t\t\t\t\t\t<div class=\"description\">\n\t\t\t\t\t\t\t<p>Nos employ\u00e9s sont notre force! Leur d\u00e9vouement et leur passion pour ce qu\u2019ils font chaque jour dans les collectivit\u00e9s qu\u2019ils servent nous permettent de nous d\u00e9marquer comme le chef de file de l\u2019approvisionnement en eau et du traitement des eaux us\u00e9es en Ontario. Nous vous en pr\u00e9sentons quelques-uns.<\/p>\n\t\t\t\t\t\t<\/div>\n\t\t\t\t\t<\/div>\n\t\t\t\t\t<a href=\"https:\/\/www.ocwa.com\/fr\/notre-personnel\/\" class=\"button dark\">Informez-vous<\/a>\t\t\t\t<\/div>\n\t\t\t\t\t<\/div>\n\t<\/div>\n","protected":false},"excerpt":{"rendered":"<p>La formation continue, les possibilit\u00e9s d\u2019avancement et des milieux de travail stimulants et valorisants font de l\u2019AOE un employeur de choix pour quiconque envisage une carri\u00e8re dans le secteur de l\u2019approvisionnement en eau et du traitement des eaux us\u00e9es.<\/p>\n","protected":false},"author":1,"featured_media":2746,"parent":1834,"menu_order":0,"comment_status":"closed","ping_status":"closed","template":"page-details.php","meta":{"_acf_changed":false,"footnotes":""},"class_list":["post-1798","page","type-page","status-publish","has-post-thumbnail","hentry"],"acf":[],"yoast_head":"<!-- This site is optimized with the Yoast SEO plugin v27.4 - https:\/\/yoast.com\/product\/yoast-seo-wordpress\/ -->\n<title>Pourquoi Choisir L\u2019AOE - OCWA<\/title>\n<meta name=\"robots\" content=\"index, follow, max-snippet:-1, max-image-preview:large, max-video-preview:-1\" \/>\n<link rel=\"canonical\" href=\"https:\/\/www.ocwa.com\/fr\/joignez-vous-a-laoe\/pourquoi-choisir-laoe\/\" \/>\n<meta property=\"og:locale\" content=\"fr_FR\" \/>\n<meta property=\"og:type\" content=\"article\" \/>\n<meta property=\"og:title\" content=\"Pourquoi Choisir L\u2019AOE - OCWA\" \/>\n<meta property=\"og:description\" content=\"La formation continue, les possibilit\u00e9s d\u2019avancement et des milieux de travail stimulants et valorisants font de l\u2019AOE un employeur de choix pour quiconque envisage une carri\u00e8re dans le secteur de l\u2019approvisionnement en eau et du traitement des eaux us\u00e9es.\" \/>\n<meta property=\"og:url\" content=\"https:\/\/www.ocwa.com\/fr\/joignez-vous-a-laoe\/pourquoi-choisir-laoe\/\" \/>\n<meta property=\"og:site_name\" content=\"OCWA\" \/>\n<meta property=\"article:modified_time\" content=\"2025-08-06T16:22:11+00:00\" \/>\n<meta property=\"og:image\" content=\"https:\/\/www.ocwa.com\/wp-content\/uploads\/2024\/02\/Numair-scaled-e1708633805850.jpg\" \/>\n\t<meta property=\"og:image:width\" content=\"1324\" \/>\n\t<meta property=\"og:image:height\" content=\"2560\" \/>\n\t<meta property=\"og:image:type\" content=\"image\/jpeg\" \/>\n<meta name=\"twitter:card\" content=\"summary_large_image\" \/>\n<meta name=\"twitter:label1\" content=\"Dur\u00e9e de lecture estim\u00e9e\" \/>\n\t<meta name=\"twitter:data1\" content=\"1 minute\" \/>\n<script type=\"application\/ld+json\" class=\"yoast-schema-graph\">{\"@context\":\"https:\\\/\\\/schema.org\",\"@graph\":[{\"@type\":\"WebPage\",\"@id\":\"https:\\\/\\\/www.ocwa.com\\\/fr\\\/joignez-vous-a-laoe\\\/pourquoi-choisir-laoe\\\/\",\"url\":\"https:\\\/\\\/www.ocwa.com\\\/fr\\\/joignez-vous-a-laoe\\\/pourquoi-choisir-laoe\\\/\",\"name\":\"Pourquoi Choisir L\u2019AOE - OCWA\",\"isPartOf\":{\"@id\":\"https:\\\/\\\/www.ocwa.com\\\/fr\\\/#website\"},\"primaryImageOfPage\":{\"@id\":\"https:\\\/\\\/www.ocwa.com\\\/fr\\\/joignez-vous-a-laoe\\\/pourquoi-choisir-laoe\\\/#primaryimage\"},\"image\":{\"@id\":\"https:\\\/\\\/www.ocwa.com\\\/fr\\\/joignez-vous-a-laoe\\\/pourquoi-choisir-laoe\\\/#primaryimage\"},\"thumbnailUrl\":\"https:\\\/\\\/www.ocwa.com\\\/wp-content\\\/uploads\\\/2024\\\/02\\\/Numair-scaled-e1708633805850.jpg\",\"datePublished\":\"2023-12-13T22:06:46+00:00\",\"dateModified\":\"2025-08-06T16:22:11+00:00\",\"breadcrumb\":{\"@id\":\"https:\\\/\\\/www.ocwa.com\\\/fr\\\/joignez-vous-a-laoe\\\/pourquoi-choisir-laoe\\\/#breadcrumb\"},\"inLanguage\":\"fr-FR\",\"potentialAction\":[{\"@type\":\"ReadAction\",\"target\":[\"https:\\\/\\\/www.ocwa.com\\\/fr\\\/joignez-vous-a-laoe\\\/pourquoi-choisir-laoe\\\/\"]}]},{\"@type\":\"ImageObject\",\"inLanguage\":\"fr-FR\",\"@id\":\"https:\\\/\\\/www.ocwa.com\\\/fr\\\/joignez-vous-a-laoe\\\/pourquoi-choisir-laoe\\\/#primaryimage\",\"url\":\"https:\\\/\\\/www.ocwa.com\\\/wp-content\\\/uploads\\\/2024\\\/02\\\/Numair-scaled-e1708633805850.jpg\",\"contentUrl\":\"https:\\\/\\\/www.ocwa.com\\\/wp-content\\\/uploads\\\/2024\\\/02\\\/Numair-scaled-e1708633805850.jpg\",\"width\":1324,\"height\":2560},{\"@type\":\"BreadcrumbList\",\"@id\":\"https:\\\/\\\/www.ocwa.com\\\/fr\\\/joignez-vous-a-laoe\\\/pourquoi-choisir-laoe\\\/#breadcrumb\",\"itemListElement\":[{\"@type\":\"ListItem\",\"position\":1,\"name\":\"Home\",\"item\":\"https:\\\/\\\/www.ocwa.com\\\/fr\\\/\"},{\"@type\":\"ListItem\",\"position\":2,\"name\":\"Joignez-vous \u00e0 l\u2019AOE\",\"item\":\"https:\\\/\\\/www.ocwa.com\\\/fr\\\/joignez-vous-a-laoe\\\/\"},{\"@type\":\"ListItem\",\"position\":3,\"name\":\"Pourquoi Choisir L\u2019AOE\"}]},{\"@type\":\"WebSite\",\"@id\":\"https:\\\/\\\/www.ocwa.com\\\/fr\\\/#website\",\"url\":\"https:\\\/\\\/www.ocwa.com\\\/fr\\\/\",\"name\":\"OCWA\",\"description\":\"Just another WordPress site\",\"potentialAction\":[{\"@type\":\"SearchAction\",\"target\":{\"@type\":\"EntryPoint\",\"urlTemplate\":\"https:\\\/\\\/www.ocwa.com\\\/fr\\\/?s={search_term_string}\"},\"query-input\":{\"@type\":\"PropertyValueSpecification\",\"valueRequired\":true,\"valueName\":\"search_term_string\"}}],\"inLanguage\":\"fr-FR\"}]}<\/script>\n<!-- \/ Yoast SEO plugin. -->","yoast_head_json":{"title":"Pourquoi Choisir L\u2019AOE - OCWA","robots":{"index":"index","follow":"follow","max-snippet":"max-snippet:-1","max-image-preview":"max-image-preview:large","max-video-preview":"max-video-preview:-1"},"canonical":"https:\/\/www.ocwa.com\/fr\/joignez-vous-a-laoe\/pourquoi-choisir-laoe\/","og_locale":"fr_FR","og_type":"article","og_title":"Pourquoi Choisir L\u2019AOE - OCWA","og_description":"La formation continue, les possibilit\u00e9s d\u2019avancement et des milieux de travail stimulants et valorisants font de l\u2019AOE un employeur de choix pour quiconque envisage une carri\u00e8re dans le secteur de l\u2019approvisionnement en eau et du traitement des eaux us\u00e9es.","og_url":"https:\/\/www.ocwa.com\/fr\/joignez-vous-a-laoe\/pourquoi-choisir-laoe\/","og_site_name":"OCWA","article_modified_time":"2025-08-06T16:22:11+00:00","og_image":[{"width":1324,"height":2560,"url":"https:\/\/www.ocwa.com\/wp-content\/uploads\/2024\/02\/Numair-scaled-e1708633805850.jpg","type":"image\/jpeg"}],"twitter_card":"summary_large_image","twitter_misc":{"Dur\u00e9e de lecture estim\u00e9e":"1 minute"},"schema":{"@context":"https:\/\/schema.org","@graph":[{"@type":"WebPage","@id":"https:\/\/www.ocwa.com\/fr\/joignez-vous-a-laoe\/pourquoi-choisir-laoe\/","url":"https:\/\/www.ocwa.com\/fr\/joignez-vous-a-laoe\/pourquoi-choisir-laoe\/","name":"Pourquoi Choisir L\u2019AOE - OCWA","isPartOf":{"@id":"https:\/\/www.ocwa.com\/fr\/#website"},"primaryImageOfPage":{"@id":"https:\/\/www.ocwa.com\/fr\/joignez-vous-a-laoe\/pourquoi-choisir-laoe\/#primaryimage"},"image":{"@id":"https:\/\/www.ocwa.com\/fr\/joignez-vous-a-laoe\/pourquoi-choisir-laoe\/#primaryimage"},"thumbnailUrl":"https:\/\/www.ocwa.com\/wp-content\/uploads\/2024\/02\/Numair-scaled-e1708633805850.jpg","datePublished":"2023-12-13T22:06:46+00:00","dateModified":"2025-08-06T16:22:11+00:00","breadcrumb":{"@id":"https:\/\/www.ocwa.com\/fr\/joignez-vous-a-laoe\/pourquoi-choisir-laoe\/#breadcrumb"},"inLanguage":"fr-FR","potentialAction":[{"@type":"ReadAction","target":["https:\/\/www.ocwa.com\/fr\/joignez-vous-a-laoe\/pourquoi-choisir-laoe\/"]}]},{"@type":"ImageObject","inLanguage":"fr-FR","@id":"https:\/\/www.ocwa.com\/fr\/joignez-vous-a-laoe\/pourquoi-choisir-laoe\/#primaryimage","url":"https:\/\/www.ocwa.com\/wp-content\/uploads\/2024\/02\/Numair-scaled-e1708633805850.jpg","contentUrl":"https:\/\/www.ocwa.com\/wp-content\/uploads\/2024\/02\/Numair-scaled-e1708633805850.jpg","width":1324,"height":2560},{"@type":"BreadcrumbList","@id":"https:\/\/www.ocwa.com\/fr\/joignez-vous-a-laoe\/pourquoi-choisir-laoe\/#breadcrumb","itemListElement":[{"@type":"ListItem","position":1,"name":"Home","item":"https:\/\/www.ocwa.com\/fr\/"},{"@type":"ListItem","position":2,"name":"Joignez-vous \u00e0 l\u2019AOE","item":"https:\/\/www.ocwa.com\/fr\/joignez-vous-a-laoe\/"},{"@type":"ListItem","position":3,"name":"Pourquoi Choisir L\u2019AOE"}]},{"@type":"WebSite","@id":"https:\/\/www.ocwa.com\/fr\/#website","url":"https:\/\/www.ocwa.com\/fr\/","name":"OCWA","description":"Just another WordPress site","potentialAction":[{"@type":"SearchAction","target":{"@type":"EntryPoint","urlTemplate":"https:\/\/www.ocwa.com\/fr\/?s={search_term_string}"},"query-input":{"@type":"PropertyValueSpecification","valueRequired":true,"valueName":"search_term_string"}}],"inLanguage":"fr-FR"}]}},"_links":{"self":[{"href":"https:\/\/www.ocwa.com\/fr\/wp-json\/wp\/v2\/pages\/1798","targetHints":{"allow":["GET"]}}],"collection":[{"href":"https:\/\/www.ocwa.com\/fr\/wp-json\/wp\/v2\/pages"}],"about":[{"href":"https:\/\/www.ocwa.com\/fr\/wp-json\/wp\/v2\/types\/page"}],"author":[{"embeddable":true,"href":"https:\/\/www.ocwa.com\/fr\/wp-json\/wp\/v2\/users\/1"}],"replies":[{"embeddable":true,"href":"https:\/\/www.ocwa.com\/fr\/wp-json\/wp\/v2\/comments?post=1798"}],"version-history":[{"count":43,"href":"https:\/\/www.ocwa.com\/fr\/wp-json\/wp\/v2\/pages\/1798\/revisions"}],"predecessor-version":[{"id":5020,"href":"https:\/\/www.ocwa.com\/fr\/wp-json\/wp\/v2\/pages\/1798\/revisions\/5020"}],"up":[{"embeddable":true,"href":"https:\/\/www.ocwa.com\/fr\/wp-json\/wp\/v2\/pages\/1834"}],"wp:featuredmedia":[{"embeddable":true,"href":"https:\/\/www.ocwa.com\/fr\/wp-json\/wp\/v2\/media\/2746"}],"wp:attachment":[{"href":"https:\/\/www.ocwa.com\/fr\/wp-json\/wp\/v2\/media?parent=1798"}],"curies":[{"name":"wp","href":"https:\/\/api.w.org\/{rel}","templated":true}]}}