{"id":1777,"date":"2023-12-14T13:38:46","date_gmt":"2023-12-14T18:38:46","guid":{"rendered":"https:\/\/www.ocwa.com\/accessibility\/"},"modified":"2025-12-10T14:36:12","modified_gmt":"2025-12-10T19:36:12","slug":"politique-daccessibilite","status":"publish","type":"page","link":"https:\/\/www.ocwa.com\/fr\/politique-daccessibilite\/","title":{"rendered":"Politique D\u2019accessibilit\u00e9"},"content":{"rendered":"<div id=\"page-intro-block_77c949910c6f6f949f2e3bc25e48ad16\" class=\"page-intro alignfull \">\n\t<div class=\"block-inner\">\n\t\t\t\t\t<div class=\"breadcrumbs\">\n\t\t\t\t<span><span><a href=\"https:\/\/www.ocwa.com\/fr\/\">Home<\/a><\/span><\/span>\t\t\t<\/div>\n\t\t\t\t<div class=\"block-intro-content no-image\">\n\t\t\t\t\t\t<div class=\"block-text\">\n\t\t\t\t<h1 class=\"with-wave\">Politique D\u2019accessibilit\u00e9<\/h1>\n\t\t\t\t\t\t\t\t\t\t\t<\/div>\n\t\t<\/div>\n\t<\/div>\n<\/div>\n\n\n\n<div class=\"wp-block-columns is-layout-flex wp-container-core-columns-is-layout-9d6595d7 wp-block-columns-is-layout-flex\">\n<div class=\"wp-block-column is-layout-flow wp-block-column-is-layout-flow\" style=\"flex-basis:62%\">\n<p>Le R\u00e8glement de l\u2019Ontario 429\/07, Normes d\u2019accessibilit\u00e9 pour les services \u00e0 la client\u00e8le, est entr\u00e9 en vigueur le 1er&nbsp;janvier 2008.<\/p>\n\n\n\n<p>Il s\u2019agit de la premi\u00e8re norme d\u2019accessibilit\u00e9 adopt\u00e9e en vertu de la&nbsp;<em>Loi de 2005 sur l\u2019accessibilit\u00e9 pour les personnes handicap\u00e9es de l\u2019Ontario<\/em>. Ce r\u00e8glement constitue une \u00e9tape importante pour faire en sorte qu\u2019en 2025, l\u2019Ontario soit accessible et exempt d\u2019obstacles. Pour en apprendre davantage sur le travail de la fonction publique de l\u2019Ontario et de l\u2019Agence ontarienne d\u2019eau de l\u2019Ontario, en tant qu\u2019agence du minist\u00e8re de l\u2019Environnement, pour se conformer aux normes&nbsp;:&nbsp;<\/p>\n\n\n\n<ul class=\"wp-block-list\">\n<li><a href=\"https:\/\/www.ocwa.com\/wp-content\/uploads\/2025\/12\/OCWA-2025-Accessibility-Compliance-Report.pdf\">OCWA 2025 Accessibility Compliance Report<\/a><\/li>\n\n\n\n<li><a href=\"https:\/\/www.ontario.ca\/fr\/page\/politique-daccessibilite-pour-les-services-la-clientele\">Politique d\u2019accessibilit\u00e9 pour les services \u00e0 la client\u00e8le<\/a><\/li>\n\n\n\n<li><a href=\"https:\/\/www.ocwa.com\/wp-content\/uploads\/2024\/01\/ocwas_customer_service_policy_0-1.pdf\" target=\"_blank\" rel=\"noreferrer noopener\">OCWA&rsquo;s Customer Service Policy<\/a><\/li>\n\n\n\n<li><a href=\"https:\/\/www.ocwa.com\/wp-content\/uploads\/2024\/03\/ocwa_aoda_customer_service_policy_en.pdf\" target=\"_blank\" rel=\"noreferrer noopener\">OCWA&rsquo;s Accessible Customer Service Feedback Process<\/a><\/li>\n\n\n\n<li><a href=\"https:\/\/www.ocwa.com\/wp-content\/uploads\/2024\/05\/Ontario-Clean-Water-Agency-2023-AODA-Annual-Status-Report.pdf\" target=\"_blank\" rel=\"noreferrer noopener\">Ontario Clean Water Agency 2023 AODA Annual Status Report<\/a><\/li>\n<\/ul>\n\n\n\n<div style=\"height:50px\" aria-hidden=\"true\" class=\"wp-block-spacer\"><\/div>\n\n\n<div id=\"files-block-block_821fcb12cb20a357f6543e88c89dd478\" class=\"files-block \">\n\t\t\t\t<div class=\"files\" data-aos=\"fade-up\" data-aos-duration=\"1000\" data-aos-anchor-placement=\"center-bottom\">\n\t\t\t<ul>\n\t\t\t\t\t\t\t\t\t\t\t\t\t\t\t<li class=\"link\"><i class=\"icon icon-link\"><\/i><a href=\"https:\/\/www.ontario.ca\/fr\/page\/accessibilite-en-ontario\" target=\"_blank\">Rendre l&rsquo;Ontario Accessible aux Personnes Handicap\u00e9es<\/a><span class=\"icon icon-download\"><\/span><\/li>\n\t\t\t\t\t\t\t\t\t\t\t\t\t\t\t\t\t\t\t\t<li class=\"link\"><i class=\"icon icon-link\"><\/i><a href=\"https:\/\/www.ontario.ca\/fr\/lois\/loi\/05a11\" target=\"_blank\">Accessibilit\u00e9 Pour les Personnes Handicap\u00e9es de L&rsquo;Ontario<\/a><span class=\"icon icon-download\"><\/span><\/li>\n\t\t\t\t\t\t\t\t\t\t\t\t\t\t\t\t\t\t\t\t<li class=\"link\"><i class=\"icon icon-link\"><\/i><a href=\"https:\/\/www.ontario.ca\/fr\/lois\/reglement\/r07429\" target=\"_blank\">R\u00e8glement de L\u2019Ontario 429\/07, Normes D&rsquo;accessibilit\u00e9 Pour les Services \u00e0 la Client\u00e8le<\/a><span class=\"icon icon-download\"><\/span><\/li>\n\t\t\t\t\t\t\t\t\t\t\t\t\t\t\t\t\t\t\t\t<li class=\"link\"><i class=\"icon icon-link\"><\/i><a href=\"https:\/\/www.ontario.ca\/fr\/lois\/loi\/90h19\" target=\"_blank\">Code des Droits de la Personne<\/a><span class=\"icon icon-download\"><\/span><\/li>\n\t\t\t\t\t\t\t\t\t\t\t\t<\/ul>\n\n\t\t<\/div>\n\t<\/div>\n\n\n<div id=\"accordion-content-block_038776a82534ad8e29a24f11310f0819\" class=\"accordion-wrapper theme-1 \">\n        <div class=\"block-title\" data-aos=\"fade-up\" data-aos-duration=\"1000\" data-aos-anchor-placement=\"center-bottom\">\n        <h4>Accessibilit\u00e9 d<\/h4>\n    <\/div>\n        <ul class=\"accordion\" data-accordion data-multi-expand=\"true\"  data-allow-all-closed=\"true\" data-accordion data-deep-link-smudge-delay=\"500\" data-aos=\"fade-up\" data-aos-duration=\"1000\" data-aos-anchor-placement=\"top-bottom\">\n                    <li class=\"accordion-item\" data-accordion-item>\n                <a href=\"#\" class=\"accordion-title\">Accessibilit\u00e9 du site Web :<\/a>\n                <div class=\"accordion-content\" data-tab-content>\n                    <p><span style=\"font-weight: 400;\">Conform\u00e9ment aux crit\u00e8res d\u2019accessibilit\u00e9 des WCAG 2.0, notre site Web est :<\/span><\/p>\n<p>&nbsp;<\/p>\n<p><b>Visible<\/b><\/p>\n<ul>\n<li style=\"font-weight: 400;\" aria-level=\"1\"><span style=\"font-weight: 400;\">Nous fournissons des alternatives textuelles pour tout contenu non textuel.<\/span><\/li>\n<li style=\"font-weight: 400;\" aria-level=\"1\"><span style=\"font-weight: 400;\">Nous utilisons des feuilles de style (CSS) pour faciliter la compatibilit\u00e9 du contenu avec des lecteurs d\u2019\u00e9cran.<\/span><\/li>\n<li style=\"font-weight: 400;\" aria-level=\"1\"><span style=\"font-weight: 400;\">Nous utilisons des balises ALT et titre.<\/span><\/li>\n<li style=\"font-weight: 400;\" aria-level=\"1\"><span style=\"font-weight: 400;\">Notre site Web propose des options de redimensionnement du texte pour augmenter et diminuer la taille du texte.<\/span><\/li>\n<\/ul>\n<p>&nbsp;<\/p>\n<p><b>Navigable\u00a0<\/b><\/p>\n<ul>\n<li style=\"font-weight: 400;\" aria-level=\"1\"><span style=\"font-weight: 400;\">Notre site Web est navigable en utilisant les touches du clavier (p. ex., la touche Tab au lieu de la souris).<\/span><\/li>\n<li style=\"font-weight: 400;\" aria-level=\"1\"><span style=\"font-weight: 400;\">Le site Web utilise correctement les couleurs pour tenir compte des personnes daltoniennes.<\/span><\/li>\n<li style=\"font-weight: 400;\" aria-level=\"1\"><span style=\"font-weight: 400;\">Il est compatible avec divers moyens de navigation pour aider les utilisateurs \u00e0 trouver le contenu recherch\u00e9 \u2013 fonction recherche, liens rapides, piste de navigation et navigation de base.<\/span><\/li>\n<\/ul>\n<p>&nbsp;<\/p>\n<p><b>Compr\u00e9hensible<\/b><\/p>\n<ul>\n<li style=\"font-weight: 400;\" aria-level=\"1\"><span style=\"font-weight: 400;\">Notre site Web dispose d&rsquo;une fonction de gestion du contenu pour faciliter la lisibilit\u00e9 et la compr\u00e9hension, et facilite la structure des pages Web \u00e0 l&rsquo;aide de balises d&rsquo;en-t\u00eate (H1, H2 \u2026 H6).<\/span><\/li>\n<li style=\"font-weight: 400;\" aria-level=\"1\"><span style=\"font-weight: 400;\">Il permet l\u2019utilisation d\u2019attributs d\u2019abr\u00e9viations et d\u2019acronymes pour fournir des d\u00e9finitions.<\/span><\/li>\n<\/ul>\n<p>&nbsp;<\/p>\n<p><b>Robuste<\/b><\/p>\n<ul>\n<li style=\"font-weight: 400;\" aria-level=\"1\"><span style=\"font-weight: 400;\">Ce site est compatible avec les lecteurs d\u2019\u00e9cran et tous les navigateurs.<\/span><span style=\"font-weight: 400;\">\n<p><\/span><\/li>\n<\/ul>\n<p><span style=\"font-weight: 400;\">Le site Web est conforme \u00e0 la <\/span><i><span style=\"font-weight: 400;\">Loi de 2005 sur l\u2019accessibilit\u00e9 pour les personnes handicap\u00e9es de l\u2019Ontario<\/span><\/i><span style=\"font-weight: 400;\">, atteignant le niveau minimum A et, dans certains cas, le niveau AA.<\/span><\/p>\n                <\/div>\n            <\/li>\n                    <li class=\"accordion-item\" data-accordion-item>\n                <a href=\"#\" class=\"accordion-title\">Astuces pour am\u00e9liorer l\u2019accessibilit\u00e9 du site Web<\/a>\n                <div class=\"accordion-content\" data-tab-content>\n                    <p><span style=\"font-weight: 400;\">Cette section propose des modifications \u00e0 apporter \u00e0 votre syst\u00e8me d\u2019exploitation et \u00e0 votre navigateur pour faciliter l\u2019acc\u00e8s au site OCWA.com. Voici des instructions de modifications \u00e9tape par \u00e9tape pour am\u00e9liorer l\u2019accessibilit\u00e9 :\u00a0<\/span><\/p>\n<p>&nbsp;<\/p>\n<p><b>Navigateurs :<\/b><\/p>\n<ul>\n<li style=\"font-weight: 400;\" aria-level=\"1\"><span style=\"font-weight: 400;\">Internet Explorer 7<\/span><\/li>\n<li style=\"font-weight: 400;\" aria-level=\"1\"><span style=\"font-weight: 400;\">Mozilla Firefox<\/span><\/li>\n<li style=\"font-weight: 400;\" aria-level=\"1\"><span style=\"font-weight: 400;\">Apple Safari<\/span><\/li>\n<\/ul>\n<p>&nbsp;<\/p>\n<p><b>Syst\u00e8mes d\u2019exploitation :<\/b><\/p>\n<ul>\n<li style=\"font-weight: 400;\" aria-level=\"1\"><span style=\"font-weight: 400;\">Microsoft Windows<\/span><\/li>\n<li style=\"font-weight: 400;\" aria-level=\"1\"><span style=\"font-weight: 400;\">Apple OS X<\/span><\/li>\n<\/ul>\n<p>&nbsp;<\/p>\n<p><b>Instructions \u00e9tape par \u00e9tape :<\/b><\/p>\n<ul>\n<li style=\"font-weight: 400;\" aria-level=\"1\"><span style=\"font-weight: 400;\">Modifier la taille du texte : Facilitez la visualisation du site ocwa.com en agrandissant le texte et en le rendant plus lisible.<\/span><\/li>\n<li style=\"font-weight: 400;\" aria-level=\"1\"><span style=\"font-weight: 400;\">Agrandir l\u2019\u00e9cran : Si le redimensionnement du texte dans votre navigateur ou votre syst\u00e8me d\u2019exploitation n\u2019est pas une option, agrandissez le site ocwa.com.<\/span><\/li>\n<li style=\"font-weight: 400;\" aria-level=\"1\"><span style=\"font-weight: 400;\">Navigation sonore : Si vous avez de la difficult\u00e9 \u00e0 lire en ligne, apprenez comment utiliser la fonction de lecture sonore par l\u2019ordinateur.<\/span><\/li>\n<\/ul>\n                <\/div>\n            <\/li>\n                    <li class=\"accordion-item\" data-accordion-item>\n                <a href=\"#\" class=\"accordion-title\">Nous Sommes Heureux de Lire vos Commentaires :<\/a>\n                <div class=\"accordion-content\" data-tab-content>\n                    <p><span style=\"font-weight: 400;\">L\u2019Agence ontarienne des eaux accueille avec plaisir les commentaires qui lui permettent d\u2019am\u00e9liorer sa performance en mati\u00e8re de service.<\/span><span style=\"font-weight: 400;\"><br \/>\n<\/span><span style=\"font-weight: 400;\">\u00a0Si vous avez des commentaires d\u2019ordre g\u00e9n\u00e9ral ou des suggestions concernant des am\u00e9liorations \u00e9ventuelles, veuillez nous en faire part\u00a0:<\/span><\/p>\n<p><span style=\"font-weight: 400;\">T\u00e9l\u00e9phone\u00a0:\u00a0<\/span><a href=\"tel:416-314-5600\"><span style=\"font-weight: 400;\">416 314-5600<\/span><\/a><span style=\"font-weight: 400;\">\u00a0ou 1<\/span><a href=\"tel:1-800-667-6292\"><span style=\"font-weight: 400;\">\u00a0800 667-6292<\/span><\/a><span style=\"font-weight: 400;\">\u00a0(r\u00e9ception, bureau de l\u2019Agence)<\/span><span style=\"font-weight: 400;\"><br \/>\n<\/span><span style=\"font-weight: 400;\">Relais Bell\u00a0:\u00a01\u00a0800\u00a0268-9243 (sans frais).\u00a0<\/span><span style=\"font-weight: 400;\"><br \/>\n<\/span><span style=\"font-weight: 400;\">Courriel\u00a0:\u00a0<\/span><a href=\"mailto:ocwa@ocwa.com\"><span style=\"font-weight: 400;\">ocwa@ocwa.com<\/span><\/a><\/p>\n<p><span style=\"font-weight: 400;\">Par la poste :\u00a0Commentaires\/Renseignements g\u00e9n\u00e9raux<\/span><span style=\"font-weight: 400;\"><br \/>\n<\/span><span style=\"font-weight: 400;\">Division des communications et de la planification g\u00e9n\u00e9rale<\/span><span style=\"font-weight: 400;\"><br \/>\n<\/span><span style=\"font-weight: 400;\">Agence ontarienne des eaux<\/span><span style=\"font-weight: 400;\"><br \/>\n<\/span><span style=\"font-weight: 400;\">2085, rue Hurontario, Bureau 500,<\/span><span style=\"font-weight: 400;\"><br \/>\n<\/span><span style=\"font-weight: 400;\">Toronto (Ontario)\u00a0 L5A 4G1\u00a0<\/span><\/p>\n<p><span style=\"font-weight: 400;\">En vertu de la\u00a0<\/span><i><span style=\"font-weight: 400;\">Loi sur l\u2019acc\u00e8s \u00e0 l\u2019information et la protection de la vie priv\u00e9e<\/span><\/i><span style=\"font-weight: 400;\">\u00a0et de la\u00a0<\/span><i><span style=\"font-weight: 400;\">Loi de 2005 sur l\u2019accessibilit\u00e9 pour les personnes handicap\u00e9es de l\u2019Ontario<\/span><\/i><span style=\"font-weight: 400;\">\u00a0(et du R\u00e8glement 427\/07 pris en application de cette loi) l\u2019Agence ontarienne d\u2019eau est autoris\u00e9e \u00e0 recueillir des commentaires sur la fa\u00e7on dont elle offre ses services. Pour plus de renseignements sur l\u2019accessibilit\u00e9 \u00e0 l\u2019Agence ontarienne d\u2019eau, veuillez communiquer avec le coordonnateur de l\u2019accessibilit\u00e9 de l\u2019agence, Pavlo Farmakidis (<\/span><a href=\"mailto:PFarmakidis@ocwa.com\"><span style=\"font-weight: 400;\">PFarmakidis@ocwa.com<\/span><\/a><span style=\"font-weight: 400;\">).<\/span><\/p>\n                <\/div>\n            <\/li>\n            <\/ul>\n<\/div>\n<\/div>\n\n\n\n<div class=\"wp-block-column is-layout-flow wp-block-column-is-layout-flow\" style=\"flex-basis:38%\"><div id=\"sidebar-block-block_c467b413122aaa40dc70f2fedf6c94c6\" class=\"sidebar-block \">\n\t\t<div class=\"sidebar-item\">\n\t\t<div class=\"sidebar-title\">\n\t\t\t<h5>Pour plus de renseignements<\/h5>\n\t\t<\/div>\n\t\t\t\t\t\t\t\t\t<div class=\"wysiwyg\">\n\t\t\t\t\t<p><!-- wp:heading {\"level\":4} --><\/p>\n<p><span style=\"font-weight: 400;\">Pour de plus amples renseignements sur notre engagement \u00e0 fournir des services aux personnes handicap\u00e9es, demandez la <\/span><a href=\"https:\/\/www.ontario.ca\/fr\/page\/politique-daccessibilite-pour-les-services-la-clientele\"><span style=\"font-weight: 400;\">Politique d\u2019accessibilit\u00e9 pour les services \u00e0 la client\u00e8le de la fonction publique de l\u2019Ontario<\/span><\/a><span style=\"font-weight: 400;\">:<\/span><\/p>\n<p>&nbsp;<\/p>\n<p><span style=\"font-weight: 400;\">Si vous souhaitez obtenir ce document dans un autre format, communiquez avec nous en utilisant les renseignements ci-dessous et nous ferons tout notre possible pour vous le faire parvenir.<\/span><\/p>\n<p><!-- \/wp:paragraph --><\/p>\n\t\t\t\t<\/div>\n\t\t\t\t\t\t<\/div>\n\n\t<\/div>\n\n<\/div>\n<\/div>\n","protected":false},"excerpt":{"rendered":"<p>Le R\u00e8glement de l\u2019Ontario 429\/07, Normes d\u2019accessibilit\u00e9 pour les services \u00e0 la client\u00e8le, est entr\u00e9 en vigueur le 1er&nbsp;janvier 2008. Il s\u2019agit de la premi\u00e8re norme d\u2019accessibilit\u00e9 adopt\u00e9e en vertu de la&nbsp;Loi de 2005 sur l\u2019accessibilit\u00e9 pour les personnes handicap\u00e9es de l\u2019Ontario. Ce r\u00e8glement constitue une \u00e9tape importante pour faire en sorte qu\u2019en 2025, l\u2019Ontario [&hellip;]<\/p>\n","protected":false},"author":2,"featured_media":0,"parent":0,"menu_order":0,"comment_status":"closed","ping_status":"closed","template":"","meta":{"_acf_changed":false,"footnotes":""},"class_list":["post-1777","page","type-page","status-publish","hentry"],"acf":[],"yoast_head":"<!-- This site is optimized with the Yoast SEO plugin v27.4 - https:\/\/yoast.com\/product\/yoast-seo-wordpress\/ -->\n<title>Politique D\u2019accessibilit\u00e9 - OCWA<\/title>\n<meta name=\"robots\" content=\"index, follow, max-snippet:-1, max-image-preview:large, max-video-preview:-1\" \/>\n<link rel=\"canonical\" href=\"https:\/\/www.ocwa.com\/fr\/politique-daccessibilite\/\" \/>\n<meta property=\"og:locale\" content=\"fr_FR\" \/>\n<meta property=\"og:type\" content=\"article\" \/>\n<meta property=\"og:title\" content=\"Politique D\u2019accessibilit\u00e9 - OCWA\" \/>\n<meta property=\"og:description\" content=\"Le R\u00e8glement de l\u2019Ontario 429\/07, Normes d\u2019accessibilit\u00e9 pour les services \u00e0 la client\u00e8le, est entr\u00e9 en vigueur le 1er&nbsp;janvier 2008. Il s\u2019agit de la premi\u00e8re norme d\u2019accessibilit\u00e9 adopt\u00e9e en vertu de la&nbsp;Loi de 2005 sur l\u2019accessibilit\u00e9 pour les personnes handicap\u00e9es de l\u2019Ontario. Ce r\u00e8glement constitue une \u00e9tape importante pour faire en sorte qu\u2019en 2025, l\u2019Ontario [&hellip;]\" \/>\n<meta property=\"og:url\" content=\"https:\/\/www.ocwa.com\/fr\/politique-daccessibilite\/\" \/>\n<meta property=\"og:site_name\" content=\"OCWA\" \/>\n<meta property=\"article:modified_time\" content=\"2025-12-10T19:36:12+00:00\" \/>\n<meta name=\"twitter:card\" content=\"summary_large_image\" \/>\n<meta name=\"twitter:label1\" content=\"Dur\u00e9e de lecture estim\u00e9e\" \/>\n\t<meta name=\"twitter:data1\" content=\"1 minute\" \/>\n<script type=\"application\/ld+json\" class=\"yoast-schema-graph\">{\"@context\":\"https:\\\/\\\/schema.org\",\"@graph\":[{\"@type\":\"WebPage\",\"@id\":\"https:\\\/\\\/www.ocwa.com\\\/fr\\\/politique-daccessibilite\\\/\",\"url\":\"https:\\\/\\\/www.ocwa.com\\\/fr\\\/politique-daccessibilite\\\/\",\"name\":\"Politique D\u2019accessibilit\u00e9 - OCWA\",\"isPartOf\":{\"@id\":\"https:\\\/\\\/www.ocwa.com\\\/fr\\\/#website\"},\"datePublished\":\"2023-12-14T18:38:46+00:00\",\"dateModified\":\"2025-12-10T19:36:12+00:00\",\"breadcrumb\":{\"@id\":\"https:\\\/\\\/www.ocwa.com\\\/fr\\\/politique-daccessibilite\\\/#breadcrumb\"},\"inLanguage\":\"fr-FR\",\"potentialAction\":[{\"@type\":\"ReadAction\",\"target\":[\"https:\\\/\\\/www.ocwa.com\\\/fr\\\/politique-daccessibilite\\\/\"]}]},{\"@type\":\"BreadcrumbList\",\"@id\":\"https:\\\/\\\/www.ocwa.com\\\/fr\\\/politique-daccessibilite\\\/#breadcrumb\",\"itemListElement\":[{\"@type\":\"ListItem\",\"position\":1,\"name\":\"Home\",\"item\":\"https:\\\/\\\/www.ocwa.com\\\/fr\\\/\"},{\"@type\":\"ListItem\",\"position\":2,\"name\":\"Politique D\u2019accessibilit\u00e9\"}]},{\"@type\":\"WebSite\",\"@id\":\"https:\\\/\\\/www.ocwa.com\\\/fr\\\/#website\",\"url\":\"https:\\\/\\\/www.ocwa.com\\\/fr\\\/\",\"name\":\"OCWA\",\"description\":\"Just another WordPress site\",\"potentialAction\":[{\"@type\":\"SearchAction\",\"target\":{\"@type\":\"EntryPoint\",\"urlTemplate\":\"https:\\\/\\\/www.ocwa.com\\\/fr\\\/?s={search_term_string}\"},\"query-input\":{\"@type\":\"PropertyValueSpecification\",\"valueRequired\":true,\"valueName\":\"search_term_string\"}}],\"inLanguage\":\"fr-FR\"}]}<\/script>\n<!-- \/ Yoast SEO plugin. -->","yoast_head_json":{"title":"Politique D\u2019accessibilit\u00e9 - OCWA","robots":{"index":"index","follow":"follow","max-snippet":"max-snippet:-1","max-image-preview":"max-image-preview:large","max-video-preview":"max-video-preview:-1"},"canonical":"https:\/\/www.ocwa.com\/fr\/politique-daccessibilite\/","og_locale":"fr_FR","og_type":"article","og_title":"Politique D\u2019accessibilit\u00e9 - OCWA","og_description":"Le R\u00e8glement de l\u2019Ontario 429\/07, Normes d\u2019accessibilit\u00e9 pour les services \u00e0 la client\u00e8le, est entr\u00e9 en vigueur le 1er&nbsp;janvier 2008. Il s\u2019agit de la premi\u00e8re norme d\u2019accessibilit\u00e9 adopt\u00e9e en vertu de la&nbsp;Loi de 2005 sur l\u2019accessibilit\u00e9 pour les personnes handicap\u00e9es de l\u2019Ontario. Ce r\u00e8glement constitue une \u00e9tape importante pour faire en sorte qu\u2019en 2025, l\u2019Ontario [&hellip;]","og_url":"https:\/\/www.ocwa.com\/fr\/politique-daccessibilite\/","og_site_name":"OCWA","article_modified_time":"2025-12-10T19:36:12+00:00","twitter_card":"summary_large_image","twitter_misc":{"Dur\u00e9e de lecture estim\u00e9e":"1 minute"},"schema":{"@context":"https:\/\/schema.org","@graph":[{"@type":"WebPage","@id":"https:\/\/www.ocwa.com\/fr\/politique-daccessibilite\/","url":"https:\/\/www.ocwa.com\/fr\/politique-daccessibilite\/","name":"Politique D\u2019accessibilit\u00e9 - OCWA","isPartOf":{"@id":"https:\/\/www.ocwa.com\/fr\/#website"},"datePublished":"2023-12-14T18:38:46+00:00","dateModified":"2025-12-10T19:36:12+00:00","breadcrumb":{"@id":"https:\/\/www.ocwa.com\/fr\/politique-daccessibilite\/#breadcrumb"},"inLanguage":"fr-FR","potentialAction":[{"@type":"ReadAction","target":["https:\/\/www.ocwa.com\/fr\/politique-daccessibilite\/"]}]},{"@type":"BreadcrumbList","@id":"https:\/\/www.ocwa.com\/fr\/politique-daccessibilite\/#breadcrumb","itemListElement":[{"@type":"ListItem","position":1,"name":"Home","item":"https:\/\/www.ocwa.com\/fr\/"},{"@type":"ListItem","position":2,"name":"Politique D\u2019accessibilit\u00e9"}]},{"@type":"WebSite","@id":"https:\/\/www.ocwa.com\/fr\/#website","url":"https:\/\/www.ocwa.com\/fr\/","name":"OCWA","description":"Just another WordPress site","potentialAction":[{"@type":"SearchAction","target":{"@type":"EntryPoint","urlTemplate":"https:\/\/www.ocwa.com\/fr\/?s={search_term_string}"},"query-input":{"@type":"PropertyValueSpecification","valueRequired":true,"valueName":"search_term_string"}}],"inLanguage":"fr-FR"}]}},"_links":{"self":[{"href":"https:\/\/www.ocwa.com\/fr\/wp-json\/wp\/v2\/pages\/1777","targetHints":{"allow":["GET"]}}],"collection":[{"href":"https:\/\/www.ocwa.com\/fr\/wp-json\/wp\/v2\/pages"}],"about":[{"href":"https:\/\/www.ocwa.com\/fr\/wp-json\/wp\/v2\/types\/page"}],"author":[{"embeddable":true,"href":"https:\/\/www.ocwa.com\/fr\/wp-json\/wp\/v2\/users\/2"}],"replies":[{"embeddable":true,"href":"https:\/\/www.ocwa.com\/fr\/wp-json\/wp\/v2\/comments?post=1777"}],"version-history":[{"count":11,"href":"https:\/\/www.ocwa.com\/fr\/wp-json\/wp\/v2\/pages\/1777\/revisions"}],"predecessor-version":[{"id":5314,"href":"https:\/\/www.ocwa.com\/fr\/wp-json\/wp\/v2\/pages\/1777\/revisions\/5314"}],"wp:attachment":[{"href":"https:\/\/www.ocwa.com\/fr\/wp-json\/wp\/v2\/media?parent=1777"}],"curies":[{"name":"wp","href":"https:\/\/api.w.org\/{rel}","templated":true}]}}