{"id":1766,"date":"2023-12-13T16:57:37","date_gmt":"2023-12-13T21:57:37","guid":{"rendered":"https:\/\/www.ocwa.com\/our-people\/"},"modified":"2026-02-10T12:58:35","modified_gmt":"2026-02-10T17:58:35","slug":"notre-personnel","status":"publish","type":"page","link":"https:\/\/www.ocwa.com\/fr\/joignez-vous-a-laoe\/notre-personnel\/","title":{"rendered":"Notre personnel"},"content":{"rendered":"<div id=\"page-intro-block_1802df1834dc941d170d392d65fd09e5\" class=\"page-intro alignfull \">\n\t<div class=\"block-inner\">\n\t\t\t\t\t<div class=\"breadcrumbs\">\n\t\t\t\t<span><span><a href=\"https:\/\/www.ocwa.com\/fr\/\">Home<\/a><\/span><\/span>\t\t\t<\/div>\n\t\t\t\t<div class=\"block-intro-content\">\n\t\t\t\t\t\t\t<div class=\"block-image\">\n\t\t\t\t\t<img loading=\"lazy\" decoding=\"async\" width=\"768\" height=\"576\" src=\"https:\/\/www.ocwa.com\/wp-content\/uploads\/2023\/12\/OCWA_111423_130-768x576.jpg\" class=\"attachment-box-image size-box-image\" alt=\"Trois employ\u00e9s de l\u2019AOE v\u00eatus de leur \u00e9quipement de protection, posant devant la cam\u00e9ra \u00e0 l\u2019ext\u00e9rieur d\u2019une usine de traitement des eaux us\u00e9es.\" srcset=\"https:\/\/www.ocwa.com\/wp-content\/uploads\/2023\/12\/OCWA_111423_130-768x576.jpg 768w, https:\/\/www.ocwa.com\/wp-content\/uploads\/2023\/12\/OCWA_111423_130-300x225.jpg 300w, https:\/\/www.ocwa.com\/wp-content\/uploads\/2023\/12\/OCWA_111423_130-1024x768.jpg 1024w, https:\/\/www.ocwa.com\/wp-content\/uploads\/2023\/12\/OCWA_111423_130-1536x1152.jpg 1536w, https:\/\/www.ocwa.com\/wp-content\/uploads\/2023\/12\/OCWA_111423_130-2048x1536.jpg 2048w, https:\/\/www.ocwa.com\/wp-content\/uploads\/2023\/12\/OCWA_111423_130-2000x1500.jpg 2000w, https:\/\/www.ocwa.com\/wp-content\/uploads\/2023\/12\/OCWA_111423_130-400x300.jpg 400w\" sizes=\"auto, (max-width: 768px) 100vw, 768px\" \/>\t\t\t\t<\/div>\n\t\t\t\t\t\t<div class=\"block-text\">\n\t\t\t\t<h1 class=\"with-wave\">Notre personnel<\/h1>\n\t\t\t\t\t\t\t\t\t<div class=\"block-description\">\n\t\t\t\t\t\t<h6>Nos employ\u00e9s sont notre force ! Leur d\u00e9vouement et leur passion pour ce qu\u2019ils font chaque jour dans les collectivit\u00e9s qu\u2019ils servent nous permettent de nous d\u00e9marquer comme le chef de file de l\u2019approvisionnement en eau et du traitement des eaux us\u00e9es en Ontario. Nous vous en pr\u00e9sentons quelques-uns.<\/h6>\n\t\t\t\t\t<\/div>\n\t\t\t\t\t\t\t\t\t\t\t<\/div>\n\t\t<\/div>\n\t<\/div>\n<\/div>\n\n\n<div id=\"members-archive-block_95797e161a089eae552edc450dd6306e\" class=\"members-archive\">\n\t    <div class=\"members\">\n        <div id=\"members-wrapper\" class=\"members-wrapper\">\n\t\t            <a href=\"#\" class=\"member\" data-member-id=\"1770\" data-aos=\"fade-up\" data-aos-duration=\"1000\" data-aos-anchor-placement=\"center-bottom\">\n                <div class=\"image\">\n                    <img loading=\"lazy\" decoding=\"async\" width=\"400\" height=\"300\" src=\"https:\/\/www.ocwa.com\/wp-content\/uploads\/2023\/12\/Leanne-Farkas-400x300.jpg\" class=\"attachment-logo-image size-logo-image wp-post-image\" alt=\"Exploitante de l\u2019AOE v\u00eatue de son \u00e9quipement de protection et souriant \u00e0 l\u2019ext\u00e9rieur d\u2019une usine de traitement des eaux.\" srcset=\"https:\/\/www.ocwa.com\/wp-content\/uploads\/2023\/12\/Leanne-Farkas-400x300.jpg 400w, https:\/\/www.ocwa.com\/wp-content\/uploads\/2023\/12\/Leanne-Farkas-300x225.jpg 300w, https:\/\/www.ocwa.com\/wp-content\/uploads\/2023\/12\/Leanne-Farkas-1024x768.jpg 1024w, https:\/\/www.ocwa.com\/wp-content\/uploads\/2023\/12\/Leanne-Farkas-768x576.jpg 768w, https:\/\/www.ocwa.com\/wp-content\/uploads\/2023\/12\/Leanne-Farkas-1536x1152.jpg 1536w, https:\/\/www.ocwa.com\/wp-content\/uploads\/2023\/12\/Leanne-Farkas-2048x1536.jpg 2048w, https:\/\/www.ocwa.com\/wp-content\/uploads\/2023\/12\/Leanne-Farkas-2000x1500.jpg 2000w\" sizes=\"auto, (max-width: 400px) 100vw, 400px\" \/>                <\/div>\n                <div class=\"info\">\n                    <h5>Leanne Farkas<\/h5>\n                    <p>Technicienne, approvisionnement en eau\/traitement des eaux us\u00e9es<\/p>\n                    <span><strong>Informez-vous<\/strong><i class=\"icon icon-plus\"><\/i><\/span>\n                <\/div>\n            <\/a>\n\n                        <a href=\"#\" class=\"member\" data-member-id=\"1773\" data-aos=\"fade-up\" data-aos-duration=\"1000\" data-aos-anchor-placement=\"center-bottom\">\n                <div class=\"image\">\n                    <img loading=\"lazy\" decoding=\"async\" width=\"400\" height=\"300\" src=\"https:\/\/www.ocwa.com\/wp-content\/uploads\/2023\/12\/Nalaka-Jayamaha-400x300.jpg\" class=\"attachment-logo-image size-logo-image wp-post-image\" alt=\"Employ\u00e9 de l\u2019AOE v\u00eatu de son \u00e9quipement de protection et souriant \u00e0 la cam\u00e9ra \u00e0 l\u2019int\u00e9rieur d\u2019une usine de traitement des eaux.\" srcset=\"https:\/\/www.ocwa.com\/wp-content\/uploads\/2023\/12\/Nalaka-Jayamaha-400x300.jpg 400w, https:\/\/www.ocwa.com\/wp-content\/uploads\/2023\/12\/Nalaka-Jayamaha-300x225.jpg 300w, https:\/\/www.ocwa.com\/wp-content\/uploads\/2023\/12\/Nalaka-Jayamaha-1024x768.jpg 1024w, https:\/\/www.ocwa.com\/wp-content\/uploads\/2023\/12\/Nalaka-Jayamaha-768x576.jpg 768w, https:\/\/www.ocwa.com\/wp-content\/uploads\/2023\/12\/Nalaka-Jayamaha-1536x1152.jpg 1536w, https:\/\/www.ocwa.com\/wp-content\/uploads\/2023\/12\/Nalaka-Jayamaha-2048x1536.jpg 2048w, https:\/\/www.ocwa.com\/wp-content\/uploads\/2023\/12\/Nalaka-Jayamaha-2000x1500.jpg 2000w\" sizes=\"auto, (max-width: 400px) 100vw, 400px\" \/>                <\/div>\n                <div class=\"info\">\n                    <h5>Nalaka Jayamaha<\/h5>\n                    <p>Responsable maintenance et \u00e9lectricit\u00e9<\/p>\n                    <span><strong>Informez-vous<\/strong><i class=\"icon icon-plus\"><\/i><\/span>\n                <\/div>\n            <\/a>\n\n                        <a href=\"#\" class=\"member\" data-member-id=\"2766\" data-aos=\"fade-up\" data-aos-duration=\"1000\" data-aos-anchor-placement=\"center-bottom\">\n                <div class=\"image\">\n                    <img loading=\"lazy\" decoding=\"async\" width=\"400\" height=\"566\" src=\"https:\/\/www.ocwa.com\/wp-content\/uploads\/2024\/02\/Madhavi-1-400x566.png\" class=\"attachment-logo-image size-logo-image wp-post-image\" alt=\"\" srcset=\"https:\/\/www.ocwa.com\/wp-content\/uploads\/2024\/02\/Madhavi-1-400x566.png 400w, https:\/\/www.ocwa.com\/wp-content\/uploads\/2024\/02\/Madhavi-1-212x300.png 212w, https:\/\/www.ocwa.com\/wp-content\/uploads\/2024\/02\/Madhavi-1-724x1024.png 724w, https:\/\/www.ocwa.com\/wp-content\/uploads\/2024\/02\/Madhavi-1-768x1086.png 768w, https:\/\/www.ocwa.com\/wp-content\/uploads\/2024\/02\/Madhavi-1.png 928w\" sizes=\"auto, (max-width: 400px) 100vw, 400px\" \/>                <\/div>\n                <div class=\"info\">\n                    <h5>Madhavi Kolekar<\/h5>\n                    <p>Conseill\u00e8re en approvisionnement<\/p>\n                    <span><strong>Informez-vous<\/strong><i class=\"icon icon-plus\"><\/i><\/span>\n                <\/div>\n            <\/a>\n\n                        <a href=\"#\" class=\"member\" data-member-id=\"3153\" data-aos=\"fade-up\" data-aos-duration=\"1000\" data-aos-anchor-placement=\"center-bottom\">\n                <div class=\"image\">\n                    <img loading=\"lazy\" decoding=\"async\" width=\"400\" height=\"300\" src=\"https:\/\/www.ocwa.com\/wp-content\/uploads\/2024\/02\/Amena-Masoomy-2023-400x300.jpg\" class=\"attachment-logo-image size-logo-image wp-post-image\" alt=\"\" srcset=\"https:\/\/www.ocwa.com\/wp-content\/uploads\/2024\/02\/Amena-Masoomy-2023-400x300.jpg 400w, https:\/\/www.ocwa.com\/wp-content\/uploads\/2024\/02\/Amena-Masoomy-2023-300x225.jpg 300w, https:\/\/www.ocwa.com\/wp-content\/uploads\/2024\/02\/Amena-Masoomy-2023-768x576.jpg 768w, https:\/\/www.ocwa.com\/wp-content\/uploads\/2024\/02\/Amena-Masoomy-2023.jpg 1008w\" sizes=\"auto, (max-width: 400px) 100vw, 400px\" \/>                <\/div>\n                <div class=\"info\">\n                    <h5>Amena Masoomy<\/h5>\n                    <p>Exploitante\/M\u00e9canicienne<\/p>\n                    <span><strong>Informez-vous<\/strong><i class=\"icon icon-plus\"><\/i><\/span>\n                <\/div>\n            <\/a>\n\n                        <a href=\"#\" class=\"member\" data-member-id=\"4106\" data-aos=\"fade-up\" data-aos-duration=\"1000\" data-aos-anchor-placement=\"center-bottom\">\n                <div class=\"image\">\n                    <img loading=\"lazy\" decoding=\"async\" width=\"400\" height=\"412\" src=\"https:\/\/www.ocwa.com\/wp-content\/uploads\/2024\/10\/OCWA_DENISE_0545-scaled-e1729609701889-400x412.jpg\" class=\"attachment-logo-image size-logo-image wp-post-image\" alt=\"\" srcset=\"https:\/\/www.ocwa.com\/wp-content\/uploads\/2024\/10\/OCWA_DENISE_0545-scaled-e1729609701889-400x412.jpg 400w, https:\/\/www.ocwa.com\/wp-content\/uploads\/2024\/10\/OCWA_DENISE_0545-scaled-e1729609701889-292x300.jpg 292w, https:\/\/www.ocwa.com\/wp-content\/uploads\/2024\/10\/OCWA_DENISE_0545-scaled-e1729609701889-995x1024.jpg 995w, https:\/\/www.ocwa.com\/wp-content\/uploads\/2024\/10\/OCWA_DENISE_0545-scaled-e1729609701889-768x790.jpg 768w, https:\/\/www.ocwa.com\/wp-content\/uploads\/2024\/10\/OCWA_DENISE_0545-scaled-e1729609701889-1493x1536.jpg 1493w, https:\/\/www.ocwa.com\/wp-content\/uploads\/2024\/10\/OCWA_DENISE_0545-scaled-e1729609701889.jpg 1658w\" sizes=\"auto, (max-width: 400px) 100vw, 400px\" \/>                <\/div>\n                <div class=\"info\">\n                    <h5>Denise Hilyar<\/h5>\n                    <p>Exploitante d\u2019installations d\u2019eau et d\u2019eaux us\u00e9es<\/p>\n                    <span><strong>Informez-vous<\/strong><i class=\"icon icon-plus\"><\/i><\/span>\n                <\/div>\n            <\/a>\n\n                        <a href=\"#\" class=\"member\" data-member-id=\"5473\" data-aos=\"fade-up\" data-aos-duration=\"1000\" data-aos-anchor-placement=\"center-bottom\">\n                <div class=\"image\">\n                    <img loading=\"lazy\" decoding=\"async\" width=\"400\" height=\"533\" src=\"https:\/\/www.ocwa.com\/wp-content\/uploads\/2026\/02\/rajneet-400x533.jpeg\" class=\"attachment-logo-image size-logo-image wp-post-image\" alt=\"\" srcset=\"https:\/\/www.ocwa.com\/wp-content\/uploads\/2026\/02\/rajneet-400x533.jpeg 400w, https:\/\/www.ocwa.com\/wp-content\/uploads\/2026\/02\/rajneet-225x300.jpeg 225w, https:\/\/www.ocwa.com\/wp-content\/uploads\/2026\/02\/rajneet-768x1024.jpeg 768w, https:\/\/www.ocwa.com\/wp-content\/uploads\/2026\/02\/rajneet-1152x1536.jpeg 1152w, https:\/\/www.ocwa.com\/wp-content\/uploads\/2026\/02\/rajneet-1536x2048.jpeg 1536w, https:\/\/www.ocwa.com\/wp-content\/uploads\/2026\/02\/rajneet-2000x2667.jpeg 2000w, https:\/\/www.ocwa.com\/wp-content\/uploads\/2026\/02\/rajneet-scaled.jpeg 1920w\" sizes=\"auto, (max-width: 400px) 100vw, 400px\" \/>                <\/div>\n                <div class=\"info\">\n                    <h5>Rajneet Bedi<\/h5>\n                    <p>Sp\u00e9cialiste en apprentissage en ligne<\/p>\n                    <span><strong>Informez-vous<\/strong><i class=\"icon icon-plus\"><\/i><\/span>\n                <\/div>\n            <\/a>\n\n                        <a href=\"#\" class=\"member\" data-member-id=\"5480\" data-aos=\"fade-up\" data-aos-duration=\"1000\" data-aos-anchor-placement=\"center-bottom\">\n                <div class=\"image\">\n                    <img loading=\"lazy\" decoding=\"async\" width=\"400\" height=\"300\" src=\"https:\/\/www.ocwa.com\/wp-content\/uploads\/2026\/02\/OCWA_111423_150-400x300.jpg\" class=\"attachment-logo-image size-logo-image wp-post-image\" alt=\"\" srcset=\"https:\/\/www.ocwa.com\/wp-content\/uploads\/2026\/02\/OCWA_111423_150-400x300.jpg 400w, https:\/\/www.ocwa.com\/wp-content\/uploads\/2026\/02\/OCWA_111423_150-300x225.jpg 300w, https:\/\/www.ocwa.com\/wp-content\/uploads\/2026\/02\/OCWA_111423_150-1024x768.jpg 1024w, https:\/\/www.ocwa.com\/wp-content\/uploads\/2026\/02\/OCWA_111423_150-768x576.jpg 768w, https:\/\/www.ocwa.com\/wp-content\/uploads\/2026\/02\/OCWA_111423_150-1536x1152.jpg 1536w, https:\/\/www.ocwa.com\/wp-content\/uploads\/2026\/02\/OCWA_111423_150-2048x1536.jpg 2048w, https:\/\/www.ocwa.com\/wp-content\/uploads\/2026\/02\/OCWA_111423_150-2000x1500.jpg 2000w\" sizes=\"auto, (max-width: 400px) 100vw, 400px\" \/>                <\/div>\n                <div class=\"info\">\n                    <h5>Mohammad Khan<\/h5>\n                    <p>Responsable de l&rsquo;efficacit\u00e9 \u00e9nerg\u00e9tique et hydrique<\/p>\n                    <span><strong>Informez-vous<\/strong><i class=\"icon icon-plus\"><\/i><\/span>\n                <\/div>\n            <\/a>\n\n                    <\/div>\n    <\/div>\n<\/div>\n\n\n<div class=\"reveal large member-modal\" id=\"member-modal\" data-reveal>\n\t<div class=\"member-modal-inner\">\n\t\t<button class=\"close-button\" data-close aria-label=\"Close modal\" type=\"button\">\n\t\t\t<i class=\"icon icon-close\"><\/i>\n\t\t<\/button>\n\t\t<div class=\"member-name\">\n\t\t\t<h4><\/h4>\n\t\t<\/div>\n\t\t<div class=\"member-details\">\n\t\t\t<div class=\"member-title\">\n\t\t\t\t<div class=\"member-occupation\">\n\t\t\t\t\t<p><strong>Titre de l\u2019emploi<\/strong><\/p>\n\t\t\t\t\t<p id=\"occupation\"><\/p>\n\t\t\t\t<\/div>\n\t\t\t\t<div class=\"member-education\">\n\t\t\t\t\t<p><strong>\u00c9tudes<\/strong><\/p>\n\t\t\t\t\t<p id=\"education\"><\/p>\n\t\t\t\t<\/div>\n\t\t\t\t<div class=\"member-interests\">\n\t\t\t\t\t<p><strong>Pourquoi travaillez-vous \u00e0 l\u2019AOE<\/strong><\/p>\n\t\t\t\t\t<p id=\"interests\"><\/p>\n\t\t\t\t<\/div>\n\t\t\t\t<div class=\"member-about-job\">\n\t\t\t\t\t<p><strong>Ce que j\u2019aime le plus dans mon travail<\/strong><\/p>\n\t\t\t\t\t<p id=\"about-job\"><\/p>\n\t\t\t\t<\/div>\n\t\t\t<\/div>\n\t\t\t<div class=\"member-bio\">\n\t\t\t\t<p><strong>Ce que je fais au travail<\/strong><\/p>\n\t\t\t\t<div id=\"member-bio\"><\/div>\n\t\t\t<\/div>\n\t\t\t<div class=\"member-photo\"><\/div>\n\t\t<\/div>\n\t<\/div>\n<\/div>\n\n\n<div class=\"reveal large member-modal\" id=\"leadership-modal\" data-reveal>\n\t<div class=\"member-modal-inner\">\n\t\t<button class=\"close-button\" data-close aria-label=\"Close modal\" type=\"button\">\n\t\t\t<i class=\"icon icon-close\"><\/i>\n\t\t<\/button>\n\t\t<div class=\"member-name\">\n\t\t\t<h4><\/h4>\n\t\t\t<div class=\"member-occupation\">\n\t\t\t\t<p id=\"occupation\"><\/p>\n\t\t\t<\/div>\n\t\t<\/div>\n\t\t<div class=\"member-details\">\n\t\t\t<div class=\"member-bio\">\n\t\t\t\t<div id=\"member-bio\"><\/div>\n\t\t\t<\/div>\n\t\t\t<div class=\"member-photo\"><\/div>\n\t\t<\/div>\n\t<\/div>\n<\/div>\n\n<div id=\"info-boxes-block_a07503eb57886bbe589ef2f03e08140d\" class=\"info-boxes alignfull \" style=\"background-color:#EAF9FC;\">\n\t\t\t<div class=\"info-boxes-wrapper\" data-equalizer data-equalize-on=\"medium\">\n\t\t\t\t\t\t\t<div class=\"info-box\" data-aos=\"fade-up\" data-aos-duration=\"1000\" data-aos-anchor-placement=\"center-bottom\">\n\t\t\t\t\t<div class=\"info-box-inner\" data-equalizer-watch>\n\t\t\t\t\t\t<h3>Pourquoi choisir l\u2019AOE<\/h3>\n\t\t\t\t\t\t<div class=\"description\">\n\t\t\t\t\t\t\t<p>La formation continue, les possibilit\u00e9s d\u2019avancement et des milieux de travail stimulants et valorisants font de l\u2019AOE un employeur de choix pour quiconque envisage une carri\u00e8re dans le secteur de l\u2019approvisionnement en eau et du traitement des eaux us\u00e9es.<\/p>\n\t\t\t\t\t\t<\/div>\n\t\t\t\t\t<\/div>\n\t\t\t\t\t<a href=\"https:\/\/www.ocwa.com\/fr\/pourquoi-choisir-laoe\/\" class=\"button dark\">Informez-vous<\/a>\t\t\t\t<\/div>\n\t\t\t\t\t\t\t<div class=\"info-box\" data-aos=\"fade-up\" data-aos-duration=\"1000\" data-aos-anchor-placement=\"center-bottom\">\n\t\t\t\t\t<div class=\"info-box-inner\" data-equalizer-watch>\n\t\t\t\t\t\t<h3>Parcours de carri\u00e8re<\/h3>\n\t\t\t\t\t\t<div class=\"description\">\n\t\t\t\t\t\t\t<p>\u00c0 l\u2019AOE, nous constituons une main-d\u2019\u0153uvre diversifi\u00e9e et inclusive essentiellement compos\u00e9e de personnes qui doivent \u00eatre titulaires d\u2019un permis ou qui pratiquent un m\u00e9tier sp\u00e9cialis\u00e9. Nous investissons dans nos employ\u00e9s en offrant de la formation et des possibilit\u00e9s d\u2019emploi dans toute la province. Voyez les carri\u00e8res offertes \u00e0 l\u2019AOE.<\/p>\n\t\t\t\t\t\t<\/div>\n\t\t\t\t\t<\/div>\n\t\t\t\t\t<a href=\"https:\/\/www.ocwa.com\/fr\/parcours-de-carriere\/\" class=\"button dark\">Informez-vous<\/a>\t\t\t\t<\/div>\n\t\t\t\t\t<\/div>\n\t<\/div>\n","protected":false},"excerpt":{"rendered":"<p>L\u2019AOE est toujours \u00e0 la recherche de personnes tr\u00e8s talentueuses ! <\/p>\n","protected":false},"author":1,"featured_media":1362,"parent":1834,"menu_order":0,"comment_status":"closed","ping_status":"closed","template":"","meta":{"_acf_changed":false,"footnotes":""},"class_list":["post-1766","page","type-page","status-publish","has-post-thumbnail","hentry"],"acf":[],"yoast_head":"<!-- This site is optimized with the Yoast SEO plugin v27.4 - https:\/\/yoast.com\/product\/yoast-seo-wordpress\/ -->\n<title>Notre personnel - OCWA<\/title>\n<meta name=\"robots\" content=\"index, follow, max-snippet:-1, max-image-preview:large, max-video-preview:-1\" \/>\n<link rel=\"canonical\" href=\"https:\/\/www.ocwa.com\/fr\/joignez-vous-a-laoe\/notre-personnel\/\" \/>\n<meta property=\"og:locale\" content=\"fr_FR\" \/>\n<meta property=\"og:type\" content=\"article\" \/>\n<meta property=\"og:title\" content=\"Notre personnel - OCWA\" \/>\n<meta property=\"og:description\" content=\"L\u2019AOE est toujours \u00e0 la recherche de personnes tr\u00e8s talentueuses !\" \/>\n<meta property=\"og:url\" content=\"https:\/\/www.ocwa.com\/fr\/joignez-vous-a-laoe\/notre-personnel\/\" \/>\n<meta property=\"og:site_name\" content=\"OCWA\" \/>\n<meta property=\"article:modified_time\" content=\"2026-02-10T17:58:35+00:00\" \/>\n<meta property=\"og:image\" content=\"https:\/\/www.ocwa.com\/wp-content\/uploads\/2023\/12\/OCWA_111423_130-scaled-e1703093745965.jpg\" \/>\n\t<meta property=\"og:image:width\" content=\"2560\" \/>\n\t<meta property=\"og:image:height\" content=\"1920\" \/>\n\t<meta property=\"og:image:type\" content=\"image\/jpeg\" \/>\n<meta name=\"twitter:card\" content=\"summary_large_image\" \/>\n<meta name=\"twitter:label1\" content=\"Dur\u00e9e de lecture estim\u00e9e\" \/>\n\t<meta name=\"twitter:data1\" content=\"1 minute\" \/>\n<script type=\"application\/ld+json\" class=\"yoast-schema-graph\">{\"@context\":\"https:\\\/\\\/schema.org\",\"@graph\":[{\"@type\":\"WebPage\",\"@id\":\"https:\\\/\\\/www.ocwa.com\\\/fr\\\/joignez-vous-a-laoe\\\/notre-personnel\\\/\",\"url\":\"https:\\\/\\\/www.ocwa.com\\\/fr\\\/joignez-vous-a-laoe\\\/notre-personnel\\\/\",\"name\":\"Notre personnel - OCWA\",\"isPartOf\":{\"@id\":\"https:\\\/\\\/www.ocwa.com\\\/fr\\\/#website\"},\"primaryImageOfPage\":{\"@id\":\"https:\\\/\\\/www.ocwa.com\\\/fr\\\/joignez-vous-a-laoe\\\/notre-personnel\\\/#primaryimage\"},\"image\":{\"@id\":\"https:\\\/\\\/www.ocwa.com\\\/fr\\\/joignez-vous-a-laoe\\\/notre-personnel\\\/#primaryimage\"},\"thumbnailUrl\":\"https:\\\/\\\/www.ocwa.com\\\/wp-content\\\/uploads\\\/2023\\\/12\\\/OCWA_111423_130-scaled-e1703093745965.jpg\",\"datePublished\":\"2023-12-13T21:57:37+00:00\",\"dateModified\":\"2026-02-10T17:58:35+00:00\",\"breadcrumb\":{\"@id\":\"https:\\\/\\\/www.ocwa.com\\\/fr\\\/joignez-vous-a-laoe\\\/notre-personnel\\\/#breadcrumb\"},\"inLanguage\":\"fr-FR\",\"potentialAction\":[{\"@type\":\"ReadAction\",\"target\":[\"https:\\\/\\\/www.ocwa.com\\\/fr\\\/joignez-vous-a-laoe\\\/notre-personnel\\\/\"]}]},{\"@type\":\"ImageObject\",\"inLanguage\":\"fr-FR\",\"@id\":\"https:\\\/\\\/www.ocwa.com\\\/fr\\\/joignez-vous-a-laoe\\\/notre-personnel\\\/#primaryimage\",\"url\":\"https:\\\/\\\/www.ocwa.com\\\/wp-content\\\/uploads\\\/2023\\\/12\\\/OCWA_111423_130-scaled-e1703093745965.jpg\",\"contentUrl\":\"https:\\\/\\\/www.ocwa.com\\\/wp-content\\\/uploads\\\/2023\\\/12\\\/OCWA_111423_130-scaled-e1703093745965.jpg\",\"width\":2560,\"height\":1920,\"caption\":\"Trois employ\u00e9s de l\u2019AOE v\u00eatus de leur \u00e9quipement de protection, posant devant la cam\u00e9ra \u00e0 l\u2019ext\u00e9rieur d\u2019une usine de traitement des eaux us\u00e9es.\"},{\"@type\":\"BreadcrumbList\",\"@id\":\"https:\\\/\\\/www.ocwa.com\\\/fr\\\/joignez-vous-a-laoe\\\/notre-personnel\\\/#breadcrumb\",\"itemListElement\":[{\"@type\":\"ListItem\",\"position\":1,\"name\":\"Home\",\"item\":\"https:\\\/\\\/www.ocwa.com\\\/fr\\\/\"},{\"@type\":\"ListItem\",\"position\":2,\"name\":\"Joignez-vous \u00e0 l\u2019AOE\",\"item\":\"https:\\\/\\\/www.ocwa.com\\\/fr\\\/joignez-vous-a-laoe\\\/\"},{\"@type\":\"ListItem\",\"position\":3,\"name\":\"Notre personnel\"}]},{\"@type\":\"WebSite\",\"@id\":\"https:\\\/\\\/www.ocwa.com\\\/fr\\\/#website\",\"url\":\"https:\\\/\\\/www.ocwa.com\\\/fr\\\/\",\"name\":\"OCWA\",\"description\":\"Just another WordPress site\",\"potentialAction\":[{\"@type\":\"SearchAction\",\"target\":{\"@type\":\"EntryPoint\",\"urlTemplate\":\"https:\\\/\\\/www.ocwa.com\\\/fr\\\/?s={search_term_string}\"},\"query-input\":{\"@type\":\"PropertyValueSpecification\",\"valueRequired\":true,\"valueName\":\"search_term_string\"}}],\"inLanguage\":\"fr-FR\"}]}<\/script>\n<!-- \/ Yoast SEO plugin. -->","yoast_head_json":{"title":"Notre personnel - OCWA","robots":{"index":"index","follow":"follow","max-snippet":"max-snippet:-1","max-image-preview":"max-image-preview:large","max-video-preview":"max-video-preview:-1"},"canonical":"https:\/\/www.ocwa.com\/fr\/joignez-vous-a-laoe\/notre-personnel\/","og_locale":"fr_FR","og_type":"article","og_title":"Notre personnel - OCWA","og_description":"L\u2019AOE est toujours \u00e0 la recherche de personnes tr\u00e8s talentueuses !","og_url":"https:\/\/www.ocwa.com\/fr\/joignez-vous-a-laoe\/notre-personnel\/","og_site_name":"OCWA","article_modified_time":"2026-02-10T17:58:35+00:00","og_image":[{"width":2560,"height":1920,"url":"https:\/\/www.ocwa.com\/wp-content\/uploads\/2023\/12\/OCWA_111423_130-scaled-e1703093745965.jpg","type":"image\/jpeg"}],"twitter_card":"summary_large_image","twitter_misc":{"Dur\u00e9e de lecture estim\u00e9e":"1 minute"},"schema":{"@context":"https:\/\/schema.org","@graph":[{"@type":"WebPage","@id":"https:\/\/www.ocwa.com\/fr\/joignez-vous-a-laoe\/notre-personnel\/","url":"https:\/\/www.ocwa.com\/fr\/joignez-vous-a-laoe\/notre-personnel\/","name":"Notre personnel - OCWA","isPartOf":{"@id":"https:\/\/www.ocwa.com\/fr\/#website"},"primaryImageOfPage":{"@id":"https:\/\/www.ocwa.com\/fr\/joignez-vous-a-laoe\/notre-personnel\/#primaryimage"},"image":{"@id":"https:\/\/www.ocwa.com\/fr\/joignez-vous-a-laoe\/notre-personnel\/#primaryimage"},"thumbnailUrl":"https:\/\/www.ocwa.com\/wp-content\/uploads\/2023\/12\/OCWA_111423_130-scaled-e1703093745965.jpg","datePublished":"2023-12-13T21:57:37+00:00","dateModified":"2026-02-10T17:58:35+00:00","breadcrumb":{"@id":"https:\/\/www.ocwa.com\/fr\/joignez-vous-a-laoe\/notre-personnel\/#breadcrumb"},"inLanguage":"fr-FR","potentialAction":[{"@type":"ReadAction","target":["https:\/\/www.ocwa.com\/fr\/joignez-vous-a-laoe\/notre-personnel\/"]}]},{"@type":"ImageObject","inLanguage":"fr-FR","@id":"https:\/\/www.ocwa.com\/fr\/joignez-vous-a-laoe\/notre-personnel\/#primaryimage","url":"https:\/\/www.ocwa.com\/wp-content\/uploads\/2023\/12\/OCWA_111423_130-scaled-e1703093745965.jpg","contentUrl":"https:\/\/www.ocwa.com\/wp-content\/uploads\/2023\/12\/OCWA_111423_130-scaled-e1703093745965.jpg","width":2560,"height":1920,"caption":"Trois employ\u00e9s de l\u2019AOE v\u00eatus de leur \u00e9quipement de protection, posant devant la cam\u00e9ra \u00e0 l\u2019ext\u00e9rieur d\u2019une usine de traitement des eaux us\u00e9es."},{"@type":"BreadcrumbList","@id":"https:\/\/www.ocwa.com\/fr\/joignez-vous-a-laoe\/notre-personnel\/#breadcrumb","itemListElement":[{"@type":"ListItem","position":1,"name":"Home","item":"https:\/\/www.ocwa.com\/fr\/"},{"@type":"ListItem","position":2,"name":"Joignez-vous \u00e0 l\u2019AOE","item":"https:\/\/www.ocwa.com\/fr\/joignez-vous-a-laoe\/"},{"@type":"ListItem","position":3,"name":"Notre personnel"}]},{"@type":"WebSite","@id":"https:\/\/www.ocwa.com\/fr\/#website","url":"https:\/\/www.ocwa.com\/fr\/","name":"OCWA","description":"Just another WordPress site","potentialAction":[{"@type":"SearchAction","target":{"@type":"EntryPoint","urlTemplate":"https:\/\/www.ocwa.com\/fr\/?s={search_term_string}"},"query-input":{"@type":"PropertyValueSpecification","valueRequired":true,"valueName":"search_term_string"}}],"inLanguage":"fr-FR"}]}},"_links":{"self":[{"href":"https:\/\/www.ocwa.com\/fr\/wp-json\/wp\/v2\/pages\/1766","targetHints":{"allow":["GET"]}}],"collection":[{"href":"https:\/\/www.ocwa.com\/fr\/wp-json\/wp\/v2\/pages"}],"about":[{"href":"https:\/\/www.ocwa.com\/fr\/wp-json\/wp\/v2\/types\/page"}],"author":[{"embeddable":true,"href":"https:\/\/www.ocwa.com\/fr\/wp-json\/wp\/v2\/users\/1"}],"replies":[{"embeddable":true,"href":"https:\/\/www.ocwa.com\/fr\/wp-json\/wp\/v2\/comments?post=1766"}],"version-history":[{"count":24,"href":"https:\/\/www.ocwa.com\/fr\/wp-json\/wp\/v2\/pages\/1766\/revisions"}],"predecessor-version":[{"id":5483,"href":"https:\/\/www.ocwa.com\/fr\/wp-json\/wp\/v2\/pages\/1766\/revisions\/5483"}],"up":[{"embeddable":true,"href":"https:\/\/www.ocwa.com\/fr\/wp-json\/wp\/v2\/pages\/1834"}],"wp:featuredmedia":[{"embeddable":true,"href":"https:\/\/www.ocwa.com\/fr\/wp-json\/wp\/v2\/media\/1362"}],"wp:attachment":[{"href":"https:\/\/www.ocwa.com\/fr\/wp-json\/wp\/v2\/media?parent=1766"}],"curies":[{"name":"wp","href":"https:\/\/api.w.org\/{rel}","templated":true}]}}