{"id":1704,"date":"2023-12-08T15:28:39","date_gmt":"2023-12-08T20:28:39","guid":{"rendered":"https:\/\/www.ocwa.com\/mission-vision-values\/"},"modified":"2024-03-05T15:54:29","modified_gmt":"2024-03-05T20:54:29","slug":"mission-vision-et-valeurs","status":"publish","type":"page","link":"https:\/\/www.ocwa.com\/fr\/a-propos-de-laoe\/mission-vision-et-valeurs\/","title":{"rendered":"Vision, Mission et Valeurs"},"content":{"rendered":"<div id=\"page-intro-block_054d9f3e471d84a758c24e5683739d41\" class=\"page-intro alignfull \">\n\t<div class=\"block-inner\">\n\t\t\t\t\t<div class=\"breadcrumbs\">\n\t\t\t\t<span><span><a href=\"https:\/\/www.ocwa.com\/fr\/\">Home<\/a><\/span><\/span>\t\t\t<\/div>\n\t\t\t\t<div class=\"block-intro-content\">\n\t\t\t\t\t\t\t<div class=\"block-image\">\n\t\t\t\t\t<img loading=\"lazy\" decoding=\"async\" width=\"768\" height=\"512\" src=\"https:\/\/www.ocwa.com\/wp-content\/uploads\/2024\/01\/Hands-with-glass-of-water-768x512.jpg\" class=\"attachment-box-image size-box-image\" alt=\"Main d\u2019un adulte offrant un verre d\u2019eau fra\u00eeche \u00e0 un enfant dans un parc avec un arri\u00e8re-plan flou.\" srcset=\"https:\/\/www.ocwa.com\/wp-content\/uploads\/2024\/01\/Hands-with-glass-of-water-768x512.jpg 768w, https:\/\/www.ocwa.com\/wp-content\/uploads\/2024\/01\/Hands-with-glass-of-water-300x200.jpg 300w, https:\/\/www.ocwa.com\/wp-content\/uploads\/2024\/01\/Hands-with-glass-of-water-1024x683.jpg 1024w, https:\/\/www.ocwa.com\/wp-content\/uploads\/2024\/01\/Hands-with-glass-of-water-1536x1024.jpg 1536w, https:\/\/www.ocwa.com\/wp-content\/uploads\/2024\/01\/Hands-with-glass-of-water-2048x1365.jpg 2048w, https:\/\/www.ocwa.com\/wp-content\/uploads\/2024\/01\/Hands-with-glass-of-water-2000x1333.jpg 2000w, https:\/\/www.ocwa.com\/wp-content\/uploads\/2024\/01\/Hands-with-glass-of-water-400x267.jpg 400w\" sizes=\"auto, (max-width: 768px) 100vw, 768px\" \/>\t\t\t\t<\/div>\n\t\t\t\t\t\t<div class=\"block-text\">\n\t\t\t\t<h1 class=\"with-wave\">Vision, Mission et Valeurs<\/h1>\n\t\t\t\t\t\t\t\t\t<div class=\"block-description\">\n\t\t\t\t\t\t<h6>Notre mission, notre vision et nos valeurs sont bien plus que des mots sur une page. C\u2019est, pour notre organisme, un engagement envers ceux qui comptent sur nous et une obligation que nous mettons un point d\u2019honneur \u00e0 respecter tous les jours.<\/h6>\n<h6><!-- \/wp:paragraph --><\/h6>\n\t\t\t\t\t<\/div>\n\t\t\t\t\t\t\t\t\t\t\t<\/div>\n\t\t<\/div>\n\t<\/div>\n<\/div>\n\n\n\n<p><\/p>\n\n\n\n<div class=\"wp-block-group\"><div class=\"wp-block-group__inner-container is-layout-constrained wp-block-group-is-layout-constrained\">\n<p><\/p>\n<\/div><\/div>\n\n\n\n<div style=\"height:53px\" aria-hidden=\"true\" class=\"wp-block-spacer\"><\/div>\n\n\n\n<h3 class=\"wp-block-heading\">Vision<\/h3>\n\n\n\n<p>Votre partenaire fiable en mati\u00e8re d\u2019eau pour la vie.<\/p>\n\n\n\n<div style=\"height:20px\" aria-hidden=\"true\" class=\"wp-block-spacer\"><\/div>\n\n\n\n<h3 class=\"wp-block-heading\">Mission<\/h3>\n\n\n\n<p>Fournir ensemble des services li\u00e9s \u00e0 l\u2019eau et aux eaux us\u00e9es visant \u00e0 prot\u00e9ger la sant\u00e9 et la viabilit\u00e9 des collectivit\u00e9s.<\/p>\n\n\n\n<div style=\"height:20px\" aria-hidden=\"true\" class=\"wp-block-spacer\"><\/div>\n\n\n\n<h3 class=\"wp-block-heading\">Values<\/h3>\n\n\n\n<p>Nos valeurs de CONFIANCE transparaissent dans tout ce que nous faisons et touchent chaque personne touch\u00e9e par nos services, de notre \u00e9quipe \u00e0 nos partenaires, en passant par chaque personne dans les communaut\u00e9s que nous servons. Ces valeurs nous maintiennent d\u00e9termin\u00e9s \u00e0 nous efforcer d\u2019avoir l\u2019impact le plus positif possible, en accordant la priorit\u00e9 aux personnes, \u00e0 la sant\u00e9 publique, \u00e0 l\u2019environnement et \u00e0 la durabilit\u00e9. Notre plus grande ressource en tant qu\u2019\u00eatres humains est l\u2019eau. Et notre plus grande ressource en mati\u00e8re de services d\u2019eau, ce sont les personnes.<\/p>\n\n\n<div id=\"values-block-block_6242dfe98c2ebecfe3495fda692b2487\" class=\"values-block alignfull \">\n\t<div class=\"block-inner\">\n\t\t\t\t\t<div class=\"items\">\n\t\t\t\t\t\t\t\t\t<div class=\"item\" data-aos=\"fade-up\" data-aos-duration=\"1000\" data-aos-anchor-placement=\"center-bottom\">\n\t\t\t\t\t\t<div class=\"image\">\n\t\t\t\t\t\t\t<img loading=\"lazy\" decoding=\"async\" width=\"400\" height=\"400\" src=\"https:\/\/www.ocwa.com\/wp-content\/uploads\/2023\/12\/Teamwork-Blue-400x400.png\" class=\"attachment-logo-image size-logo-image\" alt=\"\" srcset=\"https:\/\/www.ocwa.com\/wp-content\/uploads\/2023\/12\/Teamwork-Blue-400x400.png 400w, https:\/\/www.ocwa.com\/wp-content\/uploads\/2023\/12\/Teamwork-Blue-300x300.png 300w, https:\/\/www.ocwa.com\/wp-content\/uploads\/2023\/12\/Teamwork-Blue-150x150.png 150w, https:\/\/www.ocwa.com\/wp-content\/uploads\/2023\/12\/Teamwork-Blue-768x768.png 768w, https:\/\/www.ocwa.com\/wp-content\/uploads\/2023\/12\/Teamwork-Blue.png 909w\" sizes=\"auto, (max-width: 400px) 100vw, 400px\" \/>\t\t\t\t\t\t<\/div>\n\t\t\t\t\t\t<div class=\"title\"><h4>Travail d\u2019\u00e9quipe<\/h4><\/div>\n\t\t\t\t\t\t<div class=\"description\"><p>Nous partageons nos connaissances, nos comp\u00e9tences et nos talents \u00e0 l\u2019\u00e9chelle locale et collaborons avec nos partenaires afin de r\u00e9pondre aux besoins des collectivit\u00e9s que nous desservons.<\/p>\n<\/div>\n\t\t\t\t\t<\/div>\n\t\t\t\t\t\t\t\t\t<div class=\"item\" data-aos=\"fade-up\" data-aos-duration=\"1000\" data-aos-anchor-placement=\"center-bottom\">\n\t\t\t\t\t\t<div class=\"image\">\n\t\t\t\t\t\t\t<img loading=\"lazy\" decoding=\"async\" width=\"400\" height=\"400\" src=\"https:\/\/www.ocwa.com\/wp-content\/uploads\/2023\/12\/Reliability-Blue-400x400.png\" class=\"attachment-logo-image size-logo-image\" alt=\"\" srcset=\"https:\/\/www.ocwa.com\/wp-content\/uploads\/2023\/12\/Reliability-Blue-400x400.png 400w, https:\/\/www.ocwa.com\/wp-content\/uploads\/2023\/12\/Reliability-Blue-300x300.png 300w, https:\/\/www.ocwa.com\/wp-content\/uploads\/2023\/12\/Reliability-Blue-150x150.png 150w, https:\/\/www.ocwa.com\/wp-content\/uploads\/2023\/12\/Reliability-Blue-768x768.png 768w, https:\/\/www.ocwa.com\/wp-content\/uploads\/2023\/12\/Reliability-Blue.png 909w\" sizes=\"auto, (max-width: 400px) 100vw, 400px\" \/>\t\t\t\t\t\t<\/div>\n\t\t\t\t\t\t<div class=\"title\"><h4>Fiabilit\u00e9<\/h4><\/div>\n\t\t\t\t\t\t<div class=\"description\"><p>Nous fournissons des services essentiels en respectant les normes de conformit\u00e9, voire en les d\u00e9passant, et tenons les engagements pris envers nous-m\u00eames et nos partenaires.<\/p>\n<\/div>\n\t\t\t\t\t<\/div>\n\t\t\t\t\t\t\t\t\t<div class=\"item\" data-aos=\"fade-up\" data-aos-duration=\"1000\" data-aos-anchor-placement=\"center-bottom\">\n\t\t\t\t\t\t<div class=\"image\">\n\t\t\t\t\t\t\t<img loading=\"lazy\" decoding=\"async\" width=\"400\" height=\"400\" src=\"https:\/\/www.ocwa.com\/wp-content\/uploads\/2023\/12\/Understanding-Blue-400x400.png\" class=\"attachment-logo-image size-logo-image\" alt=\"\" srcset=\"https:\/\/www.ocwa.com\/wp-content\/uploads\/2023\/12\/Understanding-Blue-400x400.png 400w, https:\/\/www.ocwa.com\/wp-content\/uploads\/2023\/12\/Understanding-Blue-300x300.png 300w, https:\/\/www.ocwa.com\/wp-content\/uploads\/2023\/12\/Understanding-Blue-150x150.png 150w, https:\/\/www.ocwa.com\/wp-content\/uploads\/2023\/12\/Understanding-Blue-768x768.png 768w, https:\/\/www.ocwa.com\/wp-content\/uploads\/2023\/12\/Understanding-Blue.png 909w\" sizes=\"auto, (max-width: 400px) 100vw, 400px\" \/>\t\t\t\t\t\t<\/div>\n\t\t\t\t\t\t<div class=\"title\"><h4>Compr\u00e9hension<\/h4><\/div>\n\t\t\t\t\t\t<div class=\"description\"><p>Nous \u00e9coutons nos partenaires et collaborons avec eux afin de trouver des solutions qui r\u00e9pondent \u00e0 leurs besoins.<\/p>\n<\/div>\n\t\t\t\t\t<\/div>\n\t\t\t\t\t\t\t\t\t<div class=\"item\" data-aos=\"fade-up\" data-aos-duration=\"1000\" data-aos-anchor-placement=\"center-bottom\">\n\t\t\t\t\t\t<div class=\"image\">\n\t\t\t\t\t\t\t<img loading=\"lazy\" decoding=\"async\" width=\"400\" height=\"400\" src=\"https:\/\/www.ocwa.com\/wp-content\/uploads\/2023\/12\/Safety-Blue-400x400.png\" class=\"attachment-logo-image size-logo-image\" alt=\"\" srcset=\"https:\/\/www.ocwa.com\/wp-content\/uploads\/2023\/12\/Safety-Blue-400x400.png 400w, https:\/\/www.ocwa.com\/wp-content\/uploads\/2023\/12\/Safety-Blue-300x300.png 300w, https:\/\/www.ocwa.com\/wp-content\/uploads\/2023\/12\/Safety-Blue-150x150.png 150w, https:\/\/www.ocwa.com\/wp-content\/uploads\/2023\/12\/Safety-Blue-768x768.png 768w, https:\/\/www.ocwa.com\/wp-content\/uploads\/2023\/12\/Safety-Blue.png 909w\" sizes=\"auto, (max-width: 400px) 100vw, 400px\" \/>\t\t\t\t\t\t<\/div>\n\t\t\t\t\t\t<div class=\"title\"><h4>S\u00e9curit\u00e9<\/h4><\/div>\n\t\t\t\t\t\t<div class=\"description\"><p>Nous consid\u00e9rons la sant\u00e9, la s\u00e9curit\u00e9 et le bien-\u00eatre de notre personnel et des collectivit\u00e9s o\u00f9 nous vivons et travaillons comme notre priorit\u00e9 principale.<\/p>\n<\/div>\n\t\t\t\t\t<\/div>\n\t\t\t\t\t\t\t\t\t<div class=\"item\" data-aos=\"fade-up\" data-aos-duration=\"1000\" data-aos-anchor-placement=\"center-bottom\">\n\t\t\t\t\t\t<div class=\"image\">\n\t\t\t\t\t\t\t<img loading=\"lazy\" decoding=\"async\" width=\"400\" height=\"400\" src=\"https:\/\/www.ocwa.com\/wp-content\/uploads\/2023\/12\/Transparency-Blue-400x400.png\" class=\"attachment-logo-image size-logo-image\" alt=\"\" srcset=\"https:\/\/www.ocwa.com\/wp-content\/uploads\/2023\/12\/Transparency-Blue-400x400.png 400w, https:\/\/www.ocwa.com\/wp-content\/uploads\/2023\/12\/Transparency-Blue-300x300.png 300w, https:\/\/www.ocwa.com\/wp-content\/uploads\/2023\/12\/Transparency-Blue-150x150.png 150w, https:\/\/www.ocwa.com\/wp-content\/uploads\/2023\/12\/Transparency-Blue-768x768.png 768w, https:\/\/www.ocwa.com\/wp-content\/uploads\/2023\/12\/Transparency-Blue.png 909w\" sizes=\"auto, (max-width: 400px) 100vw, 400px\" \/>\t\t\t\t\t\t<\/div>\n\t\t\t\t\t\t<div class=\"title\"><h4>Transparence<\/h4><\/div>\n\t\t\t\t\t\t<div class=\"description\"><p>Nous communiquons entre nous et avec nos partenaires de mani\u00e8re ouverte, honn\u00eate et authentique.<\/p>\n<\/div>\n\t\t\t\t\t<\/div>\n\t\t\t\t\t\t\t\t\t<div class=\"item\" data-aos=\"fade-up\" data-aos-duration=\"1000\" data-aos-anchor-placement=\"center-bottom\">\n\t\t\t\t\t\t<div class=\"image\">\n\t\t\t\t\t\t\t<img loading=\"lazy\" decoding=\"async\" width=\"400\" height=\"400\" src=\"https:\/\/www.ocwa.com\/wp-content\/uploads\/2023\/12\/Environment-Blue-400x400.png\" class=\"attachment-logo-image size-logo-image\" alt=\"\" srcset=\"https:\/\/www.ocwa.com\/wp-content\/uploads\/2023\/12\/Environment-Blue-400x400.png 400w, https:\/\/www.ocwa.com\/wp-content\/uploads\/2023\/12\/Environment-Blue-300x300.png 300w, https:\/\/www.ocwa.com\/wp-content\/uploads\/2023\/12\/Environment-Blue-150x150.png 150w, https:\/\/www.ocwa.com\/wp-content\/uploads\/2023\/12\/Environment-Blue-768x768.png 768w, https:\/\/www.ocwa.com\/wp-content\/uploads\/2023\/12\/Environment-Blue.png 909w\" sizes=\"auto, (max-width: 400px) 100vw, 400px\" \/>\t\t\t\t\t\t<\/div>\n\t\t\t\t\t\t<div class=\"title\"><h4>Environnement<\/h4><\/div>\n\t\t\t\t\t\t<div class=\"description\"><p>Nous prot\u00e9geons l\u2019environnement en trouvant des solutions innovatrices afin de renforcer la sant\u00e9 et la viabilit\u00e9 des collectivit\u00e9s que nous desservons.<\/p>\n<\/div>\n\t\t\t\t\t<\/div>\n\t\t\t\t\t\t\t\t\t<div class=\"item\" data-aos=\"fade-up\" data-aos-duration=\"1000\" data-aos-anchor-placement=\"center-bottom\">\n\t\t\t\t\t\t<div class=\"image\">\n\t\t\t\t\t\t\t<img loading=\"lazy\" decoding=\"async\" width=\"400\" height=\"400\" src=\"https:\/\/www.ocwa.com\/wp-content\/uploads\/2023\/12\/Diversity-Blue-400x400.png\" class=\"attachment-logo-image size-logo-image\" alt=\"\" srcset=\"https:\/\/www.ocwa.com\/wp-content\/uploads\/2023\/12\/Diversity-Blue-400x400.png 400w, https:\/\/www.ocwa.com\/wp-content\/uploads\/2023\/12\/Diversity-Blue-300x300.png 300w, https:\/\/www.ocwa.com\/wp-content\/uploads\/2023\/12\/Diversity-Blue-150x150.png 150w, https:\/\/www.ocwa.com\/wp-content\/uploads\/2023\/12\/Diversity-Blue-768x768.png 768w, https:\/\/www.ocwa.com\/wp-content\/uploads\/2023\/12\/Diversity-Blue.png 909w\" sizes=\"auto, (max-width: 400px) 100vw, 400px\" \/>\t\t\t\t\t\t<\/div>\n\t\t\t\t\t\t<div class=\"title\"><h4>Diversit\u00e9<\/h4><\/div>\n\t\t\t\t\t\t<div class=\"description\"><p>Nous acceptons diverses perspectives et nous effor\u00e7ons de cr\u00e9er un environnement \u00e9quitable et inclusif o\u00f9 chacun se sent respect\u00e9 et habilit\u00e9 \u00e0 atteindre ses objectifs personnels et professionnels.<\/p>\n<\/div>\n\t\t\t\t\t<\/div>\n\t\t\t\t\t\t\t<\/div>\n\t\t\t<\/div>\n<\/div>\n\n\n\n<div id=\"info-boxes-block_7006a7158d5b704345caa1979f40135b\" class=\"info-boxes alignfull \" style=\"background-color:#EAF9FC;\">\n\t\t\t<div class=\"info-boxes-wrapper\" data-equalizer data-equalize-on=\"medium\">\n\t\t\t\t\t\t\t<div class=\"info-box\" data-aos=\"fade-up\" data-aos-duration=\"1000\" data-aos-anchor-placement=\"center-bottom\">\n\t\t\t\t\t<div class=\"info-box-inner\" data-equalizer-watch>\n\t\t\t\t\t\t<h3>Gouvernance et Responsabilisation<\/h3>\n\t\t\t\t\t\t<div class=\"description\">\n\t\t\t\t\t\t\t<p>L\u2019AOE est une entreprise op\u00e9rationnelle cr\u00e9\u00e9e en 1993 en vertu de la Loi de 1993 sur le plan d\u2019investissement (LPI).\u00a0 L\u2019Agence a pour mandat de fournir des stations de purification de l\u2019eau et d\u2019\u00e9puration des eaux d\u2019\u00e9gout ainsi que d\u2019autres services connexes afin de prot\u00e9ger la sant\u00e9 et l\u2019environnement.<\/p>\n\t\t\t\t\t\t<\/div>\n\t\t\t\t\t<\/div>\n\t\t\t\t\t<a href=\"https:\/\/www.ocwa.com\/fr\/gouvernance-et-responsabilisation\/\" class=\"button dark\">Informez-vous<\/a>\t\t\t\t<\/div>\n\t\t\t\t\t\t\t<div class=\"info-box\" data-aos=\"fade-up\" data-aos-duration=\"1000\" data-aos-anchor-placement=\"center-bottom\">\n\t\t\t\t\t<div class=\"info-box-inner\" data-equalizer-watch>\n\t\t\t\t\t\t<h3>\u00c9quipes de leadership<\/h3>\n\t\t\t\t\t\t<div class=\"description\">\n\t\t\t\t\t\t\t<p>Notre \u00e9quipe de direction sup\u00e9rieure et notre conseil d\u2019administration travaillent ensemble \u00e0 l\u2019atteinte des objectifs \u00e0 long terme de l\u2019AOE pour maintenir la capacit\u00e9 de l\u2019organisme de fournir les meilleurs services possible \u00e0 ses clients et collectivit\u00e9s et d\u2019offrir un environnement de travail stimulant \u00e0 ses employ\u00e9s.<\/p>\n\t\t\t\t\t\t<\/div>\n\t\t\t\t\t<\/div>\n\t\t\t\t\t<a href=\"https:\/\/www.ocwa.com\/fr\/equipes-de-leadership\/\" class=\"button dark\">Informez-vous<\/a>\t\t\t\t<\/div>\n\t\t\t\t\t<\/div>\n\t<\/div>\n","protected":false},"excerpt":{"rendered":"<p>Notre vision, notre mission et nos valeurs sont bien plus que des mots sur une page. C\u2019est, pour notre organisme, un engagement envers ceux qui comptent sur nous et une obligation que nous mettons un point d\u2019honneur \u00e0 respecter tous les jours.<\/p>\n","protected":false},"author":1,"featured_media":2037,"parent":1862,"menu_order":0,"comment_status":"closed","ping_status":"closed","template":"","meta":{"_acf_changed":false,"footnotes":""},"class_list":["post-1704","page","type-page","status-publish","has-post-thumbnail","hentry"],"acf":[],"yoast_head":"<!-- This site is optimized with the Yoast SEO plugin v27.4 - https:\/\/yoast.com\/product\/yoast-seo-wordpress\/ -->\n<title>Vision, Mission et Valeurs - OCWA<\/title>\n<meta name=\"robots\" content=\"index, follow, max-snippet:-1, max-image-preview:large, max-video-preview:-1\" \/>\n<link rel=\"canonical\" href=\"https:\/\/www.ocwa.com\/fr\/a-propos-de-laoe\/mission-vision-et-valeurs\/\" \/>\n<meta property=\"og:locale\" content=\"fr_FR\" \/>\n<meta property=\"og:type\" content=\"article\" \/>\n<meta property=\"og:title\" content=\"Vision, Mission et Valeurs - OCWA\" \/>\n<meta property=\"og:description\" content=\"Notre vision, notre mission et nos valeurs sont bien plus que des mots sur une page. C\u2019est, pour notre organisme, un engagement envers ceux qui comptent sur nous et une obligation que nous mettons un point d\u2019honneur \u00e0 respecter tous les jours.\" \/>\n<meta property=\"og:url\" content=\"https:\/\/www.ocwa.com\/fr\/a-propos-de-laoe\/mission-vision-et-valeurs\/\" \/>\n<meta property=\"og:site_name\" content=\"OCWA\" \/>\n<meta property=\"article:modified_time\" content=\"2024-03-05T20:54:29+00:00\" \/>\n<meta property=\"og:image\" content=\"https:\/\/www.ocwa.com\/wp-content\/uploads\/2024\/01\/Hands-with-glass-of-water-scaled.jpg\" \/>\n\t<meta property=\"og:image:width\" content=\"2560\" \/>\n\t<meta property=\"og:image:height\" content=\"1707\" \/>\n\t<meta property=\"og:image:type\" content=\"image\/jpeg\" \/>\n<meta name=\"twitter:card\" content=\"summary_large_image\" \/>\n<meta name=\"twitter:label1\" content=\"Dur\u00e9e de lecture estim\u00e9e\" \/>\n\t<meta name=\"twitter:data1\" content=\"1 minute\" \/>\n<script type=\"application\/ld+json\" class=\"yoast-schema-graph\">{\"@context\":\"https:\\\/\\\/schema.org\",\"@graph\":[{\"@type\":\"WebPage\",\"@id\":\"https:\\\/\\\/www.ocwa.com\\\/fr\\\/a-propos-de-laoe\\\/mission-vision-et-valeurs\\\/\",\"url\":\"https:\\\/\\\/www.ocwa.com\\\/fr\\\/a-propos-de-laoe\\\/mission-vision-et-valeurs\\\/\",\"name\":\"Vision, Mission et Valeurs - OCWA\",\"isPartOf\":{\"@id\":\"https:\\\/\\\/www.ocwa.com\\\/fr\\\/#website\"},\"primaryImageOfPage\":{\"@id\":\"https:\\\/\\\/www.ocwa.com\\\/fr\\\/a-propos-de-laoe\\\/mission-vision-et-valeurs\\\/#primaryimage\"},\"image\":{\"@id\":\"https:\\\/\\\/www.ocwa.com\\\/fr\\\/a-propos-de-laoe\\\/mission-vision-et-valeurs\\\/#primaryimage\"},\"thumbnailUrl\":\"https:\\\/\\\/www.ocwa.com\\\/wp-content\\\/uploads\\\/2024\\\/01\\\/Hands-with-glass-of-water-scaled.jpg\",\"datePublished\":\"2023-12-08T20:28:39+00:00\",\"dateModified\":\"2024-03-05T20:54:29+00:00\",\"breadcrumb\":{\"@id\":\"https:\\\/\\\/www.ocwa.com\\\/fr\\\/a-propos-de-laoe\\\/mission-vision-et-valeurs\\\/#breadcrumb\"},\"inLanguage\":\"fr-FR\",\"potentialAction\":[{\"@type\":\"ReadAction\",\"target\":[\"https:\\\/\\\/www.ocwa.com\\\/fr\\\/a-propos-de-laoe\\\/mission-vision-et-valeurs\\\/\"]}]},{\"@type\":\"ImageObject\",\"inLanguage\":\"fr-FR\",\"@id\":\"https:\\\/\\\/www.ocwa.com\\\/fr\\\/a-propos-de-laoe\\\/mission-vision-et-valeurs\\\/#primaryimage\",\"url\":\"https:\\\/\\\/www.ocwa.com\\\/wp-content\\\/uploads\\\/2024\\\/01\\\/Hands-with-glass-of-water-scaled.jpg\",\"contentUrl\":\"https:\\\/\\\/www.ocwa.com\\\/wp-content\\\/uploads\\\/2024\\\/01\\\/Hands-with-glass-of-water-scaled.jpg\",\"width\":2560,\"height\":1707,\"caption\":\"Woman hand giving glass of fresh water to child in the park,soft color filter\"},{\"@type\":\"BreadcrumbList\",\"@id\":\"https:\\\/\\\/www.ocwa.com\\\/fr\\\/a-propos-de-laoe\\\/mission-vision-et-valeurs\\\/#breadcrumb\",\"itemListElement\":[{\"@type\":\"ListItem\",\"position\":1,\"name\":\"Home\",\"item\":\"https:\\\/\\\/www.ocwa.com\\\/fr\\\/\"},{\"@type\":\"ListItem\",\"position\":2,\"name\":\"\u00c0 propos de l\u2019AOE\",\"item\":\"https:\\\/\\\/www.ocwa.com\\\/fr\\\/a-propos-de-laoe\\\/\"},{\"@type\":\"ListItem\",\"position\":3,\"name\":\"Vision, Mission et Valeurs\"}]},{\"@type\":\"WebSite\",\"@id\":\"https:\\\/\\\/www.ocwa.com\\\/fr\\\/#website\",\"url\":\"https:\\\/\\\/www.ocwa.com\\\/fr\\\/\",\"name\":\"OCWA\",\"description\":\"Just another WordPress site\",\"potentialAction\":[{\"@type\":\"SearchAction\",\"target\":{\"@type\":\"EntryPoint\",\"urlTemplate\":\"https:\\\/\\\/www.ocwa.com\\\/fr\\\/?s={search_term_string}\"},\"query-input\":{\"@type\":\"PropertyValueSpecification\",\"valueRequired\":true,\"valueName\":\"search_term_string\"}}],\"inLanguage\":\"fr-FR\"}]}<\/script>\n<!-- \/ Yoast SEO plugin. -->","yoast_head_json":{"title":"Vision, Mission et Valeurs - OCWA","robots":{"index":"index","follow":"follow","max-snippet":"max-snippet:-1","max-image-preview":"max-image-preview:large","max-video-preview":"max-video-preview:-1"},"canonical":"https:\/\/www.ocwa.com\/fr\/a-propos-de-laoe\/mission-vision-et-valeurs\/","og_locale":"fr_FR","og_type":"article","og_title":"Vision, Mission et Valeurs - OCWA","og_description":"Notre vision, notre mission et nos valeurs sont bien plus que des mots sur une page. C\u2019est, pour notre organisme, un engagement envers ceux qui comptent sur nous et une obligation que nous mettons un point d\u2019honneur \u00e0 respecter tous les jours.","og_url":"https:\/\/www.ocwa.com\/fr\/a-propos-de-laoe\/mission-vision-et-valeurs\/","og_site_name":"OCWA","article_modified_time":"2024-03-05T20:54:29+00:00","og_image":[{"width":2560,"height":1707,"url":"https:\/\/www.ocwa.com\/wp-content\/uploads\/2024\/01\/Hands-with-glass-of-water-scaled.jpg","type":"image\/jpeg"}],"twitter_card":"summary_large_image","twitter_misc":{"Dur\u00e9e de lecture estim\u00e9e":"1 minute"},"schema":{"@context":"https:\/\/schema.org","@graph":[{"@type":"WebPage","@id":"https:\/\/www.ocwa.com\/fr\/a-propos-de-laoe\/mission-vision-et-valeurs\/","url":"https:\/\/www.ocwa.com\/fr\/a-propos-de-laoe\/mission-vision-et-valeurs\/","name":"Vision, Mission et Valeurs - OCWA","isPartOf":{"@id":"https:\/\/www.ocwa.com\/fr\/#website"},"primaryImageOfPage":{"@id":"https:\/\/www.ocwa.com\/fr\/a-propos-de-laoe\/mission-vision-et-valeurs\/#primaryimage"},"image":{"@id":"https:\/\/www.ocwa.com\/fr\/a-propos-de-laoe\/mission-vision-et-valeurs\/#primaryimage"},"thumbnailUrl":"https:\/\/www.ocwa.com\/wp-content\/uploads\/2024\/01\/Hands-with-glass-of-water-scaled.jpg","datePublished":"2023-12-08T20:28:39+00:00","dateModified":"2024-03-05T20:54:29+00:00","breadcrumb":{"@id":"https:\/\/www.ocwa.com\/fr\/a-propos-de-laoe\/mission-vision-et-valeurs\/#breadcrumb"},"inLanguage":"fr-FR","potentialAction":[{"@type":"ReadAction","target":["https:\/\/www.ocwa.com\/fr\/a-propos-de-laoe\/mission-vision-et-valeurs\/"]}]},{"@type":"ImageObject","inLanguage":"fr-FR","@id":"https:\/\/www.ocwa.com\/fr\/a-propos-de-laoe\/mission-vision-et-valeurs\/#primaryimage","url":"https:\/\/www.ocwa.com\/wp-content\/uploads\/2024\/01\/Hands-with-glass-of-water-scaled.jpg","contentUrl":"https:\/\/www.ocwa.com\/wp-content\/uploads\/2024\/01\/Hands-with-glass-of-water-scaled.jpg","width":2560,"height":1707,"caption":"Woman hand giving glass of fresh water to child in the park,soft color filter"},{"@type":"BreadcrumbList","@id":"https:\/\/www.ocwa.com\/fr\/a-propos-de-laoe\/mission-vision-et-valeurs\/#breadcrumb","itemListElement":[{"@type":"ListItem","position":1,"name":"Home","item":"https:\/\/www.ocwa.com\/fr\/"},{"@type":"ListItem","position":2,"name":"\u00c0 propos de l\u2019AOE","item":"https:\/\/www.ocwa.com\/fr\/a-propos-de-laoe\/"},{"@type":"ListItem","position":3,"name":"Vision, Mission et Valeurs"}]},{"@type":"WebSite","@id":"https:\/\/www.ocwa.com\/fr\/#website","url":"https:\/\/www.ocwa.com\/fr\/","name":"OCWA","description":"Just another WordPress site","potentialAction":[{"@type":"SearchAction","target":{"@type":"EntryPoint","urlTemplate":"https:\/\/www.ocwa.com\/fr\/?s={search_term_string}"},"query-input":{"@type":"PropertyValueSpecification","valueRequired":true,"valueName":"search_term_string"}}],"inLanguage":"fr-FR"}]}},"_links":{"self":[{"href":"https:\/\/www.ocwa.com\/fr\/wp-json\/wp\/v2\/pages\/1704","targetHints":{"allow":["GET"]}}],"collection":[{"href":"https:\/\/www.ocwa.com\/fr\/wp-json\/wp\/v2\/pages"}],"about":[{"href":"https:\/\/www.ocwa.com\/fr\/wp-json\/wp\/v2\/types\/page"}],"author":[{"embeddable":true,"href":"https:\/\/www.ocwa.com\/fr\/wp-json\/wp\/v2\/users\/1"}],"replies":[{"embeddable":true,"href":"https:\/\/www.ocwa.com\/fr\/wp-json\/wp\/v2\/comments?post=1704"}],"version-history":[{"count":14,"href":"https:\/\/www.ocwa.com\/fr\/wp-json\/wp\/v2\/pages\/1704\/revisions"}],"predecessor-version":[{"id":3039,"href":"https:\/\/www.ocwa.com\/fr\/wp-json\/wp\/v2\/pages\/1704\/revisions\/3039"}],"up":[{"embeddable":true,"href":"https:\/\/www.ocwa.com\/fr\/wp-json\/wp\/v2\/pages\/1862"}],"wp:featuredmedia":[{"embeddable":true,"href":"https:\/\/www.ocwa.com\/fr\/wp-json\/wp\/v2\/media\/2037"}],"wp:attachment":[{"href":"https:\/\/www.ocwa.com\/fr\/wp-json\/wp\/v2\/media?parent=1704"}],"curies":[{"name":"wp","href":"https:\/\/api.w.org\/{rel}","templated":true}]}}