{"id":1654,"date":"2023-10-11T23:21:30","date_gmt":"2023-10-12T03:21:30","guid":{"rendered":"https:\/\/www.ocwa.com\/sample-page\/"},"modified":"2026-02-25T09:35:12","modified_gmt":"2026-02-25T14:35:12","slug":"sample-page","status":"publish","type":"page","link":"https:\/\/www.ocwa.com\/fr\/","title":{"rendered":"Homepage"},"content":{"rendered":"<style>\n    @media print, screen and (max-width: 48em) {\n        .intro-banner .intro-banner-wrapper .intro-banner-image img {\n            margin-top: 12rem;\n        }\n    }\n<\/style>\n<div id=\"intro-banner-block_d906be64eed3e7015f4b68597be38542\" class=\"intro-banner alignfull \">\n\t<div class=\"intro-banner-wrapper\">\n\t\t\t\t\t<div class=\"help-menu\">\n\t\t\t\t<a class=\"help-menu-toggle\" data-toggle=\"help-menu-dropdown-intro\">Je veux\u2026<\/a>\n\t\t\t\t<div class=\"dropdown-pane\" id=\"help-menu-dropdown-intro\" data-dropdown>\n\t\t\t\t\t<ul>\n\t\t\t\t\t\t\t\t\t\t\t\t\t<li><a href=\"https:\/\/www.ocwa.com\/fr\/services-overview\/\">En savoir plus sur les services de l\u2019AOE <\/a><\/li>\n\t\t\t\t\t\t\t\t\t\t\t\t\t<li><a href=\"https:\/\/www.ocwa.com\/fr\/joignez-vous-a-laoe\/possibilites-demploi\/\">Postuler \u00e0 un emploi <\/a><\/li>\n\t\t\t\t\t\t\t\t\t\t\t\t\t<li><a href=\"https:\/\/www.ocwa.com\/fr\/joignez-vous-a-laoe\/parcours-de-carriere\/\">En savoir plus sur les carri\u00e8res dans le secteur de l\u2019eau et des eaux us\u00e9es <\/a><\/li>\n\t\t\t\t\t\t\t\t\t\t\t\t\t<li><a href=\"https:\/\/www.ocwa.com\/fr\/services\/formation\/\">En savoir plus sur les formations<\/a><\/li>\n\t\t\t\t\t\t\t\t\t\t\t\t\t<li><a href=\"https:\/\/www.ocwa.com\/fr\/pour-nous-contacter\/\">Poser une question \u00e0 l\u2019AOE ou donner mon avis <\/a><\/li>\n\t\t\t\t\t\t\t\t\t\t\t\t\t<li><a href=\"https:\/\/www.ocwa.com\/fr\/pour-nous-contacter\/carte-interactive\/\">Trouver un bureau de l\u2019AOE pr\u00e8s de moi <\/a><\/li>\n\t\t\t\t\t\t\t\t\t\t\t\t\t<li><a href=\"https:\/\/www.ocwa.com\/fr\/pour-nous-contacter\/\">Communiquer avec un employ\u00e9 de l\u2019AOE <\/a><\/li>\n\t\t\t\t\t\t\t\t\t\t\t\t\t<li><a href=\"https:\/\/www.ocwa.com\/fr\/publications\/\">Consulter une publication de l\u2019AOE <\/a><\/li>\n\t\t\t\t\t\t\t\t\t\t\t\t\t<li><a href=\"https:\/\/www.ocwa.com\/fr\/nos-politiques\/\">Examiner la politique de l\u2019AOE relative au SGQE<\/a><\/li>\n\t\t\t\t\t\t\t\t\t\t\t\t\t<li><a href=\"https:\/\/www.ocwa.com\/fr\/ressources-et-liens\/\">Signaler un d\u00e9versement ou un probl\u00e8me environnemental<\/a><\/li>\n\t\t\t\t\t\t\t\t\t\t\t\t\t<li><a href=\"https:\/\/www.ocwa.com\/fr\/a-propos-de-laoe\/gouvernance-et-responsabilisation\/\">D\u00e9poser une demande d&rsquo;acc\u00e8s \u00e0 l&rsquo;information<\/a><\/li>\n\t\t\t\t\t\t\t\t\t\t\t<\/ul>\n\t\t\t\t<\/div>\n\t\t\t<\/div>\n\t\t\t\t\t\t\t<div class=\"intro-banner-image\">\n\t\t\t\t<img loading=\"lazy\" decoding=\"async\" width=\"2000\" height=\"1500\" src=\"https:\/\/www.ocwa.com\/wp-content\/uploads\/2023\/12\/Nalaka-Jayamaha-2000x1500.jpg\" class=\"attachment-banner-image size-banner-image\" alt=\"Employ\u00e9 de l\u2019AOE v\u00eatu de son \u00e9quipement de protection et souriant \u00e0 la cam\u00e9ra \u00e0 l\u2019int\u00e9rieur d\u2019une usine de traitement des eaux.\" srcset=\"https:\/\/www.ocwa.com\/wp-content\/uploads\/2023\/12\/Nalaka-Jayamaha-2000x1500.jpg 2000w, https:\/\/www.ocwa.com\/wp-content\/uploads\/2023\/12\/Nalaka-Jayamaha-300x225.jpg 300w, https:\/\/www.ocwa.com\/wp-content\/uploads\/2023\/12\/Nalaka-Jayamaha-1024x768.jpg 1024w, https:\/\/www.ocwa.com\/wp-content\/uploads\/2023\/12\/Nalaka-Jayamaha-768x576.jpg 768w, https:\/\/www.ocwa.com\/wp-content\/uploads\/2023\/12\/Nalaka-Jayamaha-1536x1152.jpg 1536w, https:\/\/www.ocwa.com\/wp-content\/uploads\/2023\/12\/Nalaka-Jayamaha-2048x1536.jpg 2048w, https:\/\/www.ocwa.com\/wp-content\/uploads\/2023\/12\/Nalaka-Jayamaha-400x300.jpg 400w\" sizes=\"auto, (max-width: 2000px) 100vw, 2000px\" \/>\t\t\t<\/div>\n\t\t\t\t<div class=\"intro-banner-details\">\n\t\t\t<div class=\"banner-details\">\n\t\t\t\t<h4>Quels que soient vos besoins en mati\u00e8re<br \/>\nd\u2019eau et d\u2019eaux us\u00e9es, l\u2019Agence ontarienne<br \/>\ndes eaux (AOE) est\u2026<\/h4>\n\t\t\t<\/div>\n\t\t\t<h1>Votre partenaire <br \/>\r\nfiable en mati\u00e8re d&rsquo;eau <br \/>\r\npour la vie.<\/h1>\n\t\t\t\t\t\t\t<div class=\"block-cta\">\n\t\t\t\t\t<a href=\"https:\/\/www.ocwa.com\/fr\/a-propos-de-laoe\/\" class=\"button\">Qui nous sommes<\/a>\t\t\t\t<\/div>\n\t\t\t\t\t<\/div>\n\t<\/div>\n<\/div>\n\n\n<div id=\"services-block-block_9ca135b94079f9447a9422a87071df81\" class=\"services-block alignfull \">\n\t<div class=\"services-block-inner\">\n\t\t<div class=\"block-title\">\n\t\t\t<h1>Ce que nous faisons<\/h1>\n\t\t<\/div>\n\t\t\t\t\t<div class=\"services\" data-aos=\"fade-up\" data-aos-duration=\"1000\" data-aos-anchor-placement=\"center-bottom\">\n\t\t\t\t\t\t\t\t\t<a href=\"https:\/\/www.ocwa.com\/fr\/services\/operations-et-entretien\/\" class=\"flip-card\">\n\t\t\t\t\t\t<div class=\"flip-card-inner\">\n\t\t\t\t\t\t\t<div class=\"flip-card-front\">\n\t\t\t\t\t\t\t\t<div class=\"service-icon operations-et-entretien\">\n\t\t\t\t\t\t\t\t\t<img loading=\"lazy\" decoding=\"async\" width=\"59\" height=\"55\" src=\"https:\/\/www.ocwa.com\/wp-content\/uploads\/2023\/10\/operations-maintainance.svg\" class=\"attachment-logo-image size-logo-image\" alt=\"\" \/>\t\t\t\t\t\t\t\t<\/div>\n\t\t\t\t\t\t\t\t<h5>Op\u00e9rations et entretien<\/h5>\n\t\t\t\t\t\t\t\t<span><i class=\"icon icon-plus\"><\/i><\/span>\n\t\t\t\t\t\t\t<\/div>\n\t\t\t\t\t\t\t<div class=\"flip-card-back\">\n\t\t\t\t\t\t\t\t<div class=\"service-description\">\n\t\t\t\t\t\t\t\t\t<p>l\u2019AOE utilise les toutes derni\u00e8res technologies pour fournir des services s\u00fbrs, fiables et efficients d\u2019approvisionnement en eau, de traitement des eaux us\u00e9es et de collecte des eaux pluviales.<\/p>\n\t\t\t\t\t\t\t\t<\/div>\n\t\t\t\t\t\t\t\t<span><strong>Informez-vous<\/strong><i class=\"icon icon-plus\"><\/i><\/span>\n\t\t\t\t\t\t\t<\/div>\n\t\t\t\t\t\t<\/div>\n\t\t\t\t\t<\/a>\n\t\t\t\t\t\t\t\t\t<a href=\"https:\/\/www.ocwa.com\/fr\/services\/gestion-de-projets-et-immobilisations\/\" class=\"flip-card\">\n\t\t\t\t\t\t<div class=\"flip-card-inner\">\n\t\t\t\t\t\t\t<div class=\"flip-card-front\">\n\t\t\t\t\t\t\t\t<div class=\"service-icon gestion-de-projets-et-immobilisations\">\n\t\t\t\t\t\t\t\t\t<img loading=\"lazy\" decoding=\"async\" width=\"62\" height=\"51\" src=\"https:\/\/www.ocwa.com\/wp-content\/uploads\/2023\/10\/major-maintainance.svg\" class=\"attachment-logo-image size-logo-image\" alt=\"\" \/>\t\t\t\t\t\t\t\t<\/div>\n\t\t\t\t\t\t\t\t<h5>Gestion de projets et immobilisations<\/h5>\n\t\t\t\t\t\t\t\t<span><i class=\"icon icon-plus\"><\/i><\/span>\n\t\t\t\t\t\t\t<\/div>\n\t\t\t\t\t\t\t<div class=\"flip-card-back\">\n\t\t\t\t\t\t\t\t<div class=\"service-description\">\n\t\t\t\t\t\t\t\t\t<p>L\u2019AOE poss\u00e8de des connaissances hautement sp\u00e9cialis\u00e9es et offre des solutions efficaces et efficientes pour la r\u00e9alisation de vos projets. <\/p>\n\t\t\t\t\t\t\t\t<\/div>\n\t\t\t\t\t\t\t\t<span><strong>Informez-vous<\/strong><i class=\"icon icon-plus\"><\/i><\/span>\n\t\t\t\t\t\t\t<\/div>\n\t\t\t\t\t\t<\/div>\n\t\t\t\t\t<\/a>\n\t\t\t\t\t\t\t\t\t<a href=\"https:\/\/www.ocwa.com\/fr\/services\/planification-des-infrastructures\/\" class=\"flip-card\">\n\t\t\t\t\t\t<div class=\"flip-card-inner\">\n\t\t\t\t\t\t\t<div class=\"flip-card-front\">\n\t\t\t\t\t\t\t\t<div class=\"service-icon planification-des-infrastructures\">\n\t\t\t\t\t\t\t\t\t<img loading=\"lazy\" decoding=\"async\" width=\"50\" height=\"51\" src=\"https:\/\/www.ocwa.com\/wp-content\/uploads\/2023\/10\/infastructure.svg\" class=\"attachment-logo-image size-logo-image\" alt=\"\" srcset=\"https:\/\/www.ocwa.com\/wp-content\/uploads\/\/2023\/10\/infastructure.svg 150w, https:\/\/www.ocwa.com\/wp-content\/uploads\/\/2023\/10\/infastructure.svg 300w, https:\/\/www.ocwa.com\/wp-content\/uploads\/\/2023\/10\/infastructure.svg 1024w, https:\/\/www.ocwa.com\/wp-content\/uploads\/\/2023\/10\/infastructure.svg 50w\" sizes=\"auto, (max-width: 50px) 100vw, 50px\" \/>\t\t\t\t\t\t\t\t<\/div>\n\t\t\t\t\t\t\t\t<h5>Planification des infrastructures<\/h5>\n\t\t\t\t\t\t\t\t<span><i class=\"icon icon-plus\"><\/i><\/span>\n\t\t\t\t\t\t\t<\/div>\n\t\t\t\t\t\t\t<div class=\"flip-card-back\">\n\t\t\t\t\t\t\t\t<div class=\"service-description\">\n\t\t\t\t\t\t\t\t\t<p>L\u2019AOE collabore \u00e9troitement avec ses clients pour mettre en \u0153uvre des syst\u00e8mes de gestion et d\u2019entretien des actifs et \u00e9laborer des plans de gestion \u00e0 long terme des actifs et des immobilisations.<\/p>\n\t\t\t\t\t\t\t\t<\/div>\n\t\t\t\t\t\t\t\t<span><strong>Informez-vous<\/strong><i class=\"icon icon-plus\"><\/i><\/span>\n\t\t\t\t\t\t\t<\/div>\n\t\t\t\t\t\t<\/div>\n\t\t\t\t\t<\/a>\n\t\t\t\t\t\t\t\t\t<a href=\"https:\/\/www.ocwa.com\/fr\/services\/services-de-soutien-pour-les-infrastructures\/\" class=\"flip-card\">\n\t\t\t\t\t\t<div class=\"flip-card-inner\">\n\t\t\t\t\t\t\t<div class=\"flip-card-front\">\n\t\t\t\t\t\t\t\t<div class=\"service-icon services-de-soutien-pour-les-infrastructures\">\n\t\t\t\t\t\t\t\t\t<img loading=\"lazy\" decoding=\"async\" width=\"44\" height=\"53\" src=\"https:\/\/www.ocwa.com\/wp-content\/uploads\/2023\/10\/tech-support.svg\" class=\"attachment-logo-image size-logo-image\" alt=\"\" \/>\t\t\t\t\t\t\t\t<\/div>\n\t\t\t\t\t\t\t\t<h5>Services de soutien pour les infrastructures<\/h5>\n\t\t\t\t\t\t\t\t<span><i class=\"icon icon-plus\"><\/i><\/span>\n\t\t\t\t\t\t\t<\/div>\n\t\t\t\t\t\t\t<div class=\"flip-card-back\">\n\t\t\t\t\t\t\t\t<div class=\"service-description\">\n\t\t\t\t\t\t\t\t\t<p>L\u2019AOE soutient vos infrastructures essentielles en vous offrant un large \u00e9ventail de services techniques et d\u2019ing\u00e9nierie dont la gestion de projets.<\/p>\n\t\t\t\t\t\t\t\t<\/div>\n\t\t\t\t\t\t\t\t<span><strong>Informez-vous<\/strong><i class=\"icon icon-plus\"><\/i><\/span>\n\t\t\t\t\t\t\t<\/div>\n\t\t\t\t\t\t<\/div>\n\t\t\t\t\t<\/a>\n\t\t\t\t\t\t\t\t\t<a href=\"https:\/\/www.ocwa.com\/fr\/services\/formation\/\" class=\"flip-card\">\n\t\t\t\t\t\t<div class=\"flip-card-inner\">\n\t\t\t\t\t\t\t<div class=\"flip-card-front\">\n\t\t\t\t\t\t\t\t<div class=\"service-icon formation\">\n\t\t\t\t\t\t\t\t\t<img loading=\"lazy\" decoding=\"async\" width=\"67\" height=\"37\" src=\"https:\/\/www.ocwa.com\/wp-content\/uploads\/2023\/10\/training.svg\" class=\"attachment-logo-image size-logo-image\" alt=\"\" \/>\t\t\t\t\t\t\t\t<\/div>\n\t\t\t\t\t\t\t\t<h5>Formation<\/h5>\n\t\t\t\t\t\t\t\t<span><i class=\"icon icon-plus\"><\/i><\/span>\n\t\t\t\t\t\t\t<\/div>\n\t\t\t\t\t\t\t<div class=\"flip-card-back\">\n\t\t\t\t\t\t\t\t<div class=\"service-description\">\n\t\t\t\t\t\t\t\t\t<p>L\u2019AOE offre un large \u00e9ventail de formations pratiques et th\u00e9oriques sur l\u2019eau et les eaux us\u00e9es. <\/p>\n\t\t\t\t\t\t\t\t<\/div>\n\t\t\t\t\t\t\t\t<span><strong>Informez-vous<\/strong><i class=\"icon icon-plus\"><\/i><\/span>\n\t\t\t\t\t\t\t<\/div>\n\t\t\t\t\t\t<\/div>\n\t\t\t\t\t<\/a>\n\t\t\t\t\t\t\t\t\t<a href=\"https:\/\/www.ocwa.com\/fr\/services\/information-et-donnees\/\" class=\"flip-card\">\n\t\t\t\t\t\t<div class=\"flip-card-inner\">\n\t\t\t\t\t\t\t<div class=\"flip-card-front\">\n\t\t\t\t\t\t\t\t<div class=\"service-icon information-et-donnees\">\n\t\t\t\t\t\t\t\t\t<img loading=\"lazy\" decoding=\"async\" width=\"47\" height=\"51\" src=\"https:\/\/www.ocwa.com\/wp-content\/uploads\/2023\/10\/info-data.svg\" class=\"attachment-logo-image size-logo-image\" alt=\"\" \/>\t\t\t\t\t\t\t\t<\/div>\n\t\t\t\t\t\t\t\t<h5>Information et donn\u00e9es<\/h5>\n\t\t\t\t\t\t\t\t<span><i class=\"icon icon-plus\"><\/i><\/span>\n\t\t\t\t\t\t\t<\/div>\n\t\t\t\t\t\t\t<div class=\"flip-card-back\">\n\t\t\t\t\t\t\t\t<div class=\"service-description\">\n\t\t\t\t\t\t\t\t\t<p>L\u2019AOE a des outils novateurs qui lui permettent de travailler plus intelligemment, ainsi que d&rsquo;assurer la s\u00e9curit\u00e9 et l\u2019efficacit\u00e9 des installations qu\u2019elle exploite. <\/p>\n\t\t\t\t\t\t\t\t<\/div>\n\t\t\t\t\t\t\t\t<span><strong>Informez-vous<\/strong><i class=\"icon icon-plus\"><\/i><\/span>\n\t\t\t\t\t\t\t<\/div>\n\t\t\t\t\t\t<\/div>\n\t\t\t\t\t<\/a>\n\t\t\t\t\t\t\t\t\t<a href=\"https:\/\/www.ocwa.com\/fr\/services\/services-financiers\/\" class=\"flip-card\">\n\t\t\t\t\t\t<div class=\"flip-card-inner\">\n\t\t\t\t\t\t\t<div class=\"flip-card-front\">\n\t\t\t\t\t\t\t\t<div class=\"service-icon services-financiers\">\n\t\t\t\t\t\t\t\t\t<img loading=\"lazy\" decoding=\"async\" width=\"50\" height=\"50\" src=\"https:\/\/www.ocwa.com\/wp-content\/uploads\/2023\/10\/financial.svg\" class=\"attachment-logo-image size-logo-image\" alt=\"\" srcset=\"https:\/\/www.ocwa.com\/wp-content\/uploads\/\/2023\/10\/financial.svg 150w, https:\/\/www.ocwa.com\/wp-content\/uploads\/\/2023\/10\/financial.svg 300w, https:\/\/www.ocwa.com\/wp-content\/uploads\/\/2023\/10\/financial.svg 1024w, https:\/\/www.ocwa.com\/wp-content\/uploads\/\/2023\/10\/financial.svg 50w\" sizes=\"auto, (max-width: 50px) 100vw, 50px\" \/>\t\t\t\t\t\t\t\t<\/div>\n\t\t\t\t\t\t\t\t<h5>Services financiers<\/h5>\n\t\t\t\t\t\t\t\t<span><i class=\"icon icon-plus\"><\/i><\/span>\n\t\t\t\t\t\t\t<\/div>\n\t\t\t\t\t\t\t<div class=\"flip-card-back\">\n\t\t\t\t\t\t\t\t<div class=\"service-description\">\n\t\t\t\t\t\t\t\t\t<p>Nous aidons nos clients \u00e0 r\u00e9aliser leurs projets et \u00e0 trouver une aide financi\u00e8re, notamment en envisageant d\u2019autres structures de financement.<\/p>\n\t\t\t\t\t\t\t\t<\/div>\n\t\t\t\t\t\t\t\t<span><strong>Informez-vous<\/strong><i class=\"icon icon-plus\"><\/i><\/span>\n\t\t\t\t\t\t\t<\/div>\n\t\t\t\t\t\t<\/div>\n\t\t\t\t\t<\/a>\n\t\t\t\t\t\t\t<\/div>\n\t\t\t\t\t\t\t<div class=\"block-cta\" data-aos=\"fade-up\" data-aos-duration=\"1000\" data-aos-anchor-placement=\"center-bottom\">\n\t\t\t\t<a href=\"https:\/\/www.ocwa.com\/fr\/services-overview\/\" class=\"button\">Voir tous les services<\/a>\t\t\t<\/div>\n\t\t\t<\/div>\n<\/div>\n\n\n\n\n<div id=\"join-ocwa-block_0fffdd645105f1158c2aee6f5a91cdd3\" class=\"join-ocwa alignfull \">\n\t<div class=\"block-inner\">\n\t\t<div class=\"block-intro-content\">\n\t\t\t\t\t\t\t<div class=\"block-image\" data-aos=\"fade-up\" data-aos-duration=\"1000\" data-aos-anchor-placement=\"center-bottom\">\n\t\t\t\t\t<img loading=\"lazy\" decoding=\"async\" width=\"768\" height=\"576\" src=\"https:\/\/www.ocwa.com\/wp-content\/uploads\/2024\/02\/APK-Dec-2023-768x576.jpg\" class=\"attachment-box-image size-box-image\" alt=\"\" srcset=\"https:\/\/www.ocwa.com\/wp-content\/uploads\/2024\/02\/APK-Dec-2023-768x576.jpg 768w, https:\/\/www.ocwa.com\/wp-content\/uploads\/2024\/02\/APK-Dec-2023-300x225.jpg 300w, https:\/\/www.ocwa.com\/wp-content\/uploads\/2024\/02\/APK-Dec-2023-400x300.jpg 400w, https:\/\/www.ocwa.com\/wp-content\/uploads\/2024\/02\/APK-Dec-2023.jpg 1008w\" sizes=\"auto, (max-width: 768px) 100vw, 768px\" \/>\t\t\t\t<\/div>\n\t\t\t\t\t\t<div class=\"block-text\" data-aos=\"fade-up\" data-aos-duration=\"1000\" data-aos-anchor-placement=\"center-bottom\">\n\t\t\t\t<h1>Joignez-vous \u00e0 notre \u00e9quipe aujourd\u2019hui!<\/h1>\n\t\t\t\t\t\t\t\t\t<div class=\"block-description\">\n\t\t\t\t\t\t<h4>L\u2019AOE a une main-d\u2019\u0153uvre diversifi\u00e9e et inclusive, dans tous les domaines de ses op\u00e9rations, services techniques et services de soutien interne. Elle investit dans ses employ\u00e9s en leur offrant des possibilit\u00e9s de formation et de d\u00e9veloppement dans toute la province.<\/h4>\n\t\t\t\t\t<\/div>\n\t\t\t\t\t\t\t\t\t\t\t\t\t<div class=\"block-cta\">\n\t\t\t\t\t\t<a href=\"https:\/\/ocwa.wd10.myworkdayjobs.com\/fr-CA\/External\" target=\"_blank\" class=\"button\">Voir les offres d\u2019emploi ici<\/a>\t\t\t\t\t<\/div>\n\t\t\t\t\t\t\t<\/div>\n\t\t<\/div>\n\t<\/div>\n<\/div>\n\n\n\n<div class=\"wp-block-columns is-layout-flex wp-container-core-columns-is-layout-9d6595d7 wp-block-columns-is-layout-flex\">\n<div class=\"wp-block-column is-layout-flow wp-block-column-is-layout-flow\" style=\"flex-basis:66.66%\"><div id=\"video-block-block_fd071e45fcc00d31652db7ff94df2174\" class=\"video-block \">\n    <div class=\"video-wrapper\" data-aos=\"fade-up\" data-aos-duration=\"1000\" data-aos-anchor-placement=\"center-bottom\">\n                <a href=\"#\" data-open=\"video-modal\" class=\"youtube-link-embed\" data-youtube-id=\"3Ev8OIw4Kgs\">\n\n            <img decoding=\"async\" class=\"youtube-thumb\" src=\"\/\/i.ytimg.com\/vi\/3Ev8OIw4Kgs\/hqdefault.jpg\">            <i class=\"icon icon-play\"><\/i>\n        <\/a>\n    <\/div>\n    \n\n<\/div>\n<div class=\"reveal\" id=\"video-modal\" data-reveal>\n    <button class=\"close-button\" data-close aria-label=\"Close modal\" type=\"button\">\n        <i class=\"icon icon-close\"><\/i>\n    <\/button>\n            <div class=\"responsive-embed widescreen\">\n            <iframe loading=\"lazy\" title=\"Travailler \u00e0 l&#039;Agence ontarienne des eaux\" width=\"640\" height=\"360\" src=\"https:\/\/www.youtube.com\/embed\/3Ev8OIw4Kgs?feature=oembed\" frameborder=\"0\" allow=\"accelerometer; autoplay; clipboard-write; encrypted-media; gyroscope; picture-in-picture; web-share\" referrerpolicy=\"strict-origin-when-cross-origin\" allowfullscreen><\/iframe>        <\/div>\n    \n<\/div>\n<\/div>\n\n\n\n<div class=\"wp-block-column is-layout-flow wp-block-column-is-layout-flow\" style=\"flex-basis:33.33%\">\n<h5 class=\"wp-block-heading\">Un travail enrichissant, une culture inclusive, des opportunit\u00e9s d&rsquo;\u00e9volution, des formations professionnelles et un impact positif sur les communaut\u00e9s. Rejoignez notre \u00e9quipe de professionnels d\u00e9vou\u00e9s de l&rsquo;eau et des eaux us\u00e9es. Regardez-nous en action.<\/h5>\n<\/div>\n<\/div>\n\n\n\n<div style=\"height:41px\" aria-hidden=\"true\" class=\"wp-block-spacer\"><\/div>\n\n\n\n<p><\/p>\n","protected":false},"excerpt":{"rendered":"<p>Un travail enrichissant, une culture inclusive, des opportunit\u00e9s d&rsquo;\u00e9volution, des formations professionnelles et un impact positif sur les communaut\u00e9s. Rejoignez notre \u00e9quipe de professionnels d\u00e9vou\u00e9s de l&rsquo;eau et des eaux us\u00e9es. Regardez-nous en action.<\/p>\n","protected":false},"author":1,"featured_media":1409,"parent":0,"menu_order":0,"comment_status":"closed","ping_status":"open","template":"","meta":{"_acf_changed":false,"footnotes":""},"class_list":["post-1654","page","type-page","status-publish","has-post-thumbnail","hentry"],"acf":[],"yoast_head":"<!-- This site is optimized with the Yoast SEO plugin v27.4 - https:\/\/yoast.com\/product\/yoast-seo-wordpress\/ -->\n<title>Homepage - OCWA<\/title>\n<meta name=\"robots\" content=\"index, follow, max-snippet:-1, max-image-preview:large, max-video-preview:-1\" \/>\n<link rel=\"canonical\" href=\"https:\/\/www.ocwa.com\/fr\/\" \/>\n<meta property=\"og:locale\" content=\"fr_FR\" \/>\n<meta property=\"og:type\" content=\"article\" \/>\n<meta property=\"og:title\" content=\"Homepage - OCWA\" \/>\n<meta property=\"og:description\" content=\"Un travail enrichissant, une culture inclusive, des opportunit\u00e9s d&rsquo;\u00e9volution, des formations professionnelles et un impact positif sur les communaut\u00e9s. Rejoignez notre \u00e9quipe de professionnels d\u00e9vou\u00e9s de l&rsquo;eau et des eaux us\u00e9es. Regardez-nous en action.\" \/>\n<meta property=\"og:url\" content=\"https:\/\/www.ocwa.com\/fr\/\" \/>\n<meta property=\"og:site_name\" content=\"OCWA\" \/>\n<meta property=\"article:modified_time\" content=\"2026-02-25T14:35:12+00:00\" \/>\n<meta property=\"og:image\" content=\"https:\/\/www.ocwa.com\/wp-content\/uploads\/2023\/12\/OCWA_Almonte_110717_108_RGB_FULL-scaled.jpg\" \/>\n\t<meta property=\"og:image:width\" content=\"2560\" \/>\n\t<meta property=\"og:image:height\" content=\"1920\" \/>\n\t<meta property=\"og:image:type\" content=\"image\/jpeg\" \/>\n<meta name=\"twitter:card\" content=\"summary_large_image\" \/>\n<meta name=\"twitter:label1\" content=\"Dur\u00e9e de lecture estim\u00e9e\" \/>\n\t<meta name=\"twitter:data1\" content=\"1 minute\" \/>\n<script type=\"application\/ld+json\" class=\"yoast-schema-graph\">{\"@context\":\"https:\\\/\\\/schema.org\",\"@graph\":[{\"@type\":\"WebPage\",\"@id\":\"https:\\\/\\\/www.ocwa.com\\\/fr\\\/\",\"url\":\"https:\\\/\\\/www.ocwa.com\\\/fr\\\/\",\"name\":\"Homepage - OCWA\",\"isPartOf\":{\"@id\":\"https:\\\/\\\/www.ocwa.com\\\/fr\\\/#website\"},\"primaryImageOfPage\":{\"@id\":\"https:\\\/\\\/www.ocwa.com\\\/fr\\\/#primaryimage\"},\"image\":{\"@id\":\"https:\\\/\\\/www.ocwa.com\\\/fr\\\/#primaryimage\"},\"thumbnailUrl\":\"https:\\\/\\\/www.ocwa.com\\\/wp-content\\\/uploads\\\/2023\\\/12\\\/OCWA_Almonte_110717_108_RGB_FULL-scaled.jpg\",\"datePublished\":\"2023-10-12T03:21:30+00:00\",\"dateModified\":\"2026-02-25T14:35:12+00:00\",\"breadcrumb\":{\"@id\":\"https:\\\/\\\/www.ocwa.com\\\/fr\\\/#breadcrumb\"},\"inLanguage\":\"fr-FR\",\"potentialAction\":[{\"@type\":\"ReadAction\",\"target\":[\"https:\\\/\\\/www.ocwa.com\\\/fr\\\/\"]}]},{\"@type\":\"ImageObject\",\"inLanguage\":\"fr-FR\",\"@id\":\"https:\\\/\\\/www.ocwa.com\\\/fr\\\/#primaryimage\",\"url\":\"https:\\\/\\\/www.ocwa.com\\\/wp-content\\\/uploads\\\/2023\\\/12\\\/OCWA_Almonte_110717_108_RGB_FULL-scaled.jpg\",\"contentUrl\":\"https:\\\/\\\/www.ocwa.com\\\/wp-content\\\/uploads\\\/2023\\\/12\\\/OCWA_Almonte_110717_108_RGB_FULL-scaled.jpg\",\"width\":2560,\"height\":1920,\"caption\":\"Matthew Plexman\"},{\"@type\":\"BreadcrumbList\",\"@id\":\"https:\\\/\\\/www.ocwa.com\\\/fr\\\/#breadcrumb\",\"itemListElement\":[{\"@type\":\"ListItem\",\"position\":1,\"name\":\"Home\",\"item\":\"https:\\\/\\\/www.ocwa.com\\\/fr\\\/\"},{\"@type\":\"ListItem\",\"position\":2,\"name\":\"Homepage\"}]},{\"@type\":\"WebSite\",\"@id\":\"https:\\\/\\\/www.ocwa.com\\\/fr\\\/#website\",\"url\":\"https:\\\/\\\/www.ocwa.com\\\/fr\\\/\",\"name\":\"OCWA\",\"description\":\"Just another WordPress site\",\"potentialAction\":[{\"@type\":\"SearchAction\",\"target\":{\"@type\":\"EntryPoint\",\"urlTemplate\":\"https:\\\/\\\/www.ocwa.com\\\/fr\\\/?s={search_term_string}\"},\"query-input\":{\"@type\":\"PropertyValueSpecification\",\"valueRequired\":true,\"valueName\":\"search_term_string\"}}],\"inLanguage\":\"fr-FR\"}]}<\/script>\n<!-- \/ Yoast SEO plugin. -->","yoast_head_json":{"title":"Homepage - OCWA","robots":{"index":"index","follow":"follow","max-snippet":"max-snippet:-1","max-image-preview":"max-image-preview:large","max-video-preview":"max-video-preview:-1"},"canonical":"https:\/\/www.ocwa.com\/fr\/","og_locale":"fr_FR","og_type":"article","og_title":"Homepage - OCWA","og_description":"Un travail enrichissant, une culture inclusive, des opportunit\u00e9s d&rsquo;\u00e9volution, des formations professionnelles et un impact positif sur les communaut\u00e9s. Rejoignez notre \u00e9quipe de professionnels d\u00e9vou\u00e9s de l&rsquo;eau et des eaux us\u00e9es. Regardez-nous en action.","og_url":"https:\/\/www.ocwa.com\/fr\/","og_site_name":"OCWA","article_modified_time":"2026-02-25T14:35:12+00:00","og_image":[{"width":2560,"height":1920,"url":"https:\/\/www.ocwa.com\/wp-content\/uploads\/2023\/12\/OCWA_Almonte_110717_108_RGB_FULL-scaled.jpg","type":"image\/jpeg"}],"twitter_card":"summary_large_image","twitter_misc":{"Dur\u00e9e de lecture estim\u00e9e":"1 minute"},"schema":{"@context":"https:\/\/schema.org","@graph":[{"@type":"WebPage","@id":"https:\/\/www.ocwa.com\/fr\/","url":"https:\/\/www.ocwa.com\/fr\/","name":"Homepage - OCWA","isPartOf":{"@id":"https:\/\/www.ocwa.com\/fr\/#website"},"primaryImageOfPage":{"@id":"https:\/\/www.ocwa.com\/fr\/#primaryimage"},"image":{"@id":"https:\/\/www.ocwa.com\/fr\/#primaryimage"},"thumbnailUrl":"https:\/\/www.ocwa.com\/wp-content\/uploads\/2023\/12\/OCWA_Almonte_110717_108_RGB_FULL-scaled.jpg","datePublished":"2023-10-12T03:21:30+00:00","dateModified":"2026-02-25T14:35:12+00:00","breadcrumb":{"@id":"https:\/\/www.ocwa.com\/fr\/#breadcrumb"},"inLanguage":"fr-FR","potentialAction":[{"@type":"ReadAction","target":["https:\/\/www.ocwa.com\/fr\/"]}]},{"@type":"ImageObject","inLanguage":"fr-FR","@id":"https:\/\/www.ocwa.com\/fr\/#primaryimage","url":"https:\/\/www.ocwa.com\/wp-content\/uploads\/2023\/12\/OCWA_Almonte_110717_108_RGB_FULL-scaled.jpg","contentUrl":"https:\/\/www.ocwa.com\/wp-content\/uploads\/2023\/12\/OCWA_Almonte_110717_108_RGB_FULL-scaled.jpg","width":2560,"height":1920,"caption":"Matthew Plexman"},{"@type":"BreadcrumbList","@id":"https:\/\/www.ocwa.com\/fr\/#breadcrumb","itemListElement":[{"@type":"ListItem","position":1,"name":"Home","item":"https:\/\/www.ocwa.com\/fr\/"},{"@type":"ListItem","position":2,"name":"Homepage"}]},{"@type":"WebSite","@id":"https:\/\/www.ocwa.com\/fr\/#website","url":"https:\/\/www.ocwa.com\/fr\/","name":"OCWA","description":"Just another WordPress site","potentialAction":[{"@type":"SearchAction","target":{"@type":"EntryPoint","urlTemplate":"https:\/\/www.ocwa.com\/fr\/?s={search_term_string}"},"query-input":{"@type":"PropertyValueSpecification","valueRequired":true,"valueName":"search_term_string"}}],"inLanguage":"fr-FR"}]}},"_links":{"self":[{"href":"https:\/\/www.ocwa.com\/fr\/wp-json\/wp\/v2\/pages\/1654","targetHints":{"allow":["GET"]}}],"collection":[{"href":"https:\/\/www.ocwa.com\/fr\/wp-json\/wp\/v2\/pages"}],"about":[{"href":"https:\/\/www.ocwa.com\/fr\/wp-json\/wp\/v2\/types\/page"}],"author":[{"embeddable":true,"href":"https:\/\/www.ocwa.com\/fr\/wp-json\/wp\/v2\/users\/1"}],"replies":[{"embeddable":true,"href":"https:\/\/www.ocwa.com\/fr\/wp-json\/wp\/v2\/comments?post=1654"}],"version-history":[{"count":141,"href":"https:\/\/www.ocwa.com\/fr\/wp-json\/wp\/v2\/pages\/1654\/revisions"}],"predecessor-version":[{"id":5501,"href":"https:\/\/www.ocwa.com\/fr\/wp-json\/wp\/v2\/pages\/1654\/revisions\/5501"}],"wp:featuredmedia":[{"embeddable":true,"href":"https:\/\/www.ocwa.com\/fr\/wp-json\/wp\/v2\/media\/1409"}],"wp:attachment":[{"href":"https:\/\/www.ocwa.com\/fr\/wp-json\/wp\/v2\/media?parent=1654"}],"curies":[{"name":"wp","href":"https:\/\/api.w.org\/{rel}","templated":true}]}}